{"id":977,"date":"2020-06-08T10:10:03","date_gmt":"2020-06-08T08:10:03","guid":{"rendered":"https:\/\/tischlerei-lanser.at\/?page_id=977"},"modified":"2021-03-23T10:41:29","modified_gmt":"2021-03-23T09:41:29","slug":"oerlerhof","status":"publish","type":"page","link":"https:\/\/tischlerei-lanser.at\/en\/projekte\/urlaub-am-bauernhof\/oerlerhof\/","title":{"rendered":"\u00d6rlerhof"},"content":{"rendered":"","protected":false},"excerpt":{"rendered":"","protected":false},"author":2,"featured_media":978,"parent":2444,"menu_order":37,"comment_status":"closed","ping_status":"closed","template":"page-templates\/projekt.php","meta":{"_acf_changed":false,"inline_featured_image":false,"footnotes":""},"acf":[],"yoast_head":"<!-- This site is optimized with the Yoast SEO plugin v22.1 - https:\/\/yoast.com\/wordpress\/plugins\/seo\/ -->\n<title>\u00d6rlerhof &#8211; Tischlerei Lanser Projekt \u00d6rlerhof in S\u00fcdtirol<\/title>\n<meta name=\"description\" content=\"Genie\u00dfen Sie Ihren Bauernhofurlaub in den alpin ausgestatteten Chalets. Dem Gast wird Wohnqualit\u00e4t auf h\u00f6chstem Niveau geboten. Traditionelles Tischlerhandwerk macht sp\u00fcrbar was es bedeutet den nat\u00fcrlichen Werkstoff Holz in den Vordergrund zu stellen. Von Tiroler Stubenvert\u00e4felungen bis hin zu Wandverkleidungen in Altholz zeigt der \u00d6rlerhof seine Verbundenheit zu alten Traditionen. So k\u00f6nnen G\u00e4ste auch die N\u00e4chte in Betten der Premiummanufaktur H\u00e4stens verbringen. Der \u00d6rlerhof ist Mitglied bei \u201eRoter Hahn\u201c, das Portal f\u00fcr Urlaub auf dem Bauernhof in S\u00fcdtirol und wurde mit vier Blumen ausgezeichnet. Wir danken den Bauherren, dass wir dieses exklusive Projekt gemeinsam mit unseren Mitarbeitern fertigen durften.\" \/>\n<meta name=\"robots\" content=\"index, follow, max-snippet:-1, max-image-preview:large, max-video-preview:-1\" \/>\n<link rel=\"canonical\" href=\"https:\/\/tischlerei-lanser.at\/en\/projekte\/urlaub-am-bauernhof\/oerlerhof\/\" \/>\n<meta property=\"og:locale\" content=\"en_US\" \/>\n<meta property=\"og:type\" content=\"article\" \/>\n<meta property=\"og:title\" content=\"\u00d6rlerhof &#8211; Tischlerei Lanser Projekt \u00d6rlerhof in S\u00fcdtirol\" \/>\n<meta property=\"og:description\" content=\"Genie\u00dfen Sie Ihren Bauernhofurlaub in den alpin ausgestatteten Chalets. Dem Gast wird Wohnqualit\u00e4t auf h\u00f6chstem Niveau geboten. Traditionelles Tischlerhandwerk macht sp\u00fcrbar was es bedeutet den nat\u00fcrlichen Werkstoff Holz in den Vordergrund zu stellen. Von Tiroler Stubenvert\u00e4felungen bis hin zu Wandverkleidungen in Altholz zeigt der \u00d6rlerhof seine Verbundenheit zu alten Traditionen. So k\u00f6nnen G\u00e4ste auch die N\u00e4chte in Betten der Premiummanufaktur H\u00e4stens verbringen. Der \u00d6rlerhof ist Mitglied bei \u201eRoter Hahn\u201c, das Portal f\u00fcr Urlaub auf dem Bauernhof in S\u00fcdtirol und wurde mit vier Blumen ausgezeichnet. Wir danken den Bauherren, dass wir dieses exklusive Projekt gemeinsam mit unseren Mitarbeitern fertigen durften.\" \/>\n<meta property=\"og:url\" content=\"https:\/\/tischlerei-lanser.at\/en\/projekte\/urlaub-am-bauernhof\/oerlerhof\/\" \/>\n<meta property=\"og:site_name\" content=\"Tischlerei Lanser\" \/>\n<meta property=\"article:publisher\" content=\"https:\/\/www.facebook.com\/TischlereiLanser\/\" \/>\n<meta property=\"article:modified_time\" content=\"2021-03-23T09:41:29+00:00\" \/>\n<meta property=\"og:image\" content=\"https:\/\/tischlerei-lanser.at\/wp-content\/uploads\/Dokument3.jpg\" \/>\n\t<meta property=\"og:image:width\" content=\"1920\" \/>\n\t<meta property=\"og:image:height\" content=\"1437\" \/>\n\t<meta property=\"og:image:type\" content=\"image\/jpeg\" \/>\n<meta name=\"twitter:card\" content=\"summary_large_image\" \/>\n<script type=\"application\/ld+json\" class=\"yoast-schema-graph\">{\"@context\":\"https:\/\/schema.org\",\"@graph\":[{\"@type\":\"WebPage\",\"@id\":\"https:\/\/tischlerei-lanser.at\/en\/projekte\/urlaub-am-bauernhof\/oerlerhof\/\",\"url\":\"https:\/\/tischlerei-lanser.at\/en\/projekte\/urlaub-am-bauernhof\/oerlerhof\/\",\"name\":\"\u00d6rlerhof &#8211; Tischlerei Lanser Projekt \u00d6rlerhof in S\u00fcdtirol\",\"isPartOf\":{\"@id\":\"https:\/\/tischlerei-lanser.at\/en\/#website\"},\"datePublished\":\"2020-06-08T08:10:03+00:00\",\"dateModified\":\"2021-03-23T09:41:29+00:00\",\"description\":\"Genie\u00dfen Sie Ihren Bauernhofurlaub in den alpin ausgestatteten Chalets. Dem Gast wird Wohnqualit\u00e4t auf h\u00f6chstem Niveau geboten. Traditionelles Tischlerhandwerk macht sp\u00fcrbar was es bedeutet den nat\u00fcrlichen Werkstoff Holz in den Vordergrund zu stellen. Von Tiroler Stubenvert\u00e4felungen bis hin zu Wandverkleidungen in Altholz zeigt der \u00d6rlerhof seine Verbundenheit zu alten Traditionen. So k\u00f6nnen G\u00e4ste auch die N\u00e4chte in Betten der Premiummanufaktur H\u00e4stens verbringen. Der \u00d6rlerhof ist Mitglied bei \u201eRoter Hahn\u201c, das Portal f\u00fcr Urlaub auf dem Bauernhof in S\u00fcdtirol und wurde mit vier Blumen ausgezeichnet. Wir danken den Bauherren, dass wir dieses exklusive Projekt gemeinsam mit unseren Mitarbeitern fertigen durften.\",\"breadcrumb\":{\"@id\":\"https:\/\/tischlerei-lanser.at\/en\/projekte\/urlaub-am-bauernhof\/oerlerhof\/#breadcrumb\"},\"inLanguage\":\"en-US\",\"potentialAction\":[{\"@type\":\"ReadAction\",\"target\":[[\"https:\/\/tischlerei-lanser.at\/en\/projekte\/urlaub-am-bauernhof\/oerlerhof\/\"]]}]},{\"@type\":\"BreadcrumbList\",\"@id\":\"https:\/\/tischlerei-lanser.at\/en\/projekte\/urlaub-am-bauernhof\/oerlerhof\/#breadcrumb\",\"itemListElement\":[{\"@type\":\"ListItem\",\"position\":1,\"name\":\"Startseite\",\"item\":\"https:\/\/tischlerei-lanser.at\/en\/\"},{\"@type\":\"ListItem\",\"position\":2,\"name\":\"Projekte\",\"item\":\"https:\/\/tischlerei-lanser.at\/en\/projekte\/\"},{\"@type\":\"ListItem\",\"position\":3,\"name\":\"Urlaub am Bauernhof\",\"item\":\"https:\/\/tischlerei-lanser.at\/en\/projekte\/urlaub-am-bauernhof\/\"},{\"@type\":\"ListItem\",\"position\":4,\"name\":\"\u00d6rlerhof\"}]},{\"@type\":\"WebSite\",\"@id\":\"https:\/\/tischlerei-lanser.at\/en\/#website\",\"url\":\"https:\/\/tischlerei-lanser.at\/en\/\",\"name\":\"Tischlerei Lanser\",\"description\":\"Wo Natur erhalten wird.\",\"publisher\":{\"@id\":\"https:\/\/tischlerei-lanser.at\/en\/#organization\"},\"potentialAction\":[{\"@type\":\"SearchAction\",\"target\":{\"@type\":\"EntryPoint\",\"urlTemplate\":\"https:\/\/tischlerei-lanser.at\/en\/?s={search_term_string}\"},\"query-input\":\"required name=search_term_string\"}],\"inLanguage\":\"en-US\"},{\"@type\":\"Organization\",\"@id\":\"https:\/\/tischlerei-lanser.at\/en\/#organization\",\"name\":\"Tischlerei Lanser\",\"url\":\"https:\/\/tischlerei-lanser.at\/en\/\",\"logo\":{\"@type\":\"ImageObject\",\"inLanguage\":\"en-US\",\"@id\":\"https:\/\/tischlerei-lanser.at\/en\/#\/schema\/logo\/image\/\",\"url\":\"https:\/\/tischlerei-lanser.at\/wp-content\/uploads\/Lanser_Logo_Jahreszahl.jpg\",\"contentUrl\":\"https:\/\/tischlerei-lanser.at\/wp-content\/uploads\/Lanser_Logo_Jahreszahl.jpg\",\"width\":1920,\"height\":1015,\"caption\":\"Tischlerei Lanser\"},\"image\":{\"@id\":\"https:\/\/tischlerei-lanser.at\/en\/#\/schema\/logo\/image\/\"},\"sameAs\":[\"https:\/\/www.facebook.com\/TischlereiLanser\/\",\"https:\/\/www.instagram.com\/tischlerei_lanser\/\",\"https:\/\/www.linkedin.com\/company\/10006620\"]}]}<\/script>\n<!-- \/ Yoast SEO plugin. -->","yoast_head_json":{"title":"\u00d6rlerhof &#8211; Tischlerei Lanser Projekt \u00d6rlerhof in S\u00fcdtirol","description":"Genie\u00dfen Sie Ihren Bauernhofurlaub in den alpin ausgestatteten Chalets. Dem Gast wird Wohnqualit\u00e4t auf h\u00f6chstem Niveau geboten. Traditionelles Tischlerhandwerk macht sp\u00fcrbar was es bedeutet den nat\u00fcrlichen Werkstoff Holz in den Vordergrund zu stellen. Von Tiroler Stubenvert\u00e4felungen bis hin zu Wandverkleidungen in Altholz zeigt der \u00d6rlerhof seine Verbundenheit zu alten Traditionen. So k\u00f6nnen G\u00e4ste auch die N\u00e4chte in Betten der Premiummanufaktur H\u00e4stens verbringen. Der \u00d6rlerhof ist Mitglied bei \u201eRoter Hahn\u201c, das Portal f\u00fcr Urlaub auf dem Bauernhof in S\u00fcdtirol und wurde mit vier Blumen ausgezeichnet. Wir danken den Bauherren, dass wir dieses exklusive Projekt gemeinsam mit unseren Mitarbeitern fertigen durften.","robots":{"index":"index","follow":"follow","max-snippet":"max-snippet:-1","max-image-preview":"max-image-preview:large","max-video-preview":"max-video-preview:-1"},"canonical":"https:\/\/tischlerei-lanser.at\/en\/projekte\/urlaub-am-bauernhof\/oerlerhof\/","og_locale":"en_US","og_type":"article","og_title":"\u00d6rlerhof &#8211; Tischlerei Lanser Projekt \u00d6rlerhof in S\u00fcdtirol","og_description":"Genie\u00dfen Sie Ihren Bauernhofurlaub in den alpin ausgestatteten Chalets. Dem Gast wird Wohnqualit\u00e4t auf h\u00f6chstem Niveau geboten. Traditionelles Tischlerhandwerk macht sp\u00fcrbar was es bedeutet den nat\u00fcrlichen Werkstoff Holz in den Vordergrund zu stellen. Von Tiroler Stubenvert\u00e4felungen bis hin zu Wandverkleidungen in Altholz zeigt der \u00d6rlerhof seine Verbundenheit zu alten Traditionen. So k\u00f6nnen G\u00e4ste auch die N\u00e4chte in Betten der Premiummanufaktur H\u00e4stens verbringen. Der \u00d6rlerhof ist Mitglied bei \u201eRoter Hahn\u201c, das Portal f\u00fcr Urlaub auf dem Bauernhof in S\u00fcdtirol und wurde mit vier Blumen ausgezeichnet. Wir danken den Bauherren, dass wir dieses exklusive Projekt gemeinsam mit unseren Mitarbeitern fertigen durften.","og_url":"https:\/\/tischlerei-lanser.at\/en\/projekte\/urlaub-am-bauernhof\/oerlerhof\/","og_site_name":"Tischlerei Lanser","article_publisher":"https:\/\/www.facebook.com\/TischlereiLanser\/","article_modified_time":"2021-03-23T09:41:29+00:00","og_image":[{"width":1920,"height":1437,"url":"https:\/\/tischlerei-lanser.at\/wp-content\/uploads\/Dokument3.jpg","type":"image\/jpeg"}],"twitter_card":"summary_large_image","schema":{"@context":"https:\/\/schema.org","@graph":[{"@type":"WebPage","@id":"https:\/\/tischlerei-lanser.at\/en\/projekte\/urlaub-am-bauernhof\/oerlerhof\/","url":"https:\/\/tischlerei-lanser.at\/en\/projekte\/urlaub-am-bauernhof\/oerlerhof\/","name":"\u00d6rlerhof &#8211; Tischlerei Lanser Projekt \u00d6rlerhof in S\u00fcdtirol","isPartOf":{"@id":"https:\/\/tischlerei-lanser.at\/en\/#website"},"datePublished":"2020-06-08T08:10:03+00:00","dateModified":"2021-03-23T09:41:29+00:00","description":"Genie\u00dfen Sie Ihren Bauernhofurlaub in den alpin ausgestatteten Chalets. Dem Gast wird Wohnqualit\u00e4t auf h\u00f6chstem Niveau geboten. Traditionelles Tischlerhandwerk macht sp\u00fcrbar was es bedeutet den nat\u00fcrlichen Werkstoff Holz in den Vordergrund zu stellen. Von Tiroler Stubenvert\u00e4felungen bis hin zu Wandverkleidungen in Altholz zeigt der \u00d6rlerhof seine Verbundenheit zu alten Traditionen. So k\u00f6nnen G\u00e4ste auch die N\u00e4chte in Betten der Premiummanufaktur H\u00e4stens verbringen. Der \u00d6rlerhof ist Mitglied bei \u201eRoter Hahn\u201c, das Portal f\u00fcr Urlaub auf dem Bauernhof in S\u00fcdtirol und wurde mit vier Blumen ausgezeichnet. Wir danken den Bauherren, dass wir dieses exklusive Projekt gemeinsam mit unseren Mitarbeitern fertigen durften.","breadcrumb":{"@id":"https:\/\/tischlerei-lanser.at\/en\/projekte\/urlaub-am-bauernhof\/oerlerhof\/#breadcrumb"},"inLanguage":"en-US","potentialAction":[{"@type":"ReadAction","target":[["https:\/\/tischlerei-lanser.at\/en\/projekte\/urlaub-am-bauernhof\/oerlerhof\/"]]}]},{"@type":"BreadcrumbList","@id":"https:\/\/tischlerei-lanser.at\/en\/projekte\/urlaub-am-bauernhof\/oerlerhof\/#breadcrumb","itemListElement":[{"@type":"ListItem","position":1,"name":"Startseite","item":"https:\/\/tischlerei-lanser.at\/en\/"},{"@type":"ListItem","position":2,"name":"Projekte","item":"https:\/\/tischlerei-lanser.at\/en\/projekte\/"},{"@type":"ListItem","position":3,"name":"Urlaub am Bauernhof","item":"https:\/\/tischlerei-lanser.at\/en\/projekte\/urlaub-am-bauernhof\/"},{"@type":"ListItem","position":4,"name":"\u00d6rlerhof"}]},{"@type":"WebSite","@id":"https:\/\/tischlerei-lanser.at\/en\/#website","url":"https:\/\/tischlerei-lanser.at\/en\/","name":"Tischlerei Lanser","description":"Wo Natur erhalten wird.","publisher":{"@id":"https:\/\/tischlerei-lanser.at\/en\/#organization"},"potentialAction":[{"@type":"SearchAction","target":{"@type":"EntryPoint","urlTemplate":"https:\/\/tischlerei-lanser.at\/en\/?s={search_term_string}"},"query-input":"required name=search_term_string"}],"inLanguage":"en-US"},{"@type":"Organization","@id":"https:\/\/tischlerei-lanser.at\/en\/#organization","name":"Tischlerei Lanser","url":"https:\/\/tischlerei-lanser.at\/en\/","logo":{"@type":"ImageObject","inLanguage":"en-US","@id":"https:\/\/tischlerei-lanser.at\/en\/#\/schema\/logo\/image\/","url":"https:\/\/tischlerei-lanser.at\/wp-content\/uploads\/Lanser_Logo_Jahreszahl.jpg","contentUrl":"https:\/\/tischlerei-lanser.at\/wp-content\/uploads\/Lanser_Logo_Jahreszahl.jpg","width":1920,"height":1015,"caption":"Tischlerei Lanser"},"image":{"@id":"https:\/\/tischlerei-lanser.at\/en\/#\/schema\/logo\/image\/"},"sameAs":["https:\/\/www.facebook.com\/TischlereiLanser\/","https:\/\/www.instagram.com\/tischlerei_lanser\/","https:\/\/www.linkedin.com\/company\/10006620"]}]}},"_links":{"self":[{"href":"https:\/\/tischlerei-lanser.at\/en\/wp-json\/wp\/v2\/pages\/977"}],"collection":[{"href":"https:\/\/tischlerei-lanser.at\/en\/wp-json\/wp\/v2\/pages"}],"about":[{"href":"https:\/\/tischlerei-lanser.at\/en\/wp-json\/wp\/v2\/types\/page"}],"author":[{"embeddable":true,"href":"https:\/\/tischlerei-lanser.at\/en\/wp-json\/wp\/v2\/users\/2"}],"replies":[{"embeddable":true,"href":"https:\/\/tischlerei-lanser.at\/en\/wp-json\/wp\/v2\/comments?post=977"}],"version-history":[{"count":12,"href":"https:\/\/tischlerei-lanser.at\/en\/wp-json\/wp\/v2\/pages\/977\/revisions"}],"predecessor-version":[{"id":2985,"href":"https:\/\/tischlerei-lanser.at\/en\/wp-json\/wp\/v2\/pages\/977\/revisions\/2985"}],"up":[{"embeddable":true,"href":"https:\/\/tischlerei-lanser.at\/en\/wp-json\/wp\/v2\/pages\/2444"}],"wp:featuredmedia":[{"embeddable":true,"href":"https:\/\/tischlerei-lanser.at\/en\/wp-json\/wp\/v2\/media\/978"}],"wp:attachment":[{"href":"https:\/\/tischlerei-lanser.at\/en\/wp-json\/wp\/v2\/media?parent=977"}],"curies":[{"name":"wp","href":"https:\/\/api.w.org\/{rel}","templated":true}]}}