{"id":9,"date":"2020-05-04T13:32:16","date_gmt":"2020-05-04T11:32:16","guid":{"rendered":"https:\/\/tischlerei-lanser.at\/?page_id=9"},"modified":"2023-06-07T10:17:24","modified_gmt":"2023-06-07T08:17:24","slug":"tischlerei","status":"publish","type":"page","link":"https:\/\/tischlerei-lanser.at\/en\/lanser\/tischlerei\/","title":{"rendered":"Carpentry"},"content":{"rendered":"<p class=\"qtranxs-available-languages-message qtranxs-available-languages-message-en\">Sorry, this entry is only available in <a href=\"https:\/\/tischlerei-lanser.at\/de\/wp-json\/wp\/v2\/pages\/9\" class=\"qtranxs-available-language-link qtranxs-available-language-link-de\" title=\"de\">German<\/a>.<\/p><p><\/p>\n<h1>Qualit\u00e4t &amp; Geschichte<br \/>\nim Einklang<\/h1>\n<p>Die Gebr\u00fcder Roland und Arnold Lanser f\u00fchren das Familienunternehmen bereits in der 5. Generation. Massivh\u00f6lzer werden seit jeher in den Mittelpunkt jeder Wohnraumgestaltung gesetzt. Von diesem nat\u00fcrlichen Werkstoff ausgehend entsteht \u2013 in Verbindung mit handwerklichen Oberfl\u00e4chen und Holzverbindungen \u2013 eine Einheit von Gem\u00fctlichkeit, W\u00e4rme und Ausstrahlung. Bearbeitungen wie handhobeln, zinken, schrobben oder von Hand gehackte Oberfl\u00e4chen unterstreichen diese Philosophie. Die Tischlerei Lanser wird auch in Zukunft mit Ihren Mitarbeitern dieses <a href=\"https:\/\/tischlerei-lanser.at\/lanser\/leitbild\/\"><strong>Leitbild<\/strong>\u00a0<\/a>umsetzen und garantiert f\u00fcr Qualit\u00e4t mit Geschichte.<\/p>\n<p>&nbsp;<\/p>\n<p>&nbsp;<\/p>","protected":false},"excerpt":{"rendered":"<p>Sorry, this entry is only available in German. Qualit\u00e4t &amp;&hellip;<\/p>\n","protected":false},"author":1,"featured_media":46,"parent":21,"menu_order":7,"comment_status":"closed","ping_status":"closed","template":"page-templates\/tischlerei.php","meta":{"_acf_changed":false,"inline_featured_image":false,"footnotes":""},"acf":[],"yoast_head":"<!-- This site is optimized with the Yoast SEO plugin v22.1 - https:\/\/yoast.com\/wordpress\/plugins\/seo\/ -->\n<title>Carpentry &#8211; Tischlerei Lanser Standort Tischlerei<\/title>\n<meta name=\"description\" content=\"Der Standort unserer Tischlerei liegt inmitten der Osttiroler Berge in Innervillgraten auf 1.400m Seeh\u00f6he. Von dort aus werden mit unseren Mitarbeitern Wohnkonzepte in verschiedensten Bereichen verwirklicht.\" \/>\n<meta name=\"robots\" content=\"index, follow, max-snippet:-1, max-image-preview:large, max-video-preview:-1\" \/>\n<link rel=\"canonical\" href=\"https:\/\/tischlerei-lanser.at\/en\/lanser\/tischlerei\/\" \/>\n<meta property=\"og:locale\" content=\"en_US\" \/>\n<meta property=\"og:type\" content=\"article\" \/>\n<meta property=\"og:title\" content=\"Carpentry &#8211; Tischlerei Lanser Standort Tischlerei\" \/>\n<meta property=\"og:description\" content=\"Der Standort unserer Tischlerei liegt inmitten der Osttiroler Berge in Innervillgraten auf 1.400m Seeh\u00f6he. Von dort aus werden mit unseren Mitarbeitern Wohnkonzepte in verschiedensten Bereichen verwirklicht.\" \/>\n<meta property=\"og:url\" content=\"https:\/\/tischlerei-lanser.at\/en\/lanser\/tischlerei\/\" \/>\n<meta property=\"og:site_name\" content=\"Tischlerei Lanser\" \/>\n<meta property=\"article:publisher\" content=\"https:\/\/www.facebook.com\/TischlereiLanser\/\" \/>\n<meta property=\"article:modified_time\" content=\"2023-06-07T08:17:24+00:00\" \/>\n<meta property=\"og:image\" content=\"https:\/\/tischlerei-lanser.at\/wp-content\/uploads\/nav-tischlerei.jpg\" \/>\n\t<meta property=\"og:image:width\" content=\"800\" \/>\n\t<meta property=\"og:image:height\" content=\"533\" \/>\n\t<meta property=\"og:image:type\" content=\"image\/jpeg\" \/>\n<meta name=\"twitter:card\" content=\"summary_large_image\" \/>\n<script type=\"application\/ld+json\" class=\"yoast-schema-graph\">{\"@context\":\"https:\/\/schema.org\",\"@graph\":[{\"@type\":\"WebPage\",\"@id\":\"https:\/\/tischlerei-lanser.at\/en\/lanser\/tischlerei\/\",\"url\":\"https:\/\/tischlerei-lanser.at\/en\/lanser\/tischlerei\/\",\"name\":\"Carpentry &#8211; Tischlerei Lanser Standort Tischlerei\",\"isPartOf\":{\"@id\":\"https:\/\/tischlerei-lanser.at\/en\/#website\"},\"datePublished\":\"2020-05-04T11:32:16+00:00\",\"dateModified\":\"2023-06-07T08:17:24+00:00\",\"description\":\"Der Standort unserer Tischlerei liegt inmitten der Osttiroler Berge in Innervillgraten auf 1.400m Seeh\u00f6he. Von dort aus werden mit unseren Mitarbeitern Wohnkonzepte in verschiedensten Bereichen verwirklicht.\",\"breadcrumb\":{\"@id\":\"https:\/\/tischlerei-lanser.at\/en\/lanser\/tischlerei\/#breadcrumb\"},\"inLanguage\":\"en-US\",\"potentialAction\":[{\"@type\":\"ReadAction\",\"target\":[[\"https:\/\/tischlerei-lanser.at\/en\/lanser\/tischlerei\/\"]]}]},{\"@type\":\"BreadcrumbList\",\"@id\":\"https:\/\/tischlerei-lanser.at\/en\/lanser\/tischlerei\/#breadcrumb\",\"itemListElement\":[{\"@type\":\"ListItem\",\"position\":1,\"name\":\"Startseite\",\"item\":\"https:\/\/tischlerei-lanser.at\/en\/\"},{\"@type\":\"ListItem\",\"position\":2,\"name\":\"Lanser\",\"item\":\"https:\/\/tischlerei-lanser.at\/en\/lanser\/\"},{\"@type\":\"ListItem\",\"position\":3,\"name\":\"Tischlerei\"}]},{\"@type\":\"WebSite\",\"@id\":\"https:\/\/tischlerei-lanser.at\/en\/#website\",\"url\":\"https:\/\/tischlerei-lanser.at\/en\/\",\"name\":\"Tischlerei Lanser\",\"description\":\"Wo Natur erhalten wird.\",\"publisher\":{\"@id\":\"https:\/\/tischlerei-lanser.at\/en\/#organization\"},\"potentialAction\":[{\"@type\":\"SearchAction\",\"target\":{\"@type\":\"EntryPoint\",\"urlTemplate\":\"https:\/\/tischlerei-lanser.at\/en\/?s={search_term_string}\"},\"query-input\":\"required name=search_term_string\"}],\"inLanguage\":\"en-US\"},{\"@type\":\"Organization\",\"@id\":\"https:\/\/tischlerei-lanser.at\/en\/#organization\",\"name\":\"Tischlerei Lanser\",\"url\":\"https:\/\/tischlerei-lanser.at\/en\/\",\"logo\":{\"@type\":\"ImageObject\",\"inLanguage\":\"en-US\",\"@id\":\"https:\/\/tischlerei-lanser.at\/en\/#\/schema\/logo\/image\/\",\"url\":\"https:\/\/tischlerei-lanser.at\/wp-content\/uploads\/Lanser_Logo_Jahreszahl.jpg\",\"contentUrl\":\"https:\/\/tischlerei-lanser.at\/wp-content\/uploads\/Lanser_Logo_Jahreszahl.jpg\",\"width\":1920,\"height\":1015,\"caption\":\"Tischlerei Lanser\"},\"image\":{\"@id\":\"https:\/\/tischlerei-lanser.at\/en\/#\/schema\/logo\/image\/\"},\"sameAs\":[\"https:\/\/www.facebook.com\/TischlereiLanser\/\",\"https:\/\/www.instagram.com\/tischlerei_lanser\/\",\"https:\/\/www.linkedin.com\/company\/10006620\"]}]}<\/script>\n<!-- \/ Yoast SEO plugin. -->","yoast_head_json":{"title":"Carpentry &#8211; Tischlerei Lanser Standort Tischlerei","description":"Der Standort unserer Tischlerei liegt inmitten der Osttiroler Berge in Innervillgraten auf 1.400m Seeh\u00f6he. Von dort aus werden mit unseren Mitarbeitern Wohnkonzepte in verschiedensten Bereichen verwirklicht.","robots":{"index":"index","follow":"follow","max-snippet":"max-snippet:-1","max-image-preview":"max-image-preview:large","max-video-preview":"max-video-preview:-1"},"canonical":"https:\/\/tischlerei-lanser.at\/en\/lanser\/tischlerei\/","og_locale":"en_US","og_type":"article","og_title":"Carpentry &#8211; Tischlerei Lanser Standort Tischlerei","og_description":"Der Standort unserer Tischlerei liegt inmitten der Osttiroler Berge in Innervillgraten auf 1.400m Seeh\u00f6he. Von dort aus werden mit unseren Mitarbeitern Wohnkonzepte in verschiedensten Bereichen verwirklicht.","og_url":"https:\/\/tischlerei-lanser.at\/en\/lanser\/tischlerei\/","og_site_name":"Tischlerei Lanser","article_publisher":"https:\/\/www.facebook.com\/TischlereiLanser\/","article_modified_time":"2023-06-07T08:17:24+00:00","og_image":[{"width":800,"height":533,"url":"https:\/\/tischlerei-lanser.at\/wp-content\/uploads\/nav-tischlerei.jpg","type":"image\/jpeg"}],"twitter_card":"summary_large_image","schema":{"@context":"https:\/\/schema.org","@graph":[{"@type":"WebPage","@id":"https:\/\/tischlerei-lanser.at\/en\/lanser\/tischlerei\/","url":"https:\/\/tischlerei-lanser.at\/en\/lanser\/tischlerei\/","name":"Carpentry &#8211; Tischlerei Lanser Standort Tischlerei","isPartOf":{"@id":"https:\/\/tischlerei-lanser.at\/en\/#website"},"datePublished":"2020-05-04T11:32:16+00:00","dateModified":"2023-06-07T08:17:24+00:00","description":"Der Standort unserer Tischlerei liegt inmitten der Osttiroler Berge in Innervillgraten auf 1.400m Seeh\u00f6he. Von dort aus werden mit unseren Mitarbeitern Wohnkonzepte in verschiedensten Bereichen verwirklicht.","breadcrumb":{"@id":"https:\/\/tischlerei-lanser.at\/en\/lanser\/tischlerei\/#breadcrumb"},"inLanguage":"en-US","potentialAction":[{"@type":"ReadAction","target":[["https:\/\/tischlerei-lanser.at\/en\/lanser\/tischlerei\/"]]}]},{"@type":"BreadcrumbList","@id":"https:\/\/tischlerei-lanser.at\/en\/lanser\/tischlerei\/#breadcrumb","itemListElement":[{"@type":"ListItem","position":1,"name":"Startseite","item":"https:\/\/tischlerei-lanser.at\/en\/"},{"@type":"ListItem","position":2,"name":"Lanser","item":"https:\/\/tischlerei-lanser.at\/en\/lanser\/"},{"@type":"ListItem","position":3,"name":"Tischlerei"}]},{"@type":"WebSite","@id":"https:\/\/tischlerei-lanser.at\/en\/#website","url":"https:\/\/tischlerei-lanser.at\/en\/","name":"Tischlerei Lanser","description":"Wo Natur erhalten wird.","publisher":{"@id":"https:\/\/tischlerei-lanser.at\/en\/#organization"},"potentialAction":[{"@type":"SearchAction","target":{"@type":"EntryPoint","urlTemplate":"https:\/\/tischlerei-lanser.at\/en\/?s={search_term_string}"},"query-input":"required name=search_term_string"}],"inLanguage":"en-US"},{"@type":"Organization","@id":"https:\/\/tischlerei-lanser.at\/en\/#organization","name":"Tischlerei Lanser","url":"https:\/\/tischlerei-lanser.at\/en\/","logo":{"@type":"ImageObject","inLanguage":"en-US","@id":"https:\/\/tischlerei-lanser.at\/en\/#\/schema\/logo\/image\/","url":"https:\/\/tischlerei-lanser.at\/wp-content\/uploads\/Lanser_Logo_Jahreszahl.jpg","contentUrl":"https:\/\/tischlerei-lanser.at\/wp-content\/uploads\/Lanser_Logo_Jahreszahl.jpg","width":1920,"height":1015,"caption":"Tischlerei Lanser"},"image":{"@id":"https:\/\/tischlerei-lanser.at\/en\/#\/schema\/logo\/image\/"},"sameAs":["https:\/\/www.facebook.com\/TischlereiLanser\/","https:\/\/www.instagram.com\/tischlerei_lanser\/","https:\/\/www.linkedin.com\/company\/10006620"]}]}},"_links":{"self":[{"href":"https:\/\/tischlerei-lanser.at\/en\/wp-json\/wp\/v2\/pages\/9"}],"collection":[{"href":"https:\/\/tischlerei-lanser.at\/en\/wp-json\/wp\/v2\/pages"}],"about":[{"href":"https:\/\/tischlerei-lanser.at\/en\/wp-json\/wp\/v2\/types\/page"}],"author":[{"embeddable":true,"href":"https:\/\/tischlerei-lanser.at\/en\/wp-json\/wp\/v2\/users\/1"}],"replies":[{"embeddable":true,"href":"https:\/\/tischlerei-lanser.at\/en\/wp-json\/wp\/v2\/comments?post=9"}],"version-history":[{"count":11,"href":"https:\/\/tischlerei-lanser.at\/en\/wp-json\/wp\/v2\/pages\/9\/revisions"}],"predecessor-version":[{"id":278,"href":"https:\/\/tischlerei-lanser.at\/en\/wp-json\/wp\/v2\/pages\/9\/revisions\/278"}],"up":[{"embeddable":true,"href":"https:\/\/tischlerei-lanser.at\/en\/wp-json\/wp\/v2\/pages\/21"}],"wp:featuredmedia":[{"embeddable":true,"href":"https:\/\/tischlerei-lanser.at\/en\/wp-json\/wp\/v2\/media\/46"}],"wp:attachment":[{"href":"https:\/\/tischlerei-lanser.at\/en\/wp-json\/wp\/v2\/media?parent=9"}],"curies":[{"name":"wp","href":"https:\/\/api.w.org\/{rel}","templated":true}]}}