{"id":806,"date":"2020-05-27T16:05:29","date_gmt":"2020-05-27T14:05:29","guid":{"rendered":"https:\/\/tischlerei-lanser.at\/?page_id=806"},"modified":"2021-03-23T10:38:43","modified_gmt":"2021-03-23T09:38:43","slug":"bruggerhof","status":"publish","type":"page","link":"https:\/\/tischlerei-lanser.at\/en\/projekte\/urlaub-am-bauernhof\/bruggerhof\/","title":{"rendered":"Bruggerhof"},"content":{"rendered":"","protected":false},"excerpt":{"rendered":"","protected":false},"author":2,"featured_media":807,"parent":2444,"menu_order":36,"comment_status":"closed","ping_status":"closed","template":"page-templates\/projekt.php","meta":{"_acf_changed":false,"inline_featured_image":false,"footnotes":""},"acf":[],"yoast_head":"<!-- This site is optimized with the Yoast SEO plugin v22.1 - https:\/\/yoast.com\/wordpress\/plugins\/seo\/ -->\n<title>Bruggerhof &#8211; Tischlerei Lanser Projekt Bruggerhof<\/title>\n<meta name=\"description\" content=\"Wo Bauernhof ist, soll man auch Bauernhof leben und erleben. Der Bruggerhof in Prags z\u00e4hlt zu den exklusivsten Unterk\u00fcnften wenn es um alpines Wohnen und Tradition geht. Von Tiroler Stubenvert\u00e4felungen bis hin zu Wandverkleidungen in Altholz zeigt der Bruggerhof seine Verbundenheit zum nat\u00fcrlichen Werkstoff Holz und vermittelt so seinen G\u00e4sten authentisch das Leben am Bauernhof. Der Bruggerhof ist Mitglied bei \u201eRoter Hahn\u201c, das Portal f\u00fcr Urlaub auf dem Bauernhof in S\u00fcdtirol und wurde mit f\u00fcnf Blumen ausgezeichnet. Wir danken den Bauherren, dass wir dieses Projekt gemeinsam mit unseren Mitarbeitern fertigen durften.\" \/>\n<meta name=\"robots\" content=\"index, follow, max-snippet:-1, max-image-preview:large, max-video-preview:-1\" \/>\n<link rel=\"canonical\" href=\"https:\/\/tischlerei-lanser.at\/en\/projekte\/urlaub-am-bauernhof\/bruggerhof\/\" \/>\n<meta property=\"og:locale\" content=\"en_US\" \/>\n<meta property=\"og:type\" content=\"article\" \/>\n<meta property=\"og:title\" content=\"Bruggerhof &#8211; Tischlerei Lanser Projekt Bruggerhof\" \/>\n<meta property=\"og:description\" content=\"Wo Bauernhof ist, soll man auch Bauernhof leben und erleben. Der Bruggerhof in Prags z\u00e4hlt zu den exklusivsten Unterk\u00fcnften wenn es um alpines Wohnen und Tradition geht. Von Tiroler Stubenvert\u00e4felungen bis hin zu Wandverkleidungen in Altholz zeigt der Bruggerhof seine Verbundenheit zum nat\u00fcrlichen Werkstoff Holz und vermittelt so seinen G\u00e4sten authentisch das Leben am Bauernhof. Der Bruggerhof ist Mitglied bei \u201eRoter Hahn\u201c, das Portal f\u00fcr Urlaub auf dem Bauernhof in S\u00fcdtirol und wurde mit f\u00fcnf Blumen ausgezeichnet. Wir danken den Bauherren, dass wir dieses Projekt gemeinsam mit unseren Mitarbeitern fertigen durften.\" \/>\n<meta property=\"og:url\" content=\"https:\/\/tischlerei-lanser.at\/en\/projekte\/urlaub-am-bauernhof\/bruggerhof\/\" \/>\n<meta property=\"og:site_name\" content=\"Tischlerei Lanser\" \/>\n<meta property=\"article:publisher\" content=\"https:\/\/www.facebook.com\/TischlereiLanser\/\" \/>\n<meta property=\"article:modified_time\" content=\"2021-03-23T09:38:43+00:00\" \/>\n<meta property=\"og:image\" content=\"https:\/\/tischlerei-lanser.at\/wp-content\/uploads\/170531_martinlugger_lanser_bruggerhof_0024-HDR.jpg\" \/>\n\t<meta property=\"og:image:width\" content=\"1920\" \/>\n\t<meta property=\"og:image:height\" content=\"1253\" \/>\n\t<meta property=\"og:image:type\" content=\"image\/jpeg\" \/>\n<meta name=\"twitter:card\" content=\"summary_large_image\" \/>\n<script type=\"application\/ld+json\" class=\"yoast-schema-graph\">{\"@context\":\"https:\/\/schema.org\",\"@graph\":[{\"@type\":\"WebPage\",\"@id\":\"https:\/\/tischlerei-lanser.at\/en\/projekte\/urlaub-am-bauernhof\/bruggerhof\/\",\"url\":\"https:\/\/tischlerei-lanser.at\/en\/projekte\/urlaub-am-bauernhof\/bruggerhof\/\",\"name\":\"Bruggerhof &#8211; Tischlerei Lanser Projekt Bruggerhof\",\"isPartOf\":{\"@id\":\"https:\/\/tischlerei-lanser.at\/en\/#website\"},\"datePublished\":\"2020-05-27T14:05:29+00:00\",\"dateModified\":\"2021-03-23T09:38:43+00:00\",\"description\":\"Wo Bauernhof ist, soll man auch Bauernhof leben und erleben. Der Bruggerhof in Prags z\u00e4hlt zu den exklusivsten Unterk\u00fcnften wenn es um alpines Wohnen und Tradition geht. Von Tiroler Stubenvert\u00e4felungen bis hin zu Wandverkleidungen in Altholz zeigt der Bruggerhof seine Verbundenheit zum nat\u00fcrlichen Werkstoff Holz und vermittelt so seinen G\u00e4sten authentisch das Leben am Bauernhof. Der Bruggerhof ist Mitglied bei \u201eRoter Hahn\u201c, das Portal f\u00fcr Urlaub auf dem Bauernhof in S\u00fcdtirol und wurde mit f\u00fcnf Blumen ausgezeichnet. Wir danken den Bauherren, dass wir dieses Projekt gemeinsam mit unseren Mitarbeitern fertigen durften.\",\"breadcrumb\":{\"@id\":\"https:\/\/tischlerei-lanser.at\/en\/projekte\/urlaub-am-bauernhof\/bruggerhof\/#breadcrumb\"},\"inLanguage\":\"en-US\",\"potentialAction\":[{\"@type\":\"ReadAction\",\"target\":[[\"https:\/\/tischlerei-lanser.at\/en\/projekte\/urlaub-am-bauernhof\/bruggerhof\/\"]]}]},{\"@type\":\"BreadcrumbList\",\"@id\":\"https:\/\/tischlerei-lanser.at\/en\/projekte\/urlaub-am-bauernhof\/bruggerhof\/#breadcrumb\",\"itemListElement\":[{\"@type\":\"ListItem\",\"position\":1,\"name\":\"Startseite\",\"item\":\"https:\/\/tischlerei-lanser.at\/en\/\"},{\"@type\":\"ListItem\",\"position\":2,\"name\":\"Projekte\",\"item\":\"https:\/\/tischlerei-lanser.at\/en\/projekte\/\"},{\"@type\":\"ListItem\",\"position\":3,\"name\":\"Urlaub am Bauernhof\",\"item\":\"https:\/\/tischlerei-lanser.at\/en\/projekte\/urlaub-am-bauernhof\/\"},{\"@type\":\"ListItem\",\"position\":4,\"name\":\"Bruggerhof\"}]},{\"@type\":\"WebSite\",\"@id\":\"https:\/\/tischlerei-lanser.at\/en\/#website\",\"url\":\"https:\/\/tischlerei-lanser.at\/en\/\",\"name\":\"Tischlerei Lanser\",\"description\":\"Wo Natur erhalten wird.\",\"publisher\":{\"@id\":\"https:\/\/tischlerei-lanser.at\/en\/#organization\"},\"potentialAction\":[{\"@type\":\"SearchAction\",\"target\":{\"@type\":\"EntryPoint\",\"urlTemplate\":\"https:\/\/tischlerei-lanser.at\/en\/?s={search_term_string}\"},\"query-input\":\"required name=search_term_string\"}],\"inLanguage\":\"en-US\"},{\"@type\":\"Organization\",\"@id\":\"https:\/\/tischlerei-lanser.at\/en\/#organization\",\"name\":\"Tischlerei Lanser\",\"url\":\"https:\/\/tischlerei-lanser.at\/en\/\",\"logo\":{\"@type\":\"ImageObject\",\"inLanguage\":\"en-US\",\"@id\":\"https:\/\/tischlerei-lanser.at\/en\/#\/schema\/logo\/image\/\",\"url\":\"https:\/\/tischlerei-lanser.at\/wp-content\/uploads\/Lanser_Logo_Jahreszahl.jpg\",\"contentUrl\":\"https:\/\/tischlerei-lanser.at\/wp-content\/uploads\/Lanser_Logo_Jahreszahl.jpg\",\"width\":1920,\"height\":1015,\"caption\":\"Tischlerei Lanser\"},\"image\":{\"@id\":\"https:\/\/tischlerei-lanser.at\/en\/#\/schema\/logo\/image\/\"},\"sameAs\":[\"https:\/\/www.facebook.com\/TischlereiLanser\/\",\"https:\/\/www.instagram.com\/tischlerei_lanser\/\",\"https:\/\/www.linkedin.com\/company\/10006620\"]}]}<\/script>\n<!-- \/ Yoast SEO plugin. -->","yoast_head_json":{"title":"Bruggerhof &#8211; Tischlerei Lanser Projekt Bruggerhof","description":"Wo Bauernhof ist, soll man auch Bauernhof leben und erleben. Der Bruggerhof in Prags z\u00e4hlt zu den exklusivsten Unterk\u00fcnften wenn es um alpines Wohnen und Tradition geht. Von Tiroler Stubenvert\u00e4felungen bis hin zu Wandverkleidungen in Altholz zeigt der Bruggerhof seine Verbundenheit zum nat\u00fcrlichen Werkstoff Holz und vermittelt so seinen G\u00e4sten authentisch das Leben am Bauernhof. Der Bruggerhof ist Mitglied bei \u201eRoter Hahn\u201c, das Portal f\u00fcr Urlaub auf dem Bauernhof in S\u00fcdtirol und wurde mit f\u00fcnf Blumen ausgezeichnet. Wir danken den Bauherren, dass wir dieses Projekt gemeinsam mit unseren Mitarbeitern fertigen durften.","robots":{"index":"index","follow":"follow","max-snippet":"max-snippet:-1","max-image-preview":"max-image-preview:large","max-video-preview":"max-video-preview:-1"},"canonical":"https:\/\/tischlerei-lanser.at\/en\/projekte\/urlaub-am-bauernhof\/bruggerhof\/","og_locale":"en_US","og_type":"article","og_title":"Bruggerhof &#8211; Tischlerei Lanser Projekt Bruggerhof","og_description":"Wo Bauernhof ist, soll man auch Bauernhof leben und erleben. Der Bruggerhof in Prags z\u00e4hlt zu den exklusivsten Unterk\u00fcnften wenn es um alpines Wohnen und Tradition geht. Von Tiroler Stubenvert\u00e4felungen bis hin zu Wandverkleidungen in Altholz zeigt der Bruggerhof seine Verbundenheit zum nat\u00fcrlichen Werkstoff Holz und vermittelt so seinen G\u00e4sten authentisch das Leben am Bauernhof. Der Bruggerhof ist Mitglied bei \u201eRoter Hahn\u201c, das Portal f\u00fcr Urlaub auf dem Bauernhof in S\u00fcdtirol und wurde mit f\u00fcnf Blumen ausgezeichnet. Wir danken den Bauherren, dass wir dieses Projekt gemeinsam mit unseren Mitarbeitern fertigen durften.","og_url":"https:\/\/tischlerei-lanser.at\/en\/projekte\/urlaub-am-bauernhof\/bruggerhof\/","og_site_name":"Tischlerei Lanser","article_publisher":"https:\/\/www.facebook.com\/TischlereiLanser\/","article_modified_time":"2021-03-23T09:38:43+00:00","og_image":[{"width":1920,"height":1253,"url":"https:\/\/tischlerei-lanser.at\/wp-content\/uploads\/170531_martinlugger_lanser_bruggerhof_0024-HDR.jpg","type":"image\/jpeg"}],"twitter_card":"summary_large_image","schema":{"@context":"https:\/\/schema.org","@graph":[{"@type":"WebPage","@id":"https:\/\/tischlerei-lanser.at\/en\/projekte\/urlaub-am-bauernhof\/bruggerhof\/","url":"https:\/\/tischlerei-lanser.at\/en\/projekte\/urlaub-am-bauernhof\/bruggerhof\/","name":"Bruggerhof &#8211; Tischlerei Lanser Projekt Bruggerhof","isPartOf":{"@id":"https:\/\/tischlerei-lanser.at\/en\/#website"},"datePublished":"2020-05-27T14:05:29+00:00","dateModified":"2021-03-23T09:38:43+00:00","description":"Wo Bauernhof ist, soll man auch Bauernhof leben und erleben. Der Bruggerhof in Prags z\u00e4hlt zu den exklusivsten Unterk\u00fcnften wenn es um alpines Wohnen und Tradition geht. Von Tiroler Stubenvert\u00e4felungen bis hin zu Wandverkleidungen in Altholz zeigt der Bruggerhof seine Verbundenheit zum nat\u00fcrlichen Werkstoff Holz und vermittelt so seinen G\u00e4sten authentisch das Leben am Bauernhof. Der Bruggerhof ist Mitglied bei \u201eRoter Hahn\u201c, das Portal f\u00fcr Urlaub auf dem Bauernhof in S\u00fcdtirol und wurde mit f\u00fcnf Blumen ausgezeichnet. Wir danken den Bauherren, dass wir dieses Projekt gemeinsam mit unseren Mitarbeitern fertigen durften.","breadcrumb":{"@id":"https:\/\/tischlerei-lanser.at\/en\/projekte\/urlaub-am-bauernhof\/bruggerhof\/#breadcrumb"},"inLanguage":"en-US","potentialAction":[{"@type":"ReadAction","target":[["https:\/\/tischlerei-lanser.at\/en\/projekte\/urlaub-am-bauernhof\/bruggerhof\/"]]}]},{"@type":"BreadcrumbList","@id":"https:\/\/tischlerei-lanser.at\/en\/projekte\/urlaub-am-bauernhof\/bruggerhof\/#breadcrumb","itemListElement":[{"@type":"ListItem","position":1,"name":"Startseite","item":"https:\/\/tischlerei-lanser.at\/en\/"},{"@type":"ListItem","position":2,"name":"Projekte","item":"https:\/\/tischlerei-lanser.at\/en\/projekte\/"},{"@type":"ListItem","position":3,"name":"Urlaub am Bauernhof","item":"https:\/\/tischlerei-lanser.at\/en\/projekte\/urlaub-am-bauernhof\/"},{"@type":"ListItem","position":4,"name":"Bruggerhof"}]},{"@type":"WebSite","@id":"https:\/\/tischlerei-lanser.at\/en\/#website","url":"https:\/\/tischlerei-lanser.at\/en\/","name":"Tischlerei Lanser","description":"Wo Natur erhalten wird.","publisher":{"@id":"https:\/\/tischlerei-lanser.at\/en\/#organization"},"potentialAction":[{"@type":"SearchAction","target":{"@type":"EntryPoint","urlTemplate":"https:\/\/tischlerei-lanser.at\/en\/?s={search_term_string}"},"query-input":"required name=search_term_string"}],"inLanguage":"en-US"},{"@type":"Organization","@id":"https:\/\/tischlerei-lanser.at\/en\/#organization","name":"Tischlerei Lanser","url":"https:\/\/tischlerei-lanser.at\/en\/","logo":{"@type":"ImageObject","inLanguage":"en-US","@id":"https:\/\/tischlerei-lanser.at\/en\/#\/schema\/logo\/image\/","url":"https:\/\/tischlerei-lanser.at\/wp-content\/uploads\/Lanser_Logo_Jahreszahl.jpg","contentUrl":"https:\/\/tischlerei-lanser.at\/wp-content\/uploads\/Lanser_Logo_Jahreszahl.jpg","width":1920,"height":1015,"caption":"Tischlerei Lanser"},"image":{"@id":"https:\/\/tischlerei-lanser.at\/en\/#\/schema\/logo\/image\/"},"sameAs":["https:\/\/www.facebook.com\/TischlereiLanser\/","https:\/\/www.instagram.com\/tischlerei_lanser\/","https:\/\/www.linkedin.com\/company\/10006620"]}]}},"_links":{"self":[{"href":"https:\/\/tischlerei-lanser.at\/en\/wp-json\/wp\/v2\/pages\/806"}],"collection":[{"href":"https:\/\/tischlerei-lanser.at\/en\/wp-json\/wp\/v2\/pages"}],"about":[{"href":"https:\/\/tischlerei-lanser.at\/en\/wp-json\/wp\/v2\/types\/page"}],"author":[{"embeddable":true,"href":"https:\/\/tischlerei-lanser.at\/en\/wp-json\/wp\/v2\/users\/2"}],"replies":[{"embeddable":true,"href":"https:\/\/tischlerei-lanser.at\/en\/wp-json\/wp\/v2\/comments?post=806"}],"version-history":[{"count":18,"href":"https:\/\/tischlerei-lanser.at\/en\/wp-json\/wp\/v2\/pages\/806\/revisions"}],"predecessor-version":[{"id":2979,"href":"https:\/\/tischlerei-lanser.at\/en\/wp-json\/wp\/v2\/pages\/806\/revisions\/2979"}],"up":[{"embeddable":true,"href":"https:\/\/tischlerei-lanser.at\/en\/wp-json\/wp\/v2\/pages\/2444"}],"wp:featuredmedia":[{"embeddable":true,"href":"https:\/\/tischlerei-lanser.at\/en\/wp-json\/wp\/v2\/media\/807"}],"wp:attachment":[{"href":"https:\/\/tischlerei-lanser.at\/en\/wp-json\/wp\/v2\/media?parent=806"}],"curies":[{"name":"wp","href":"https:\/\/api.w.org\/{rel}","templated":true}]}}