{"id":699,"date":"2020-05-25T09:28:36","date_gmt":"2020-05-25T07:28:36","guid":{"rendered":"https:\/\/tischlerei-lanser.at\/?page_id=699"},"modified":"2021-03-23T10:45:02","modified_gmt":"2021-03-23T09:45:02","slug":"ferienchalets-waidacherhof","status":"publish","type":"page","link":"https:\/\/tischlerei-lanser.at\/en\/projekte\/urlaub-am-bauernhof\/ferienchalets-waidacherhof\/","title":{"rendered":"Waidacherhof"},"content":{"rendered":"","protected":false},"excerpt":{"rendered":"","protected":false},"author":2,"featured_media":725,"parent":2444,"menu_order":38,"comment_status":"closed","ping_status":"closed","template":"page-templates\/projekt.php","meta":{"_acf_changed":false,"inline_featured_image":false,"footnotes":""},"acf":[],"yoast_head":"<!-- This site is optimized with the Yoast SEO plugin v22.1 - https:\/\/yoast.com\/wordpress\/plugins\/seo\/ -->\n<title>Waidacherhof &#8211; Tischlerei Lanser Projekt Waidacherhof<\/title>\n<meta name=\"description\" content=\"Das Gesamtprojekt Waidacherhof im Herzen S\u00fcdtirols wurde von uns im Jahr 2019 fertiggestellt. Neben den gro\u00dfz\u00fcgigen Chalets, durften wir auch den Eingangsbereich mit Rezeption sowie die Stube und das Buffet realisieren. Gemeinsam mit den Bauherren des Waidacherhofs wurde bei der Planung besonders viel Wert auf die Einbringung der Region gelegt. Es enstanden dabei besondere R\u00e4ume, die mit originalem Altholz, Accessoires passend zur umliegenden Bergwelt und anderen nat\u00fcrlichen Materialien ausgestattet wurden. Der Waidacherhof ist Mitglied bei \u201eRoter Hahn\u201c, das Portal f\u00fcr Urlaub auf dem Bauernhof in S\u00fcdtirol und wurde mit vier Blumen ausgezeichnet. Wir danken den Bauherren, dass wir dieses Projekt gemeinsam mit unseren Mitarbeitern fertigen durften.\" \/>\n<meta name=\"robots\" content=\"index, follow, max-snippet:-1, max-image-preview:large, max-video-preview:-1\" \/>\n<link rel=\"canonical\" href=\"https:\/\/tischlerei-lanser.at\/en\/projekte\/urlaub-am-bauernhof\/ferienchalets-waidacherhof\/\" \/>\n<meta property=\"og:locale\" content=\"en_US\" \/>\n<meta property=\"og:type\" content=\"article\" \/>\n<meta property=\"og:title\" content=\"Waidacherhof &#8211; Tischlerei Lanser Projekt Waidacherhof\" \/>\n<meta property=\"og:description\" content=\"Das Gesamtprojekt Waidacherhof im Herzen S\u00fcdtirols wurde von uns im Jahr 2019 fertiggestellt. Neben den gro\u00dfz\u00fcgigen Chalets, durften wir auch den Eingangsbereich mit Rezeption sowie die Stube und das Buffet realisieren. Gemeinsam mit den Bauherren des Waidacherhofs wurde bei der Planung besonders viel Wert auf die Einbringung der Region gelegt. Es enstanden dabei besondere R\u00e4ume, die mit originalem Altholz, Accessoires passend zur umliegenden Bergwelt und anderen nat\u00fcrlichen Materialien ausgestattet wurden. Der Waidacherhof ist Mitglied bei \u201eRoter Hahn\u201c, das Portal f\u00fcr Urlaub auf dem Bauernhof in S\u00fcdtirol und wurde mit vier Blumen ausgezeichnet. Wir danken den Bauherren, dass wir dieses Projekt gemeinsam mit unseren Mitarbeitern fertigen durften.\" \/>\n<meta property=\"og:url\" content=\"https:\/\/tischlerei-lanser.at\/en\/projekte\/urlaub-am-bauernhof\/ferienchalets-waidacherhof\/\" \/>\n<meta property=\"og:site_name\" content=\"Tischlerei Lanser\" \/>\n<meta property=\"article:publisher\" content=\"https:\/\/www.facebook.com\/TischlereiLanser\/\" \/>\n<meta property=\"article:modified_time\" content=\"2021-03-23T09:45:02+00:00\" \/>\n<meta property=\"og:image\" content=\"https:\/\/tischlerei-lanser.at\/wp-content\/uploads\/150719_martinlugger_lanser_0066.jpg\" \/>\n\t<meta property=\"og:image:width\" content=\"1920\" \/>\n\t<meta property=\"og:image:height\" content=\"1333\" \/>\n\t<meta property=\"og:image:type\" content=\"image\/jpeg\" \/>\n<meta name=\"twitter:card\" content=\"summary_large_image\" \/>\n<script type=\"application\/ld+json\" class=\"yoast-schema-graph\">{\"@context\":\"https:\/\/schema.org\",\"@graph\":[{\"@type\":\"WebPage\",\"@id\":\"https:\/\/tischlerei-lanser.at\/en\/projekte\/urlaub-am-bauernhof\/ferienchalets-waidacherhof\/\",\"url\":\"https:\/\/tischlerei-lanser.at\/en\/projekte\/urlaub-am-bauernhof\/ferienchalets-waidacherhof\/\",\"name\":\"Waidacherhof &#8211; Tischlerei Lanser Projekt Waidacherhof\",\"isPartOf\":{\"@id\":\"https:\/\/tischlerei-lanser.at\/en\/#website\"},\"datePublished\":\"2020-05-25T07:28:36+00:00\",\"dateModified\":\"2021-03-23T09:45:02+00:00\",\"description\":\"Das Gesamtprojekt Waidacherhof im Herzen S\u00fcdtirols wurde von uns im Jahr 2019 fertiggestellt. Neben den gro\u00dfz\u00fcgigen Chalets, durften wir auch den Eingangsbereich mit Rezeption sowie die Stube und das Buffet realisieren. Gemeinsam mit den Bauherren des Waidacherhofs wurde bei der Planung besonders viel Wert auf die Einbringung der Region gelegt. Es enstanden dabei besondere R\u00e4ume, die mit originalem Altholz, Accessoires passend zur umliegenden Bergwelt und anderen nat\u00fcrlichen Materialien ausgestattet wurden. Der Waidacherhof ist Mitglied bei \u201eRoter Hahn\u201c, das Portal f\u00fcr Urlaub auf dem Bauernhof in S\u00fcdtirol und wurde mit vier Blumen ausgezeichnet. Wir danken den Bauherren, dass wir dieses Projekt gemeinsam mit unseren Mitarbeitern fertigen durften.\",\"breadcrumb\":{\"@id\":\"https:\/\/tischlerei-lanser.at\/en\/projekte\/urlaub-am-bauernhof\/ferienchalets-waidacherhof\/#breadcrumb\"},\"inLanguage\":\"en-US\",\"potentialAction\":[{\"@type\":\"ReadAction\",\"target\":[[\"https:\/\/tischlerei-lanser.at\/en\/projekte\/urlaub-am-bauernhof\/ferienchalets-waidacherhof\/\"]]}]},{\"@type\":\"BreadcrumbList\",\"@id\":\"https:\/\/tischlerei-lanser.at\/en\/projekte\/urlaub-am-bauernhof\/ferienchalets-waidacherhof\/#breadcrumb\",\"itemListElement\":[{\"@type\":\"ListItem\",\"position\":1,\"name\":\"Startseite\",\"item\":\"https:\/\/tischlerei-lanser.at\/en\/\"},{\"@type\":\"ListItem\",\"position\":2,\"name\":\"Projekte\",\"item\":\"https:\/\/tischlerei-lanser.at\/en\/projekte\/\"},{\"@type\":\"ListItem\",\"position\":3,\"name\":\"Urlaub am Bauernhof\",\"item\":\"https:\/\/tischlerei-lanser.at\/en\/projekte\/urlaub-am-bauernhof\/\"},{\"@type\":\"ListItem\",\"position\":4,\"name\":\"Waidacherhof\"}]},{\"@type\":\"WebSite\",\"@id\":\"https:\/\/tischlerei-lanser.at\/en\/#website\",\"url\":\"https:\/\/tischlerei-lanser.at\/en\/\",\"name\":\"Tischlerei Lanser\",\"description\":\"Wo Natur erhalten wird.\",\"publisher\":{\"@id\":\"https:\/\/tischlerei-lanser.at\/en\/#organization\"},\"potentialAction\":[{\"@type\":\"SearchAction\",\"target\":{\"@type\":\"EntryPoint\",\"urlTemplate\":\"https:\/\/tischlerei-lanser.at\/en\/?s={search_term_string}\"},\"query-input\":\"required name=search_term_string\"}],\"inLanguage\":\"en-US\"},{\"@type\":\"Organization\",\"@id\":\"https:\/\/tischlerei-lanser.at\/en\/#organization\",\"name\":\"Tischlerei Lanser\",\"url\":\"https:\/\/tischlerei-lanser.at\/en\/\",\"logo\":{\"@type\":\"ImageObject\",\"inLanguage\":\"en-US\",\"@id\":\"https:\/\/tischlerei-lanser.at\/en\/#\/schema\/logo\/image\/\",\"url\":\"https:\/\/tischlerei-lanser.at\/wp-content\/uploads\/Lanser_Logo_Jahreszahl.jpg\",\"contentUrl\":\"https:\/\/tischlerei-lanser.at\/wp-content\/uploads\/Lanser_Logo_Jahreszahl.jpg\",\"width\":1920,\"height\":1015,\"caption\":\"Tischlerei Lanser\"},\"image\":{\"@id\":\"https:\/\/tischlerei-lanser.at\/en\/#\/schema\/logo\/image\/\"},\"sameAs\":[\"https:\/\/www.facebook.com\/TischlereiLanser\/\",\"https:\/\/www.instagram.com\/tischlerei_lanser\/\",\"https:\/\/www.linkedin.com\/company\/10006620\"]}]}<\/script>\n<!-- \/ Yoast SEO plugin. -->","yoast_head_json":{"title":"Waidacherhof &#8211; Tischlerei Lanser Projekt Waidacherhof","description":"Das Gesamtprojekt Waidacherhof im Herzen S\u00fcdtirols wurde von uns im Jahr 2019 fertiggestellt. Neben den gro\u00dfz\u00fcgigen Chalets, durften wir auch den Eingangsbereich mit Rezeption sowie die Stube und das Buffet realisieren. Gemeinsam mit den Bauherren des Waidacherhofs wurde bei der Planung besonders viel Wert auf die Einbringung der Region gelegt. Es enstanden dabei besondere R\u00e4ume, die mit originalem Altholz, Accessoires passend zur umliegenden Bergwelt und anderen nat\u00fcrlichen Materialien ausgestattet wurden. Der Waidacherhof ist Mitglied bei \u201eRoter Hahn\u201c, das Portal f\u00fcr Urlaub auf dem Bauernhof in S\u00fcdtirol und wurde mit vier Blumen ausgezeichnet. Wir danken den Bauherren, dass wir dieses Projekt gemeinsam mit unseren Mitarbeitern fertigen durften.","robots":{"index":"index","follow":"follow","max-snippet":"max-snippet:-1","max-image-preview":"max-image-preview:large","max-video-preview":"max-video-preview:-1"},"canonical":"https:\/\/tischlerei-lanser.at\/en\/projekte\/urlaub-am-bauernhof\/ferienchalets-waidacherhof\/","og_locale":"en_US","og_type":"article","og_title":"Waidacherhof &#8211; Tischlerei Lanser Projekt Waidacherhof","og_description":"Das Gesamtprojekt Waidacherhof im Herzen S\u00fcdtirols wurde von uns im Jahr 2019 fertiggestellt. Neben den gro\u00dfz\u00fcgigen Chalets, durften wir auch den Eingangsbereich mit Rezeption sowie die Stube und das Buffet realisieren. Gemeinsam mit den Bauherren des Waidacherhofs wurde bei der Planung besonders viel Wert auf die Einbringung der Region gelegt. Es enstanden dabei besondere R\u00e4ume, die mit originalem Altholz, Accessoires passend zur umliegenden Bergwelt und anderen nat\u00fcrlichen Materialien ausgestattet wurden. Der Waidacherhof ist Mitglied bei \u201eRoter Hahn\u201c, das Portal f\u00fcr Urlaub auf dem Bauernhof in S\u00fcdtirol und wurde mit vier Blumen ausgezeichnet. Wir danken den Bauherren, dass wir dieses Projekt gemeinsam mit unseren Mitarbeitern fertigen durften.","og_url":"https:\/\/tischlerei-lanser.at\/en\/projekte\/urlaub-am-bauernhof\/ferienchalets-waidacherhof\/","og_site_name":"Tischlerei Lanser","article_publisher":"https:\/\/www.facebook.com\/TischlereiLanser\/","article_modified_time":"2021-03-23T09:45:02+00:00","og_image":[{"width":1920,"height":1333,"url":"https:\/\/tischlerei-lanser.at\/wp-content\/uploads\/150719_martinlugger_lanser_0066.jpg","type":"image\/jpeg"}],"twitter_card":"summary_large_image","schema":{"@context":"https:\/\/schema.org","@graph":[{"@type":"WebPage","@id":"https:\/\/tischlerei-lanser.at\/en\/projekte\/urlaub-am-bauernhof\/ferienchalets-waidacherhof\/","url":"https:\/\/tischlerei-lanser.at\/en\/projekte\/urlaub-am-bauernhof\/ferienchalets-waidacherhof\/","name":"Waidacherhof &#8211; Tischlerei Lanser Projekt Waidacherhof","isPartOf":{"@id":"https:\/\/tischlerei-lanser.at\/en\/#website"},"datePublished":"2020-05-25T07:28:36+00:00","dateModified":"2021-03-23T09:45:02+00:00","description":"Das Gesamtprojekt Waidacherhof im Herzen S\u00fcdtirols wurde von uns im Jahr 2019 fertiggestellt. Neben den gro\u00dfz\u00fcgigen Chalets, durften wir auch den Eingangsbereich mit Rezeption sowie die Stube und das Buffet realisieren. Gemeinsam mit den Bauherren des Waidacherhofs wurde bei der Planung besonders viel Wert auf die Einbringung der Region gelegt. Es enstanden dabei besondere R\u00e4ume, die mit originalem Altholz, Accessoires passend zur umliegenden Bergwelt und anderen nat\u00fcrlichen Materialien ausgestattet wurden. Der Waidacherhof ist Mitglied bei \u201eRoter Hahn\u201c, das Portal f\u00fcr Urlaub auf dem Bauernhof in S\u00fcdtirol und wurde mit vier Blumen ausgezeichnet. Wir danken den Bauherren, dass wir dieses Projekt gemeinsam mit unseren Mitarbeitern fertigen durften.","breadcrumb":{"@id":"https:\/\/tischlerei-lanser.at\/en\/projekte\/urlaub-am-bauernhof\/ferienchalets-waidacherhof\/#breadcrumb"},"inLanguage":"en-US","potentialAction":[{"@type":"ReadAction","target":[["https:\/\/tischlerei-lanser.at\/en\/projekte\/urlaub-am-bauernhof\/ferienchalets-waidacherhof\/"]]}]},{"@type":"BreadcrumbList","@id":"https:\/\/tischlerei-lanser.at\/en\/projekte\/urlaub-am-bauernhof\/ferienchalets-waidacherhof\/#breadcrumb","itemListElement":[{"@type":"ListItem","position":1,"name":"Startseite","item":"https:\/\/tischlerei-lanser.at\/en\/"},{"@type":"ListItem","position":2,"name":"Projekte","item":"https:\/\/tischlerei-lanser.at\/en\/projekte\/"},{"@type":"ListItem","position":3,"name":"Urlaub am Bauernhof","item":"https:\/\/tischlerei-lanser.at\/en\/projekte\/urlaub-am-bauernhof\/"},{"@type":"ListItem","position":4,"name":"Waidacherhof"}]},{"@type":"WebSite","@id":"https:\/\/tischlerei-lanser.at\/en\/#website","url":"https:\/\/tischlerei-lanser.at\/en\/","name":"Tischlerei Lanser","description":"Wo Natur erhalten wird.","publisher":{"@id":"https:\/\/tischlerei-lanser.at\/en\/#organization"},"potentialAction":[{"@type":"SearchAction","target":{"@type":"EntryPoint","urlTemplate":"https:\/\/tischlerei-lanser.at\/en\/?s={search_term_string}"},"query-input":"required name=search_term_string"}],"inLanguage":"en-US"},{"@type":"Organization","@id":"https:\/\/tischlerei-lanser.at\/en\/#organization","name":"Tischlerei Lanser","url":"https:\/\/tischlerei-lanser.at\/en\/","logo":{"@type":"ImageObject","inLanguage":"en-US","@id":"https:\/\/tischlerei-lanser.at\/en\/#\/schema\/logo\/image\/","url":"https:\/\/tischlerei-lanser.at\/wp-content\/uploads\/Lanser_Logo_Jahreszahl.jpg","contentUrl":"https:\/\/tischlerei-lanser.at\/wp-content\/uploads\/Lanser_Logo_Jahreszahl.jpg","width":1920,"height":1015,"caption":"Tischlerei Lanser"},"image":{"@id":"https:\/\/tischlerei-lanser.at\/en\/#\/schema\/logo\/image\/"},"sameAs":["https:\/\/www.facebook.com\/TischlereiLanser\/","https:\/\/www.instagram.com\/tischlerei_lanser\/","https:\/\/www.linkedin.com\/company\/10006620"]}]}},"_links":{"self":[{"href":"https:\/\/tischlerei-lanser.at\/en\/wp-json\/wp\/v2\/pages\/699"}],"collection":[{"href":"https:\/\/tischlerei-lanser.at\/en\/wp-json\/wp\/v2\/pages"}],"about":[{"href":"https:\/\/tischlerei-lanser.at\/en\/wp-json\/wp\/v2\/types\/page"}],"author":[{"embeddable":true,"href":"https:\/\/tischlerei-lanser.at\/en\/wp-json\/wp\/v2\/users\/2"}],"replies":[{"embeddable":true,"href":"https:\/\/tischlerei-lanser.at\/en\/wp-json\/wp\/v2\/comments?post=699"}],"version-history":[{"count":24,"href":"https:\/\/tischlerei-lanser.at\/en\/wp-json\/wp\/v2\/pages\/699\/revisions"}],"predecessor-version":[{"id":2988,"href":"https:\/\/tischlerei-lanser.at\/en\/wp-json\/wp\/v2\/pages\/699\/revisions\/2988"}],"up":[{"embeddable":true,"href":"https:\/\/tischlerei-lanser.at\/en\/wp-json\/wp\/v2\/pages\/2444"}],"wp:featuredmedia":[{"embeddable":true,"href":"https:\/\/tischlerei-lanser.at\/en\/wp-json\/wp\/v2\/media\/725"}],"wp:attachment":[{"href":"https:\/\/tischlerei-lanser.at\/en\/wp-json\/wp\/v2\/media?parent=699"}],"curies":[{"name":"wp","href":"https:\/\/api.w.org\/{rel}","templated":true}]}}