{"id":675,"date":"2020-05-20T17:28:40","date_gmt":"2020-05-20T15:28:40","guid":{"rendered":"https:\/\/tischlerei-lanser.at\/?page_id=675"},"modified":"2021-03-10T14:25:39","modified_gmt":"2021-03-10T13:25:39","slug":"kueche-k","status":"publish","type":"page","link":"https:\/\/tischlerei-lanser.at\/en\/projekte\/kueche\/kueche-k\/","title":{"rendered":"K\u00fcche Altholz in Osttirol"},"content":{"rendered":"","protected":false},"excerpt":{"rendered":"","protected":false},"author":2,"featured_media":678,"parent":57,"menu_order":29,"comment_status":"closed","ping_status":"closed","template":"page-templates\/projekt.php","meta":{"_acf_changed":false,"inline_featured_image":false,"footnotes":""},"acf":[],"yoast_head":"<!-- This site is optimized with the Yoast SEO plugin v22.1 - https:\/\/yoast.com\/wordpress\/plugins\/seo\/ -->\n<title>K\u00fcche Altholz in Osttirol &#8211; Tischlerei Lanser Projekt K\u00fcche Altholz<\/title>\n<meta name=\"description\" content=\"Die K\u00fcche wurde ganz im alpinen Stil gestaltet. Originale Altholzelemente wurden mit klassischen, ruhigen Fronten und schlichten Griffen kombiniert. Ein pers\u00f6nliches Detail der K\u00fcche ist die Fotor\u00fcckwand, die auf Wunsch des Kunden gestaltet wurde. Mit hochwertigen Miele Ger\u00e4ten und perfekt geplanten Abl\u00e4ufen macht die kreative Arbeit in der K\u00fcche noch mehr Spa\u00df.\" \/>\n<meta name=\"robots\" content=\"index, follow, max-snippet:-1, max-image-preview:large, max-video-preview:-1\" \/>\n<link rel=\"canonical\" href=\"https:\/\/tischlerei-lanser.at\/en\/projekte\/kueche\/kueche-k\/\" \/>\n<meta property=\"og:locale\" content=\"en_US\" \/>\n<meta property=\"og:type\" content=\"article\" \/>\n<meta property=\"og:title\" content=\"K\u00fcche Altholz in Osttirol &#8211; Tischlerei Lanser Projekt K\u00fcche Altholz\" \/>\n<meta property=\"og:description\" content=\"Die K\u00fcche wurde ganz im alpinen Stil gestaltet. Originale Altholzelemente wurden mit klassischen, ruhigen Fronten und schlichten Griffen kombiniert. Ein pers\u00f6nliches Detail der K\u00fcche ist die Fotor\u00fcckwand, die auf Wunsch des Kunden gestaltet wurde. Mit hochwertigen Miele Ger\u00e4ten und perfekt geplanten Abl\u00e4ufen macht die kreative Arbeit in der K\u00fcche noch mehr Spa\u00df.\" \/>\n<meta property=\"og:url\" content=\"https:\/\/tischlerei-lanser.at\/en\/projekte\/kueche\/kueche-k\/\" \/>\n<meta property=\"og:site_name\" content=\"Tischlerei Lanser\" \/>\n<meta property=\"article:publisher\" content=\"https:\/\/www.facebook.com\/TischlereiLanser\/\" \/>\n<meta property=\"article:modified_time\" content=\"2021-03-10T13:25:39+00:00\" \/>\n<meta property=\"og:image\" content=\"https:\/\/tischlerei-lanser.at\/wp-content\/uploads\/160615_martinlugger__MG_9751.jpg\" \/>\n\t<meta property=\"og:image:width\" content=\"1920\" \/>\n\t<meta property=\"og:image:height\" content=\"1280\" \/>\n\t<meta property=\"og:image:type\" content=\"image\/jpeg\" \/>\n<meta name=\"twitter:card\" content=\"summary_large_image\" \/>\n<script type=\"application\/ld+json\" class=\"yoast-schema-graph\">{\"@context\":\"https:\/\/schema.org\",\"@graph\":[{\"@type\":\"WebPage\",\"@id\":\"https:\/\/tischlerei-lanser.at\/en\/projekte\/kueche\/kueche-k\/\",\"url\":\"https:\/\/tischlerei-lanser.at\/en\/projekte\/kueche\/kueche-k\/\",\"name\":\"K\u00fcche Altholz in Osttirol &#8211; Tischlerei Lanser Projekt K\u00fcche Altholz\",\"isPartOf\":{\"@id\":\"https:\/\/tischlerei-lanser.at\/en\/#website\"},\"datePublished\":\"2020-05-20T15:28:40+00:00\",\"dateModified\":\"2021-03-10T13:25:39+00:00\",\"description\":\"Die K\u00fcche wurde ganz im alpinen Stil gestaltet. Originale Altholzelemente wurden mit klassischen, ruhigen Fronten und schlichten Griffen kombiniert. Ein pers\u00f6nliches Detail der K\u00fcche ist die Fotor\u00fcckwand, die auf Wunsch des Kunden gestaltet wurde. Mit hochwertigen Miele Ger\u00e4ten und perfekt geplanten Abl\u00e4ufen macht die kreative Arbeit in der K\u00fcche noch mehr Spa\u00df.\",\"breadcrumb\":{\"@id\":\"https:\/\/tischlerei-lanser.at\/en\/projekte\/kueche\/kueche-k\/#breadcrumb\"},\"inLanguage\":\"en-US\",\"potentialAction\":[{\"@type\":\"ReadAction\",\"target\":[[\"https:\/\/tischlerei-lanser.at\/en\/projekte\/kueche\/kueche-k\/\"]]}]},{\"@type\":\"BreadcrumbList\",\"@id\":\"https:\/\/tischlerei-lanser.at\/en\/projekte\/kueche\/kueche-k\/#breadcrumb\",\"itemListElement\":[{\"@type\":\"ListItem\",\"position\":1,\"name\":\"Startseite\",\"item\":\"https:\/\/tischlerei-lanser.at\/en\/\"},{\"@type\":\"ListItem\",\"position\":2,\"name\":\"Projekte\",\"item\":\"https:\/\/tischlerei-lanser.at\/en\/projekte\/\"},{\"@type\":\"ListItem\",\"position\":3,\"name\":\"K\u00fcche\",\"item\":\"https:\/\/tischlerei-lanser.at\/en\/projekte\/kueche\/\"},{\"@type\":\"ListItem\",\"position\":4,\"name\":\"K\u00fcche Altholz in Osttirol\"}]},{\"@type\":\"WebSite\",\"@id\":\"https:\/\/tischlerei-lanser.at\/en\/#website\",\"url\":\"https:\/\/tischlerei-lanser.at\/en\/\",\"name\":\"Tischlerei Lanser\",\"description\":\"Wo Natur erhalten wird.\",\"publisher\":{\"@id\":\"https:\/\/tischlerei-lanser.at\/en\/#organization\"},\"potentialAction\":[{\"@type\":\"SearchAction\",\"target\":{\"@type\":\"EntryPoint\",\"urlTemplate\":\"https:\/\/tischlerei-lanser.at\/en\/?s={search_term_string}\"},\"query-input\":\"required name=search_term_string\"}],\"inLanguage\":\"en-US\"},{\"@type\":\"Organization\",\"@id\":\"https:\/\/tischlerei-lanser.at\/en\/#organization\",\"name\":\"Tischlerei Lanser\",\"url\":\"https:\/\/tischlerei-lanser.at\/en\/\",\"logo\":{\"@type\":\"ImageObject\",\"inLanguage\":\"en-US\",\"@id\":\"https:\/\/tischlerei-lanser.at\/en\/#\/schema\/logo\/image\/\",\"url\":\"https:\/\/tischlerei-lanser.at\/wp-content\/uploads\/Lanser_Logo_Jahreszahl.jpg\",\"contentUrl\":\"https:\/\/tischlerei-lanser.at\/wp-content\/uploads\/Lanser_Logo_Jahreszahl.jpg\",\"width\":1920,\"height\":1015,\"caption\":\"Tischlerei Lanser\"},\"image\":{\"@id\":\"https:\/\/tischlerei-lanser.at\/en\/#\/schema\/logo\/image\/\"},\"sameAs\":[\"https:\/\/www.facebook.com\/TischlereiLanser\/\",\"https:\/\/www.instagram.com\/tischlerei_lanser\/\",\"https:\/\/www.linkedin.com\/company\/10006620\"]}]}<\/script>\n<!-- \/ Yoast SEO plugin. -->","yoast_head_json":{"title":"K\u00fcche Altholz in Osttirol &#8211; Tischlerei Lanser Projekt K\u00fcche Altholz","description":"Die K\u00fcche wurde ganz im alpinen Stil gestaltet. Originale Altholzelemente wurden mit klassischen, ruhigen Fronten und schlichten Griffen kombiniert. Ein pers\u00f6nliches Detail der K\u00fcche ist die Fotor\u00fcckwand, die auf Wunsch des Kunden gestaltet wurde. Mit hochwertigen Miele Ger\u00e4ten und perfekt geplanten Abl\u00e4ufen macht die kreative Arbeit in der K\u00fcche noch mehr Spa\u00df.","robots":{"index":"index","follow":"follow","max-snippet":"max-snippet:-1","max-image-preview":"max-image-preview:large","max-video-preview":"max-video-preview:-1"},"canonical":"https:\/\/tischlerei-lanser.at\/en\/projekte\/kueche\/kueche-k\/","og_locale":"en_US","og_type":"article","og_title":"K\u00fcche Altholz in Osttirol &#8211; Tischlerei Lanser Projekt K\u00fcche Altholz","og_description":"Die K\u00fcche wurde ganz im alpinen Stil gestaltet. Originale Altholzelemente wurden mit klassischen, ruhigen Fronten und schlichten Griffen kombiniert. Ein pers\u00f6nliches Detail der K\u00fcche ist die Fotor\u00fcckwand, die auf Wunsch des Kunden gestaltet wurde. Mit hochwertigen Miele Ger\u00e4ten und perfekt geplanten Abl\u00e4ufen macht die kreative Arbeit in der K\u00fcche noch mehr Spa\u00df.","og_url":"https:\/\/tischlerei-lanser.at\/en\/projekte\/kueche\/kueche-k\/","og_site_name":"Tischlerei Lanser","article_publisher":"https:\/\/www.facebook.com\/TischlereiLanser\/","article_modified_time":"2021-03-10T13:25:39+00:00","og_image":[{"width":1920,"height":1280,"url":"https:\/\/tischlerei-lanser.at\/wp-content\/uploads\/160615_martinlugger__MG_9751.jpg","type":"image\/jpeg"}],"twitter_card":"summary_large_image","schema":{"@context":"https:\/\/schema.org","@graph":[{"@type":"WebPage","@id":"https:\/\/tischlerei-lanser.at\/en\/projekte\/kueche\/kueche-k\/","url":"https:\/\/tischlerei-lanser.at\/en\/projekte\/kueche\/kueche-k\/","name":"K\u00fcche Altholz in Osttirol &#8211; Tischlerei Lanser Projekt K\u00fcche Altholz","isPartOf":{"@id":"https:\/\/tischlerei-lanser.at\/en\/#website"},"datePublished":"2020-05-20T15:28:40+00:00","dateModified":"2021-03-10T13:25:39+00:00","description":"Die K\u00fcche wurde ganz im alpinen Stil gestaltet. Originale Altholzelemente wurden mit klassischen, ruhigen Fronten und schlichten Griffen kombiniert. Ein pers\u00f6nliches Detail der K\u00fcche ist die Fotor\u00fcckwand, die auf Wunsch des Kunden gestaltet wurde. Mit hochwertigen Miele Ger\u00e4ten und perfekt geplanten Abl\u00e4ufen macht die kreative Arbeit in der K\u00fcche noch mehr Spa\u00df.","breadcrumb":{"@id":"https:\/\/tischlerei-lanser.at\/en\/projekte\/kueche\/kueche-k\/#breadcrumb"},"inLanguage":"en-US","potentialAction":[{"@type":"ReadAction","target":[["https:\/\/tischlerei-lanser.at\/en\/projekte\/kueche\/kueche-k\/"]]}]},{"@type":"BreadcrumbList","@id":"https:\/\/tischlerei-lanser.at\/en\/projekte\/kueche\/kueche-k\/#breadcrumb","itemListElement":[{"@type":"ListItem","position":1,"name":"Startseite","item":"https:\/\/tischlerei-lanser.at\/en\/"},{"@type":"ListItem","position":2,"name":"Projekte","item":"https:\/\/tischlerei-lanser.at\/en\/projekte\/"},{"@type":"ListItem","position":3,"name":"K\u00fcche","item":"https:\/\/tischlerei-lanser.at\/en\/projekte\/kueche\/"},{"@type":"ListItem","position":4,"name":"K\u00fcche Altholz in Osttirol"}]},{"@type":"WebSite","@id":"https:\/\/tischlerei-lanser.at\/en\/#website","url":"https:\/\/tischlerei-lanser.at\/en\/","name":"Tischlerei Lanser","description":"Wo Natur erhalten wird.","publisher":{"@id":"https:\/\/tischlerei-lanser.at\/en\/#organization"},"potentialAction":[{"@type":"SearchAction","target":{"@type":"EntryPoint","urlTemplate":"https:\/\/tischlerei-lanser.at\/en\/?s={search_term_string}"},"query-input":"required name=search_term_string"}],"inLanguage":"en-US"},{"@type":"Organization","@id":"https:\/\/tischlerei-lanser.at\/en\/#organization","name":"Tischlerei Lanser","url":"https:\/\/tischlerei-lanser.at\/en\/","logo":{"@type":"ImageObject","inLanguage":"en-US","@id":"https:\/\/tischlerei-lanser.at\/en\/#\/schema\/logo\/image\/","url":"https:\/\/tischlerei-lanser.at\/wp-content\/uploads\/Lanser_Logo_Jahreszahl.jpg","contentUrl":"https:\/\/tischlerei-lanser.at\/wp-content\/uploads\/Lanser_Logo_Jahreszahl.jpg","width":1920,"height":1015,"caption":"Tischlerei Lanser"},"image":{"@id":"https:\/\/tischlerei-lanser.at\/en\/#\/schema\/logo\/image\/"},"sameAs":["https:\/\/www.facebook.com\/TischlereiLanser\/","https:\/\/www.instagram.com\/tischlerei_lanser\/","https:\/\/www.linkedin.com\/company\/10006620"]}]}},"_links":{"self":[{"href":"https:\/\/tischlerei-lanser.at\/en\/wp-json\/wp\/v2\/pages\/675"}],"collection":[{"href":"https:\/\/tischlerei-lanser.at\/en\/wp-json\/wp\/v2\/pages"}],"about":[{"href":"https:\/\/tischlerei-lanser.at\/en\/wp-json\/wp\/v2\/types\/page"}],"author":[{"embeddable":true,"href":"https:\/\/tischlerei-lanser.at\/en\/wp-json\/wp\/v2\/users\/2"}],"replies":[{"embeddable":true,"href":"https:\/\/tischlerei-lanser.at\/en\/wp-json\/wp\/v2\/comments?post=675"}],"version-history":[{"count":15,"href":"https:\/\/tischlerei-lanser.at\/en\/wp-json\/wp\/v2\/pages\/675\/revisions"}],"predecessor-version":[{"id":2822,"href":"https:\/\/tischlerei-lanser.at\/en\/wp-json\/wp\/v2\/pages\/675\/revisions\/2822"}],"up":[{"embeddable":true,"href":"https:\/\/tischlerei-lanser.at\/en\/wp-json\/wp\/v2\/pages\/57"}],"wp:featuredmedia":[{"embeddable":true,"href":"https:\/\/tischlerei-lanser.at\/en\/wp-json\/wp\/v2\/media\/678"}],"wp:attachment":[{"href":"https:\/\/tischlerei-lanser.at\/en\/wp-json\/wp\/v2\/media?parent=675"}],"curies":[{"name":"wp","href":"https:\/\/api.w.org\/{rel}","templated":true}]}}