{"id":656,"date":"2020-05-20T16:57:02","date_gmt":"2020-05-20T14:57:02","guid":{"rendered":"https:\/\/tischlerei-lanser.at\/?page_id=656"},"modified":"2021-05-19T16:09:52","modified_gmt":"2021-05-19T14:09:52","slug":"gewoelbekueche","status":"publish","type":"page","link":"https:\/\/tischlerei-lanser.at\/en\/projekte\/kueche\/gewoelbekueche\/","title":{"rendered":"Gew\u00f6lbek\u00fcche"},"content":{"rendered":"","protected":false},"excerpt":{"rendered":"","protected":false},"author":2,"featured_media":663,"parent":57,"menu_order":26,"comment_status":"closed","ping_status":"closed","template":"page-templates\/projekt.php","meta":{"_acf_changed":false,"inline_featured_image":false,"footnotes":""},"acf":[],"yoast_head":"<!-- This site is optimized with the Yoast SEO plugin v22.1 - https:\/\/yoast.com\/wordpress\/plugins\/seo\/ -->\n<title>Gew\u00f6lbek\u00fcche &#8211; Tischlerei Lanser Projekt Gew\u00f6lbek\u00fcche Lienz<\/title>\n<meta name=\"description\" content=\"Ihren Namen verdankt sie der Gew\u00f6lbedecke in unserem Showroom Lienz. Die Gew\u00f6lbek\u00fcche findet sich somit in einem der \u00e4ltesten Stadth\u00e4user in Lienz wieder - unserem Showroom. Die historischen Gem\u00e4uer stellen f\u00fcr uns keineswegs ein Manko dar, eher eine sch\u00f6ne Charakteristik, ein Raum mit Geschichte. Der Umgang mit historischen Bauten ist eines unser Spezialgebiete dem sich unsere Planer und Tischler immer wieder gerne annehmen.\" \/>\n<meta name=\"robots\" content=\"index, follow, max-snippet:-1, max-image-preview:large, max-video-preview:-1\" \/>\n<link rel=\"canonical\" href=\"https:\/\/tischlerei-lanser.at\/en\/projekte\/kueche\/gewoelbekueche\/\" \/>\n<meta property=\"og:locale\" content=\"en_US\" \/>\n<meta property=\"og:type\" content=\"article\" \/>\n<meta property=\"og:title\" content=\"Gew\u00f6lbek\u00fcche &#8211; Tischlerei Lanser Projekt Gew\u00f6lbek\u00fcche Lienz\" \/>\n<meta property=\"og:description\" content=\"Ihren Namen verdankt sie der Gew\u00f6lbedecke in unserem Showroom Lienz. Die Gew\u00f6lbek\u00fcche findet sich somit in einem der \u00e4ltesten Stadth\u00e4user in Lienz wieder - unserem Showroom. Die historischen Gem\u00e4uer stellen f\u00fcr uns keineswegs ein Manko dar, eher eine sch\u00f6ne Charakteristik, ein Raum mit Geschichte. Der Umgang mit historischen Bauten ist eines unser Spezialgebiete dem sich unsere Planer und Tischler immer wieder gerne annehmen.\" \/>\n<meta property=\"og:url\" content=\"https:\/\/tischlerei-lanser.at\/en\/projekte\/kueche\/gewoelbekueche\/\" \/>\n<meta property=\"og:site_name\" content=\"Tischlerei Lanser\" \/>\n<meta property=\"article:publisher\" content=\"https:\/\/www.facebook.com\/TischlereiLanser\/\" \/>\n<meta property=\"article:modified_time\" content=\"2021-05-19T14:09:52+00:00\" \/>\n<meta property=\"og:image\" content=\"https:\/\/tischlerei-lanser.at\/wp-content\/uploads\/160921_martinlugger_lanser__MG_9694.jpg\" \/>\n\t<meta property=\"og:image:width\" content=\"1920\" \/>\n\t<meta property=\"og:image:height\" content=\"1280\" \/>\n\t<meta property=\"og:image:type\" content=\"image\/jpeg\" \/>\n<meta name=\"twitter:card\" content=\"summary_large_image\" \/>\n<script type=\"application\/ld+json\" class=\"yoast-schema-graph\">{\"@context\":\"https:\/\/schema.org\",\"@graph\":[{\"@type\":\"WebPage\",\"@id\":\"https:\/\/tischlerei-lanser.at\/en\/projekte\/kueche\/gewoelbekueche\/\",\"url\":\"https:\/\/tischlerei-lanser.at\/en\/projekte\/kueche\/gewoelbekueche\/\",\"name\":\"Gew\u00f6lbek\u00fcche &#8211; Tischlerei Lanser Projekt Gew\u00f6lbek\u00fcche Lienz\",\"isPartOf\":{\"@id\":\"https:\/\/tischlerei-lanser.at\/en\/#website\"},\"datePublished\":\"2020-05-20T14:57:02+00:00\",\"dateModified\":\"2021-05-19T14:09:52+00:00\",\"description\":\"Ihren Namen verdankt sie der Gew\u00f6lbedecke in unserem Showroom Lienz. Die Gew\u00f6lbek\u00fcche findet sich somit in einem der \u00e4ltesten Stadth\u00e4user in Lienz wieder - unserem Showroom. Die historischen Gem\u00e4uer stellen f\u00fcr uns keineswegs ein Manko dar, eher eine sch\u00f6ne Charakteristik, ein Raum mit Geschichte. Der Umgang mit historischen Bauten ist eines unser Spezialgebiete dem sich unsere Planer und Tischler immer wieder gerne annehmen.\",\"breadcrumb\":{\"@id\":\"https:\/\/tischlerei-lanser.at\/en\/projekte\/kueche\/gewoelbekueche\/#breadcrumb\"},\"inLanguage\":\"en-US\",\"potentialAction\":[{\"@type\":\"ReadAction\",\"target\":[[\"https:\/\/tischlerei-lanser.at\/en\/projekte\/kueche\/gewoelbekueche\/\"]]}]},{\"@type\":\"BreadcrumbList\",\"@id\":\"https:\/\/tischlerei-lanser.at\/en\/projekte\/kueche\/gewoelbekueche\/#breadcrumb\",\"itemListElement\":[{\"@type\":\"ListItem\",\"position\":1,\"name\":\"Startseite\",\"item\":\"https:\/\/tischlerei-lanser.at\/en\/\"},{\"@type\":\"ListItem\",\"position\":2,\"name\":\"Projekte\",\"item\":\"https:\/\/tischlerei-lanser.at\/en\/projekte\/\"},{\"@type\":\"ListItem\",\"position\":3,\"name\":\"K\u00fcche\",\"item\":\"https:\/\/tischlerei-lanser.at\/en\/projekte\/kueche\/\"},{\"@type\":\"ListItem\",\"position\":4,\"name\":\"Gew\u00f6lbek\u00fcche\"}]},{\"@type\":\"WebSite\",\"@id\":\"https:\/\/tischlerei-lanser.at\/en\/#website\",\"url\":\"https:\/\/tischlerei-lanser.at\/en\/\",\"name\":\"Tischlerei Lanser\",\"description\":\"Wo Natur erhalten wird.\",\"publisher\":{\"@id\":\"https:\/\/tischlerei-lanser.at\/en\/#organization\"},\"potentialAction\":[{\"@type\":\"SearchAction\",\"target\":{\"@type\":\"EntryPoint\",\"urlTemplate\":\"https:\/\/tischlerei-lanser.at\/en\/?s={search_term_string}\"},\"query-input\":\"required name=search_term_string\"}],\"inLanguage\":\"en-US\"},{\"@type\":\"Organization\",\"@id\":\"https:\/\/tischlerei-lanser.at\/en\/#organization\",\"name\":\"Tischlerei Lanser\",\"url\":\"https:\/\/tischlerei-lanser.at\/en\/\",\"logo\":{\"@type\":\"ImageObject\",\"inLanguage\":\"en-US\",\"@id\":\"https:\/\/tischlerei-lanser.at\/en\/#\/schema\/logo\/image\/\",\"url\":\"https:\/\/tischlerei-lanser.at\/wp-content\/uploads\/Lanser_Logo_Jahreszahl.jpg\",\"contentUrl\":\"https:\/\/tischlerei-lanser.at\/wp-content\/uploads\/Lanser_Logo_Jahreszahl.jpg\",\"width\":1920,\"height\":1015,\"caption\":\"Tischlerei Lanser\"},\"image\":{\"@id\":\"https:\/\/tischlerei-lanser.at\/en\/#\/schema\/logo\/image\/\"},\"sameAs\":[\"https:\/\/www.facebook.com\/TischlereiLanser\/\",\"https:\/\/www.instagram.com\/tischlerei_lanser\/\",\"https:\/\/www.linkedin.com\/company\/10006620\"]}]}<\/script>\n<!-- \/ Yoast SEO plugin. -->","yoast_head_json":{"title":"Gew\u00f6lbek\u00fcche &#8211; Tischlerei Lanser Projekt Gew\u00f6lbek\u00fcche Lienz","description":"Ihren Namen verdankt sie der Gew\u00f6lbedecke in unserem Showroom Lienz. Die Gew\u00f6lbek\u00fcche findet sich somit in einem der \u00e4ltesten Stadth\u00e4user in Lienz wieder - unserem Showroom. Die historischen Gem\u00e4uer stellen f\u00fcr uns keineswegs ein Manko dar, eher eine sch\u00f6ne Charakteristik, ein Raum mit Geschichte. Der Umgang mit historischen Bauten ist eines unser Spezialgebiete dem sich unsere Planer und Tischler immer wieder gerne annehmen.","robots":{"index":"index","follow":"follow","max-snippet":"max-snippet:-1","max-image-preview":"max-image-preview:large","max-video-preview":"max-video-preview:-1"},"canonical":"https:\/\/tischlerei-lanser.at\/en\/projekte\/kueche\/gewoelbekueche\/","og_locale":"en_US","og_type":"article","og_title":"Gew\u00f6lbek\u00fcche &#8211; Tischlerei Lanser Projekt Gew\u00f6lbek\u00fcche Lienz","og_description":"Ihren Namen verdankt sie der Gew\u00f6lbedecke in unserem Showroom Lienz. Die Gew\u00f6lbek\u00fcche findet sich somit in einem der \u00e4ltesten Stadth\u00e4user in Lienz wieder - unserem Showroom. Die historischen Gem\u00e4uer stellen f\u00fcr uns keineswegs ein Manko dar, eher eine sch\u00f6ne Charakteristik, ein Raum mit Geschichte. Der Umgang mit historischen Bauten ist eines unser Spezialgebiete dem sich unsere Planer und Tischler immer wieder gerne annehmen.","og_url":"https:\/\/tischlerei-lanser.at\/en\/projekte\/kueche\/gewoelbekueche\/","og_site_name":"Tischlerei Lanser","article_publisher":"https:\/\/www.facebook.com\/TischlereiLanser\/","article_modified_time":"2021-05-19T14:09:52+00:00","og_image":[{"width":1920,"height":1280,"url":"https:\/\/tischlerei-lanser.at\/wp-content\/uploads\/160921_martinlugger_lanser__MG_9694.jpg","type":"image\/jpeg"}],"twitter_card":"summary_large_image","schema":{"@context":"https:\/\/schema.org","@graph":[{"@type":"WebPage","@id":"https:\/\/tischlerei-lanser.at\/en\/projekte\/kueche\/gewoelbekueche\/","url":"https:\/\/tischlerei-lanser.at\/en\/projekte\/kueche\/gewoelbekueche\/","name":"Gew\u00f6lbek\u00fcche &#8211; Tischlerei Lanser Projekt Gew\u00f6lbek\u00fcche Lienz","isPartOf":{"@id":"https:\/\/tischlerei-lanser.at\/en\/#website"},"datePublished":"2020-05-20T14:57:02+00:00","dateModified":"2021-05-19T14:09:52+00:00","description":"Ihren Namen verdankt sie der Gew\u00f6lbedecke in unserem Showroom Lienz. Die Gew\u00f6lbek\u00fcche findet sich somit in einem der \u00e4ltesten Stadth\u00e4user in Lienz wieder - unserem Showroom. Die historischen Gem\u00e4uer stellen f\u00fcr uns keineswegs ein Manko dar, eher eine sch\u00f6ne Charakteristik, ein Raum mit Geschichte. Der Umgang mit historischen Bauten ist eines unser Spezialgebiete dem sich unsere Planer und Tischler immer wieder gerne annehmen.","breadcrumb":{"@id":"https:\/\/tischlerei-lanser.at\/en\/projekte\/kueche\/gewoelbekueche\/#breadcrumb"},"inLanguage":"en-US","potentialAction":[{"@type":"ReadAction","target":[["https:\/\/tischlerei-lanser.at\/en\/projekte\/kueche\/gewoelbekueche\/"]]}]},{"@type":"BreadcrumbList","@id":"https:\/\/tischlerei-lanser.at\/en\/projekte\/kueche\/gewoelbekueche\/#breadcrumb","itemListElement":[{"@type":"ListItem","position":1,"name":"Startseite","item":"https:\/\/tischlerei-lanser.at\/en\/"},{"@type":"ListItem","position":2,"name":"Projekte","item":"https:\/\/tischlerei-lanser.at\/en\/projekte\/"},{"@type":"ListItem","position":3,"name":"K\u00fcche","item":"https:\/\/tischlerei-lanser.at\/en\/projekte\/kueche\/"},{"@type":"ListItem","position":4,"name":"Gew\u00f6lbek\u00fcche"}]},{"@type":"WebSite","@id":"https:\/\/tischlerei-lanser.at\/en\/#website","url":"https:\/\/tischlerei-lanser.at\/en\/","name":"Tischlerei Lanser","description":"Wo Natur erhalten wird.","publisher":{"@id":"https:\/\/tischlerei-lanser.at\/en\/#organization"},"potentialAction":[{"@type":"SearchAction","target":{"@type":"EntryPoint","urlTemplate":"https:\/\/tischlerei-lanser.at\/en\/?s={search_term_string}"},"query-input":"required name=search_term_string"}],"inLanguage":"en-US"},{"@type":"Organization","@id":"https:\/\/tischlerei-lanser.at\/en\/#organization","name":"Tischlerei Lanser","url":"https:\/\/tischlerei-lanser.at\/en\/","logo":{"@type":"ImageObject","inLanguage":"en-US","@id":"https:\/\/tischlerei-lanser.at\/en\/#\/schema\/logo\/image\/","url":"https:\/\/tischlerei-lanser.at\/wp-content\/uploads\/Lanser_Logo_Jahreszahl.jpg","contentUrl":"https:\/\/tischlerei-lanser.at\/wp-content\/uploads\/Lanser_Logo_Jahreszahl.jpg","width":1920,"height":1015,"caption":"Tischlerei Lanser"},"image":{"@id":"https:\/\/tischlerei-lanser.at\/en\/#\/schema\/logo\/image\/"},"sameAs":["https:\/\/www.facebook.com\/TischlereiLanser\/","https:\/\/www.instagram.com\/tischlerei_lanser\/","https:\/\/www.linkedin.com\/company\/10006620"]}]}},"_links":{"self":[{"href":"https:\/\/tischlerei-lanser.at\/en\/wp-json\/wp\/v2\/pages\/656"}],"collection":[{"href":"https:\/\/tischlerei-lanser.at\/en\/wp-json\/wp\/v2\/pages"}],"about":[{"href":"https:\/\/tischlerei-lanser.at\/en\/wp-json\/wp\/v2\/types\/page"}],"author":[{"embeddable":true,"href":"https:\/\/tischlerei-lanser.at\/en\/wp-json\/wp\/v2\/users\/2"}],"replies":[{"embeddable":true,"href":"https:\/\/tischlerei-lanser.at\/en\/wp-json\/wp\/v2\/comments?post=656"}],"version-history":[{"count":16,"href":"https:\/\/tischlerei-lanser.at\/en\/wp-json\/wp\/v2\/pages\/656\/revisions"}],"predecessor-version":[{"id":3094,"href":"https:\/\/tischlerei-lanser.at\/en\/wp-json\/wp\/v2\/pages\/656\/revisions\/3094"}],"up":[{"embeddable":true,"href":"https:\/\/tischlerei-lanser.at\/en\/wp-json\/wp\/v2\/pages\/57"}],"wp:featuredmedia":[{"embeddable":true,"href":"https:\/\/tischlerei-lanser.at\/en\/wp-json\/wp\/v2\/media\/663"}],"wp:attachment":[{"href":"https:\/\/tischlerei-lanser.at\/en\/wp-json\/wp\/v2\/media?parent=656"}],"curies":[{"name":"wp","href":"https:\/\/api.w.org\/{rel}","templated":true}]}}