{"id":643,"date":"2020-05-20T16:42:30","date_gmt":"2020-05-20T14:42:30","guid":{"rendered":"https:\/\/tischlerei-lanser.at\/?page_id=643"},"modified":"2020-06-29T11:40:30","modified_gmt":"2020-06-29T09:40:30","slug":"stubenkueche","status":"publish","type":"page","link":"https:\/\/tischlerei-lanser.at\/en\/projekte\/kueche\/stubenkueche\/","title":{"rendered":"Stubenk\u00fcche"},"content":{"rendered":"","protected":false},"excerpt":{"rendered":"","protected":false},"author":2,"featured_media":646,"parent":57,"menu_order":28,"comment_status":"closed","ping_status":"closed","template":"page-templates\/projekt.php","meta":{"_acf_changed":false,"inline_featured_image":false,"footnotes":""},"acf":[],"yoast_head":"<!-- This site is optimized with the Yoast SEO plugin v22.1 - https:\/\/yoast.com\/wordpress\/plugins\/seo\/ -->\n<title>Stubenk\u00fcche &#8211; Tischlerei Lanser Projekt Stubenk\u00fcche Arnbach<\/title>\n<meta name=\"description\" content=\"Unsere K\u00fcche mit Fronten aus altem, originalem Stubengetafel wird bei uns liebevoll die &quot;Stubenk\u00fcche&quot; genannt. Aufw\u00e4ndig restauriertes Stubengetafel werden zu wundersch\u00f6nen Fronten verarbeitet und verleihen jeder K\u00fcche ein warmes, alpines Gef\u00fchl. Durch zarte, zur\u00fcckhaltende Griffe wird die Wirkung des edlen Holzes verst\u00e4rkt.\" \/>\n<meta name=\"robots\" content=\"index, follow, max-snippet:-1, max-image-preview:large, max-video-preview:-1\" \/>\n<link rel=\"canonical\" href=\"https:\/\/tischlerei-lanser.at\/en\/projekte\/kueche\/stubenkueche\/\" \/>\n<meta property=\"og:locale\" content=\"en_US\" \/>\n<meta property=\"og:type\" content=\"article\" \/>\n<meta property=\"og:title\" content=\"Stubenk\u00fcche &#8211; Tischlerei Lanser Projekt Stubenk\u00fcche Arnbach\" \/>\n<meta property=\"og:description\" content=\"Unsere K\u00fcche mit Fronten aus altem, originalem Stubengetafel wird bei uns liebevoll die &quot;Stubenk\u00fcche&quot; genannt. Aufw\u00e4ndig restauriertes Stubengetafel werden zu wundersch\u00f6nen Fronten verarbeitet und verleihen jeder K\u00fcche ein warmes, alpines Gef\u00fchl. Durch zarte, zur\u00fcckhaltende Griffe wird die Wirkung des edlen Holzes verst\u00e4rkt.\" \/>\n<meta property=\"og:url\" content=\"https:\/\/tischlerei-lanser.at\/en\/projekte\/kueche\/stubenkueche\/\" \/>\n<meta property=\"og:site_name\" content=\"Tischlerei Lanser\" \/>\n<meta property=\"article:publisher\" content=\"https:\/\/www.facebook.com\/TischlereiLanser\/\" \/>\n<meta property=\"article:modified_time\" content=\"2020-06-29T09:40:30+00:00\" \/>\n<meta property=\"og:image\" content=\"https:\/\/tischlerei-lanser.at\/wp-content\/uploads\/160913_martinlugger_lanser__MG_9275.jpg\" \/>\n\t<meta property=\"og:image:width\" content=\"1920\" \/>\n\t<meta property=\"og:image:height\" content=\"1280\" \/>\n\t<meta property=\"og:image:type\" content=\"image\/jpeg\" \/>\n<meta name=\"twitter:card\" content=\"summary_large_image\" \/>\n<script type=\"application\/ld+json\" class=\"yoast-schema-graph\">{\"@context\":\"https:\/\/schema.org\",\"@graph\":[{\"@type\":\"WebPage\",\"@id\":\"https:\/\/tischlerei-lanser.at\/en\/projekte\/kueche\/stubenkueche\/\",\"url\":\"https:\/\/tischlerei-lanser.at\/en\/projekte\/kueche\/stubenkueche\/\",\"name\":\"Stubenk\u00fcche &#8211; Tischlerei Lanser Projekt Stubenk\u00fcche Arnbach\",\"isPartOf\":{\"@id\":\"https:\/\/tischlerei-lanser.at\/en\/#website\"},\"datePublished\":\"2020-05-20T14:42:30+00:00\",\"dateModified\":\"2020-06-29T09:40:30+00:00\",\"description\":\"Unsere K\u00fcche mit Fronten aus altem, originalem Stubengetafel wird bei uns liebevoll die \\\"Stubenk\u00fcche\\\" genannt. Aufw\u00e4ndig restauriertes Stubengetafel werden zu wundersch\u00f6nen Fronten verarbeitet und verleihen jeder K\u00fcche ein warmes, alpines Gef\u00fchl. Durch zarte, zur\u00fcckhaltende Griffe wird die Wirkung des edlen Holzes verst\u00e4rkt.\",\"breadcrumb\":{\"@id\":\"https:\/\/tischlerei-lanser.at\/en\/projekte\/kueche\/stubenkueche\/#breadcrumb\"},\"inLanguage\":\"en-US\",\"potentialAction\":[{\"@type\":\"ReadAction\",\"target\":[[\"https:\/\/tischlerei-lanser.at\/en\/projekte\/kueche\/stubenkueche\/\"]]}]},{\"@type\":\"BreadcrumbList\",\"@id\":\"https:\/\/tischlerei-lanser.at\/en\/projekte\/kueche\/stubenkueche\/#breadcrumb\",\"itemListElement\":[{\"@type\":\"ListItem\",\"position\":1,\"name\":\"Startseite\",\"item\":\"https:\/\/tischlerei-lanser.at\/en\/\"},{\"@type\":\"ListItem\",\"position\":2,\"name\":\"Projekte\",\"item\":\"https:\/\/tischlerei-lanser.at\/en\/projekte\/\"},{\"@type\":\"ListItem\",\"position\":3,\"name\":\"K\u00fcche\",\"item\":\"https:\/\/tischlerei-lanser.at\/en\/projekte\/kueche\/\"},{\"@type\":\"ListItem\",\"position\":4,\"name\":\"Stubenk\u00fcche\"}]},{\"@type\":\"WebSite\",\"@id\":\"https:\/\/tischlerei-lanser.at\/en\/#website\",\"url\":\"https:\/\/tischlerei-lanser.at\/en\/\",\"name\":\"Tischlerei Lanser\",\"description\":\"Wo Natur erhalten wird.\",\"publisher\":{\"@id\":\"https:\/\/tischlerei-lanser.at\/en\/#organization\"},\"potentialAction\":[{\"@type\":\"SearchAction\",\"target\":{\"@type\":\"EntryPoint\",\"urlTemplate\":\"https:\/\/tischlerei-lanser.at\/en\/?s={search_term_string}\"},\"query-input\":\"required name=search_term_string\"}],\"inLanguage\":\"en-US\"},{\"@type\":\"Organization\",\"@id\":\"https:\/\/tischlerei-lanser.at\/en\/#organization\",\"name\":\"Tischlerei Lanser\",\"url\":\"https:\/\/tischlerei-lanser.at\/en\/\",\"logo\":{\"@type\":\"ImageObject\",\"inLanguage\":\"en-US\",\"@id\":\"https:\/\/tischlerei-lanser.at\/en\/#\/schema\/logo\/image\/\",\"url\":\"https:\/\/tischlerei-lanser.at\/wp-content\/uploads\/Lanser_Logo_Jahreszahl.jpg\",\"contentUrl\":\"https:\/\/tischlerei-lanser.at\/wp-content\/uploads\/Lanser_Logo_Jahreszahl.jpg\",\"width\":1920,\"height\":1015,\"caption\":\"Tischlerei Lanser\"},\"image\":{\"@id\":\"https:\/\/tischlerei-lanser.at\/en\/#\/schema\/logo\/image\/\"},\"sameAs\":[\"https:\/\/www.facebook.com\/TischlereiLanser\/\",\"https:\/\/www.instagram.com\/tischlerei_lanser\/\",\"https:\/\/www.linkedin.com\/company\/10006620\"]}]}<\/script>\n<!-- \/ Yoast SEO plugin. -->","yoast_head_json":{"title":"Stubenk\u00fcche &#8211; Tischlerei Lanser Projekt Stubenk\u00fcche Arnbach","description":"Unsere K\u00fcche mit Fronten aus altem, originalem Stubengetafel wird bei uns liebevoll die \"Stubenk\u00fcche\" genannt. Aufw\u00e4ndig restauriertes Stubengetafel werden zu wundersch\u00f6nen Fronten verarbeitet und verleihen jeder K\u00fcche ein warmes, alpines Gef\u00fchl. Durch zarte, zur\u00fcckhaltende Griffe wird die Wirkung des edlen Holzes verst\u00e4rkt.","robots":{"index":"index","follow":"follow","max-snippet":"max-snippet:-1","max-image-preview":"max-image-preview:large","max-video-preview":"max-video-preview:-1"},"canonical":"https:\/\/tischlerei-lanser.at\/en\/projekte\/kueche\/stubenkueche\/","og_locale":"en_US","og_type":"article","og_title":"Stubenk\u00fcche &#8211; Tischlerei Lanser Projekt Stubenk\u00fcche Arnbach","og_description":"Unsere K\u00fcche mit Fronten aus altem, originalem Stubengetafel wird bei uns liebevoll die \"Stubenk\u00fcche\" genannt. Aufw\u00e4ndig restauriertes Stubengetafel werden zu wundersch\u00f6nen Fronten verarbeitet und verleihen jeder K\u00fcche ein warmes, alpines Gef\u00fchl. Durch zarte, zur\u00fcckhaltende Griffe wird die Wirkung des edlen Holzes verst\u00e4rkt.","og_url":"https:\/\/tischlerei-lanser.at\/en\/projekte\/kueche\/stubenkueche\/","og_site_name":"Tischlerei Lanser","article_publisher":"https:\/\/www.facebook.com\/TischlereiLanser\/","article_modified_time":"2020-06-29T09:40:30+00:00","og_image":[{"width":1920,"height":1280,"url":"https:\/\/tischlerei-lanser.at\/wp-content\/uploads\/160913_martinlugger_lanser__MG_9275.jpg","type":"image\/jpeg"}],"twitter_card":"summary_large_image","schema":{"@context":"https:\/\/schema.org","@graph":[{"@type":"WebPage","@id":"https:\/\/tischlerei-lanser.at\/en\/projekte\/kueche\/stubenkueche\/","url":"https:\/\/tischlerei-lanser.at\/en\/projekte\/kueche\/stubenkueche\/","name":"Stubenk\u00fcche &#8211; Tischlerei Lanser Projekt Stubenk\u00fcche Arnbach","isPartOf":{"@id":"https:\/\/tischlerei-lanser.at\/en\/#website"},"datePublished":"2020-05-20T14:42:30+00:00","dateModified":"2020-06-29T09:40:30+00:00","description":"Unsere K\u00fcche mit Fronten aus altem, originalem Stubengetafel wird bei uns liebevoll die \"Stubenk\u00fcche\" genannt. Aufw\u00e4ndig restauriertes Stubengetafel werden zu wundersch\u00f6nen Fronten verarbeitet und verleihen jeder K\u00fcche ein warmes, alpines Gef\u00fchl. Durch zarte, zur\u00fcckhaltende Griffe wird die Wirkung des edlen Holzes verst\u00e4rkt.","breadcrumb":{"@id":"https:\/\/tischlerei-lanser.at\/en\/projekte\/kueche\/stubenkueche\/#breadcrumb"},"inLanguage":"en-US","potentialAction":[{"@type":"ReadAction","target":[["https:\/\/tischlerei-lanser.at\/en\/projekte\/kueche\/stubenkueche\/"]]}]},{"@type":"BreadcrumbList","@id":"https:\/\/tischlerei-lanser.at\/en\/projekte\/kueche\/stubenkueche\/#breadcrumb","itemListElement":[{"@type":"ListItem","position":1,"name":"Startseite","item":"https:\/\/tischlerei-lanser.at\/en\/"},{"@type":"ListItem","position":2,"name":"Projekte","item":"https:\/\/tischlerei-lanser.at\/en\/projekte\/"},{"@type":"ListItem","position":3,"name":"K\u00fcche","item":"https:\/\/tischlerei-lanser.at\/en\/projekte\/kueche\/"},{"@type":"ListItem","position":4,"name":"Stubenk\u00fcche"}]},{"@type":"WebSite","@id":"https:\/\/tischlerei-lanser.at\/en\/#website","url":"https:\/\/tischlerei-lanser.at\/en\/","name":"Tischlerei Lanser","description":"Wo Natur erhalten wird.","publisher":{"@id":"https:\/\/tischlerei-lanser.at\/en\/#organization"},"potentialAction":[{"@type":"SearchAction","target":{"@type":"EntryPoint","urlTemplate":"https:\/\/tischlerei-lanser.at\/en\/?s={search_term_string}"},"query-input":"required name=search_term_string"}],"inLanguage":"en-US"},{"@type":"Organization","@id":"https:\/\/tischlerei-lanser.at\/en\/#organization","name":"Tischlerei Lanser","url":"https:\/\/tischlerei-lanser.at\/en\/","logo":{"@type":"ImageObject","inLanguage":"en-US","@id":"https:\/\/tischlerei-lanser.at\/en\/#\/schema\/logo\/image\/","url":"https:\/\/tischlerei-lanser.at\/wp-content\/uploads\/Lanser_Logo_Jahreszahl.jpg","contentUrl":"https:\/\/tischlerei-lanser.at\/wp-content\/uploads\/Lanser_Logo_Jahreszahl.jpg","width":1920,"height":1015,"caption":"Tischlerei Lanser"},"image":{"@id":"https:\/\/tischlerei-lanser.at\/en\/#\/schema\/logo\/image\/"},"sameAs":["https:\/\/www.facebook.com\/TischlereiLanser\/","https:\/\/www.instagram.com\/tischlerei_lanser\/","https:\/\/www.linkedin.com\/company\/10006620"]}]}},"_links":{"self":[{"href":"https:\/\/tischlerei-lanser.at\/en\/wp-json\/wp\/v2\/pages\/643"}],"collection":[{"href":"https:\/\/tischlerei-lanser.at\/en\/wp-json\/wp\/v2\/pages"}],"about":[{"href":"https:\/\/tischlerei-lanser.at\/en\/wp-json\/wp\/v2\/types\/page"}],"author":[{"embeddable":true,"href":"https:\/\/tischlerei-lanser.at\/en\/wp-json\/wp\/v2\/users\/2"}],"replies":[{"embeddable":true,"href":"https:\/\/tischlerei-lanser.at\/en\/wp-json\/wp\/v2\/comments?post=643"}],"version-history":[{"count":10,"href":"https:\/\/tischlerei-lanser.at\/en\/wp-json\/wp\/v2\/pages\/643\/revisions"}],"predecessor-version":[{"id":1728,"href":"https:\/\/tischlerei-lanser.at\/en\/wp-json\/wp\/v2\/pages\/643\/revisions\/1728"}],"up":[{"embeddable":true,"href":"https:\/\/tischlerei-lanser.at\/en\/wp-json\/wp\/v2\/pages\/57"}],"wp:featuredmedia":[{"embeddable":true,"href":"https:\/\/tischlerei-lanser.at\/en\/wp-json\/wp\/v2\/media\/646"}],"wp:attachment":[{"href":"https:\/\/tischlerei-lanser.at\/en\/wp-json\/wp\/v2\/media?parent=643"}],"curies":[{"name":"wp","href":"https:\/\/api.w.org\/{rel}","templated":true}]}}