{"id":577,"date":"2020-05-15T16:28:25","date_gmt":"2020-05-15T14:28:25","guid":{"rendered":"https:\/\/tischlerei-lanser.at\/?page_id=577"},"modified":"2021-05-19T15:57:57","modified_gmt":"2021-05-19T13:57:57","slug":"kueche-sexten","status":"publish","type":"page","link":"https:\/\/tischlerei-lanser.at\/en\/projekte\/kueche\/kueche-sexten\/","title":{"rendered":"K\u00fcche in S\u00fcdtirol"},"content":{"rendered":"","protected":false},"excerpt":{"rendered":"","protected":false},"author":2,"featured_media":633,"parent":57,"menu_order":25,"comment_status":"closed","ping_status":"closed","template":"page-templates\/projekt.php","meta":{"_acf_changed":false,"inline_featured_image":false,"footnotes":""},"acf":[],"yoast_head":"<!-- This site is optimized with the Yoast SEO plugin v22.1 - https:\/\/yoast.com\/wordpress\/plugins\/seo\/ -->\n<title>K\u00fcche in S\u00fcdtirol &#8211; Tischlerei Lanser Projekt K\u00fcche S\u00fcdtirol<\/title>\n<meta name=\"description\" content=\"Eine K\u00fcche im Herzen von S\u00fcdtirol, welche den alpinen Wohnstil mit modernem Chalet Charakter verbindet. Die Materialkombination der K\u00fcche mit einer schlichten, zeitlosen Front, welche mit Massivholz Elementen abgerundet wird integriert die K\u00fcche in das gesamte Wohnkonzept. Ergebnis ist ein Raum, in dem die Familie und G\u00e4ste verweilen und gemeinsam gekocht, geschlemmt, gesprochen, gelebt wird. Das notwendige Werkzeug in Form von hochwertigen Premium Ger\u00e4ten unterst\u00fctzen dabei und lassen der Kreativit\u00e4t der Akteure keine Grenzen.\" \/>\n<meta name=\"robots\" content=\"index, follow, max-snippet:-1, max-image-preview:large, max-video-preview:-1\" \/>\n<link rel=\"canonical\" href=\"https:\/\/tischlerei-lanser.at\/en\/projekte\/kueche\/kueche-sexten\/\" \/>\n<meta property=\"og:locale\" content=\"en_US\" \/>\n<meta property=\"og:type\" content=\"article\" \/>\n<meta property=\"og:title\" content=\"K\u00fcche in S\u00fcdtirol &#8211; Tischlerei Lanser Projekt K\u00fcche S\u00fcdtirol\" \/>\n<meta property=\"og:description\" content=\"Eine K\u00fcche im Herzen von S\u00fcdtirol, welche den alpinen Wohnstil mit modernem Chalet Charakter verbindet. Die Materialkombination der K\u00fcche mit einer schlichten, zeitlosen Front, welche mit Massivholz Elementen abgerundet wird integriert die K\u00fcche in das gesamte Wohnkonzept. Ergebnis ist ein Raum, in dem die Familie und G\u00e4ste verweilen und gemeinsam gekocht, geschlemmt, gesprochen, gelebt wird. Das notwendige Werkzeug in Form von hochwertigen Premium Ger\u00e4ten unterst\u00fctzen dabei und lassen der Kreativit\u00e4t der Akteure keine Grenzen.\" \/>\n<meta property=\"og:url\" content=\"https:\/\/tischlerei-lanser.at\/en\/projekte\/kueche\/kueche-sexten\/\" \/>\n<meta property=\"og:site_name\" content=\"Tischlerei Lanser\" \/>\n<meta property=\"article:publisher\" content=\"https:\/\/www.facebook.com\/TischlereiLanser\/\" \/>\n<meta property=\"article:modified_time\" content=\"2021-05-19T13:57:57+00:00\" \/>\n<meta property=\"og:image\" content=\"https:\/\/tischlerei-lanser.at\/wp-content\/uploads\/160927_martinlugger_lanser__MG_6043-1.jpg\" \/>\n\t<meta property=\"og:image:width\" content=\"1920\" \/>\n\t<meta property=\"og:image:height\" content=\"1280\" \/>\n\t<meta property=\"og:image:type\" content=\"image\/jpeg\" \/>\n<meta name=\"twitter:card\" content=\"summary_large_image\" \/>\n<script type=\"application\/ld+json\" class=\"yoast-schema-graph\">{\"@context\":\"https:\/\/schema.org\",\"@graph\":[{\"@type\":\"WebPage\",\"@id\":\"https:\/\/tischlerei-lanser.at\/en\/projekte\/kueche\/kueche-sexten\/\",\"url\":\"https:\/\/tischlerei-lanser.at\/en\/projekte\/kueche\/kueche-sexten\/\",\"name\":\"K\u00fcche in S\u00fcdtirol &#8211; Tischlerei Lanser Projekt K\u00fcche S\u00fcdtirol\",\"isPartOf\":{\"@id\":\"https:\/\/tischlerei-lanser.at\/en\/#website\"},\"datePublished\":\"2020-05-15T14:28:25+00:00\",\"dateModified\":\"2021-05-19T13:57:57+00:00\",\"description\":\"Eine K\u00fcche im Herzen von S\u00fcdtirol, welche den alpinen Wohnstil mit modernem Chalet Charakter verbindet. Die Materialkombination der K\u00fcche mit einer schlichten, zeitlosen Front, welche mit Massivholz Elementen abgerundet wird integriert die K\u00fcche in das gesamte Wohnkonzept. Ergebnis ist ein Raum, in dem die Familie und G\u00e4ste verweilen und gemeinsam gekocht, geschlemmt, gesprochen, gelebt wird. Das notwendige Werkzeug in Form von hochwertigen Premium Ger\u00e4ten unterst\u00fctzen dabei und lassen der Kreativit\u00e4t der Akteure keine Grenzen.\",\"breadcrumb\":{\"@id\":\"https:\/\/tischlerei-lanser.at\/en\/projekte\/kueche\/kueche-sexten\/#breadcrumb\"},\"inLanguage\":\"en-US\",\"potentialAction\":[{\"@type\":\"ReadAction\",\"target\":[[\"https:\/\/tischlerei-lanser.at\/en\/projekte\/kueche\/kueche-sexten\/\"]]}]},{\"@type\":\"BreadcrumbList\",\"@id\":\"https:\/\/tischlerei-lanser.at\/en\/projekte\/kueche\/kueche-sexten\/#breadcrumb\",\"itemListElement\":[{\"@type\":\"ListItem\",\"position\":1,\"name\":\"Startseite\",\"item\":\"https:\/\/tischlerei-lanser.at\/en\/\"},{\"@type\":\"ListItem\",\"position\":2,\"name\":\"Projekte\",\"item\":\"https:\/\/tischlerei-lanser.at\/en\/projekte\/\"},{\"@type\":\"ListItem\",\"position\":3,\"name\":\"K\u00fcche\",\"item\":\"https:\/\/tischlerei-lanser.at\/en\/projekte\/kueche\/\"},{\"@type\":\"ListItem\",\"position\":4,\"name\":\"K\u00fcche in S\u00fcdtirol\"}]},{\"@type\":\"WebSite\",\"@id\":\"https:\/\/tischlerei-lanser.at\/en\/#website\",\"url\":\"https:\/\/tischlerei-lanser.at\/en\/\",\"name\":\"Tischlerei Lanser\",\"description\":\"Wo Natur erhalten wird.\",\"publisher\":{\"@id\":\"https:\/\/tischlerei-lanser.at\/en\/#organization\"},\"potentialAction\":[{\"@type\":\"SearchAction\",\"target\":{\"@type\":\"EntryPoint\",\"urlTemplate\":\"https:\/\/tischlerei-lanser.at\/en\/?s={search_term_string}\"},\"query-input\":\"required name=search_term_string\"}],\"inLanguage\":\"en-US\"},{\"@type\":\"Organization\",\"@id\":\"https:\/\/tischlerei-lanser.at\/en\/#organization\",\"name\":\"Tischlerei Lanser\",\"url\":\"https:\/\/tischlerei-lanser.at\/en\/\",\"logo\":{\"@type\":\"ImageObject\",\"inLanguage\":\"en-US\",\"@id\":\"https:\/\/tischlerei-lanser.at\/en\/#\/schema\/logo\/image\/\",\"url\":\"https:\/\/tischlerei-lanser.at\/wp-content\/uploads\/Lanser_Logo_Jahreszahl.jpg\",\"contentUrl\":\"https:\/\/tischlerei-lanser.at\/wp-content\/uploads\/Lanser_Logo_Jahreszahl.jpg\",\"width\":1920,\"height\":1015,\"caption\":\"Tischlerei Lanser\"},\"image\":{\"@id\":\"https:\/\/tischlerei-lanser.at\/en\/#\/schema\/logo\/image\/\"},\"sameAs\":[\"https:\/\/www.facebook.com\/TischlereiLanser\/\",\"https:\/\/www.instagram.com\/tischlerei_lanser\/\",\"https:\/\/www.linkedin.com\/company\/10006620\"]}]}<\/script>\n<!-- \/ Yoast SEO plugin. -->","yoast_head_json":{"title":"K\u00fcche in S\u00fcdtirol &#8211; Tischlerei Lanser Projekt K\u00fcche S\u00fcdtirol","description":"Eine K\u00fcche im Herzen von S\u00fcdtirol, welche den alpinen Wohnstil mit modernem Chalet Charakter verbindet. Die Materialkombination der K\u00fcche mit einer schlichten, zeitlosen Front, welche mit Massivholz Elementen abgerundet wird integriert die K\u00fcche in das gesamte Wohnkonzept. Ergebnis ist ein Raum, in dem die Familie und G\u00e4ste verweilen und gemeinsam gekocht, geschlemmt, gesprochen, gelebt wird. Das notwendige Werkzeug in Form von hochwertigen Premium Ger\u00e4ten unterst\u00fctzen dabei und lassen der Kreativit\u00e4t der Akteure keine Grenzen.","robots":{"index":"index","follow":"follow","max-snippet":"max-snippet:-1","max-image-preview":"max-image-preview:large","max-video-preview":"max-video-preview:-1"},"canonical":"https:\/\/tischlerei-lanser.at\/en\/projekte\/kueche\/kueche-sexten\/","og_locale":"en_US","og_type":"article","og_title":"K\u00fcche in S\u00fcdtirol &#8211; Tischlerei Lanser Projekt K\u00fcche S\u00fcdtirol","og_description":"Eine K\u00fcche im Herzen von S\u00fcdtirol, welche den alpinen Wohnstil mit modernem Chalet Charakter verbindet. Die Materialkombination der K\u00fcche mit einer schlichten, zeitlosen Front, welche mit Massivholz Elementen abgerundet wird integriert die K\u00fcche in das gesamte Wohnkonzept. Ergebnis ist ein Raum, in dem die Familie und G\u00e4ste verweilen und gemeinsam gekocht, geschlemmt, gesprochen, gelebt wird. Das notwendige Werkzeug in Form von hochwertigen Premium Ger\u00e4ten unterst\u00fctzen dabei und lassen der Kreativit\u00e4t der Akteure keine Grenzen.","og_url":"https:\/\/tischlerei-lanser.at\/en\/projekte\/kueche\/kueche-sexten\/","og_site_name":"Tischlerei Lanser","article_publisher":"https:\/\/www.facebook.com\/TischlereiLanser\/","article_modified_time":"2021-05-19T13:57:57+00:00","og_image":[{"width":1920,"height":1280,"url":"https:\/\/tischlerei-lanser.at\/wp-content\/uploads\/160927_martinlugger_lanser__MG_6043-1.jpg","type":"image\/jpeg"}],"twitter_card":"summary_large_image","schema":{"@context":"https:\/\/schema.org","@graph":[{"@type":"WebPage","@id":"https:\/\/tischlerei-lanser.at\/en\/projekte\/kueche\/kueche-sexten\/","url":"https:\/\/tischlerei-lanser.at\/en\/projekte\/kueche\/kueche-sexten\/","name":"K\u00fcche in S\u00fcdtirol &#8211; Tischlerei Lanser Projekt K\u00fcche S\u00fcdtirol","isPartOf":{"@id":"https:\/\/tischlerei-lanser.at\/en\/#website"},"datePublished":"2020-05-15T14:28:25+00:00","dateModified":"2021-05-19T13:57:57+00:00","description":"Eine K\u00fcche im Herzen von S\u00fcdtirol, welche den alpinen Wohnstil mit modernem Chalet Charakter verbindet. Die Materialkombination der K\u00fcche mit einer schlichten, zeitlosen Front, welche mit Massivholz Elementen abgerundet wird integriert die K\u00fcche in das gesamte Wohnkonzept. Ergebnis ist ein Raum, in dem die Familie und G\u00e4ste verweilen und gemeinsam gekocht, geschlemmt, gesprochen, gelebt wird. Das notwendige Werkzeug in Form von hochwertigen Premium Ger\u00e4ten unterst\u00fctzen dabei und lassen der Kreativit\u00e4t der Akteure keine Grenzen.","breadcrumb":{"@id":"https:\/\/tischlerei-lanser.at\/en\/projekte\/kueche\/kueche-sexten\/#breadcrumb"},"inLanguage":"en-US","potentialAction":[{"@type":"ReadAction","target":[["https:\/\/tischlerei-lanser.at\/en\/projekte\/kueche\/kueche-sexten\/"]]}]},{"@type":"BreadcrumbList","@id":"https:\/\/tischlerei-lanser.at\/en\/projekte\/kueche\/kueche-sexten\/#breadcrumb","itemListElement":[{"@type":"ListItem","position":1,"name":"Startseite","item":"https:\/\/tischlerei-lanser.at\/en\/"},{"@type":"ListItem","position":2,"name":"Projekte","item":"https:\/\/tischlerei-lanser.at\/en\/projekte\/"},{"@type":"ListItem","position":3,"name":"K\u00fcche","item":"https:\/\/tischlerei-lanser.at\/en\/projekte\/kueche\/"},{"@type":"ListItem","position":4,"name":"K\u00fcche in S\u00fcdtirol"}]},{"@type":"WebSite","@id":"https:\/\/tischlerei-lanser.at\/en\/#website","url":"https:\/\/tischlerei-lanser.at\/en\/","name":"Tischlerei Lanser","description":"Wo Natur erhalten wird.","publisher":{"@id":"https:\/\/tischlerei-lanser.at\/en\/#organization"},"potentialAction":[{"@type":"SearchAction","target":{"@type":"EntryPoint","urlTemplate":"https:\/\/tischlerei-lanser.at\/en\/?s={search_term_string}"},"query-input":"required name=search_term_string"}],"inLanguage":"en-US"},{"@type":"Organization","@id":"https:\/\/tischlerei-lanser.at\/en\/#organization","name":"Tischlerei Lanser","url":"https:\/\/tischlerei-lanser.at\/en\/","logo":{"@type":"ImageObject","inLanguage":"en-US","@id":"https:\/\/tischlerei-lanser.at\/en\/#\/schema\/logo\/image\/","url":"https:\/\/tischlerei-lanser.at\/wp-content\/uploads\/Lanser_Logo_Jahreszahl.jpg","contentUrl":"https:\/\/tischlerei-lanser.at\/wp-content\/uploads\/Lanser_Logo_Jahreszahl.jpg","width":1920,"height":1015,"caption":"Tischlerei Lanser"},"image":{"@id":"https:\/\/tischlerei-lanser.at\/en\/#\/schema\/logo\/image\/"},"sameAs":["https:\/\/www.facebook.com\/TischlereiLanser\/","https:\/\/www.instagram.com\/tischlerei_lanser\/","https:\/\/www.linkedin.com\/company\/10006620"]}]}},"_links":{"self":[{"href":"https:\/\/tischlerei-lanser.at\/en\/wp-json\/wp\/v2\/pages\/577"}],"collection":[{"href":"https:\/\/tischlerei-lanser.at\/en\/wp-json\/wp\/v2\/pages"}],"about":[{"href":"https:\/\/tischlerei-lanser.at\/en\/wp-json\/wp\/v2\/types\/page"}],"author":[{"embeddable":true,"href":"https:\/\/tischlerei-lanser.at\/en\/wp-json\/wp\/v2\/users\/2"}],"replies":[{"embeddable":true,"href":"https:\/\/tischlerei-lanser.at\/en\/wp-json\/wp\/v2\/comments?post=577"}],"version-history":[{"count":13,"href":"https:\/\/tischlerei-lanser.at\/en\/wp-json\/wp\/v2\/pages\/577\/revisions"}],"predecessor-version":[{"id":3093,"href":"https:\/\/tischlerei-lanser.at\/en\/wp-json\/wp\/v2\/pages\/577\/revisions\/3093"}],"up":[{"embeddable":true,"href":"https:\/\/tischlerei-lanser.at\/en\/wp-json\/wp\/v2\/pages\/57"}],"wp:featuredmedia":[{"embeddable":true,"href":"https:\/\/tischlerei-lanser.at\/en\/wp-json\/wp\/v2\/media\/633"}],"wp:attachment":[{"href":"https:\/\/tischlerei-lanser.at\/en\/wp-json\/wp\/v2\/media?parent=577"}],"curies":[{"name":"wp","href":"https:\/\/api.w.org\/{rel}","templated":true}]}}