{"id":551,"date":"2020-05-15T16:28:25","date_gmt":"2020-05-15T14:28:25","guid":{"rendered":"https:\/\/tischlerei-lanser.at\/?page_id=551"},"modified":"2022-02-01T15:35:55","modified_gmt":"2022-02-01T14:35:55","slug":"projekt-st-one","status":"publish","type":"page","link":"https:\/\/tischlerei-lanser.at\/en\/projekte\/kueche\/projekt-st-one\/","title":{"rendered":"K\u00fcche St-One"},"content":{"rendered":"","protected":false},"excerpt":{"rendered":"","protected":false},"author":2,"featured_media":462,"parent":57,"menu_order":23,"comment_status":"closed","ping_status":"closed","template":"page-templates\/projekt.php","meta":{"_acf_changed":false,"inline_featured_image":false,"footnotes":""},"acf":[],"yoast_head":"<!-- This site is optimized with the Yoast SEO plugin v22.1 - https:\/\/yoast.com\/wordpress\/plugins\/seo\/ -->\n<title>K\u00fcche St-One  &#8211; Tischlerei Lanser Projekt St-One K\u00fcche<\/title>\n<meta name=\"description\" content=\"In dieser K\u00fcche dreht sich alles um die Naturstein K\u00fccheninsel ST-ONE. Naturstein ist ein nat\u00fcrliches Material, jede Platte weist eine einzigartige Maserung auf, die wie ein Fingerabdruck nur einmal auf der Welt vorkommt. Als ein solches Unikat r\u00fcckt die K\u00fccheninsel in den Vordergrund und bildet so das Zentrum dieser Wohnk\u00fcche. Modernste K\u00fcchenger\u00e4te wie ein Bora Kochfeldabzug und Bosch Einbauger\u00e4te unterst\u00fctzen die Besitzer beim kreativen Werken in der K\u00fcche.\" \/>\n<meta name=\"robots\" content=\"index, follow, max-snippet:-1, max-image-preview:large, max-video-preview:-1\" \/>\n<link rel=\"canonical\" href=\"https:\/\/tischlerei-lanser.at\/en\/projekte\/kueche\/projekt-st-one\/\" \/>\n<meta property=\"og:locale\" content=\"en_US\" \/>\n<meta property=\"og:type\" content=\"article\" \/>\n<meta property=\"og:title\" content=\"K\u00fcche St-One  &#8211; Tischlerei Lanser Projekt St-One K\u00fcche\" \/>\n<meta property=\"og:description\" content=\"In dieser K\u00fcche dreht sich alles um die Naturstein K\u00fccheninsel ST-ONE. Naturstein ist ein nat\u00fcrliches Material, jede Platte weist eine einzigartige Maserung auf, die wie ein Fingerabdruck nur einmal auf der Welt vorkommt. Als ein solches Unikat r\u00fcckt die K\u00fccheninsel in den Vordergrund und bildet so das Zentrum dieser Wohnk\u00fcche. Modernste K\u00fcchenger\u00e4te wie ein Bora Kochfeldabzug und Bosch Einbauger\u00e4te unterst\u00fctzen die Besitzer beim kreativen Werken in der K\u00fcche.\" \/>\n<meta property=\"og:url\" content=\"https:\/\/tischlerei-lanser.at\/en\/projekte\/kueche\/projekt-st-one\/\" \/>\n<meta property=\"og:site_name\" content=\"Tischlerei Lanser\" \/>\n<meta property=\"article:publisher\" content=\"https:\/\/www.facebook.com\/TischlereiLanser\/\" \/>\n<meta property=\"article:modified_time\" content=\"2022-02-01T14:35:55+00:00\" \/>\n<meta property=\"og:image\" content=\"https:\/\/tischlerei-lanser.at\/wp-content\/uploads\/ST-ONE-Projekt-W...-2019.jpg\" \/>\n\t<meta property=\"og:image:width\" content=\"1200\" \/>\n\t<meta property=\"og:image:height\" content=\"1600\" \/>\n\t<meta property=\"og:image:type\" content=\"image\/jpeg\" \/>\n<meta name=\"twitter:card\" content=\"summary_large_image\" \/>\n<script type=\"application\/ld+json\" class=\"yoast-schema-graph\">{\"@context\":\"https:\/\/schema.org\",\"@graph\":[{\"@type\":\"WebPage\",\"@id\":\"https:\/\/tischlerei-lanser.at\/en\/projekte\/kueche\/projekt-st-one\/\",\"url\":\"https:\/\/tischlerei-lanser.at\/en\/projekte\/kueche\/projekt-st-one\/\",\"name\":\"K\u00fcche St-One  &#8211; Tischlerei Lanser Projekt St-One K\u00fcche\",\"isPartOf\":{\"@id\":\"https:\/\/tischlerei-lanser.at\/en\/#website\"},\"datePublished\":\"2020-05-15T14:28:25+00:00\",\"dateModified\":\"2022-02-01T14:35:55+00:00\",\"description\":\"In dieser K\u00fcche dreht sich alles um die Naturstein K\u00fccheninsel ST-ONE. Naturstein ist ein nat\u00fcrliches Material, jede Platte weist eine einzigartige Maserung auf, die wie ein Fingerabdruck nur einmal auf der Welt vorkommt. Als ein solches Unikat r\u00fcckt die K\u00fccheninsel in den Vordergrund und bildet so das Zentrum dieser Wohnk\u00fcche. Modernste K\u00fcchenger\u00e4te wie ein Bora Kochfeldabzug und Bosch Einbauger\u00e4te unterst\u00fctzen die Besitzer beim kreativen Werken in der K\u00fcche.\",\"breadcrumb\":{\"@id\":\"https:\/\/tischlerei-lanser.at\/en\/projekte\/kueche\/projekt-st-one\/#breadcrumb\"},\"inLanguage\":\"en-US\",\"potentialAction\":[{\"@type\":\"ReadAction\",\"target\":[[\"https:\/\/tischlerei-lanser.at\/en\/projekte\/kueche\/projekt-st-one\/\"]]}]},{\"@type\":\"BreadcrumbList\",\"@id\":\"https:\/\/tischlerei-lanser.at\/en\/projekte\/kueche\/projekt-st-one\/#breadcrumb\",\"itemListElement\":[{\"@type\":\"ListItem\",\"position\":1,\"name\":\"Startseite\",\"item\":\"https:\/\/tischlerei-lanser.at\/en\/\"},{\"@type\":\"ListItem\",\"position\":2,\"name\":\"Projekte\",\"item\":\"https:\/\/tischlerei-lanser.at\/en\/projekte\/\"},{\"@type\":\"ListItem\",\"position\":3,\"name\":\"K\u00fcche\",\"item\":\"https:\/\/tischlerei-lanser.at\/en\/projekte\/kueche\/\"},{\"@type\":\"ListItem\",\"position\":4,\"name\":\"K\u00fcche St-One\"}]},{\"@type\":\"WebSite\",\"@id\":\"https:\/\/tischlerei-lanser.at\/en\/#website\",\"url\":\"https:\/\/tischlerei-lanser.at\/en\/\",\"name\":\"Tischlerei Lanser\",\"description\":\"Wo Natur erhalten wird.\",\"publisher\":{\"@id\":\"https:\/\/tischlerei-lanser.at\/en\/#organization\"},\"potentialAction\":[{\"@type\":\"SearchAction\",\"target\":{\"@type\":\"EntryPoint\",\"urlTemplate\":\"https:\/\/tischlerei-lanser.at\/en\/?s={search_term_string}\"},\"query-input\":\"required name=search_term_string\"}],\"inLanguage\":\"en-US\"},{\"@type\":\"Organization\",\"@id\":\"https:\/\/tischlerei-lanser.at\/en\/#organization\",\"name\":\"Tischlerei Lanser\",\"url\":\"https:\/\/tischlerei-lanser.at\/en\/\",\"logo\":{\"@type\":\"ImageObject\",\"inLanguage\":\"en-US\",\"@id\":\"https:\/\/tischlerei-lanser.at\/en\/#\/schema\/logo\/image\/\",\"url\":\"https:\/\/tischlerei-lanser.at\/wp-content\/uploads\/Lanser_Logo_Jahreszahl.jpg\",\"contentUrl\":\"https:\/\/tischlerei-lanser.at\/wp-content\/uploads\/Lanser_Logo_Jahreszahl.jpg\",\"width\":1920,\"height\":1015,\"caption\":\"Tischlerei Lanser\"},\"image\":{\"@id\":\"https:\/\/tischlerei-lanser.at\/en\/#\/schema\/logo\/image\/\"},\"sameAs\":[\"https:\/\/www.facebook.com\/TischlereiLanser\/\",\"https:\/\/www.instagram.com\/tischlerei_lanser\/\",\"https:\/\/www.linkedin.com\/company\/10006620\"]}]}<\/script>\n<!-- \/ Yoast SEO plugin. -->","yoast_head_json":{"title":"K\u00fcche St-One  &#8211; Tischlerei Lanser Projekt St-One K\u00fcche","description":"In dieser K\u00fcche dreht sich alles um die Naturstein K\u00fccheninsel ST-ONE. Naturstein ist ein nat\u00fcrliches Material, jede Platte weist eine einzigartige Maserung auf, die wie ein Fingerabdruck nur einmal auf der Welt vorkommt. Als ein solches Unikat r\u00fcckt die K\u00fccheninsel in den Vordergrund und bildet so das Zentrum dieser Wohnk\u00fcche. Modernste K\u00fcchenger\u00e4te wie ein Bora Kochfeldabzug und Bosch Einbauger\u00e4te unterst\u00fctzen die Besitzer beim kreativen Werken in der K\u00fcche.","robots":{"index":"index","follow":"follow","max-snippet":"max-snippet:-1","max-image-preview":"max-image-preview:large","max-video-preview":"max-video-preview:-1"},"canonical":"https:\/\/tischlerei-lanser.at\/en\/projekte\/kueche\/projekt-st-one\/","og_locale":"en_US","og_type":"article","og_title":"K\u00fcche St-One  &#8211; Tischlerei Lanser Projekt St-One K\u00fcche","og_description":"In dieser K\u00fcche dreht sich alles um die Naturstein K\u00fccheninsel ST-ONE. Naturstein ist ein nat\u00fcrliches Material, jede Platte weist eine einzigartige Maserung auf, die wie ein Fingerabdruck nur einmal auf der Welt vorkommt. Als ein solches Unikat r\u00fcckt die K\u00fccheninsel in den Vordergrund und bildet so das Zentrum dieser Wohnk\u00fcche. Modernste K\u00fcchenger\u00e4te wie ein Bora Kochfeldabzug und Bosch Einbauger\u00e4te unterst\u00fctzen die Besitzer beim kreativen Werken in der K\u00fcche.","og_url":"https:\/\/tischlerei-lanser.at\/en\/projekte\/kueche\/projekt-st-one\/","og_site_name":"Tischlerei Lanser","article_publisher":"https:\/\/www.facebook.com\/TischlereiLanser\/","article_modified_time":"2022-02-01T14:35:55+00:00","og_image":[{"width":1200,"height":1600,"url":"https:\/\/tischlerei-lanser.at\/wp-content\/uploads\/ST-ONE-Projekt-W...-2019.jpg","type":"image\/jpeg"}],"twitter_card":"summary_large_image","schema":{"@context":"https:\/\/schema.org","@graph":[{"@type":"WebPage","@id":"https:\/\/tischlerei-lanser.at\/en\/projekte\/kueche\/projekt-st-one\/","url":"https:\/\/tischlerei-lanser.at\/en\/projekte\/kueche\/projekt-st-one\/","name":"K\u00fcche St-One  &#8211; Tischlerei Lanser Projekt St-One K\u00fcche","isPartOf":{"@id":"https:\/\/tischlerei-lanser.at\/en\/#website"},"datePublished":"2020-05-15T14:28:25+00:00","dateModified":"2022-02-01T14:35:55+00:00","description":"In dieser K\u00fcche dreht sich alles um die Naturstein K\u00fccheninsel ST-ONE. Naturstein ist ein nat\u00fcrliches Material, jede Platte weist eine einzigartige Maserung auf, die wie ein Fingerabdruck nur einmal auf der Welt vorkommt. Als ein solches Unikat r\u00fcckt die K\u00fccheninsel in den Vordergrund und bildet so das Zentrum dieser Wohnk\u00fcche. Modernste K\u00fcchenger\u00e4te wie ein Bora Kochfeldabzug und Bosch Einbauger\u00e4te unterst\u00fctzen die Besitzer beim kreativen Werken in der K\u00fcche.","breadcrumb":{"@id":"https:\/\/tischlerei-lanser.at\/en\/projekte\/kueche\/projekt-st-one\/#breadcrumb"},"inLanguage":"en-US","potentialAction":[{"@type":"ReadAction","target":[["https:\/\/tischlerei-lanser.at\/en\/projekte\/kueche\/projekt-st-one\/"]]}]},{"@type":"BreadcrumbList","@id":"https:\/\/tischlerei-lanser.at\/en\/projekte\/kueche\/projekt-st-one\/#breadcrumb","itemListElement":[{"@type":"ListItem","position":1,"name":"Startseite","item":"https:\/\/tischlerei-lanser.at\/en\/"},{"@type":"ListItem","position":2,"name":"Projekte","item":"https:\/\/tischlerei-lanser.at\/en\/projekte\/"},{"@type":"ListItem","position":3,"name":"K\u00fcche","item":"https:\/\/tischlerei-lanser.at\/en\/projekte\/kueche\/"},{"@type":"ListItem","position":4,"name":"K\u00fcche St-One"}]},{"@type":"WebSite","@id":"https:\/\/tischlerei-lanser.at\/en\/#website","url":"https:\/\/tischlerei-lanser.at\/en\/","name":"Tischlerei Lanser","description":"Wo Natur erhalten wird.","publisher":{"@id":"https:\/\/tischlerei-lanser.at\/en\/#organization"},"potentialAction":[{"@type":"SearchAction","target":{"@type":"EntryPoint","urlTemplate":"https:\/\/tischlerei-lanser.at\/en\/?s={search_term_string}"},"query-input":"required name=search_term_string"}],"inLanguage":"en-US"},{"@type":"Organization","@id":"https:\/\/tischlerei-lanser.at\/en\/#organization","name":"Tischlerei Lanser","url":"https:\/\/tischlerei-lanser.at\/en\/","logo":{"@type":"ImageObject","inLanguage":"en-US","@id":"https:\/\/tischlerei-lanser.at\/en\/#\/schema\/logo\/image\/","url":"https:\/\/tischlerei-lanser.at\/wp-content\/uploads\/Lanser_Logo_Jahreszahl.jpg","contentUrl":"https:\/\/tischlerei-lanser.at\/wp-content\/uploads\/Lanser_Logo_Jahreszahl.jpg","width":1920,"height":1015,"caption":"Tischlerei Lanser"},"image":{"@id":"https:\/\/tischlerei-lanser.at\/en\/#\/schema\/logo\/image\/"},"sameAs":["https:\/\/www.facebook.com\/TischlereiLanser\/","https:\/\/www.instagram.com\/tischlerei_lanser\/","https:\/\/www.linkedin.com\/company\/10006620"]}]}},"_links":{"self":[{"href":"https:\/\/tischlerei-lanser.at\/en\/wp-json\/wp\/v2\/pages\/551"}],"collection":[{"href":"https:\/\/tischlerei-lanser.at\/en\/wp-json\/wp\/v2\/pages"}],"about":[{"href":"https:\/\/tischlerei-lanser.at\/en\/wp-json\/wp\/v2\/types\/page"}],"author":[{"embeddable":true,"href":"https:\/\/tischlerei-lanser.at\/en\/wp-json\/wp\/v2\/users\/2"}],"replies":[{"embeddable":true,"href":"https:\/\/tischlerei-lanser.at\/en\/wp-json\/wp\/v2\/comments?post=551"}],"version-history":[{"count":23,"href":"https:\/\/tischlerei-lanser.at\/en\/wp-json\/wp\/v2\/pages\/551\/revisions"}],"predecessor-version":[{"id":3713,"href":"https:\/\/tischlerei-lanser.at\/en\/wp-json\/wp\/v2\/pages\/551\/revisions\/3713"}],"up":[{"embeddable":true,"href":"https:\/\/tischlerei-lanser.at\/en\/wp-json\/wp\/v2\/pages\/57"}],"wp:featuredmedia":[{"embeddable":true,"href":"https:\/\/tischlerei-lanser.at\/en\/wp-json\/wp\/v2\/media\/462"}],"wp:attachment":[{"href":"https:\/\/tischlerei-lanser.at\/en\/wp-json\/wp\/v2\/media?parent=551"}],"curies":[{"name":"wp","href":"https:\/\/api.w.org\/{rel}","templated":true}]}}