{"id":5097,"date":"2023-08-29T14:53:51","date_gmt":"2023-08-29T12:53:51","guid":{"rendered":"https:\/\/tischlerei-lanser.at\/?page_id=5097"},"modified":"2023-12-21T16:23:27","modified_gmt":"2023-12-21T15:23:27","slug":"hebbo","status":"publish","type":"page","link":"https:\/\/tischlerei-lanser.at\/en\/projekte\/hotel-chalets\/hebbo\/","title":{"rendered":"Hebbo &#8211; Wine and Deli"},"content":{"rendered":"","protected":false},"excerpt":{"rendered":"","protected":false},"author":2,"featured_media":5098,"parent":66,"menu_order":41,"comment_status":"closed","ping_status":"closed","template":"page-templates\/projekt.php","meta":{"_acf_changed":false,"inline_featured_image":false,"footnotes":""},"acf":[],"yoast_head":"<!-- This site is optimized with the Yoast SEO plugin v22.1 - https:\/\/yoast.com\/wordpress\/plugins\/seo\/ -->\n<title>Hebbo - Wine and Deli &#8211; Tischlerei Lanser Projekte<\/title>\n<meta name=\"description\" content=\"Urbaner Charme vereint mit alpinem Wurzelwerk. Eine Genussreise mit Big City Vibes im Herzen der Dolomiten. Mit Passion f\u00fcr das Gute und das Regionale. Mit diesen Schlagworten beschreibt sich das Hebbo und bringt die Phylosophie auf den Tisch und auch in den Gastraum. Die Decke in Altholz, abgerundet und \u00fcber die W\u00e4nde gezogen bis auf den Boden, ein optisches Highlight, welches nur durch erfahrene Handwerkskunst der Tischler m\u00f6glich ist. Die Holzbank in ihrer einfachen Sch\u00f6nheit greift den alpinen Stil auf. Vor dem Ofen, welcher in zeitgen\u00f6ssischer und moderner Interpretation dem Raum schmeichelt und gleichzeitig als Raumtrenner dient. Die leichten St\u00fchle aus Massivholz, unter anderem ein Designklassiker aus dem Hause Carl Hansen bringen urbanes Flair in den hellen Raum mit sch\u00f6nster Aussicht.\" \/>\n<meta name=\"robots\" content=\"index, follow, max-snippet:-1, max-image-preview:large, max-video-preview:-1\" \/>\n<link rel=\"canonical\" href=\"https:\/\/tischlerei-lanser.at\/en\/projekte\/hotel-chalets\/hebbo\/\" \/>\n<meta property=\"og:locale\" content=\"en_US\" \/>\n<meta property=\"og:type\" content=\"article\" \/>\n<meta property=\"og:title\" content=\"Hebbo - Wine and Deli &#8211; Tischlerei Lanser Projekte\" \/>\n<meta property=\"og:description\" content=\"Urbaner Charme vereint mit alpinem Wurzelwerk. Eine Genussreise mit Big City Vibes im Herzen der Dolomiten. Mit Passion f\u00fcr das Gute und das Regionale. Mit diesen Schlagworten beschreibt sich das Hebbo und bringt die Phylosophie auf den Tisch und auch in den Gastraum. Die Decke in Altholz, abgerundet und \u00fcber die W\u00e4nde gezogen bis auf den Boden, ein optisches Highlight, welches nur durch erfahrene Handwerkskunst der Tischler m\u00f6glich ist. Die Holzbank in ihrer einfachen Sch\u00f6nheit greift den alpinen Stil auf. Vor dem Ofen, welcher in zeitgen\u00f6ssischer und moderner Interpretation dem Raum schmeichelt und gleichzeitig als Raumtrenner dient. Die leichten St\u00fchle aus Massivholz, unter anderem ein Designklassiker aus dem Hause Carl Hansen bringen urbanes Flair in den hellen Raum mit sch\u00f6nster Aussicht.\" \/>\n<meta property=\"og:url\" content=\"https:\/\/tischlerei-lanser.at\/en\/projekte\/hotel-chalets\/hebbo\/\" \/>\n<meta property=\"og:site_name\" content=\"Tischlerei Lanser\" \/>\n<meta property=\"article:publisher\" content=\"https:\/\/www.facebook.com\/TischlereiLanser\/\" \/>\n<meta property=\"article:modified_time\" content=\"2023-12-21T15:23:27+00:00\" \/>\n<meta property=\"og:image\" content=\"https:\/\/tischlerei-lanser.at\/wp-content\/uploads\/230531_martinlugger_panzenberger__09A9442.jpg\" \/>\n\t<meta property=\"og:image:width\" content=\"1920\" \/>\n\t<meta property=\"og:image:height\" content=\"1281\" \/>\n\t<meta property=\"og:image:type\" content=\"image\/jpeg\" \/>\n<meta name=\"twitter:card\" content=\"summary_large_image\" \/>\n<meta name=\"twitter:label1\" content=\"Est. reading time\" \/>\n\t<meta name=\"twitter:data1\" content=\"2 minutes\" \/>\n<script type=\"application\/ld+json\" class=\"yoast-schema-graph\">{\"@context\":\"https:\/\/schema.org\",\"@graph\":[{\"@type\":\"WebPage\",\"@id\":\"https:\/\/tischlerei-lanser.at\/en\/projekte\/hotel-chalets\/hebbo\/\",\"url\":\"https:\/\/tischlerei-lanser.at\/en\/projekte\/hotel-chalets\/hebbo\/\",\"name\":\"Hebbo - Wine and Deli &#8211; Tischlerei Lanser Projekte\",\"isPartOf\":{\"@id\":\"https:\/\/tischlerei-lanser.at\/en\/#website\"},\"datePublished\":\"2023-08-29T12:53:51+00:00\",\"dateModified\":\"2023-12-21T15:23:27+00:00\",\"description\":\"Urbaner Charme vereint mit alpinem Wurzelwerk. Eine Genussreise mit Big City Vibes im Herzen der Dolomiten. Mit Passion f\u00fcr das Gute und das Regionale. Mit diesen Schlagworten beschreibt sich das Hebbo und bringt die Phylosophie auf den Tisch und auch in den Gastraum. Die Decke in Altholz, abgerundet und \u00fcber die W\u00e4nde gezogen bis auf den Boden, ein optisches Highlight, welches nur durch erfahrene Handwerkskunst der Tischler m\u00f6glich ist. Die Holzbank in ihrer einfachen Sch\u00f6nheit greift den alpinen Stil auf. Vor dem Ofen, welcher in zeitgen\u00f6ssischer und moderner Interpretation dem Raum schmeichelt und gleichzeitig als Raumtrenner dient. Die leichten St\u00fchle aus Massivholz, unter anderem ein Designklassiker aus dem Hause Carl Hansen bringen urbanes Flair in den hellen Raum mit sch\u00f6nster Aussicht.\",\"breadcrumb\":{\"@id\":\"https:\/\/tischlerei-lanser.at\/en\/projekte\/hotel-chalets\/hebbo\/#breadcrumb\"},\"inLanguage\":\"en-US\",\"potentialAction\":[{\"@type\":\"ReadAction\",\"target\":[[\"https:\/\/tischlerei-lanser.at\/en\/projekte\/hotel-chalets\/hebbo\/\"]]}]},{\"@type\":\"BreadcrumbList\",\"@id\":\"https:\/\/tischlerei-lanser.at\/en\/projekte\/hotel-chalets\/hebbo\/#breadcrumb\",\"itemListElement\":[{\"@type\":\"ListItem\",\"position\":1,\"name\":\"Startseite\",\"item\":\"https:\/\/tischlerei-lanser.at\/en\/\"},{\"@type\":\"ListItem\",\"position\":2,\"name\":\"Projekte\",\"item\":\"https:\/\/tischlerei-lanser.at\/en\/projekte\/\"},{\"@type\":\"ListItem\",\"position\":3,\"name\":\"Hotel &#038; Chalets\",\"item\":\"https:\/\/tischlerei-lanser.at\/en\/projekte\/hotel-chalets\/\"},{\"@type\":\"ListItem\",\"position\":4,\"name\":\"Hebbo &#8211; Wine and Deli\"}]},{\"@type\":\"WebSite\",\"@id\":\"https:\/\/tischlerei-lanser.at\/en\/#website\",\"url\":\"https:\/\/tischlerei-lanser.at\/en\/\",\"name\":\"Tischlerei Lanser\",\"description\":\"Wo Natur erhalten wird.\",\"publisher\":{\"@id\":\"https:\/\/tischlerei-lanser.at\/en\/#organization\"},\"potentialAction\":[{\"@type\":\"SearchAction\",\"target\":{\"@type\":\"EntryPoint\",\"urlTemplate\":\"https:\/\/tischlerei-lanser.at\/en\/?s={search_term_string}\"},\"query-input\":\"required name=search_term_string\"}],\"inLanguage\":\"en-US\"},{\"@type\":\"Organization\",\"@id\":\"https:\/\/tischlerei-lanser.at\/en\/#organization\",\"name\":\"Tischlerei Lanser\",\"url\":\"https:\/\/tischlerei-lanser.at\/en\/\",\"logo\":{\"@type\":\"ImageObject\",\"inLanguage\":\"en-US\",\"@id\":\"https:\/\/tischlerei-lanser.at\/en\/#\/schema\/logo\/image\/\",\"url\":\"https:\/\/tischlerei-lanser.at\/wp-content\/uploads\/Lanser_Logo_Jahreszahl.jpg\",\"contentUrl\":\"https:\/\/tischlerei-lanser.at\/wp-content\/uploads\/Lanser_Logo_Jahreszahl.jpg\",\"width\":1920,\"height\":1015,\"caption\":\"Tischlerei Lanser\"},\"image\":{\"@id\":\"https:\/\/tischlerei-lanser.at\/en\/#\/schema\/logo\/image\/\"},\"sameAs\":[\"https:\/\/www.facebook.com\/TischlereiLanser\/\",\"https:\/\/www.instagram.com\/tischlerei_lanser\/\",\"https:\/\/www.linkedin.com\/company\/10006620\"]}]}<\/script>\n<!-- \/ Yoast SEO plugin. -->","yoast_head_json":{"title":"Hebbo - Wine and Deli &#8211; Tischlerei Lanser Projekte","description":"Urbaner Charme vereint mit alpinem Wurzelwerk. Eine Genussreise mit Big City Vibes im Herzen der Dolomiten. Mit Passion f\u00fcr das Gute und das Regionale. Mit diesen Schlagworten beschreibt sich das Hebbo und bringt die Phylosophie auf den Tisch und auch in den Gastraum. Die Decke in Altholz, abgerundet und \u00fcber die W\u00e4nde gezogen bis auf den Boden, ein optisches Highlight, welches nur durch erfahrene Handwerkskunst der Tischler m\u00f6glich ist. Die Holzbank in ihrer einfachen Sch\u00f6nheit greift den alpinen Stil auf. Vor dem Ofen, welcher in zeitgen\u00f6ssischer und moderner Interpretation dem Raum schmeichelt und gleichzeitig als Raumtrenner dient. Die leichten St\u00fchle aus Massivholz, unter anderem ein Designklassiker aus dem Hause Carl Hansen bringen urbanes Flair in den hellen Raum mit sch\u00f6nster Aussicht.","robots":{"index":"index","follow":"follow","max-snippet":"max-snippet:-1","max-image-preview":"max-image-preview:large","max-video-preview":"max-video-preview:-1"},"canonical":"https:\/\/tischlerei-lanser.at\/en\/projekte\/hotel-chalets\/hebbo\/","og_locale":"en_US","og_type":"article","og_title":"Hebbo - Wine and Deli &#8211; Tischlerei Lanser Projekte","og_description":"Urbaner Charme vereint mit alpinem Wurzelwerk. Eine Genussreise mit Big City Vibes im Herzen der Dolomiten. Mit Passion f\u00fcr das Gute und das Regionale. Mit diesen Schlagworten beschreibt sich das Hebbo und bringt die Phylosophie auf den Tisch und auch in den Gastraum. Die Decke in Altholz, abgerundet und \u00fcber die W\u00e4nde gezogen bis auf den Boden, ein optisches Highlight, welches nur durch erfahrene Handwerkskunst der Tischler m\u00f6glich ist. Die Holzbank in ihrer einfachen Sch\u00f6nheit greift den alpinen Stil auf. Vor dem Ofen, welcher in zeitgen\u00f6ssischer und moderner Interpretation dem Raum schmeichelt und gleichzeitig als Raumtrenner dient. Die leichten St\u00fchle aus Massivholz, unter anderem ein Designklassiker aus dem Hause Carl Hansen bringen urbanes Flair in den hellen Raum mit sch\u00f6nster Aussicht.","og_url":"https:\/\/tischlerei-lanser.at\/en\/projekte\/hotel-chalets\/hebbo\/","og_site_name":"Tischlerei Lanser","article_publisher":"https:\/\/www.facebook.com\/TischlereiLanser\/","article_modified_time":"2023-12-21T15:23:27+00:00","og_image":[{"width":1920,"height":1281,"url":"https:\/\/tischlerei-lanser.at\/wp-content\/uploads\/230531_martinlugger_panzenberger__09A9442.jpg","type":"image\/jpeg"}],"twitter_card":"summary_large_image","twitter_misc":{"Est. reading time":"2 minutes"},"schema":{"@context":"https:\/\/schema.org","@graph":[{"@type":"WebPage","@id":"https:\/\/tischlerei-lanser.at\/en\/projekte\/hotel-chalets\/hebbo\/","url":"https:\/\/tischlerei-lanser.at\/en\/projekte\/hotel-chalets\/hebbo\/","name":"Hebbo - Wine and Deli &#8211; Tischlerei Lanser Projekte","isPartOf":{"@id":"https:\/\/tischlerei-lanser.at\/en\/#website"},"datePublished":"2023-08-29T12:53:51+00:00","dateModified":"2023-12-21T15:23:27+00:00","description":"Urbaner Charme vereint mit alpinem Wurzelwerk. Eine Genussreise mit Big City Vibes im Herzen der Dolomiten. Mit Passion f\u00fcr das Gute und das Regionale. Mit diesen Schlagworten beschreibt sich das Hebbo und bringt die Phylosophie auf den Tisch und auch in den Gastraum. Die Decke in Altholz, abgerundet und \u00fcber die W\u00e4nde gezogen bis auf den Boden, ein optisches Highlight, welches nur durch erfahrene Handwerkskunst der Tischler m\u00f6glich ist. Die Holzbank in ihrer einfachen Sch\u00f6nheit greift den alpinen Stil auf. Vor dem Ofen, welcher in zeitgen\u00f6ssischer und moderner Interpretation dem Raum schmeichelt und gleichzeitig als Raumtrenner dient. Die leichten St\u00fchle aus Massivholz, unter anderem ein Designklassiker aus dem Hause Carl Hansen bringen urbanes Flair in den hellen Raum mit sch\u00f6nster Aussicht.","breadcrumb":{"@id":"https:\/\/tischlerei-lanser.at\/en\/projekte\/hotel-chalets\/hebbo\/#breadcrumb"},"inLanguage":"en-US","potentialAction":[{"@type":"ReadAction","target":[["https:\/\/tischlerei-lanser.at\/en\/projekte\/hotel-chalets\/hebbo\/"]]}]},{"@type":"BreadcrumbList","@id":"https:\/\/tischlerei-lanser.at\/en\/projekte\/hotel-chalets\/hebbo\/#breadcrumb","itemListElement":[{"@type":"ListItem","position":1,"name":"Startseite","item":"https:\/\/tischlerei-lanser.at\/en\/"},{"@type":"ListItem","position":2,"name":"Projekte","item":"https:\/\/tischlerei-lanser.at\/en\/projekte\/"},{"@type":"ListItem","position":3,"name":"Hotel &#038; Chalets","item":"https:\/\/tischlerei-lanser.at\/en\/projekte\/hotel-chalets\/"},{"@type":"ListItem","position":4,"name":"Hebbo &#8211; Wine and Deli"}]},{"@type":"WebSite","@id":"https:\/\/tischlerei-lanser.at\/en\/#website","url":"https:\/\/tischlerei-lanser.at\/en\/","name":"Tischlerei Lanser","description":"Wo Natur erhalten wird.","publisher":{"@id":"https:\/\/tischlerei-lanser.at\/en\/#organization"},"potentialAction":[{"@type":"SearchAction","target":{"@type":"EntryPoint","urlTemplate":"https:\/\/tischlerei-lanser.at\/en\/?s={search_term_string}"},"query-input":"required name=search_term_string"}],"inLanguage":"en-US"},{"@type":"Organization","@id":"https:\/\/tischlerei-lanser.at\/en\/#organization","name":"Tischlerei Lanser","url":"https:\/\/tischlerei-lanser.at\/en\/","logo":{"@type":"ImageObject","inLanguage":"en-US","@id":"https:\/\/tischlerei-lanser.at\/en\/#\/schema\/logo\/image\/","url":"https:\/\/tischlerei-lanser.at\/wp-content\/uploads\/Lanser_Logo_Jahreszahl.jpg","contentUrl":"https:\/\/tischlerei-lanser.at\/wp-content\/uploads\/Lanser_Logo_Jahreszahl.jpg","width":1920,"height":1015,"caption":"Tischlerei Lanser"},"image":{"@id":"https:\/\/tischlerei-lanser.at\/en\/#\/schema\/logo\/image\/"},"sameAs":["https:\/\/www.facebook.com\/TischlereiLanser\/","https:\/\/www.instagram.com\/tischlerei_lanser\/","https:\/\/www.linkedin.com\/company\/10006620"]}]}},"_links":{"self":[{"href":"https:\/\/tischlerei-lanser.at\/en\/wp-json\/wp\/v2\/pages\/5097"}],"collection":[{"href":"https:\/\/tischlerei-lanser.at\/en\/wp-json\/wp\/v2\/pages"}],"about":[{"href":"https:\/\/tischlerei-lanser.at\/en\/wp-json\/wp\/v2\/types\/page"}],"author":[{"embeddable":true,"href":"https:\/\/tischlerei-lanser.at\/en\/wp-json\/wp\/v2\/users\/2"}],"replies":[{"embeddable":true,"href":"https:\/\/tischlerei-lanser.at\/en\/wp-json\/wp\/v2\/comments?post=5097"}],"version-history":[{"count":14,"href":"https:\/\/tischlerei-lanser.at\/en\/wp-json\/wp\/v2\/pages\/5097\/revisions"}],"predecessor-version":[{"id":5322,"href":"https:\/\/tischlerei-lanser.at\/en\/wp-json\/wp\/v2\/pages\/5097\/revisions\/5322"}],"up":[{"embeddable":true,"href":"https:\/\/tischlerei-lanser.at\/en\/wp-json\/wp\/v2\/pages\/66"}],"wp:featuredmedia":[{"embeddable":true,"href":"https:\/\/tischlerei-lanser.at\/en\/wp-json\/wp\/v2\/media\/5098"}],"wp:attachment":[{"href":"https:\/\/tischlerei-lanser.at\/en\/wp-json\/wp\/v2\/media?parent=5097"}],"curies":[{"name":"wp","href":"https:\/\/api.w.org\/{rel}","templated":true}]}}