{"id":5008,"date":"2023-06-15T14:43:08","date_gmt":"2023-06-15T12:43:08","guid":{"rendered":"https:\/\/tischlerei-lanser.at\/?page_id=5008"},"modified":"2023-06-23T14:26:32","modified_gmt":"2023-06-23T12:26:32","slug":"alblerhof","status":"publish","type":"page","link":"https:\/\/tischlerei-lanser.at\/en\/projekte\/hotel-chalets\/alblerhof\/","title":{"rendered":"Alblerhof"},"content":{"rendered":"","protected":false},"excerpt":{"rendered":"","protected":false},"author":2,"featured_media":5054,"parent":66,"menu_order":42,"comment_status":"closed","ping_status":"closed","template":"page-templates\/projekt.php","meta":{"_acf_changed":false,"inline_featured_image":false,"footnotes":""},"acf":[],"yoast_head":"<!-- This site is optimized with the Yoast SEO plugin v22.1 - https:\/\/yoast.com\/wordpress\/plugins\/seo\/ -->\n<title>Alblerhof  Tischlerei Lanser &#8211; Projekt Alblerhof<\/title>\n<meta name=\"description\" content=\"Der Alblerhof liegt in Kalkstein im Villgratental und ist um 1900 entstanden. Der geschichtstr\u00e4chtige Hof wurde mit Ferienwohnungen im authentischen Stil und zeitgem\u00e4\u00dfem Komfort ausgestattet. Wir durften uns einbringen und fertigten neben den Stuben, Schlafzimmern, B\u00e4dern, Wohnbereich auch den Wellnessbereich. Es wurde ein authentischer Mix aus traditionellen und modernen Elementen geschaffen. Teilweise wurden alte Balken und Schindeln verwendet und mit neuen Materialien sinnvoll erg\u00e4nzt. Diese Philosophie der Nachhaltigkeit teilen wir mit dem Alblerhof.\" \/>\n<meta name=\"robots\" content=\"index, follow, max-snippet:-1, max-image-preview:large, max-video-preview:-1\" \/>\n<link rel=\"canonical\" href=\"https:\/\/tischlerei-lanser.at\/en\/projekte\/hotel-chalets\/alblerhof\/\" \/>\n<meta property=\"og:locale\" content=\"en_US\" \/>\n<meta property=\"og:type\" content=\"article\" \/>\n<meta property=\"og:title\" content=\"Alblerhof  Tischlerei Lanser &#8211; Projekt Alblerhof\" \/>\n<meta property=\"og:description\" content=\"Der Alblerhof liegt in Kalkstein im Villgratental und ist um 1900 entstanden. Der geschichtstr\u00e4chtige Hof wurde mit Ferienwohnungen im authentischen Stil und zeitgem\u00e4\u00dfem Komfort ausgestattet. Wir durften uns einbringen und fertigten neben den Stuben, Schlafzimmern, B\u00e4dern, Wohnbereich auch den Wellnessbereich. Es wurde ein authentischer Mix aus traditionellen und modernen Elementen geschaffen. Teilweise wurden alte Balken und Schindeln verwendet und mit neuen Materialien sinnvoll erg\u00e4nzt. Diese Philosophie der Nachhaltigkeit teilen wir mit dem Alblerhof.\" \/>\n<meta property=\"og:url\" content=\"https:\/\/tischlerei-lanser.at\/en\/projekte\/hotel-chalets\/alblerhof\/\" \/>\n<meta property=\"og:site_name\" content=\"Tischlerei Lanser\" \/>\n<meta property=\"article:publisher\" content=\"https:\/\/www.facebook.com\/TischlereiLanser\/\" \/>\n<meta property=\"article:modified_time\" content=\"2023-06-23T12:26:32+00:00\" \/>\n<meta property=\"og:image\" content=\"https:\/\/tischlerei-lanser.at\/wp-content\/uploads\/77-Oberstadl9.jpg\" \/>\n\t<meta property=\"og:image:width\" content=\"1920\" \/>\n\t<meta property=\"og:image:height\" content=\"1282\" \/>\n\t<meta property=\"og:image:type\" content=\"image\/jpeg\" \/>\n<meta name=\"twitter:card\" content=\"summary_large_image\" \/>\n<script type=\"application\/ld+json\" class=\"yoast-schema-graph\">{\"@context\":\"https:\/\/schema.org\",\"@graph\":[{\"@type\":\"WebPage\",\"@id\":\"https:\/\/tischlerei-lanser.at\/en\/projekte\/hotel-chalets\/alblerhof\/\",\"url\":\"https:\/\/tischlerei-lanser.at\/en\/projekte\/hotel-chalets\/alblerhof\/\",\"name\":\"Alblerhof  Tischlerei Lanser &#8211; Projekt Alblerhof\",\"isPartOf\":{\"@id\":\"https:\/\/tischlerei-lanser.at\/en\/#website\"},\"datePublished\":\"2023-06-15T12:43:08+00:00\",\"dateModified\":\"2023-06-23T12:26:32+00:00\",\"description\":\"Der Alblerhof liegt in Kalkstein im Villgratental und ist um 1900 entstanden. Der geschichtstr\u00e4chtige Hof wurde mit Ferienwohnungen im authentischen Stil und zeitgem\u00e4\u00dfem Komfort ausgestattet. Wir durften uns einbringen und fertigten neben den Stuben, Schlafzimmern, B\u00e4dern, Wohnbereich auch den Wellnessbereich. Es wurde ein authentischer Mix aus traditionellen und modernen Elementen geschaffen. Teilweise wurden alte Balken und Schindeln verwendet und mit neuen Materialien sinnvoll erg\u00e4nzt. Diese Philosophie der Nachhaltigkeit teilen wir mit dem Alblerhof.\",\"breadcrumb\":{\"@id\":\"https:\/\/tischlerei-lanser.at\/en\/projekte\/hotel-chalets\/alblerhof\/#breadcrumb\"},\"inLanguage\":\"en-US\",\"potentialAction\":[{\"@type\":\"ReadAction\",\"target\":[[\"https:\/\/tischlerei-lanser.at\/en\/projekte\/hotel-chalets\/alblerhof\/\"]]}]},{\"@type\":\"BreadcrumbList\",\"@id\":\"https:\/\/tischlerei-lanser.at\/en\/projekte\/hotel-chalets\/alblerhof\/#breadcrumb\",\"itemListElement\":[{\"@type\":\"ListItem\",\"position\":1,\"name\":\"Startseite\",\"item\":\"https:\/\/tischlerei-lanser.at\/en\/\"},{\"@type\":\"ListItem\",\"position\":2,\"name\":\"Projekte\",\"item\":\"https:\/\/tischlerei-lanser.at\/en\/projekte\/\"},{\"@type\":\"ListItem\",\"position\":3,\"name\":\"Hotel &#038; Chalets\",\"item\":\"https:\/\/tischlerei-lanser.at\/en\/projekte\/hotel-chalets\/\"},{\"@type\":\"ListItem\",\"position\":4,\"name\":\"Alblerhof\"}]},{\"@type\":\"WebSite\",\"@id\":\"https:\/\/tischlerei-lanser.at\/en\/#website\",\"url\":\"https:\/\/tischlerei-lanser.at\/en\/\",\"name\":\"Tischlerei Lanser\",\"description\":\"Wo Natur erhalten wird.\",\"publisher\":{\"@id\":\"https:\/\/tischlerei-lanser.at\/en\/#organization\"},\"potentialAction\":[{\"@type\":\"SearchAction\",\"target\":{\"@type\":\"EntryPoint\",\"urlTemplate\":\"https:\/\/tischlerei-lanser.at\/en\/?s={search_term_string}\"},\"query-input\":\"required name=search_term_string\"}],\"inLanguage\":\"en-US\"},{\"@type\":\"Organization\",\"@id\":\"https:\/\/tischlerei-lanser.at\/en\/#organization\",\"name\":\"Tischlerei Lanser\",\"url\":\"https:\/\/tischlerei-lanser.at\/en\/\",\"logo\":{\"@type\":\"ImageObject\",\"inLanguage\":\"en-US\",\"@id\":\"https:\/\/tischlerei-lanser.at\/en\/#\/schema\/logo\/image\/\",\"url\":\"https:\/\/tischlerei-lanser.at\/wp-content\/uploads\/Lanser_Logo_Jahreszahl.jpg\",\"contentUrl\":\"https:\/\/tischlerei-lanser.at\/wp-content\/uploads\/Lanser_Logo_Jahreszahl.jpg\",\"width\":1920,\"height\":1015,\"caption\":\"Tischlerei Lanser\"},\"image\":{\"@id\":\"https:\/\/tischlerei-lanser.at\/en\/#\/schema\/logo\/image\/\"},\"sameAs\":[\"https:\/\/www.facebook.com\/TischlereiLanser\/\",\"https:\/\/www.instagram.com\/tischlerei_lanser\/\",\"https:\/\/www.linkedin.com\/company\/10006620\"]}]}<\/script>\n<!-- \/ Yoast SEO plugin. -->","yoast_head_json":{"title":"Alblerhof  Tischlerei Lanser &#8211; Projekt Alblerhof","description":"Der Alblerhof liegt in Kalkstein im Villgratental und ist um 1900 entstanden. Der geschichtstr\u00e4chtige Hof wurde mit Ferienwohnungen im authentischen Stil und zeitgem\u00e4\u00dfem Komfort ausgestattet. Wir durften uns einbringen und fertigten neben den Stuben, Schlafzimmern, B\u00e4dern, Wohnbereich auch den Wellnessbereich. Es wurde ein authentischer Mix aus traditionellen und modernen Elementen geschaffen. Teilweise wurden alte Balken und Schindeln verwendet und mit neuen Materialien sinnvoll erg\u00e4nzt. Diese Philosophie der Nachhaltigkeit teilen wir mit dem Alblerhof.","robots":{"index":"index","follow":"follow","max-snippet":"max-snippet:-1","max-image-preview":"max-image-preview:large","max-video-preview":"max-video-preview:-1"},"canonical":"https:\/\/tischlerei-lanser.at\/en\/projekte\/hotel-chalets\/alblerhof\/","og_locale":"en_US","og_type":"article","og_title":"Alblerhof  Tischlerei Lanser &#8211; Projekt Alblerhof","og_description":"Der Alblerhof liegt in Kalkstein im Villgratental und ist um 1900 entstanden. Der geschichtstr\u00e4chtige Hof wurde mit Ferienwohnungen im authentischen Stil und zeitgem\u00e4\u00dfem Komfort ausgestattet. Wir durften uns einbringen und fertigten neben den Stuben, Schlafzimmern, B\u00e4dern, Wohnbereich auch den Wellnessbereich. Es wurde ein authentischer Mix aus traditionellen und modernen Elementen geschaffen. Teilweise wurden alte Balken und Schindeln verwendet und mit neuen Materialien sinnvoll erg\u00e4nzt. Diese Philosophie der Nachhaltigkeit teilen wir mit dem Alblerhof.","og_url":"https:\/\/tischlerei-lanser.at\/en\/projekte\/hotel-chalets\/alblerhof\/","og_site_name":"Tischlerei Lanser","article_publisher":"https:\/\/www.facebook.com\/TischlereiLanser\/","article_modified_time":"2023-06-23T12:26:32+00:00","og_image":[{"width":1920,"height":1282,"url":"https:\/\/tischlerei-lanser.at\/wp-content\/uploads\/77-Oberstadl9.jpg","type":"image\/jpeg"}],"twitter_card":"summary_large_image","schema":{"@context":"https:\/\/schema.org","@graph":[{"@type":"WebPage","@id":"https:\/\/tischlerei-lanser.at\/en\/projekte\/hotel-chalets\/alblerhof\/","url":"https:\/\/tischlerei-lanser.at\/en\/projekte\/hotel-chalets\/alblerhof\/","name":"Alblerhof  Tischlerei Lanser &#8211; Projekt Alblerhof","isPartOf":{"@id":"https:\/\/tischlerei-lanser.at\/en\/#website"},"datePublished":"2023-06-15T12:43:08+00:00","dateModified":"2023-06-23T12:26:32+00:00","description":"Der Alblerhof liegt in Kalkstein im Villgratental und ist um 1900 entstanden. Der geschichtstr\u00e4chtige Hof wurde mit Ferienwohnungen im authentischen Stil und zeitgem\u00e4\u00dfem Komfort ausgestattet. Wir durften uns einbringen und fertigten neben den Stuben, Schlafzimmern, B\u00e4dern, Wohnbereich auch den Wellnessbereich. Es wurde ein authentischer Mix aus traditionellen und modernen Elementen geschaffen. Teilweise wurden alte Balken und Schindeln verwendet und mit neuen Materialien sinnvoll erg\u00e4nzt. Diese Philosophie der Nachhaltigkeit teilen wir mit dem Alblerhof.","breadcrumb":{"@id":"https:\/\/tischlerei-lanser.at\/en\/projekte\/hotel-chalets\/alblerhof\/#breadcrumb"},"inLanguage":"en-US","potentialAction":[{"@type":"ReadAction","target":[["https:\/\/tischlerei-lanser.at\/en\/projekte\/hotel-chalets\/alblerhof\/"]]}]},{"@type":"BreadcrumbList","@id":"https:\/\/tischlerei-lanser.at\/en\/projekte\/hotel-chalets\/alblerhof\/#breadcrumb","itemListElement":[{"@type":"ListItem","position":1,"name":"Startseite","item":"https:\/\/tischlerei-lanser.at\/en\/"},{"@type":"ListItem","position":2,"name":"Projekte","item":"https:\/\/tischlerei-lanser.at\/en\/projekte\/"},{"@type":"ListItem","position":3,"name":"Hotel &#038; Chalets","item":"https:\/\/tischlerei-lanser.at\/en\/projekte\/hotel-chalets\/"},{"@type":"ListItem","position":4,"name":"Alblerhof"}]},{"@type":"WebSite","@id":"https:\/\/tischlerei-lanser.at\/en\/#website","url":"https:\/\/tischlerei-lanser.at\/en\/","name":"Tischlerei Lanser","description":"Wo Natur erhalten wird.","publisher":{"@id":"https:\/\/tischlerei-lanser.at\/en\/#organization"},"potentialAction":[{"@type":"SearchAction","target":{"@type":"EntryPoint","urlTemplate":"https:\/\/tischlerei-lanser.at\/en\/?s={search_term_string}"},"query-input":"required name=search_term_string"}],"inLanguage":"en-US"},{"@type":"Organization","@id":"https:\/\/tischlerei-lanser.at\/en\/#organization","name":"Tischlerei Lanser","url":"https:\/\/tischlerei-lanser.at\/en\/","logo":{"@type":"ImageObject","inLanguage":"en-US","@id":"https:\/\/tischlerei-lanser.at\/en\/#\/schema\/logo\/image\/","url":"https:\/\/tischlerei-lanser.at\/wp-content\/uploads\/Lanser_Logo_Jahreszahl.jpg","contentUrl":"https:\/\/tischlerei-lanser.at\/wp-content\/uploads\/Lanser_Logo_Jahreszahl.jpg","width":1920,"height":1015,"caption":"Tischlerei Lanser"},"image":{"@id":"https:\/\/tischlerei-lanser.at\/en\/#\/schema\/logo\/image\/"},"sameAs":["https:\/\/www.facebook.com\/TischlereiLanser\/","https:\/\/www.instagram.com\/tischlerei_lanser\/","https:\/\/www.linkedin.com\/company\/10006620"]}]}},"_links":{"self":[{"href":"https:\/\/tischlerei-lanser.at\/en\/wp-json\/wp\/v2\/pages\/5008"}],"collection":[{"href":"https:\/\/tischlerei-lanser.at\/en\/wp-json\/wp\/v2\/pages"}],"about":[{"href":"https:\/\/tischlerei-lanser.at\/en\/wp-json\/wp\/v2\/types\/page"}],"author":[{"embeddable":true,"href":"https:\/\/tischlerei-lanser.at\/en\/wp-json\/wp\/v2\/users\/2"}],"replies":[{"embeddable":true,"href":"https:\/\/tischlerei-lanser.at\/en\/wp-json\/wp\/v2\/comments?post=5008"}],"version-history":[{"count":19,"href":"https:\/\/tischlerei-lanser.at\/en\/wp-json\/wp\/v2\/pages\/5008\/revisions"}],"predecessor-version":[{"id":5057,"href":"https:\/\/tischlerei-lanser.at\/en\/wp-json\/wp\/v2\/pages\/5008\/revisions\/5057"}],"up":[{"embeddable":true,"href":"https:\/\/tischlerei-lanser.at\/en\/wp-json\/wp\/v2\/pages\/66"}],"wp:featuredmedia":[{"embeddable":true,"href":"https:\/\/tischlerei-lanser.at\/en\/wp-json\/wp\/v2\/media\/5054"}],"wp:attachment":[{"href":"https:\/\/tischlerei-lanser.at\/en\/wp-json\/wp\/v2\/media?parent=5008"}],"curies":[{"name":"wp","href":"https:\/\/api.w.org\/{rel}","templated":true}]}}