{"id":4407,"date":"2023-03-23T18:41:01","date_gmt":"2023-03-23T17:41:01","guid":{"rendered":"https:\/\/tischlerei-lanser.at\/?page_id=4407"},"modified":"2023-03-30T15:55:20","modified_gmt":"2023-03-30T13:55:20","slug":"gewinnspiel","status":"publish","type":"page","link":"https:\/\/tischlerei-lanser.at\/en\/gewinnspiel\/","title":{"rendered":"Teilnahmebedingungen Gewinnspiel"},"content":{"rendered":"<p class=\"qtranxs-available-languages-message qtranxs-available-languages-message-en\">Sorry, this entry is only available in <a href=\"https:\/\/tischlerei-lanser.at\/de\/wp-json\/wp\/v2\/pages\/4407\" class=\"qtranxs-available-language-link qtranxs-available-language-link-de\" title=\"de\">German<\/a>.<\/p><p><\/p>\n<h3><strong>Teilnahmebedingungen am Gewinnspiel<br \/>\n<\/strong><\/h3>\n<p>Das Gewinnspiel wird von der Tischlerei Lanser Gmbh, Gasse 96a, A-9932 Innervillgraten veranstaltet und richtet sich ausschlie\u00dflich nach folgenden Bedingungen.<\/p>\n<p>Mit der Teilnahme am Gewinnspiel erkl\u00e4rt sich der Teilnehmer mit diesen Bestimmungen bzw. Teilnahmebedingungen einverstanden.<\/p>\n<h3><strong>Teilnahme und Ablauf des Gewinnspiels<\/strong><\/h3>\n<p>Die Teilnahme am Gewinnspiel ist kostenlos. Keine Barabl\u00f6se m\u00f6glich. Die Dauer des Gewinnspiels ist auf der jeweiligen Gewinnspiel-Karte ausgewiesen.<\/p>\n<p>Die Ermittlung der Gewinner erfolgt nach Teilnahmeschluss im Rahmen einer auf dem Zufallsprinzip beruhenden Verlosung unter allen Teilnehmer. Ist das Gewinnspiel mit einer Aufgabe verkn\u00fcpft, kommen ausschlie\u00dflich diejenigen Teilnehmer in die Verlosung, welche die Aufgabe korrekt durchgef\u00fchrt haben.<\/p>\n<p>Die \u00dcbergabe des Gewinns erfolgt am Ort des Gewinnspiels bzw. an einer der Standorte der Tischlerei Lanser Gmbh.<\/p>\n<h3>Teilnahmeberechtigte Personen<\/h3>\n<p>Teilnahmeberechtigt sind nat\u00fcrliche Personen, die ihren Wohnsitz in \u00d6sterreich oder Italien haben und zum Zeitpunkt der Teilnahme das 18. Lebensjahr vollendet haben.<\/p>\n<p>Von der Teilnahme ausgeschlossen sind Angestellte der Tischlerei Lanser Gmbh und andere an der Konzeption und Umsetzung des Gewinnspiels beteiligte Personen.<\/p>\n<p>Im Fall einer schuldhaften Verletzung der Teilnahmebedingungen ist die Tischlerei Lanser Gmbh berechtigt, den Teilnehmer mit sofortiger Wirkung auszuschlie\u00dfen.<\/p>\n<p>Der Veranstalter ist berechtigt, das Gewinnspiel ohne vorherige Ank\u00fcndigung und unverz\u00fcglich aus wichtigem Grund abzubrechen. Das Gewinnspiel kann auch aufgrund h\u00f6herer Gewalt oder sonstiger Gr\u00fcnde eingestellt werden.<\/p>\n<h3>Gewinn<\/h3>\n<p>Der Gewinner wird nach Ablauf des Teilnahmezeitraums innerhalb von zehn Werktagen ermittelt und kontaktiert. Best\u00e4tigt ein Gewinner den Gewinn nicht innerhalb von drei Werktagen, so verf\u00e4llt der Gewinn und ein anderer Gewinner wird durch ein erneutes Auswahlverfahren ermittelt. Die Verst\u00e4ndigung erfolgt per E-Mail.<\/p>\n<p>Mit der Inanspruchnahme des Gewinns verbundene Zusatzkosten gehen zu Lasten des Gewinners. F\u00fcr eine etwaige Versteuerung des Gewinns ist der Gewinner selbst verantwortlich.<\/p>\n<h3>Datenschutz<\/h3>\n<p>Der Teilnehmer versichert, dass die von ihm gemachten Angaben zur Person wahrheitsgem\u00e4\u00df und richtig sind. Der Veranstalter weist darauf hin, dass s\u00e4mtliche personenbezogenen Daten des Teilnehmers ohne Einverst\u00e4ndnis weder an Dritte weitergegeben noch diesen zur Nutzung \u00fcberlassen werden.<\/p>\n<p>Der Teilnehmer ist damit einverstanden, dass im Falle eines Gewinns sein Name, der Gewinnbeitrag (zB Social Media Post o\u00e4) und der Umstand des Gewinns und allenfalls ein Foto von ihm durch den Veranstalterwerblich genutzt und ver\u00f6ffentlicht wird.<\/p>\n<p>Der Teilnehmer kann seine erkl\u00e4rte Einwilligung jederzeit widerrufen. Der Widerruf ist schriftlich an die im Impressum angegebenen Kontaktdaten zu richten. Nach Widerruf der Einwilligung werden die erhobenen und gespeicherten personenbezogenen Daten des Teilnehmers umgehend gel\u00f6scht.<\/p>\n<h3>Salvatorische Klausel<\/h3>\n<p>Durch die Unzul\u00e4ssigkeit oder Unwirksamkeit einzelner vertraglicher Bestimmungen, wird die G\u00fcltigkeit des Vertrages nicht ber\u00fchrt. Unzul\u00e4ssige oder unwirksame Bestimmungen sind durch solche Regelungen zu ersetzen, die dem wirtschaftlichen Sinn oder Zweck der betroffenen Bestimmung am ehesten entsprechen<\/p>\n<h3>Sonstiges<\/h3>\n<p>Gewinnspiele sind nicht mit anderen Aktionen kombinierbar. Der Gewinnanspruch ist nicht \u00fcbertragbar und berechtigt nicht, zuvor erworbene Waren und\/oder Dienstleistungen von der Tischlerei Lanser Gmbh umzutauschen oder zur\u00fcckzugeben. Barauszahlung, \u00c4nderung oder Umtausch des Gewinns sind ausgeschlossen.<\/p>\n<p>S\u00e4mtliche mit dem Gewinn oder seiner Entgegennahme bzw. mit der Nutzung entstehenden Betriebs-, Neben-, Reparatur- und\/oder andere Folgekosten tr\u00e4gt der Gewinner.<\/p>\n<p>Der Rechtsweg ist ausgeschlossen.<\/p>\n<p>R\u00fcckfragen oder Beanstandungen im Zusammenhang mit dem Gewinnspiel k\u00f6nnen an die Tischlerei Lanser Gmbh, Kontaktdaten im Impressum, gerichtet werden.<\/p>\n<p>Es gilt \u00f6sterreichisches Recht.<\/p>\n<p>&nbsp;<\/p>","protected":false},"excerpt":{"rendered":"<p>Sorry, this entry is only available in German. Teilnahmebedingungen am&hellip;<\/p>\n","protected":false},"author":1,"featured_media":0,"parent":0,"menu_order":60,"comment_status":"closed","ping_status":"closed","template":"","meta":{"_acf_changed":false,"inline_featured_image":false,"footnotes":""},"acf":[],"yoast_head":"<!-- This site is optimized with the Yoast SEO plugin v22.1 - https:\/\/yoast.com\/wordpress\/plugins\/seo\/ -->\n<title>Teilnahmebedingungen Gewinnspiel &#8211; Tischlerei Lanser<\/title>\n<meta name=\"robots\" content=\"index, follow, max-snippet:-1, max-image-preview:large, max-video-preview:-1\" \/>\n<link rel=\"canonical\" href=\"https:\/\/tischlerei-lanser.at\/en\/gewinnspiel\/\" \/>\n<meta property=\"og:locale\" content=\"en_US\" \/>\n<meta property=\"og:type\" content=\"article\" \/>\n<meta property=\"og:title\" content=\"Teilnahmebedingungen Gewinnspiel &#8211; Tischlerei Lanser\" \/>\n<meta property=\"og:description\" content=\"Sorry, this entry is only available in German. Teilnahmebedingungen am&hellip;\" \/>\n<meta property=\"og:url\" content=\"https:\/\/tischlerei-lanser.at\/en\/gewinnspiel\/\" \/>\n<meta property=\"og:site_name\" content=\"Tischlerei Lanser\" \/>\n<meta property=\"article:publisher\" content=\"https:\/\/www.facebook.com\/TischlereiLanser\/\" \/>\n<meta property=\"article:modified_time\" content=\"2023-03-30T13:55:20+00:00\" \/>\n<meta name=\"twitter:card\" content=\"summary_large_image\" \/>\n<meta name=\"twitter:label1\" content=\"Est. reading time\" \/>\n\t<meta name=\"twitter:data1\" content=\"3 minutes\" \/>\n<script type=\"application\/ld+json\" class=\"yoast-schema-graph\">{\"@context\":\"https:\/\/schema.org\",\"@graph\":[{\"@type\":\"WebPage\",\"@id\":\"https:\/\/tischlerei-lanser.at\/en\/gewinnspiel\/\",\"url\":\"https:\/\/tischlerei-lanser.at\/en\/gewinnspiel\/\",\"name\":\"Teilnahmebedingungen Gewinnspiel &#8211; Tischlerei Lanser\",\"isPartOf\":{\"@id\":\"https:\/\/tischlerei-lanser.at\/en\/#website\"},\"datePublished\":\"2023-03-23T17:41:01+00:00\",\"dateModified\":\"2023-03-30T13:55:20+00:00\",\"breadcrumb\":{\"@id\":\"https:\/\/tischlerei-lanser.at\/en\/gewinnspiel\/#breadcrumb\"},\"inLanguage\":\"en-US\",\"potentialAction\":[{\"@type\":\"ReadAction\",\"target\":[[\"https:\/\/tischlerei-lanser.at\/en\/gewinnspiel\/\"]]}]},{\"@type\":\"BreadcrumbList\",\"@id\":\"https:\/\/tischlerei-lanser.at\/en\/gewinnspiel\/#breadcrumb\",\"itemListElement\":[{\"@type\":\"ListItem\",\"position\":1,\"name\":\"Startseite\",\"item\":\"https:\/\/tischlerei-lanser.at\/en\/\"},{\"@type\":\"ListItem\",\"position\":2,\"name\":\"Teilnahmebedingungen Gewinnspiel\"}]},{\"@type\":\"WebSite\",\"@id\":\"https:\/\/tischlerei-lanser.at\/en\/#website\",\"url\":\"https:\/\/tischlerei-lanser.at\/en\/\",\"name\":\"Tischlerei Lanser\",\"description\":\"Wo Natur erhalten wird.\",\"publisher\":{\"@id\":\"https:\/\/tischlerei-lanser.at\/en\/#organization\"},\"potentialAction\":[{\"@type\":\"SearchAction\",\"target\":{\"@type\":\"EntryPoint\",\"urlTemplate\":\"https:\/\/tischlerei-lanser.at\/en\/?s={search_term_string}\"},\"query-input\":\"required name=search_term_string\"}],\"inLanguage\":\"en-US\"},{\"@type\":\"Organization\",\"@id\":\"https:\/\/tischlerei-lanser.at\/en\/#organization\",\"name\":\"Tischlerei Lanser\",\"url\":\"https:\/\/tischlerei-lanser.at\/en\/\",\"logo\":{\"@type\":\"ImageObject\",\"inLanguage\":\"en-US\",\"@id\":\"https:\/\/tischlerei-lanser.at\/en\/#\/schema\/logo\/image\/\",\"url\":\"https:\/\/tischlerei-lanser.at\/wp-content\/uploads\/Lanser_Logo_Jahreszahl.jpg\",\"contentUrl\":\"https:\/\/tischlerei-lanser.at\/wp-content\/uploads\/Lanser_Logo_Jahreszahl.jpg\",\"width\":1920,\"height\":1015,\"caption\":\"Tischlerei Lanser\"},\"image\":{\"@id\":\"https:\/\/tischlerei-lanser.at\/en\/#\/schema\/logo\/image\/\"},\"sameAs\":[\"https:\/\/www.facebook.com\/TischlereiLanser\/\",\"https:\/\/www.instagram.com\/tischlerei_lanser\/\",\"https:\/\/www.linkedin.com\/company\/10006620\"]}]}<\/script>\n<!-- \/ Yoast SEO plugin. -->","yoast_head_json":{"title":"Teilnahmebedingungen Gewinnspiel &#8211; Tischlerei Lanser","robots":{"index":"index","follow":"follow","max-snippet":"max-snippet:-1","max-image-preview":"max-image-preview:large","max-video-preview":"max-video-preview:-1"},"canonical":"https:\/\/tischlerei-lanser.at\/en\/gewinnspiel\/","og_locale":"en_US","og_type":"article","og_title":"Teilnahmebedingungen Gewinnspiel &#8211; Tischlerei Lanser","og_description":"Sorry, this entry is only available in German. Teilnahmebedingungen am&hellip;","og_url":"https:\/\/tischlerei-lanser.at\/en\/gewinnspiel\/","og_site_name":"Tischlerei Lanser","article_publisher":"https:\/\/www.facebook.com\/TischlereiLanser\/","article_modified_time":"2023-03-30T13:55:20+00:00","twitter_card":"summary_large_image","twitter_misc":{"Est. reading time":"3 minutes"},"schema":{"@context":"https:\/\/schema.org","@graph":[{"@type":"WebPage","@id":"https:\/\/tischlerei-lanser.at\/en\/gewinnspiel\/","url":"https:\/\/tischlerei-lanser.at\/en\/gewinnspiel\/","name":"Teilnahmebedingungen Gewinnspiel &#8211; Tischlerei Lanser","isPartOf":{"@id":"https:\/\/tischlerei-lanser.at\/en\/#website"},"datePublished":"2023-03-23T17:41:01+00:00","dateModified":"2023-03-30T13:55:20+00:00","breadcrumb":{"@id":"https:\/\/tischlerei-lanser.at\/en\/gewinnspiel\/#breadcrumb"},"inLanguage":"en-US","potentialAction":[{"@type":"ReadAction","target":[["https:\/\/tischlerei-lanser.at\/en\/gewinnspiel\/"]]}]},{"@type":"BreadcrumbList","@id":"https:\/\/tischlerei-lanser.at\/en\/gewinnspiel\/#breadcrumb","itemListElement":[{"@type":"ListItem","position":1,"name":"Startseite","item":"https:\/\/tischlerei-lanser.at\/en\/"},{"@type":"ListItem","position":2,"name":"Teilnahmebedingungen Gewinnspiel"}]},{"@type":"WebSite","@id":"https:\/\/tischlerei-lanser.at\/en\/#website","url":"https:\/\/tischlerei-lanser.at\/en\/","name":"Tischlerei Lanser","description":"Wo Natur erhalten wird.","publisher":{"@id":"https:\/\/tischlerei-lanser.at\/en\/#organization"},"potentialAction":[{"@type":"SearchAction","target":{"@type":"EntryPoint","urlTemplate":"https:\/\/tischlerei-lanser.at\/en\/?s={search_term_string}"},"query-input":"required name=search_term_string"}],"inLanguage":"en-US"},{"@type":"Organization","@id":"https:\/\/tischlerei-lanser.at\/en\/#organization","name":"Tischlerei Lanser","url":"https:\/\/tischlerei-lanser.at\/en\/","logo":{"@type":"ImageObject","inLanguage":"en-US","@id":"https:\/\/tischlerei-lanser.at\/en\/#\/schema\/logo\/image\/","url":"https:\/\/tischlerei-lanser.at\/wp-content\/uploads\/Lanser_Logo_Jahreszahl.jpg","contentUrl":"https:\/\/tischlerei-lanser.at\/wp-content\/uploads\/Lanser_Logo_Jahreszahl.jpg","width":1920,"height":1015,"caption":"Tischlerei Lanser"},"image":{"@id":"https:\/\/tischlerei-lanser.at\/en\/#\/schema\/logo\/image\/"},"sameAs":["https:\/\/www.facebook.com\/TischlereiLanser\/","https:\/\/www.instagram.com\/tischlerei_lanser\/","https:\/\/www.linkedin.com\/company\/10006620"]}]}},"_links":{"self":[{"href":"https:\/\/tischlerei-lanser.at\/en\/wp-json\/wp\/v2\/pages\/4407"}],"collection":[{"href":"https:\/\/tischlerei-lanser.at\/en\/wp-json\/wp\/v2\/pages"}],"about":[{"href":"https:\/\/tischlerei-lanser.at\/en\/wp-json\/wp\/v2\/types\/page"}],"author":[{"embeddable":true,"href":"https:\/\/tischlerei-lanser.at\/en\/wp-json\/wp\/v2\/users\/1"}],"replies":[{"embeddable":true,"href":"https:\/\/tischlerei-lanser.at\/en\/wp-json\/wp\/v2\/comments?post=4407"}],"version-history":[{"count":3,"href":"https:\/\/tischlerei-lanser.at\/en\/wp-json\/wp\/v2\/pages\/4407\/revisions"}],"predecessor-version":[{"id":4412,"href":"https:\/\/tischlerei-lanser.at\/en\/wp-json\/wp\/v2\/pages\/4407\/revisions\/4412"}],"wp:attachment":[{"href":"https:\/\/tischlerei-lanser.at\/en\/wp-json\/wp\/v2\/media?parent=4407"}],"curies":[{"name":"wp","href":"https:\/\/api.w.org\/{rel}","templated":true}]}}