{"id":4250,"date":"2023-03-03T11:28:05","date_gmt":"2023-03-03T10:28:05","guid":{"rendered":"https:\/\/tischlerei-lanser.at\/?page_id=4250"},"modified":"2023-06-28T09:41:25","modified_gmt":"2023-06-28T07:41:25","slug":"tischlerei-lanser-2023","status":"publish","type":"page","link":"https:\/\/tischlerei-lanser.at\/en\/","title":{"rendered":"Tischlerei Lanser"},"content":{"rendered":"","protected":false},"excerpt":{"rendered":"","protected":false},"author":1,"featured_media":46,"parent":0,"menu_order":0,"comment_status":"closed","ping_status":"closed","template":"page-templates\/startseite.php","meta":{"_acf_changed":false,"inline_featured_image":false,"footnotes":""},"acf":[],"yoast_head":"<!-- This site is optimized with the Yoast SEO plugin v22.1 - https:\/\/yoast.com\/wordpress\/plugins\/seo\/ -->\n<title>Tischlerei Lanser &#8211; R\u00e4ume mit Charakter<\/title>\n<meta name=\"description\" content=\"Wir vereinen traditionelles Handwerk mit modernem Design und das seit 145 Jahren. Wir schaffen R\u00e4ume mit Charakter und bieten unseren Kunden alles aus einer Hand, von der pers\u00f6nlichen Beratung, der individuellen Planung, ma\u00dfgefertigten Einrichtungen aus der Tischlerei bis hin zu einzelnen Markenm\u00f6beln. Einrichtung, K\u00fcche, Wohnen, Einrichter, M\u00f6belgesch\u00e4ft, M\u00f6bel, Tischlerei\" \/>\n<meta name=\"robots\" content=\"index, follow, max-snippet:-1, max-image-preview:large, max-video-preview:-1\" \/>\n<link rel=\"canonical\" href=\"https:\/\/tischlerei-lanser.at\/en\/\" \/>\n<meta property=\"og:locale\" content=\"en_US\" \/>\n<meta property=\"og:type\" content=\"article\" \/>\n<meta property=\"og:title\" content=\"Tischlerei Lanser &#8211; R\u00e4ume mit Charakter\" \/>\n<meta property=\"og:description\" content=\"Wir vereinen traditionelles Handwerk mit modernem Design und das seit 145 Jahren. Wir schaffen R\u00e4ume mit Charakter und bieten unseren Kunden alles aus einer Hand, von der pers\u00f6nlichen Beratung, der individuellen Planung, ma\u00dfgefertigten Einrichtungen aus der Tischlerei bis hin zu einzelnen Markenm\u00f6beln. Einrichtung, K\u00fcche, Wohnen, Einrichter, M\u00f6belgesch\u00e4ft, M\u00f6bel, Tischlerei\" \/>\n<meta property=\"og:url\" content=\"https:\/\/tischlerei-lanser.at\/en\/\" \/>\n<meta property=\"og:site_name\" content=\"Tischlerei Lanser\" \/>\n<meta property=\"article:publisher\" content=\"https:\/\/www.facebook.com\/TischlereiLanser\/\" \/>\n<meta property=\"article:modified_time\" content=\"2023-06-28T07:41:25+00:00\" \/>\n<meta property=\"og:image\" content=\"https:\/\/tischlerei-lanser.at\/wp-content\/uploads\/nav-tischlerei.jpg\" \/>\n\t<meta property=\"og:image:width\" content=\"800\" \/>\n\t<meta property=\"og:image:height\" content=\"533\" \/>\n\t<meta property=\"og:image:type\" content=\"image\/jpeg\" \/>\n<meta name=\"twitter:card\" content=\"summary_large_image\" \/>\n<script type=\"application\/ld+json\" class=\"yoast-schema-graph\">{\"@context\":\"https:\/\/schema.org\",\"@graph\":[{\"@type\":\"WebPage\",\"@id\":\"https:\/\/tischlerei-lanser.at\/en\/\",\"url\":\"https:\/\/tischlerei-lanser.at\/en\/\",\"name\":\"Tischlerei Lanser &#8211; R\u00e4ume mit Charakter\",\"isPartOf\":{\"@id\":\"https:\/\/tischlerei-lanser.at\/en\/#website\"},\"datePublished\":\"2023-03-03T10:28:05+00:00\",\"dateModified\":\"2023-06-28T07:41:25+00:00\",\"description\":\"Wir vereinen traditionelles Handwerk mit modernem Design und das seit 145 Jahren. Wir schaffen R\u00e4ume mit Charakter und bieten unseren Kunden alles aus einer Hand, von der pers\u00f6nlichen Beratung, der individuellen Planung, ma\u00dfgefertigten Einrichtungen aus der Tischlerei bis hin zu einzelnen Markenm\u00f6beln. Einrichtung, K\u00fcche, Wohnen, Einrichter, M\u00f6belgesch\u00e4ft, M\u00f6bel, Tischlerei\",\"breadcrumb\":{\"@id\":\"https:\/\/tischlerei-lanser.at\/en\/#breadcrumb\"},\"inLanguage\":\"en-US\",\"potentialAction\":[{\"@type\":\"ReadAction\",\"target\":[[\"https:\/\/tischlerei-lanser.at\/en\/\"]]}]},{\"@type\":\"BreadcrumbList\",\"@id\":\"https:\/\/tischlerei-lanser.at\/en\/#breadcrumb\",\"itemListElement\":[{\"@type\":\"ListItem\",\"position\":1,\"name\":\"Startseite\",\"item\":\"https:\/\/tischlerei-lanser.at\/en\/\"},{\"@type\":\"ListItem\",\"position\":2,\"name\":\"Tischlerei Lanser\"}]},{\"@type\":\"WebSite\",\"@id\":\"https:\/\/tischlerei-lanser.at\/en\/#website\",\"url\":\"https:\/\/tischlerei-lanser.at\/en\/\",\"name\":\"Tischlerei Lanser\",\"description\":\"Wo Natur erhalten wird.\",\"publisher\":{\"@id\":\"https:\/\/tischlerei-lanser.at\/en\/#organization\"},\"potentialAction\":[{\"@type\":\"SearchAction\",\"target\":{\"@type\":\"EntryPoint\",\"urlTemplate\":\"https:\/\/tischlerei-lanser.at\/en\/?s={search_term_string}\"},\"query-input\":\"required name=search_term_string\"}],\"inLanguage\":\"en-US\"},{\"@type\":\"Organization\",\"@id\":\"https:\/\/tischlerei-lanser.at\/en\/#organization\",\"name\":\"Tischlerei Lanser\",\"url\":\"https:\/\/tischlerei-lanser.at\/en\/\",\"logo\":{\"@type\":\"ImageObject\",\"inLanguage\":\"en-US\",\"@id\":\"https:\/\/tischlerei-lanser.at\/en\/#\/schema\/logo\/image\/\",\"url\":\"https:\/\/tischlerei-lanser.at\/wp-content\/uploads\/Lanser_Logo_Jahreszahl.jpg\",\"contentUrl\":\"https:\/\/tischlerei-lanser.at\/wp-content\/uploads\/Lanser_Logo_Jahreszahl.jpg\",\"width\":1920,\"height\":1015,\"caption\":\"Tischlerei Lanser\"},\"image\":{\"@id\":\"https:\/\/tischlerei-lanser.at\/en\/#\/schema\/logo\/image\/\"},\"sameAs\":[\"https:\/\/www.facebook.com\/TischlereiLanser\/\",\"https:\/\/www.instagram.com\/tischlerei_lanser\/\",\"https:\/\/www.linkedin.com\/company\/10006620\"]}]}<\/script>\n<!-- \/ Yoast SEO plugin. -->","yoast_head_json":{"title":"Tischlerei Lanser &#8211; R\u00e4ume mit Charakter","description":"Wir vereinen traditionelles Handwerk mit modernem Design und das seit 145 Jahren. Wir schaffen R\u00e4ume mit Charakter und bieten unseren Kunden alles aus einer Hand, von der pers\u00f6nlichen Beratung, der individuellen Planung, ma\u00dfgefertigten Einrichtungen aus der Tischlerei bis hin zu einzelnen Markenm\u00f6beln. Einrichtung, K\u00fcche, Wohnen, Einrichter, M\u00f6belgesch\u00e4ft, M\u00f6bel, Tischlerei","robots":{"index":"index","follow":"follow","max-snippet":"max-snippet:-1","max-image-preview":"max-image-preview:large","max-video-preview":"max-video-preview:-1"},"canonical":"https:\/\/tischlerei-lanser.at\/en\/","og_locale":"en_US","og_type":"article","og_title":"Tischlerei Lanser &#8211; R\u00e4ume mit Charakter","og_description":"Wir vereinen traditionelles Handwerk mit modernem Design und das seit 145 Jahren. Wir schaffen R\u00e4ume mit Charakter und bieten unseren Kunden alles aus einer Hand, von der pers\u00f6nlichen Beratung, der individuellen Planung, ma\u00dfgefertigten Einrichtungen aus der Tischlerei bis hin zu einzelnen Markenm\u00f6beln. Einrichtung, K\u00fcche, Wohnen, Einrichter, M\u00f6belgesch\u00e4ft, M\u00f6bel, Tischlerei","og_url":"https:\/\/tischlerei-lanser.at\/en\/","og_site_name":"Tischlerei Lanser","article_publisher":"https:\/\/www.facebook.com\/TischlereiLanser\/","article_modified_time":"2023-06-28T07:41:25+00:00","og_image":[{"width":800,"height":533,"url":"https:\/\/tischlerei-lanser.at\/wp-content\/uploads\/nav-tischlerei.jpg","type":"image\/jpeg"}],"twitter_card":"summary_large_image","schema":{"@context":"https:\/\/schema.org","@graph":[{"@type":"WebPage","@id":"https:\/\/tischlerei-lanser.at\/en\/","url":"https:\/\/tischlerei-lanser.at\/en\/","name":"Tischlerei Lanser &#8211; R\u00e4ume mit Charakter","isPartOf":{"@id":"https:\/\/tischlerei-lanser.at\/en\/#website"},"datePublished":"2023-03-03T10:28:05+00:00","dateModified":"2023-06-28T07:41:25+00:00","description":"Wir vereinen traditionelles Handwerk mit modernem Design und das seit 145 Jahren. Wir schaffen R\u00e4ume mit Charakter und bieten unseren Kunden alles aus einer Hand, von der pers\u00f6nlichen Beratung, der individuellen Planung, ma\u00dfgefertigten Einrichtungen aus der Tischlerei bis hin zu einzelnen Markenm\u00f6beln. Einrichtung, K\u00fcche, Wohnen, Einrichter, M\u00f6belgesch\u00e4ft, M\u00f6bel, Tischlerei","breadcrumb":{"@id":"https:\/\/tischlerei-lanser.at\/en\/#breadcrumb"},"inLanguage":"en-US","potentialAction":[{"@type":"ReadAction","target":[["https:\/\/tischlerei-lanser.at\/en\/"]]}]},{"@type":"BreadcrumbList","@id":"https:\/\/tischlerei-lanser.at\/en\/#breadcrumb","itemListElement":[{"@type":"ListItem","position":1,"name":"Startseite","item":"https:\/\/tischlerei-lanser.at\/en\/"},{"@type":"ListItem","position":2,"name":"Tischlerei Lanser"}]},{"@type":"WebSite","@id":"https:\/\/tischlerei-lanser.at\/en\/#website","url":"https:\/\/tischlerei-lanser.at\/en\/","name":"Tischlerei Lanser","description":"Wo Natur erhalten wird.","publisher":{"@id":"https:\/\/tischlerei-lanser.at\/en\/#organization"},"potentialAction":[{"@type":"SearchAction","target":{"@type":"EntryPoint","urlTemplate":"https:\/\/tischlerei-lanser.at\/en\/?s={search_term_string}"},"query-input":"required name=search_term_string"}],"inLanguage":"en-US"},{"@type":"Organization","@id":"https:\/\/tischlerei-lanser.at\/en\/#organization","name":"Tischlerei Lanser","url":"https:\/\/tischlerei-lanser.at\/en\/","logo":{"@type":"ImageObject","inLanguage":"en-US","@id":"https:\/\/tischlerei-lanser.at\/en\/#\/schema\/logo\/image\/","url":"https:\/\/tischlerei-lanser.at\/wp-content\/uploads\/Lanser_Logo_Jahreszahl.jpg","contentUrl":"https:\/\/tischlerei-lanser.at\/wp-content\/uploads\/Lanser_Logo_Jahreszahl.jpg","width":1920,"height":1015,"caption":"Tischlerei Lanser"},"image":{"@id":"https:\/\/tischlerei-lanser.at\/en\/#\/schema\/logo\/image\/"},"sameAs":["https:\/\/www.facebook.com\/TischlereiLanser\/","https:\/\/www.instagram.com\/tischlerei_lanser\/","https:\/\/www.linkedin.com\/company\/10006620"]}]}},"_links":{"self":[{"href":"https:\/\/tischlerei-lanser.at\/en\/wp-json\/wp\/v2\/pages\/4250"}],"collection":[{"href":"https:\/\/tischlerei-lanser.at\/en\/wp-json\/wp\/v2\/pages"}],"about":[{"href":"https:\/\/tischlerei-lanser.at\/en\/wp-json\/wp\/v2\/types\/page"}],"author":[{"embeddable":true,"href":"https:\/\/tischlerei-lanser.at\/en\/wp-json\/wp\/v2\/users\/1"}],"replies":[{"embeddable":true,"href":"https:\/\/tischlerei-lanser.at\/en\/wp-json\/wp\/v2\/comments?post=4250"}],"version-history":[{"count":70,"href":"https:\/\/tischlerei-lanser.at\/en\/wp-json\/wp\/v2\/pages\/4250\/revisions"}],"predecessor-version":[{"id":5068,"href":"https:\/\/tischlerei-lanser.at\/en\/wp-json\/wp\/v2\/pages\/4250\/revisions\/5068"}],"wp:featuredmedia":[{"embeddable":true,"href":"https:\/\/tischlerei-lanser.at\/en\/wp-json\/wp\/v2\/media\/46"}],"wp:attachment":[{"href":"https:\/\/tischlerei-lanser.at\/en\/wp-json\/wp\/v2\/media?parent=4250"}],"curies":[{"name":"wp","href":"https:\/\/api.w.org\/{rel}","templated":true}]}}