{"id":4165,"date":"2023-03-02T13:39:57","date_gmt":"2023-03-02T12:39:57","guid":{"rendered":"https:\/\/tischlerei-lanser.at\/?page_id=4165"},"modified":"2023-05-03T14:04:15","modified_gmt":"2023-05-03T12:04:15","slug":"wohnhaus-lienz","status":"publish","type":"page","link":"https:\/\/tischlerei-lanser.at\/en\/projekte\/wohnzimmer\/wohnhaus-lienz\/","title":{"rendered":"Wohnhaus Lienz"},"content":{"rendered":"","protected":false},"excerpt":{"rendered":"","protected":false},"author":2,"featured_media":4429,"parent":54,"menu_order":13,"comment_status":"closed","ping_status":"closed","template":"page-templates\/projekt.php","meta":{"_acf_changed":false,"inline_featured_image":false,"footnotes":""},"acf":[],"yoast_head":"<!-- This site is optimized with the Yoast SEO plugin v22.1 - https:\/\/yoast.com\/wordpress\/plugins\/seo\/ -->\n<title>Wohnhaus Lienz &#8211; Tischlerei Lanser Wohnhaus in Lienz, Osttirol<\/title>\n<meta name=\"description\" content=\"Klare Linien, ausdrucksstarke Stilelemente und hochwertige, echte Materialien bestimmen das Wohnkonzept des Wohnhauses. Dieser Charakter und Stil der Bewohner ziehen sich durch die gesamten Wohnr\u00e4ume. So wird im Koch- und Essbreich auf einen Materialmix aus Holz, Stein und feinen Stoffen gesetzt. Die K\u00fcche und das Sofa im italienischen Stil, vereint mit M\u00f6bel auf Ma\u00df aus unserer Tischlerei und Highlights in Leuchten oder Dekoration laden zum Beisammensein ein. Durch die individuelle Planung und Einbauschr\u00e4nken auf Ma\u00df wird der Raum zudem optimal genutzt. Der Eingangsbereich mit Schr\u00e4nken, die in Stoff bezogen sind erwecken sofort bei Betreten des Hauses ein heimeliges Gef\u00fchl und verbessern die Akkustik im Flur ungemein. Im Schlafzimmer wurde ebenso auf Stofffronten an den Schr\u00e4nken und ein H\u00e4stens Bett gesetzt, welches f\u00fcr h\u00f6chsten Schlafkomfort und Quali\u00e4ts-Handwerk steht.\" \/>\n<meta name=\"robots\" content=\"index, follow, max-snippet:-1, max-image-preview:large, max-video-preview:-1\" \/>\n<link rel=\"canonical\" href=\"https:\/\/tischlerei-lanser.at\/en\/projekte\/wohnzimmer\/wohnhaus-lienz\/\" \/>\n<meta property=\"og:locale\" content=\"en_US\" \/>\n<meta property=\"og:type\" content=\"article\" \/>\n<meta property=\"og:title\" content=\"Wohnhaus Lienz &#8211; Tischlerei Lanser Wohnhaus in Lienz, Osttirol\" \/>\n<meta property=\"og:description\" content=\"Klare Linien, ausdrucksstarke Stilelemente und hochwertige, echte Materialien bestimmen das Wohnkonzept des Wohnhauses. Dieser Charakter und Stil der Bewohner ziehen sich durch die gesamten Wohnr\u00e4ume. So wird im Koch- und Essbreich auf einen Materialmix aus Holz, Stein und feinen Stoffen gesetzt. Die K\u00fcche und das Sofa im italienischen Stil, vereint mit M\u00f6bel auf Ma\u00df aus unserer Tischlerei und Highlights in Leuchten oder Dekoration laden zum Beisammensein ein. Durch die individuelle Planung und Einbauschr\u00e4nken auf Ma\u00df wird der Raum zudem optimal genutzt. Der Eingangsbereich mit Schr\u00e4nken, die in Stoff bezogen sind erwecken sofort bei Betreten des Hauses ein heimeliges Gef\u00fchl und verbessern die Akkustik im Flur ungemein. Im Schlafzimmer wurde ebenso auf Stofffronten an den Schr\u00e4nken und ein H\u00e4stens Bett gesetzt, welches f\u00fcr h\u00f6chsten Schlafkomfort und Quali\u00e4ts-Handwerk steht.\" \/>\n<meta property=\"og:url\" content=\"https:\/\/tischlerei-lanser.at\/en\/projekte\/wohnzimmer\/wohnhaus-lienz\/\" \/>\n<meta property=\"og:site_name\" content=\"Tischlerei Lanser\" \/>\n<meta property=\"article:publisher\" content=\"https:\/\/www.facebook.com\/TischlereiLanser\/\" \/>\n<meta property=\"article:modified_time\" content=\"2023-05-03T12:04:15+00:00\" \/>\n<meta property=\"og:image\" content=\"https:\/\/tischlerei-lanser.at\/wp-content\/uploads\/Wohnhaus-Lienz_0.jpg\" \/>\n\t<meta property=\"og:image:width\" content=\"1920\" \/>\n\t<meta property=\"og:image:height\" content=\"1329\" \/>\n\t<meta property=\"og:image:type\" content=\"image\/jpeg\" \/>\n<meta name=\"twitter:card\" content=\"summary_large_image\" \/>\n<script type=\"application\/ld+json\" class=\"yoast-schema-graph\">{\"@context\":\"https:\/\/schema.org\",\"@graph\":[{\"@type\":\"WebPage\",\"@id\":\"https:\/\/tischlerei-lanser.at\/en\/projekte\/wohnzimmer\/wohnhaus-lienz\/\",\"url\":\"https:\/\/tischlerei-lanser.at\/en\/projekte\/wohnzimmer\/wohnhaus-lienz\/\",\"name\":\"Wohnhaus Lienz &#8211; Tischlerei Lanser Wohnhaus in Lienz, Osttirol\",\"isPartOf\":{\"@id\":\"https:\/\/tischlerei-lanser.at\/en\/#website\"},\"datePublished\":\"2023-03-02T12:39:57+00:00\",\"dateModified\":\"2023-05-03T12:04:15+00:00\",\"description\":\"Klare Linien, ausdrucksstarke Stilelemente und hochwertige, echte Materialien bestimmen das Wohnkonzept des Wohnhauses. Dieser Charakter und Stil der Bewohner ziehen sich durch die gesamten Wohnr\u00e4ume. So wird im Koch- und Essbreich auf einen Materialmix aus Holz, Stein und feinen Stoffen gesetzt. Die K\u00fcche und das Sofa im italienischen Stil, vereint mit M\u00f6bel auf Ma\u00df aus unserer Tischlerei und Highlights in Leuchten oder Dekoration laden zum Beisammensein ein. Durch die individuelle Planung und Einbauschr\u00e4nken auf Ma\u00df wird der Raum zudem optimal genutzt. Der Eingangsbereich mit Schr\u00e4nken, die in Stoff bezogen sind erwecken sofort bei Betreten des Hauses ein heimeliges Gef\u00fchl und verbessern die Akkustik im Flur ungemein. Im Schlafzimmer wurde ebenso auf Stofffronten an den Schr\u00e4nken und ein H\u00e4stens Bett gesetzt, welches f\u00fcr h\u00f6chsten Schlafkomfort und Quali\u00e4ts-Handwerk steht.\",\"breadcrumb\":{\"@id\":\"https:\/\/tischlerei-lanser.at\/en\/projekte\/wohnzimmer\/wohnhaus-lienz\/#breadcrumb\"},\"inLanguage\":\"en-US\",\"potentialAction\":[{\"@type\":\"ReadAction\",\"target\":[[\"https:\/\/tischlerei-lanser.at\/en\/projekte\/wohnzimmer\/wohnhaus-lienz\/\"]]}]},{\"@type\":\"BreadcrumbList\",\"@id\":\"https:\/\/tischlerei-lanser.at\/en\/projekte\/wohnzimmer\/wohnhaus-lienz\/#breadcrumb\",\"itemListElement\":[{\"@type\":\"ListItem\",\"position\":1,\"name\":\"Startseite\",\"item\":\"https:\/\/tischlerei-lanser.at\/en\/\"},{\"@type\":\"ListItem\",\"position\":2,\"name\":\"Projekte\",\"item\":\"https:\/\/tischlerei-lanser.at\/en\/projekte\/\"},{\"@type\":\"ListItem\",\"position\":3,\"name\":\"Wohnen\",\"item\":\"https:\/\/tischlerei-lanser.at\/en\/projekte\/wohnzimmer\/\"},{\"@type\":\"ListItem\",\"position\":4,\"name\":\"Wohnhaus Lienz\"}]},{\"@type\":\"WebSite\",\"@id\":\"https:\/\/tischlerei-lanser.at\/en\/#website\",\"url\":\"https:\/\/tischlerei-lanser.at\/en\/\",\"name\":\"Tischlerei Lanser\",\"description\":\"Wo Natur erhalten wird.\",\"publisher\":{\"@id\":\"https:\/\/tischlerei-lanser.at\/en\/#organization\"},\"potentialAction\":[{\"@type\":\"SearchAction\",\"target\":{\"@type\":\"EntryPoint\",\"urlTemplate\":\"https:\/\/tischlerei-lanser.at\/en\/?s={search_term_string}\"},\"query-input\":\"required name=search_term_string\"}],\"inLanguage\":\"en-US\"},{\"@type\":\"Organization\",\"@id\":\"https:\/\/tischlerei-lanser.at\/en\/#organization\",\"name\":\"Tischlerei Lanser\",\"url\":\"https:\/\/tischlerei-lanser.at\/en\/\",\"logo\":{\"@type\":\"ImageObject\",\"inLanguage\":\"en-US\",\"@id\":\"https:\/\/tischlerei-lanser.at\/en\/#\/schema\/logo\/image\/\",\"url\":\"https:\/\/tischlerei-lanser.at\/wp-content\/uploads\/Lanser_Logo_Jahreszahl.jpg\",\"contentUrl\":\"https:\/\/tischlerei-lanser.at\/wp-content\/uploads\/Lanser_Logo_Jahreszahl.jpg\",\"width\":1920,\"height\":1015,\"caption\":\"Tischlerei Lanser\"},\"image\":{\"@id\":\"https:\/\/tischlerei-lanser.at\/en\/#\/schema\/logo\/image\/\"},\"sameAs\":[\"https:\/\/www.facebook.com\/TischlereiLanser\/\",\"https:\/\/www.instagram.com\/tischlerei_lanser\/\",\"https:\/\/www.linkedin.com\/company\/10006620\"]}]}<\/script>\n<!-- \/ Yoast SEO plugin. -->","yoast_head_json":{"title":"Wohnhaus Lienz &#8211; Tischlerei Lanser Wohnhaus in Lienz, Osttirol","description":"Klare Linien, ausdrucksstarke Stilelemente und hochwertige, echte Materialien bestimmen das Wohnkonzept des Wohnhauses. Dieser Charakter und Stil der Bewohner ziehen sich durch die gesamten Wohnr\u00e4ume. So wird im Koch- und Essbreich auf einen Materialmix aus Holz, Stein und feinen Stoffen gesetzt. Die K\u00fcche und das Sofa im italienischen Stil, vereint mit M\u00f6bel auf Ma\u00df aus unserer Tischlerei und Highlights in Leuchten oder Dekoration laden zum Beisammensein ein. Durch die individuelle Planung und Einbauschr\u00e4nken auf Ma\u00df wird der Raum zudem optimal genutzt. Der Eingangsbereich mit Schr\u00e4nken, die in Stoff bezogen sind erwecken sofort bei Betreten des Hauses ein heimeliges Gef\u00fchl und verbessern die Akkustik im Flur ungemein. Im Schlafzimmer wurde ebenso auf Stofffronten an den Schr\u00e4nken und ein H\u00e4stens Bett gesetzt, welches f\u00fcr h\u00f6chsten Schlafkomfort und Quali\u00e4ts-Handwerk steht.","robots":{"index":"index","follow":"follow","max-snippet":"max-snippet:-1","max-image-preview":"max-image-preview:large","max-video-preview":"max-video-preview:-1"},"canonical":"https:\/\/tischlerei-lanser.at\/en\/projekte\/wohnzimmer\/wohnhaus-lienz\/","og_locale":"en_US","og_type":"article","og_title":"Wohnhaus Lienz &#8211; Tischlerei Lanser Wohnhaus in Lienz, Osttirol","og_description":"Klare Linien, ausdrucksstarke Stilelemente und hochwertige, echte Materialien bestimmen das Wohnkonzept des Wohnhauses. Dieser Charakter und Stil der Bewohner ziehen sich durch die gesamten Wohnr\u00e4ume. So wird im Koch- und Essbreich auf einen Materialmix aus Holz, Stein und feinen Stoffen gesetzt. Die K\u00fcche und das Sofa im italienischen Stil, vereint mit M\u00f6bel auf Ma\u00df aus unserer Tischlerei und Highlights in Leuchten oder Dekoration laden zum Beisammensein ein. Durch die individuelle Planung und Einbauschr\u00e4nken auf Ma\u00df wird der Raum zudem optimal genutzt. Der Eingangsbereich mit Schr\u00e4nken, die in Stoff bezogen sind erwecken sofort bei Betreten des Hauses ein heimeliges Gef\u00fchl und verbessern die Akkustik im Flur ungemein. Im Schlafzimmer wurde ebenso auf Stofffronten an den Schr\u00e4nken und ein H\u00e4stens Bett gesetzt, welches f\u00fcr h\u00f6chsten Schlafkomfort und Quali\u00e4ts-Handwerk steht.","og_url":"https:\/\/tischlerei-lanser.at\/en\/projekte\/wohnzimmer\/wohnhaus-lienz\/","og_site_name":"Tischlerei Lanser","article_publisher":"https:\/\/www.facebook.com\/TischlereiLanser\/","article_modified_time":"2023-05-03T12:04:15+00:00","og_image":[{"width":1920,"height":1329,"url":"https:\/\/tischlerei-lanser.at\/wp-content\/uploads\/Wohnhaus-Lienz_0.jpg","type":"image\/jpeg"}],"twitter_card":"summary_large_image","schema":{"@context":"https:\/\/schema.org","@graph":[{"@type":"WebPage","@id":"https:\/\/tischlerei-lanser.at\/en\/projekte\/wohnzimmer\/wohnhaus-lienz\/","url":"https:\/\/tischlerei-lanser.at\/en\/projekte\/wohnzimmer\/wohnhaus-lienz\/","name":"Wohnhaus Lienz &#8211; Tischlerei Lanser Wohnhaus in Lienz, Osttirol","isPartOf":{"@id":"https:\/\/tischlerei-lanser.at\/en\/#website"},"datePublished":"2023-03-02T12:39:57+00:00","dateModified":"2023-05-03T12:04:15+00:00","description":"Klare Linien, ausdrucksstarke Stilelemente und hochwertige, echte Materialien bestimmen das Wohnkonzept des Wohnhauses. Dieser Charakter und Stil der Bewohner ziehen sich durch die gesamten Wohnr\u00e4ume. So wird im Koch- und Essbreich auf einen Materialmix aus Holz, Stein und feinen Stoffen gesetzt. Die K\u00fcche und das Sofa im italienischen Stil, vereint mit M\u00f6bel auf Ma\u00df aus unserer Tischlerei und Highlights in Leuchten oder Dekoration laden zum Beisammensein ein. Durch die individuelle Planung und Einbauschr\u00e4nken auf Ma\u00df wird der Raum zudem optimal genutzt. Der Eingangsbereich mit Schr\u00e4nken, die in Stoff bezogen sind erwecken sofort bei Betreten des Hauses ein heimeliges Gef\u00fchl und verbessern die Akkustik im Flur ungemein. Im Schlafzimmer wurde ebenso auf Stofffronten an den Schr\u00e4nken und ein H\u00e4stens Bett gesetzt, welches f\u00fcr h\u00f6chsten Schlafkomfort und Quali\u00e4ts-Handwerk steht.","breadcrumb":{"@id":"https:\/\/tischlerei-lanser.at\/en\/projekte\/wohnzimmer\/wohnhaus-lienz\/#breadcrumb"},"inLanguage":"en-US","potentialAction":[{"@type":"ReadAction","target":[["https:\/\/tischlerei-lanser.at\/en\/projekte\/wohnzimmer\/wohnhaus-lienz\/"]]}]},{"@type":"BreadcrumbList","@id":"https:\/\/tischlerei-lanser.at\/en\/projekte\/wohnzimmer\/wohnhaus-lienz\/#breadcrumb","itemListElement":[{"@type":"ListItem","position":1,"name":"Startseite","item":"https:\/\/tischlerei-lanser.at\/en\/"},{"@type":"ListItem","position":2,"name":"Projekte","item":"https:\/\/tischlerei-lanser.at\/en\/projekte\/"},{"@type":"ListItem","position":3,"name":"Wohnen","item":"https:\/\/tischlerei-lanser.at\/en\/projekte\/wohnzimmer\/"},{"@type":"ListItem","position":4,"name":"Wohnhaus Lienz"}]},{"@type":"WebSite","@id":"https:\/\/tischlerei-lanser.at\/en\/#website","url":"https:\/\/tischlerei-lanser.at\/en\/","name":"Tischlerei Lanser","description":"Wo Natur erhalten wird.","publisher":{"@id":"https:\/\/tischlerei-lanser.at\/en\/#organization"},"potentialAction":[{"@type":"SearchAction","target":{"@type":"EntryPoint","urlTemplate":"https:\/\/tischlerei-lanser.at\/en\/?s={search_term_string}"},"query-input":"required name=search_term_string"}],"inLanguage":"en-US"},{"@type":"Organization","@id":"https:\/\/tischlerei-lanser.at\/en\/#organization","name":"Tischlerei Lanser","url":"https:\/\/tischlerei-lanser.at\/en\/","logo":{"@type":"ImageObject","inLanguage":"en-US","@id":"https:\/\/tischlerei-lanser.at\/en\/#\/schema\/logo\/image\/","url":"https:\/\/tischlerei-lanser.at\/wp-content\/uploads\/Lanser_Logo_Jahreszahl.jpg","contentUrl":"https:\/\/tischlerei-lanser.at\/wp-content\/uploads\/Lanser_Logo_Jahreszahl.jpg","width":1920,"height":1015,"caption":"Tischlerei Lanser"},"image":{"@id":"https:\/\/tischlerei-lanser.at\/en\/#\/schema\/logo\/image\/"},"sameAs":["https:\/\/www.facebook.com\/TischlereiLanser\/","https:\/\/www.instagram.com\/tischlerei_lanser\/","https:\/\/www.linkedin.com\/company\/10006620"]}]}},"_links":{"self":[{"href":"https:\/\/tischlerei-lanser.at\/en\/wp-json\/wp\/v2\/pages\/4165"}],"collection":[{"href":"https:\/\/tischlerei-lanser.at\/en\/wp-json\/wp\/v2\/pages"}],"about":[{"href":"https:\/\/tischlerei-lanser.at\/en\/wp-json\/wp\/v2\/types\/page"}],"author":[{"embeddable":true,"href":"https:\/\/tischlerei-lanser.at\/en\/wp-json\/wp\/v2\/users\/2"}],"replies":[{"embeddable":true,"href":"https:\/\/tischlerei-lanser.at\/en\/wp-json\/wp\/v2\/comments?post=4165"}],"version-history":[{"count":22,"href":"https:\/\/tischlerei-lanser.at\/en\/wp-json\/wp\/v2\/pages\/4165\/revisions"}],"predecessor-version":[{"id":4527,"href":"https:\/\/tischlerei-lanser.at\/en\/wp-json\/wp\/v2\/pages\/4165\/revisions\/4527"}],"up":[{"embeddable":true,"href":"https:\/\/tischlerei-lanser.at\/en\/wp-json\/wp\/v2\/pages\/54"}],"wp:featuredmedia":[{"embeddable":true,"href":"https:\/\/tischlerei-lanser.at\/en\/wp-json\/wp\/v2\/media\/4429"}],"wp:attachment":[{"href":"https:\/\/tischlerei-lanser.at\/en\/wp-json\/wp\/v2\/media?parent=4165"}],"curies":[{"name":"wp","href":"https:\/\/api.w.org\/{rel}","templated":true}]}}