{"id":4131,"date":"2023-02-25T16:08:23","date_gmt":"2023-02-25T15:08:23","guid":{"rendered":"https:\/\/tischlerei-lanser.at\/?page_id=4131"},"modified":"2023-02-25T16:20:03","modified_gmt":"2023-02-25T15:20:03","slug":"restaurant-st-hubertus","status":"publish","type":"page","link":"https:\/\/tischlerei-lanser.at\/en\/projekte\/hotel-chalets\/restaurant-st-hubertus\/","title":{"rendered":"Restaurant St. Hubertus"},"content":{"rendered":"","protected":false},"excerpt":{"rendered":"","protected":false},"author":2,"featured_media":4133,"parent":66,"menu_order":47,"comment_status":"closed","ping_status":"closed","template":"page-templates\/projekt.php","meta":{"_acf_changed":false,"inline_featured_image":false,"footnotes":""},"acf":[],"yoast_head":"<!-- This site is optimized with the Yoast SEO plugin v22.1 - https:\/\/yoast.com\/wordpress\/plugins\/seo\/ -->\n<title>Restaurant St. Hubertus &#8211; Tischlerei Lanser Projekt Restaurant St. Hubertus<\/title>\n<meta name=\"description\" content=\"Drei Michelin und ein gr\u00fcner Michelin Stern zeichnet das renommierte Restaurant St. Hubertus im Hotel Rosa Alpina aus. K\u00fcchenchef Norbert Niederkofler und Gastgeberfamilie Pizzinini begeistern die internationalen G\u00e4ste mit ihrer Sternenk\u00fcche. Dabei wird auch auf ein einzigartiges Ambiente gesetzt. Offenes Feuer, viel Holz und authentische Gestaltungselemente der Region verleihen dem Restaurant mit acht Tischen einen alpinen Charakter in gem\u00fctlicher Atmosph\u00e4re. Gemeinsam mit dem St. Hubertus Team durften wir uns Gedanken zu den neuen Tischen machen. Im alpinen Stil wurden die Tische aus originalem Altholz mit traditionellem Kreuzgestell in unserer Tischlerei gefertigt.\" \/>\n<meta name=\"robots\" content=\"index, follow, max-snippet:-1, max-image-preview:large, max-video-preview:-1\" \/>\n<link rel=\"canonical\" href=\"https:\/\/tischlerei-lanser.at\/en\/projekte\/hotel-chalets\/restaurant-st-hubertus\/\" \/>\n<meta property=\"og:locale\" content=\"en_US\" \/>\n<meta property=\"og:type\" content=\"article\" \/>\n<meta property=\"og:title\" content=\"Restaurant St. Hubertus &#8211; Tischlerei Lanser Projekt Restaurant St. Hubertus\" \/>\n<meta property=\"og:description\" content=\"Drei Michelin und ein gr\u00fcner Michelin Stern zeichnet das renommierte Restaurant St. Hubertus im Hotel Rosa Alpina aus. K\u00fcchenchef Norbert Niederkofler und Gastgeberfamilie Pizzinini begeistern die internationalen G\u00e4ste mit ihrer Sternenk\u00fcche. Dabei wird auch auf ein einzigartiges Ambiente gesetzt. Offenes Feuer, viel Holz und authentische Gestaltungselemente der Region verleihen dem Restaurant mit acht Tischen einen alpinen Charakter in gem\u00fctlicher Atmosph\u00e4re. Gemeinsam mit dem St. Hubertus Team durften wir uns Gedanken zu den neuen Tischen machen. Im alpinen Stil wurden die Tische aus originalem Altholz mit traditionellem Kreuzgestell in unserer Tischlerei gefertigt.\" \/>\n<meta property=\"og:url\" content=\"https:\/\/tischlerei-lanser.at\/en\/projekte\/hotel-chalets\/restaurant-st-hubertus\/\" \/>\n<meta property=\"og:site_name\" content=\"Tischlerei Lanser\" \/>\n<meta property=\"article:publisher\" content=\"https:\/\/www.facebook.com\/TischlereiLanser\/\" \/>\n<meta property=\"article:modified_time\" content=\"2023-02-25T15:20:03+00:00\" \/>\n<meta property=\"og:image\" content=\"https:\/\/tischlerei-lanser.at\/wp-content\/uploads\/02AlexMoling_StHubertus_2022-1.jpeg\" \/>\n\t<meta property=\"og:image:width\" content=\"1920\" \/>\n\t<meta property=\"og:image:height\" content=\"1281\" \/>\n\t<meta property=\"og:image:type\" content=\"image\/jpeg\" \/>\n<meta name=\"twitter:card\" content=\"summary_large_image\" \/>\n<script type=\"application\/ld+json\" class=\"yoast-schema-graph\">{\"@context\":\"https:\/\/schema.org\",\"@graph\":[{\"@type\":\"WebPage\",\"@id\":\"https:\/\/tischlerei-lanser.at\/en\/projekte\/hotel-chalets\/restaurant-st-hubertus\/\",\"url\":\"https:\/\/tischlerei-lanser.at\/en\/projekte\/hotel-chalets\/restaurant-st-hubertus\/\",\"name\":\"Restaurant St. Hubertus &#8211; Tischlerei Lanser Projekt Restaurant St. Hubertus\",\"isPartOf\":{\"@id\":\"https:\/\/tischlerei-lanser.at\/en\/#website\"},\"datePublished\":\"2023-02-25T15:08:23+00:00\",\"dateModified\":\"2023-02-25T15:20:03+00:00\",\"description\":\"Drei Michelin und ein gr\u00fcner Michelin Stern zeichnet das renommierte Restaurant St. Hubertus im Hotel Rosa Alpina aus. K\u00fcchenchef Norbert Niederkofler und Gastgeberfamilie Pizzinini begeistern die internationalen G\u00e4ste mit ihrer Sternenk\u00fcche. Dabei wird auch auf ein einzigartiges Ambiente gesetzt. Offenes Feuer, viel Holz und authentische Gestaltungselemente der Region verleihen dem Restaurant mit acht Tischen einen alpinen Charakter in gem\u00fctlicher Atmosph\u00e4re. Gemeinsam mit dem St. Hubertus Team durften wir uns Gedanken zu den neuen Tischen machen. Im alpinen Stil wurden die Tische aus originalem Altholz mit traditionellem Kreuzgestell in unserer Tischlerei gefertigt.\",\"breadcrumb\":{\"@id\":\"https:\/\/tischlerei-lanser.at\/en\/projekte\/hotel-chalets\/restaurant-st-hubertus\/#breadcrumb\"},\"inLanguage\":\"en-US\",\"potentialAction\":[{\"@type\":\"ReadAction\",\"target\":[[\"https:\/\/tischlerei-lanser.at\/en\/projekte\/hotel-chalets\/restaurant-st-hubertus\/\"]]}]},{\"@type\":\"BreadcrumbList\",\"@id\":\"https:\/\/tischlerei-lanser.at\/en\/projekte\/hotel-chalets\/restaurant-st-hubertus\/#breadcrumb\",\"itemListElement\":[{\"@type\":\"ListItem\",\"position\":1,\"name\":\"Startseite\",\"item\":\"https:\/\/tischlerei-lanser.at\/en\/\"},{\"@type\":\"ListItem\",\"position\":2,\"name\":\"Projekte\",\"item\":\"https:\/\/tischlerei-lanser.at\/en\/projekte\/\"},{\"@type\":\"ListItem\",\"position\":3,\"name\":\"Hotel &#038; Chalets\",\"item\":\"https:\/\/tischlerei-lanser.at\/en\/projekte\/hotel-chalets\/\"},{\"@type\":\"ListItem\",\"position\":4,\"name\":\"Restaurant St. Hubertus\"}]},{\"@type\":\"WebSite\",\"@id\":\"https:\/\/tischlerei-lanser.at\/en\/#website\",\"url\":\"https:\/\/tischlerei-lanser.at\/en\/\",\"name\":\"Tischlerei Lanser\",\"description\":\"Wo Natur erhalten wird.\",\"publisher\":{\"@id\":\"https:\/\/tischlerei-lanser.at\/en\/#organization\"},\"potentialAction\":[{\"@type\":\"SearchAction\",\"target\":{\"@type\":\"EntryPoint\",\"urlTemplate\":\"https:\/\/tischlerei-lanser.at\/en\/?s={search_term_string}\"},\"query-input\":\"required name=search_term_string\"}],\"inLanguage\":\"en-US\"},{\"@type\":\"Organization\",\"@id\":\"https:\/\/tischlerei-lanser.at\/en\/#organization\",\"name\":\"Tischlerei Lanser\",\"url\":\"https:\/\/tischlerei-lanser.at\/en\/\",\"logo\":{\"@type\":\"ImageObject\",\"inLanguage\":\"en-US\",\"@id\":\"https:\/\/tischlerei-lanser.at\/en\/#\/schema\/logo\/image\/\",\"url\":\"https:\/\/tischlerei-lanser.at\/wp-content\/uploads\/Lanser_Logo_Jahreszahl.jpg\",\"contentUrl\":\"https:\/\/tischlerei-lanser.at\/wp-content\/uploads\/Lanser_Logo_Jahreszahl.jpg\",\"width\":1920,\"height\":1015,\"caption\":\"Tischlerei Lanser\"},\"image\":{\"@id\":\"https:\/\/tischlerei-lanser.at\/en\/#\/schema\/logo\/image\/\"},\"sameAs\":[\"https:\/\/www.facebook.com\/TischlereiLanser\/\",\"https:\/\/www.instagram.com\/tischlerei_lanser\/\",\"https:\/\/www.linkedin.com\/company\/10006620\"]}]}<\/script>\n<!-- \/ Yoast SEO plugin. -->","yoast_head_json":{"title":"Restaurant St. Hubertus &#8211; Tischlerei Lanser Projekt Restaurant St. Hubertus","description":"Drei Michelin und ein gr\u00fcner Michelin Stern zeichnet das renommierte Restaurant St. Hubertus im Hotel Rosa Alpina aus. K\u00fcchenchef Norbert Niederkofler und Gastgeberfamilie Pizzinini begeistern die internationalen G\u00e4ste mit ihrer Sternenk\u00fcche. Dabei wird auch auf ein einzigartiges Ambiente gesetzt. Offenes Feuer, viel Holz und authentische Gestaltungselemente der Region verleihen dem Restaurant mit acht Tischen einen alpinen Charakter in gem\u00fctlicher Atmosph\u00e4re. Gemeinsam mit dem St. Hubertus Team durften wir uns Gedanken zu den neuen Tischen machen. Im alpinen Stil wurden die Tische aus originalem Altholz mit traditionellem Kreuzgestell in unserer Tischlerei gefertigt.","robots":{"index":"index","follow":"follow","max-snippet":"max-snippet:-1","max-image-preview":"max-image-preview:large","max-video-preview":"max-video-preview:-1"},"canonical":"https:\/\/tischlerei-lanser.at\/en\/projekte\/hotel-chalets\/restaurant-st-hubertus\/","og_locale":"en_US","og_type":"article","og_title":"Restaurant St. Hubertus &#8211; Tischlerei Lanser Projekt Restaurant St. Hubertus","og_description":"Drei Michelin und ein gr\u00fcner Michelin Stern zeichnet das renommierte Restaurant St. Hubertus im Hotel Rosa Alpina aus. K\u00fcchenchef Norbert Niederkofler und Gastgeberfamilie Pizzinini begeistern die internationalen G\u00e4ste mit ihrer Sternenk\u00fcche. Dabei wird auch auf ein einzigartiges Ambiente gesetzt. Offenes Feuer, viel Holz und authentische Gestaltungselemente der Region verleihen dem Restaurant mit acht Tischen einen alpinen Charakter in gem\u00fctlicher Atmosph\u00e4re. Gemeinsam mit dem St. Hubertus Team durften wir uns Gedanken zu den neuen Tischen machen. Im alpinen Stil wurden die Tische aus originalem Altholz mit traditionellem Kreuzgestell in unserer Tischlerei gefertigt.","og_url":"https:\/\/tischlerei-lanser.at\/en\/projekte\/hotel-chalets\/restaurant-st-hubertus\/","og_site_name":"Tischlerei Lanser","article_publisher":"https:\/\/www.facebook.com\/TischlereiLanser\/","article_modified_time":"2023-02-25T15:20:03+00:00","og_image":[{"width":1920,"height":1281,"url":"https:\/\/tischlerei-lanser.at\/wp-content\/uploads\/02AlexMoling_StHubertus_2022-1.jpeg","type":"image\/jpeg"}],"twitter_card":"summary_large_image","schema":{"@context":"https:\/\/schema.org","@graph":[{"@type":"WebPage","@id":"https:\/\/tischlerei-lanser.at\/en\/projekte\/hotel-chalets\/restaurant-st-hubertus\/","url":"https:\/\/tischlerei-lanser.at\/en\/projekte\/hotel-chalets\/restaurant-st-hubertus\/","name":"Restaurant St. Hubertus &#8211; Tischlerei Lanser Projekt Restaurant St. Hubertus","isPartOf":{"@id":"https:\/\/tischlerei-lanser.at\/en\/#website"},"datePublished":"2023-02-25T15:08:23+00:00","dateModified":"2023-02-25T15:20:03+00:00","description":"Drei Michelin und ein gr\u00fcner Michelin Stern zeichnet das renommierte Restaurant St. Hubertus im Hotel Rosa Alpina aus. K\u00fcchenchef Norbert Niederkofler und Gastgeberfamilie Pizzinini begeistern die internationalen G\u00e4ste mit ihrer Sternenk\u00fcche. Dabei wird auch auf ein einzigartiges Ambiente gesetzt. Offenes Feuer, viel Holz und authentische Gestaltungselemente der Region verleihen dem Restaurant mit acht Tischen einen alpinen Charakter in gem\u00fctlicher Atmosph\u00e4re. Gemeinsam mit dem St. Hubertus Team durften wir uns Gedanken zu den neuen Tischen machen. Im alpinen Stil wurden die Tische aus originalem Altholz mit traditionellem Kreuzgestell in unserer Tischlerei gefertigt.","breadcrumb":{"@id":"https:\/\/tischlerei-lanser.at\/en\/projekte\/hotel-chalets\/restaurant-st-hubertus\/#breadcrumb"},"inLanguage":"en-US","potentialAction":[{"@type":"ReadAction","target":[["https:\/\/tischlerei-lanser.at\/en\/projekte\/hotel-chalets\/restaurant-st-hubertus\/"]]}]},{"@type":"BreadcrumbList","@id":"https:\/\/tischlerei-lanser.at\/en\/projekte\/hotel-chalets\/restaurant-st-hubertus\/#breadcrumb","itemListElement":[{"@type":"ListItem","position":1,"name":"Startseite","item":"https:\/\/tischlerei-lanser.at\/en\/"},{"@type":"ListItem","position":2,"name":"Projekte","item":"https:\/\/tischlerei-lanser.at\/en\/projekte\/"},{"@type":"ListItem","position":3,"name":"Hotel &#038; Chalets","item":"https:\/\/tischlerei-lanser.at\/en\/projekte\/hotel-chalets\/"},{"@type":"ListItem","position":4,"name":"Restaurant St. Hubertus"}]},{"@type":"WebSite","@id":"https:\/\/tischlerei-lanser.at\/en\/#website","url":"https:\/\/tischlerei-lanser.at\/en\/","name":"Tischlerei Lanser","description":"Wo Natur erhalten wird.","publisher":{"@id":"https:\/\/tischlerei-lanser.at\/en\/#organization"},"potentialAction":[{"@type":"SearchAction","target":{"@type":"EntryPoint","urlTemplate":"https:\/\/tischlerei-lanser.at\/en\/?s={search_term_string}"},"query-input":"required name=search_term_string"}],"inLanguage":"en-US"},{"@type":"Organization","@id":"https:\/\/tischlerei-lanser.at\/en\/#organization","name":"Tischlerei Lanser","url":"https:\/\/tischlerei-lanser.at\/en\/","logo":{"@type":"ImageObject","inLanguage":"en-US","@id":"https:\/\/tischlerei-lanser.at\/en\/#\/schema\/logo\/image\/","url":"https:\/\/tischlerei-lanser.at\/wp-content\/uploads\/Lanser_Logo_Jahreszahl.jpg","contentUrl":"https:\/\/tischlerei-lanser.at\/wp-content\/uploads\/Lanser_Logo_Jahreszahl.jpg","width":1920,"height":1015,"caption":"Tischlerei Lanser"},"image":{"@id":"https:\/\/tischlerei-lanser.at\/en\/#\/schema\/logo\/image\/"},"sameAs":["https:\/\/www.facebook.com\/TischlereiLanser\/","https:\/\/www.instagram.com\/tischlerei_lanser\/","https:\/\/www.linkedin.com\/company\/10006620"]}]}},"_links":{"self":[{"href":"https:\/\/tischlerei-lanser.at\/en\/wp-json\/wp\/v2\/pages\/4131"}],"collection":[{"href":"https:\/\/tischlerei-lanser.at\/en\/wp-json\/wp\/v2\/pages"}],"about":[{"href":"https:\/\/tischlerei-lanser.at\/en\/wp-json\/wp\/v2\/types\/page"}],"author":[{"embeddable":true,"href":"https:\/\/tischlerei-lanser.at\/en\/wp-json\/wp\/v2\/users\/2"}],"replies":[{"embeddable":true,"href":"https:\/\/tischlerei-lanser.at\/en\/wp-json\/wp\/v2\/comments?post=4131"}],"version-history":[{"count":19,"href":"https:\/\/tischlerei-lanser.at\/en\/wp-json\/wp\/v2\/pages\/4131\/revisions"}],"predecessor-version":[{"id":4163,"href":"https:\/\/tischlerei-lanser.at\/en\/wp-json\/wp\/v2\/pages\/4131\/revisions\/4163"}],"up":[{"embeddable":true,"href":"https:\/\/tischlerei-lanser.at\/en\/wp-json\/wp\/v2\/pages\/66"}],"wp:featuredmedia":[{"embeddable":true,"href":"https:\/\/tischlerei-lanser.at\/en\/wp-json\/wp\/v2\/media\/4133"}],"wp:attachment":[{"href":"https:\/\/tischlerei-lanser.at\/en\/wp-json\/wp\/v2\/media?parent=4131"}],"curies":[{"name":"wp","href":"https:\/\/api.w.org\/{rel}","templated":true}]}}