{"id":4054,"date":"2023-01-18T15:34:31","date_gmt":"2023-01-18T14:34:31","guid":{"rendered":"https:\/\/tischlerei-lanser.at\/?page_id=4054"},"modified":"2023-02-14T18:04:02","modified_gmt":"2023-02-14T17:04:02","slug":"wohnen-haus-a","status":"publish","type":"page","link":"https:\/\/tischlerei-lanser.at\/en\/projekte\/wohnzimmer\/wohnen-haus-a\/","title":{"rendered":"Wohnbereich Haus A"},"content":{"rendered":"","protected":false},"excerpt":{"rendered":"","protected":false},"author":2,"featured_media":3960,"parent":54,"menu_order":14,"comment_status":"closed","ping_status":"closed","template":"page-templates\/projekt.php","meta":{"_acf_changed":false,"inline_featured_image":false,"footnotes":""},"acf":[],"yoast_head":"<!-- This site is optimized with the Yoast SEO plugin v22.1 - https:\/\/yoast.com\/wordpress\/plugins\/seo\/ -->\n<title>Wohnbereich Haus A &#8211; Tischlerei Lanser Wohnen Haus A in S\u00fcdtirol<\/title>\n<meta name=\"description\" content=\"Erdige und sanfte Farben bestimmen hier die Wohnsituation. Das verarbeitete Holz ist eine massive Eiche in einem rauchigen Farbton. Wandverkleidung, Esstisch, Schr\u00e4nke, T\u00fcren sowie die Bar wurden in diesem Holz gew\u00e4hlt. In Verbindung mit modernen Designs und einer geraden Linienf\u00fchrung entsteht eine stimmige Einheit mit besonderem Charakter. Neben dem Holz wurden hochwertige Stoffe eines italienischen Herstellers f\u00fcr das Sofa und die Fauteuils gew\u00e4hlt, die wiederum mit dem Marmor und dem Leder harmonieren. Ein auf Ma\u00df eingebauter Schrank mit Nische aus Rohstahl und LED-Beleuchtung spendet gen\u00fcgend Stauraum und rundet das Konzept im Wohnzimmer ab.\" \/>\n<meta name=\"robots\" content=\"index, follow, max-snippet:-1, max-image-preview:large, max-video-preview:-1\" \/>\n<link rel=\"canonical\" href=\"https:\/\/tischlerei-lanser.at\/en\/projekte\/wohnzimmer\/wohnen-haus-a\/\" \/>\n<meta property=\"og:locale\" content=\"en_US\" \/>\n<meta property=\"og:type\" content=\"article\" \/>\n<meta property=\"og:title\" content=\"Wohnbereich Haus A &#8211; Tischlerei Lanser Wohnen Haus A in S\u00fcdtirol\" \/>\n<meta property=\"og:description\" content=\"Erdige und sanfte Farben bestimmen hier die Wohnsituation. Das verarbeitete Holz ist eine massive Eiche in einem rauchigen Farbton. Wandverkleidung, Esstisch, Schr\u00e4nke, T\u00fcren sowie die Bar wurden in diesem Holz gew\u00e4hlt. In Verbindung mit modernen Designs und einer geraden Linienf\u00fchrung entsteht eine stimmige Einheit mit besonderem Charakter. Neben dem Holz wurden hochwertige Stoffe eines italienischen Herstellers f\u00fcr das Sofa und die Fauteuils gew\u00e4hlt, die wiederum mit dem Marmor und dem Leder harmonieren. Ein auf Ma\u00df eingebauter Schrank mit Nische aus Rohstahl und LED-Beleuchtung spendet gen\u00fcgend Stauraum und rundet das Konzept im Wohnzimmer ab.\" \/>\n<meta property=\"og:url\" content=\"https:\/\/tischlerei-lanser.at\/en\/projekte\/wohnzimmer\/wohnen-haus-a\/\" \/>\n<meta property=\"og:site_name\" content=\"Tischlerei Lanser\" \/>\n<meta property=\"article:publisher\" content=\"https:\/\/www.facebook.com\/TischlereiLanser\/\" \/>\n<meta property=\"article:modified_time\" content=\"2023-02-14T17:04:02+00:00\" \/>\n<meta property=\"og:image\" content=\"https:\/\/tischlerei-lanser.at\/wp-content\/uploads\/221018_martinlugger_lanser__09A6270.jpg\" \/>\n\t<meta property=\"og:image:width\" content=\"1920\" \/>\n\t<meta property=\"og:image:height\" content=\"1281\" \/>\n\t<meta property=\"og:image:type\" content=\"image\/jpeg\" \/>\n<meta name=\"twitter:card\" content=\"summary_large_image\" \/>\n<script type=\"application\/ld+json\" class=\"yoast-schema-graph\">{\"@context\":\"https:\/\/schema.org\",\"@graph\":[{\"@type\":\"WebPage\",\"@id\":\"https:\/\/tischlerei-lanser.at\/en\/projekte\/wohnzimmer\/wohnen-haus-a\/\",\"url\":\"https:\/\/tischlerei-lanser.at\/en\/projekte\/wohnzimmer\/wohnen-haus-a\/\",\"name\":\"Wohnbereich Haus A &#8211; Tischlerei Lanser Wohnen Haus A in S\u00fcdtirol\",\"isPartOf\":{\"@id\":\"https:\/\/tischlerei-lanser.at\/en\/#website\"},\"datePublished\":\"2023-01-18T14:34:31+00:00\",\"dateModified\":\"2023-02-14T17:04:02+00:00\",\"description\":\"Erdige und sanfte Farben bestimmen hier die Wohnsituation. Das verarbeitete Holz ist eine massive Eiche in einem rauchigen Farbton. Wandverkleidung, Esstisch, Schr\u00e4nke, T\u00fcren sowie die Bar wurden in diesem Holz gew\u00e4hlt. In Verbindung mit modernen Designs und einer geraden Linienf\u00fchrung entsteht eine stimmige Einheit mit besonderem Charakter. Neben dem Holz wurden hochwertige Stoffe eines italienischen Herstellers f\u00fcr das Sofa und die Fauteuils gew\u00e4hlt, die wiederum mit dem Marmor und dem Leder harmonieren. Ein auf Ma\u00df eingebauter Schrank mit Nische aus Rohstahl und LED-Beleuchtung spendet gen\u00fcgend Stauraum und rundet das Konzept im Wohnzimmer ab.\",\"breadcrumb\":{\"@id\":\"https:\/\/tischlerei-lanser.at\/en\/projekte\/wohnzimmer\/wohnen-haus-a\/#breadcrumb\"},\"inLanguage\":\"en-US\",\"potentialAction\":[{\"@type\":\"ReadAction\",\"target\":[[\"https:\/\/tischlerei-lanser.at\/en\/projekte\/wohnzimmer\/wohnen-haus-a\/\"]]}]},{\"@type\":\"BreadcrumbList\",\"@id\":\"https:\/\/tischlerei-lanser.at\/en\/projekte\/wohnzimmer\/wohnen-haus-a\/#breadcrumb\",\"itemListElement\":[{\"@type\":\"ListItem\",\"position\":1,\"name\":\"Startseite\",\"item\":\"https:\/\/tischlerei-lanser.at\/en\/\"},{\"@type\":\"ListItem\",\"position\":2,\"name\":\"Projekte\",\"item\":\"https:\/\/tischlerei-lanser.at\/en\/projekte\/\"},{\"@type\":\"ListItem\",\"position\":3,\"name\":\"Wohnen\",\"item\":\"https:\/\/tischlerei-lanser.at\/en\/projekte\/wohnzimmer\/\"},{\"@type\":\"ListItem\",\"position\":4,\"name\":\"Wohnbereich Haus A\"}]},{\"@type\":\"WebSite\",\"@id\":\"https:\/\/tischlerei-lanser.at\/en\/#website\",\"url\":\"https:\/\/tischlerei-lanser.at\/en\/\",\"name\":\"Tischlerei Lanser\",\"description\":\"Wo Natur erhalten wird.\",\"publisher\":{\"@id\":\"https:\/\/tischlerei-lanser.at\/en\/#organization\"},\"potentialAction\":[{\"@type\":\"SearchAction\",\"target\":{\"@type\":\"EntryPoint\",\"urlTemplate\":\"https:\/\/tischlerei-lanser.at\/en\/?s={search_term_string}\"},\"query-input\":\"required name=search_term_string\"}],\"inLanguage\":\"en-US\"},{\"@type\":\"Organization\",\"@id\":\"https:\/\/tischlerei-lanser.at\/en\/#organization\",\"name\":\"Tischlerei Lanser\",\"url\":\"https:\/\/tischlerei-lanser.at\/en\/\",\"logo\":{\"@type\":\"ImageObject\",\"inLanguage\":\"en-US\",\"@id\":\"https:\/\/tischlerei-lanser.at\/en\/#\/schema\/logo\/image\/\",\"url\":\"https:\/\/tischlerei-lanser.at\/wp-content\/uploads\/Lanser_Logo_Jahreszahl.jpg\",\"contentUrl\":\"https:\/\/tischlerei-lanser.at\/wp-content\/uploads\/Lanser_Logo_Jahreszahl.jpg\",\"width\":1920,\"height\":1015,\"caption\":\"Tischlerei Lanser\"},\"image\":{\"@id\":\"https:\/\/tischlerei-lanser.at\/en\/#\/schema\/logo\/image\/\"},\"sameAs\":[\"https:\/\/www.facebook.com\/TischlereiLanser\/\",\"https:\/\/www.instagram.com\/tischlerei_lanser\/\",\"https:\/\/www.linkedin.com\/company\/10006620\"]}]}<\/script>\n<!-- \/ Yoast SEO plugin. -->","yoast_head_json":{"title":"Wohnbereich Haus A &#8211; Tischlerei Lanser Wohnen Haus A in S\u00fcdtirol","description":"Erdige und sanfte Farben bestimmen hier die Wohnsituation. Das verarbeitete Holz ist eine massive Eiche in einem rauchigen Farbton. Wandverkleidung, Esstisch, Schr\u00e4nke, T\u00fcren sowie die Bar wurden in diesem Holz gew\u00e4hlt. In Verbindung mit modernen Designs und einer geraden Linienf\u00fchrung entsteht eine stimmige Einheit mit besonderem Charakter. Neben dem Holz wurden hochwertige Stoffe eines italienischen Herstellers f\u00fcr das Sofa und die Fauteuils gew\u00e4hlt, die wiederum mit dem Marmor und dem Leder harmonieren. Ein auf Ma\u00df eingebauter Schrank mit Nische aus Rohstahl und LED-Beleuchtung spendet gen\u00fcgend Stauraum und rundet das Konzept im Wohnzimmer ab.","robots":{"index":"index","follow":"follow","max-snippet":"max-snippet:-1","max-image-preview":"max-image-preview:large","max-video-preview":"max-video-preview:-1"},"canonical":"https:\/\/tischlerei-lanser.at\/en\/projekte\/wohnzimmer\/wohnen-haus-a\/","og_locale":"en_US","og_type":"article","og_title":"Wohnbereich Haus A &#8211; Tischlerei Lanser Wohnen Haus A in S\u00fcdtirol","og_description":"Erdige und sanfte Farben bestimmen hier die Wohnsituation. Das verarbeitete Holz ist eine massive Eiche in einem rauchigen Farbton. Wandverkleidung, Esstisch, Schr\u00e4nke, T\u00fcren sowie die Bar wurden in diesem Holz gew\u00e4hlt. In Verbindung mit modernen Designs und einer geraden Linienf\u00fchrung entsteht eine stimmige Einheit mit besonderem Charakter. Neben dem Holz wurden hochwertige Stoffe eines italienischen Herstellers f\u00fcr das Sofa und die Fauteuils gew\u00e4hlt, die wiederum mit dem Marmor und dem Leder harmonieren. Ein auf Ma\u00df eingebauter Schrank mit Nische aus Rohstahl und LED-Beleuchtung spendet gen\u00fcgend Stauraum und rundet das Konzept im Wohnzimmer ab.","og_url":"https:\/\/tischlerei-lanser.at\/en\/projekte\/wohnzimmer\/wohnen-haus-a\/","og_site_name":"Tischlerei Lanser","article_publisher":"https:\/\/www.facebook.com\/TischlereiLanser\/","article_modified_time":"2023-02-14T17:04:02+00:00","og_image":[{"width":1920,"height":1281,"url":"https:\/\/tischlerei-lanser.at\/wp-content\/uploads\/221018_martinlugger_lanser__09A6270.jpg","type":"image\/jpeg"}],"twitter_card":"summary_large_image","schema":{"@context":"https:\/\/schema.org","@graph":[{"@type":"WebPage","@id":"https:\/\/tischlerei-lanser.at\/en\/projekte\/wohnzimmer\/wohnen-haus-a\/","url":"https:\/\/tischlerei-lanser.at\/en\/projekte\/wohnzimmer\/wohnen-haus-a\/","name":"Wohnbereich Haus A &#8211; Tischlerei Lanser Wohnen Haus A in S\u00fcdtirol","isPartOf":{"@id":"https:\/\/tischlerei-lanser.at\/en\/#website"},"datePublished":"2023-01-18T14:34:31+00:00","dateModified":"2023-02-14T17:04:02+00:00","description":"Erdige und sanfte Farben bestimmen hier die Wohnsituation. Das verarbeitete Holz ist eine massive Eiche in einem rauchigen Farbton. Wandverkleidung, Esstisch, Schr\u00e4nke, T\u00fcren sowie die Bar wurden in diesem Holz gew\u00e4hlt. In Verbindung mit modernen Designs und einer geraden Linienf\u00fchrung entsteht eine stimmige Einheit mit besonderem Charakter. Neben dem Holz wurden hochwertige Stoffe eines italienischen Herstellers f\u00fcr das Sofa und die Fauteuils gew\u00e4hlt, die wiederum mit dem Marmor und dem Leder harmonieren. Ein auf Ma\u00df eingebauter Schrank mit Nische aus Rohstahl und LED-Beleuchtung spendet gen\u00fcgend Stauraum und rundet das Konzept im Wohnzimmer ab.","breadcrumb":{"@id":"https:\/\/tischlerei-lanser.at\/en\/projekte\/wohnzimmer\/wohnen-haus-a\/#breadcrumb"},"inLanguage":"en-US","potentialAction":[{"@type":"ReadAction","target":[["https:\/\/tischlerei-lanser.at\/en\/projekte\/wohnzimmer\/wohnen-haus-a\/"]]}]},{"@type":"BreadcrumbList","@id":"https:\/\/tischlerei-lanser.at\/en\/projekte\/wohnzimmer\/wohnen-haus-a\/#breadcrumb","itemListElement":[{"@type":"ListItem","position":1,"name":"Startseite","item":"https:\/\/tischlerei-lanser.at\/en\/"},{"@type":"ListItem","position":2,"name":"Projekte","item":"https:\/\/tischlerei-lanser.at\/en\/projekte\/"},{"@type":"ListItem","position":3,"name":"Wohnen","item":"https:\/\/tischlerei-lanser.at\/en\/projekte\/wohnzimmer\/"},{"@type":"ListItem","position":4,"name":"Wohnbereich Haus A"}]},{"@type":"WebSite","@id":"https:\/\/tischlerei-lanser.at\/en\/#website","url":"https:\/\/tischlerei-lanser.at\/en\/","name":"Tischlerei Lanser","description":"Wo Natur erhalten wird.","publisher":{"@id":"https:\/\/tischlerei-lanser.at\/en\/#organization"},"potentialAction":[{"@type":"SearchAction","target":{"@type":"EntryPoint","urlTemplate":"https:\/\/tischlerei-lanser.at\/en\/?s={search_term_string}"},"query-input":"required name=search_term_string"}],"inLanguage":"en-US"},{"@type":"Organization","@id":"https:\/\/tischlerei-lanser.at\/en\/#organization","name":"Tischlerei Lanser","url":"https:\/\/tischlerei-lanser.at\/en\/","logo":{"@type":"ImageObject","inLanguage":"en-US","@id":"https:\/\/tischlerei-lanser.at\/en\/#\/schema\/logo\/image\/","url":"https:\/\/tischlerei-lanser.at\/wp-content\/uploads\/Lanser_Logo_Jahreszahl.jpg","contentUrl":"https:\/\/tischlerei-lanser.at\/wp-content\/uploads\/Lanser_Logo_Jahreszahl.jpg","width":1920,"height":1015,"caption":"Tischlerei Lanser"},"image":{"@id":"https:\/\/tischlerei-lanser.at\/en\/#\/schema\/logo\/image\/"},"sameAs":["https:\/\/www.facebook.com\/TischlereiLanser\/","https:\/\/www.instagram.com\/tischlerei_lanser\/","https:\/\/www.linkedin.com\/company\/10006620"]}]}},"_links":{"self":[{"href":"https:\/\/tischlerei-lanser.at\/en\/wp-json\/wp\/v2\/pages\/4054"}],"collection":[{"href":"https:\/\/tischlerei-lanser.at\/en\/wp-json\/wp\/v2\/pages"}],"about":[{"href":"https:\/\/tischlerei-lanser.at\/en\/wp-json\/wp\/v2\/types\/page"}],"author":[{"embeddable":true,"href":"https:\/\/tischlerei-lanser.at\/en\/wp-json\/wp\/v2\/users\/2"}],"replies":[{"embeddable":true,"href":"https:\/\/tischlerei-lanser.at\/en\/wp-json\/wp\/v2\/comments?post=4054"}],"version-history":[{"count":22,"href":"https:\/\/tischlerei-lanser.at\/en\/wp-json\/wp\/v2\/pages\/4054\/revisions"}],"predecessor-version":[{"id":4084,"href":"https:\/\/tischlerei-lanser.at\/en\/wp-json\/wp\/v2\/pages\/4054\/revisions\/4084"}],"up":[{"embeddable":true,"href":"https:\/\/tischlerei-lanser.at\/en\/wp-json\/wp\/v2\/pages\/54"}],"wp:featuredmedia":[{"embeddable":true,"href":"https:\/\/tischlerei-lanser.at\/en\/wp-json\/wp\/v2\/media\/3960"}],"wp:attachment":[{"href":"https:\/\/tischlerei-lanser.at\/en\/wp-json\/wp\/v2\/media?parent=4054"}],"curies":[{"name":"wp","href":"https:\/\/api.w.org\/{rel}","templated":true}]}}