{"id":3938,"date":"2022-12-09T17:17:04","date_gmt":"2022-12-09T16:17:04","guid":{"rendered":"https:\/\/tischlerei-lanser.at\/?page_id=3938"},"modified":"2023-01-19T13:51:22","modified_gmt":"2023-01-19T12:51:22","slug":"kueche-haus-a","status":"publish","type":"page","link":"https:\/\/tischlerei-lanser.at\/en\/projekte\/kueche\/kueche-haus-a\/","title":{"rendered":"K\u00fcche Haus A"},"content":{"rendered":"","protected":false},"excerpt":{"rendered":"","protected":false},"author":2,"featured_media":3945,"parent":57,"menu_order":22,"comment_status":"closed","ping_status":"closed","template":"page-templates\/projekt.php","meta":{"_acf_changed":false,"inline_featured_image":false,"footnotes":""},"acf":[],"yoast_head":"<!-- This site is optimized with the Yoast SEO plugin v22.1 - https:\/\/yoast.com\/wordpress\/plugins\/seo\/ -->\n<title>K\u00fcche Haus A &#8211; Tischlerei Lanser K\u00fcche Haus A in S\u00fcdtirol<\/title>\n<meta name=\"description\" content=\"Das Haus A liegt traumhaft, sonnseitig, in S\u00fcdtirol. Die K\u00fcche spiegelt nicht nur die Architektur des Hauses wider, sondern erf\u00fcllt auch alle Bed\u00fcrfnisse und W\u00fcnsche der Bewohner. Der Raum wurde neu durchdacht und schafft durch die professionelle Planung einen Mehrwert f\u00fcr die Familie. Aufgrund der neuen Position der K\u00fcche wird nicht nur mehr Raum, sondern mihilfe gro\u00dfz\u00fcgiger Fenster auch an Licht gewonnen. Das Kochen mit Blick zum Esstisch und somit zu etwaigen G\u00e4sten, erm\u00f6glicht einen Austausch w\u00e4hrend des Werkens in der K\u00fcche. Die Materialauswahl folgt der Architektur des Hauses. Warme, erdige T\u00f6ne und Naturstein stellen die Basis dar. Griffleisten, Armatur und Elektroger\u00e4te werden bewusst in einem dunklen Anthrazit\/ Schwarz gew\u00e4hlt. W\u00e4hrend die Hochschrankzeile einen Pocketschrank beinhaltet, der mit flexible Einschubt\u00fcren punktet, befindet sich in der Kochinsel neben einem Bora Kochfeld, gen\u00fcgend Arbeitsfl\u00e4che und Stauraum.\" \/>\n<meta name=\"robots\" content=\"index, follow, max-snippet:-1, max-image-preview:large, max-video-preview:-1\" \/>\n<link rel=\"canonical\" href=\"https:\/\/tischlerei-lanser.at\/en\/projekte\/kueche\/kueche-haus-a\/\" \/>\n<meta property=\"og:locale\" content=\"en_US\" \/>\n<meta property=\"og:type\" content=\"article\" \/>\n<meta property=\"og:title\" content=\"K\u00fcche Haus A &#8211; Tischlerei Lanser K\u00fcche Haus A in S\u00fcdtirol\" \/>\n<meta property=\"og:description\" content=\"Das Haus A liegt traumhaft, sonnseitig, in S\u00fcdtirol. Die K\u00fcche spiegelt nicht nur die Architektur des Hauses wider, sondern erf\u00fcllt auch alle Bed\u00fcrfnisse und W\u00fcnsche der Bewohner. Der Raum wurde neu durchdacht und schafft durch die professionelle Planung einen Mehrwert f\u00fcr die Familie. Aufgrund der neuen Position der K\u00fcche wird nicht nur mehr Raum, sondern mihilfe gro\u00dfz\u00fcgiger Fenster auch an Licht gewonnen. Das Kochen mit Blick zum Esstisch und somit zu etwaigen G\u00e4sten, erm\u00f6glicht einen Austausch w\u00e4hrend des Werkens in der K\u00fcche. Die Materialauswahl folgt der Architektur des Hauses. Warme, erdige T\u00f6ne und Naturstein stellen die Basis dar. Griffleisten, Armatur und Elektroger\u00e4te werden bewusst in einem dunklen Anthrazit\/ Schwarz gew\u00e4hlt. W\u00e4hrend die Hochschrankzeile einen Pocketschrank beinhaltet, der mit flexible Einschubt\u00fcren punktet, befindet sich in der Kochinsel neben einem Bora Kochfeld, gen\u00fcgend Arbeitsfl\u00e4che und Stauraum.\" \/>\n<meta property=\"og:url\" content=\"https:\/\/tischlerei-lanser.at\/en\/projekte\/kueche\/kueche-haus-a\/\" \/>\n<meta property=\"og:site_name\" content=\"Tischlerei Lanser\" \/>\n<meta property=\"article:publisher\" content=\"https:\/\/www.facebook.com\/TischlereiLanser\/\" \/>\n<meta property=\"article:modified_time\" content=\"2023-01-19T12:51:22+00:00\" \/>\n<meta property=\"og:image\" content=\"https:\/\/tischlerei-lanser.at\/wp-content\/uploads\/221018_martinlugger_lanser__09A6213-Kopie.jpg\" \/>\n\t<meta property=\"og:image:width\" content=\"1920\" \/>\n\t<meta property=\"og:image:height\" content=\"1281\" \/>\n\t<meta property=\"og:image:type\" content=\"image\/jpeg\" \/>\n<meta name=\"twitter:card\" content=\"summary_large_image\" \/>\n<script type=\"application\/ld+json\" class=\"yoast-schema-graph\">{\"@context\":\"https:\/\/schema.org\",\"@graph\":[{\"@type\":\"WebPage\",\"@id\":\"https:\/\/tischlerei-lanser.at\/en\/projekte\/kueche\/kueche-haus-a\/\",\"url\":\"https:\/\/tischlerei-lanser.at\/en\/projekte\/kueche\/kueche-haus-a\/\",\"name\":\"K\u00fcche Haus A &#8211; Tischlerei Lanser K\u00fcche Haus A in S\u00fcdtirol\",\"isPartOf\":{\"@id\":\"https:\/\/tischlerei-lanser.at\/en\/#website\"},\"datePublished\":\"2022-12-09T16:17:04+00:00\",\"dateModified\":\"2023-01-19T12:51:22+00:00\",\"description\":\"Das Haus A liegt traumhaft, sonnseitig, in S\u00fcdtirol. Die K\u00fcche spiegelt nicht nur die Architektur des Hauses wider, sondern erf\u00fcllt auch alle Bed\u00fcrfnisse und W\u00fcnsche der Bewohner. Der Raum wurde neu durchdacht und schafft durch die professionelle Planung einen Mehrwert f\u00fcr die Familie. Aufgrund der neuen Position der K\u00fcche wird nicht nur mehr Raum, sondern mihilfe gro\u00dfz\u00fcgiger Fenster auch an Licht gewonnen. Das Kochen mit Blick zum Esstisch und somit zu etwaigen G\u00e4sten, erm\u00f6glicht einen Austausch w\u00e4hrend des Werkens in der K\u00fcche. Die Materialauswahl folgt der Architektur des Hauses. Warme, erdige T\u00f6ne und Naturstein stellen die Basis dar. Griffleisten, Armatur und Elektroger\u00e4te werden bewusst in einem dunklen Anthrazit\/ Schwarz gew\u00e4hlt. W\u00e4hrend die Hochschrankzeile einen Pocketschrank beinhaltet, der mit flexible Einschubt\u00fcren punktet, befindet sich in der Kochinsel neben einem Bora Kochfeld, gen\u00fcgend Arbeitsfl\u00e4che und Stauraum.\",\"breadcrumb\":{\"@id\":\"https:\/\/tischlerei-lanser.at\/en\/projekte\/kueche\/kueche-haus-a\/#breadcrumb\"},\"inLanguage\":\"en-US\",\"potentialAction\":[{\"@type\":\"ReadAction\",\"target\":[[\"https:\/\/tischlerei-lanser.at\/en\/projekte\/kueche\/kueche-haus-a\/\"]]}]},{\"@type\":\"BreadcrumbList\",\"@id\":\"https:\/\/tischlerei-lanser.at\/en\/projekte\/kueche\/kueche-haus-a\/#breadcrumb\",\"itemListElement\":[{\"@type\":\"ListItem\",\"position\":1,\"name\":\"Startseite\",\"item\":\"https:\/\/tischlerei-lanser.at\/en\/\"},{\"@type\":\"ListItem\",\"position\":2,\"name\":\"Projekte\",\"item\":\"https:\/\/tischlerei-lanser.at\/en\/projekte\/\"},{\"@type\":\"ListItem\",\"position\":3,\"name\":\"K\u00fcche\",\"item\":\"https:\/\/tischlerei-lanser.at\/en\/projekte\/kueche\/\"},{\"@type\":\"ListItem\",\"position\":4,\"name\":\"K\u00fcche Haus A\"}]},{\"@type\":\"WebSite\",\"@id\":\"https:\/\/tischlerei-lanser.at\/en\/#website\",\"url\":\"https:\/\/tischlerei-lanser.at\/en\/\",\"name\":\"Tischlerei Lanser\",\"description\":\"Wo Natur erhalten wird.\",\"publisher\":{\"@id\":\"https:\/\/tischlerei-lanser.at\/en\/#organization\"},\"potentialAction\":[{\"@type\":\"SearchAction\",\"target\":{\"@type\":\"EntryPoint\",\"urlTemplate\":\"https:\/\/tischlerei-lanser.at\/en\/?s={search_term_string}\"},\"query-input\":\"required name=search_term_string\"}],\"inLanguage\":\"en-US\"},{\"@type\":\"Organization\",\"@id\":\"https:\/\/tischlerei-lanser.at\/en\/#organization\",\"name\":\"Tischlerei Lanser\",\"url\":\"https:\/\/tischlerei-lanser.at\/en\/\",\"logo\":{\"@type\":\"ImageObject\",\"inLanguage\":\"en-US\",\"@id\":\"https:\/\/tischlerei-lanser.at\/en\/#\/schema\/logo\/image\/\",\"url\":\"https:\/\/tischlerei-lanser.at\/wp-content\/uploads\/Lanser_Logo_Jahreszahl.jpg\",\"contentUrl\":\"https:\/\/tischlerei-lanser.at\/wp-content\/uploads\/Lanser_Logo_Jahreszahl.jpg\",\"width\":1920,\"height\":1015,\"caption\":\"Tischlerei Lanser\"},\"image\":{\"@id\":\"https:\/\/tischlerei-lanser.at\/en\/#\/schema\/logo\/image\/\"},\"sameAs\":[\"https:\/\/www.facebook.com\/TischlereiLanser\/\",\"https:\/\/www.instagram.com\/tischlerei_lanser\/\",\"https:\/\/www.linkedin.com\/company\/10006620\"]}]}<\/script>\n<!-- \/ Yoast SEO plugin. -->","yoast_head_json":{"title":"K\u00fcche Haus A &#8211; Tischlerei Lanser K\u00fcche Haus A in S\u00fcdtirol","description":"Das Haus A liegt traumhaft, sonnseitig, in S\u00fcdtirol. Die K\u00fcche spiegelt nicht nur die Architektur des Hauses wider, sondern erf\u00fcllt auch alle Bed\u00fcrfnisse und W\u00fcnsche der Bewohner. Der Raum wurde neu durchdacht und schafft durch die professionelle Planung einen Mehrwert f\u00fcr die Familie. Aufgrund der neuen Position der K\u00fcche wird nicht nur mehr Raum, sondern mihilfe gro\u00dfz\u00fcgiger Fenster auch an Licht gewonnen. Das Kochen mit Blick zum Esstisch und somit zu etwaigen G\u00e4sten, erm\u00f6glicht einen Austausch w\u00e4hrend des Werkens in der K\u00fcche. Die Materialauswahl folgt der Architektur des Hauses. Warme, erdige T\u00f6ne und Naturstein stellen die Basis dar. Griffleisten, Armatur und Elektroger\u00e4te werden bewusst in einem dunklen Anthrazit\/ Schwarz gew\u00e4hlt. W\u00e4hrend die Hochschrankzeile einen Pocketschrank beinhaltet, der mit flexible Einschubt\u00fcren punktet, befindet sich in der Kochinsel neben einem Bora Kochfeld, gen\u00fcgend Arbeitsfl\u00e4che und Stauraum.","robots":{"index":"index","follow":"follow","max-snippet":"max-snippet:-1","max-image-preview":"max-image-preview:large","max-video-preview":"max-video-preview:-1"},"canonical":"https:\/\/tischlerei-lanser.at\/en\/projekte\/kueche\/kueche-haus-a\/","og_locale":"en_US","og_type":"article","og_title":"K\u00fcche Haus A &#8211; Tischlerei Lanser K\u00fcche Haus A in S\u00fcdtirol","og_description":"Das Haus A liegt traumhaft, sonnseitig, in S\u00fcdtirol. Die K\u00fcche spiegelt nicht nur die Architektur des Hauses wider, sondern erf\u00fcllt auch alle Bed\u00fcrfnisse und W\u00fcnsche der Bewohner. Der Raum wurde neu durchdacht und schafft durch die professionelle Planung einen Mehrwert f\u00fcr die Familie. Aufgrund der neuen Position der K\u00fcche wird nicht nur mehr Raum, sondern mihilfe gro\u00dfz\u00fcgiger Fenster auch an Licht gewonnen. Das Kochen mit Blick zum Esstisch und somit zu etwaigen G\u00e4sten, erm\u00f6glicht einen Austausch w\u00e4hrend des Werkens in der K\u00fcche. Die Materialauswahl folgt der Architektur des Hauses. Warme, erdige T\u00f6ne und Naturstein stellen die Basis dar. Griffleisten, Armatur und Elektroger\u00e4te werden bewusst in einem dunklen Anthrazit\/ Schwarz gew\u00e4hlt. W\u00e4hrend die Hochschrankzeile einen Pocketschrank beinhaltet, der mit flexible Einschubt\u00fcren punktet, befindet sich in der Kochinsel neben einem Bora Kochfeld, gen\u00fcgend Arbeitsfl\u00e4che und Stauraum.","og_url":"https:\/\/tischlerei-lanser.at\/en\/projekte\/kueche\/kueche-haus-a\/","og_site_name":"Tischlerei Lanser","article_publisher":"https:\/\/www.facebook.com\/TischlereiLanser\/","article_modified_time":"2023-01-19T12:51:22+00:00","og_image":[{"width":1920,"height":1281,"url":"https:\/\/tischlerei-lanser.at\/wp-content\/uploads\/221018_martinlugger_lanser__09A6213-Kopie.jpg","type":"image\/jpeg"}],"twitter_card":"summary_large_image","schema":{"@context":"https:\/\/schema.org","@graph":[{"@type":"WebPage","@id":"https:\/\/tischlerei-lanser.at\/en\/projekte\/kueche\/kueche-haus-a\/","url":"https:\/\/tischlerei-lanser.at\/en\/projekte\/kueche\/kueche-haus-a\/","name":"K\u00fcche Haus A &#8211; Tischlerei Lanser K\u00fcche Haus A in S\u00fcdtirol","isPartOf":{"@id":"https:\/\/tischlerei-lanser.at\/en\/#website"},"datePublished":"2022-12-09T16:17:04+00:00","dateModified":"2023-01-19T12:51:22+00:00","description":"Das Haus A liegt traumhaft, sonnseitig, in S\u00fcdtirol. Die K\u00fcche spiegelt nicht nur die Architektur des Hauses wider, sondern erf\u00fcllt auch alle Bed\u00fcrfnisse und W\u00fcnsche der Bewohner. Der Raum wurde neu durchdacht und schafft durch die professionelle Planung einen Mehrwert f\u00fcr die Familie. Aufgrund der neuen Position der K\u00fcche wird nicht nur mehr Raum, sondern mihilfe gro\u00dfz\u00fcgiger Fenster auch an Licht gewonnen. Das Kochen mit Blick zum Esstisch und somit zu etwaigen G\u00e4sten, erm\u00f6glicht einen Austausch w\u00e4hrend des Werkens in der K\u00fcche. Die Materialauswahl folgt der Architektur des Hauses. Warme, erdige T\u00f6ne und Naturstein stellen die Basis dar. Griffleisten, Armatur und Elektroger\u00e4te werden bewusst in einem dunklen Anthrazit\/ Schwarz gew\u00e4hlt. W\u00e4hrend die Hochschrankzeile einen Pocketschrank beinhaltet, der mit flexible Einschubt\u00fcren punktet, befindet sich in der Kochinsel neben einem Bora Kochfeld, gen\u00fcgend Arbeitsfl\u00e4che und Stauraum.","breadcrumb":{"@id":"https:\/\/tischlerei-lanser.at\/en\/projekte\/kueche\/kueche-haus-a\/#breadcrumb"},"inLanguage":"en-US","potentialAction":[{"@type":"ReadAction","target":[["https:\/\/tischlerei-lanser.at\/en\/projekte\/kueche\/kueche-haus-a\/"]]}]},{"@type":"BreadcrumbList","@id":"https:\/\/tischlerei-lanser.at\/en\/projekte\/kueche\/kueche-haus-a\/#breadcrumb","itemListElement":[{"@type":"ListItem","position":1,"name":"Startseite","item":"https:\/\/tischlerei-lanser.at\/en\/"},{"@type":"ListItem","position":2,"name":"Projekte","item":"https:\/\/tischlerei-lanser.at\/en\/projekte\/"},{"@type":"ListItem","position":3,"name":"K\u00fcche","item":"https:\/\/tischlerei-lanser.at\/en\/projekte\/kueche\/"},{"@type":"ListItem","position":4,"name":"K\u00fcche Haus A"}]},{"@type":"WebSite","@id":"https:\/\/tischlerei-lanser.at\/en\/#website","url":"https:\/\/tischlerei-lanser.at\/en\/","name":"Tischlerei Lanser","description":"Wo Natur erhalten wird.","publisher":{"@id":"https:\/\/tischlerei-lanser.at\/en\/#organization"},"potentialAction":[{"@type":"SearchAction","target":{"@type":"EntryPoint","urlTemplate":"https:\/\/tischlerei-lanser.at\/en\/?s={search_term_string}"},"query-input":"required name=search_term_string"}],"inLanguage":"en-US"},{"@type":"Organization","@id":"https:\/\/tischlerei-lanser.at\/en\/#organization","name":"Tischlerei Lanser","url":"https:\/\/tischlerei-lanser.at\/en\/","logo":{"@type":"ImageObject","inLanguage":"en-US","@id":"https:\/\/tischlerei-lanser.at\/en\/#\/schema\/logo\/image\/","url":"https:\/\/tischlerei-lanser.at\/wp-content\/uploads\/Lanser_Logo_Jahreszahl.jpg","contentUrl":"https:\/\/tischlerei-lanser.at\/wp-content\/uploads\/Lanser_Logo_Jahreszahl.jpg","width":1920,"height":1015,"caption":"Tischlerei Lanser"},"image":{"@id":"https:\/\/tischlerei-lanser.at\/en\/#\/schema\/logo\/image\/"},"sameAs":["https:\/\/www.facebook.com\/TischlereiLanser\/","https:\/\/www.instagram.com\/tischlerei_lanser\/","https:\/\/www.linkedin.com\/company\/10006620"]}]}},"_links":{"self":[{"href":"https:\/\/tischlerei-lanser.at\/en\/wp-json\/wp\/v2\/pages\/3938"}],"collection":[{"href":"https:\/\/tischlerei-lanser.at\/en\/wp-json\/wp\/v2\/pages"}],"about":[{"href":"https:\/\/tischlerei-lanser.at\/en\/wp-json\/wp\/v2\/types\/page"}],"author":[{"embeddable":true,"href":"https:\/\/tischlerei-lanser.at\/en\/wp-json\/wp\/v2\/users\/2"}],"replies":[{"embeddable":true,"href":"https:\/\/tischlerei-lanser.at\/en\/wp-json\/wp\/v2\/comments?post=3938"}],"version-history":[{"count":32,"href":"https:\/\/tischlerei-lanser.at\/en\/wp-json\/wp\/v2\/pages\/3938\/revisions"}],"predecessor-version":[{"id":4094,"href":"https:\/\/tischlerei-lanser.at\/en\/wp-json\/wp\/v2\/pages\/3938\/revisions\/4094"}],"up":[{"embeddable":true,"href":"https:\/\/tischlerei-lanser.at\/en\/wp-json\/wp\/v2\/pages\/57"}],"wp:featuredmedia":[{"embeddable":true,"href":"https:\/\/tischlerei-lanser.at\/en\/wp-json\/wp\/v2\/media\/3945"}],"wp:attachment":[{"href":"https:\/\/tischlerei-lanser.at\/en\/wp-json\/wp\/v2\/media?parent=3938"}],"curies":[{"name":"wp","href":"https:\/\/api.w.org\/{rel}","templated":true}]}}