{"id":3682,"date":"2022-03-07T15:40:53","date_gmt":"2022-03-07T14:40:53","guid":{"rendered":"https:\/\/tischlerei-lanser.at\/?page_id=3682"},"modified":"2022-05-20T15:29:02","modified_gmt":"2022-05-20T13:29:02","slug":"kueche-alpengruen","status":"publish","type":"page","link":"https:\/\/tischlerei-lanser.at\/en\/projekte\/kueche\/kueche-alpengruen\/","title":{"rendered":"K\u00fcche Alpengr\u00fcn"},"content":{"rendered":"","protected":false},"excerpt":{"rendered":"","protected":false},"author":2,"featured_media":3684,"parent":57,"menu_order":24,"comment_status":"closed","ping_status":"closed","template":"page-templates\/projekt.php","meta":{"_acf_changed":false,"inline_featured_image":false,"footnotes":""},"acf":[],"yoast_head":"<!-- This site is optimized with the Yoast SEO plugin v22.1 - https:\/\/yoast.com\/wordpress\/plugins\/seo\/ -->\n<title>K\u00fcche Alpengr\u00fcn  &#8211; Tischlerei Lanser Projekt K\u00fcche Alpengr\u00fcn<\/title>\n<meta name=\"description\" content=\"Eine K\u00fcche im Herzen der Osttiroler Berge, die sich modern und stilvoll zu alten, geschichtstr\u00e4chtigen Mauern schmiegt. So harmonisch kann sich &quot;Neues mit Altem&quot; oder &quot;Moderne mit Tradition&quot; verbinden. Die K\u00fcche wurde in einem schlichten, wei\u00dfen Ton gehalten, welche durch Elemente in reflektierendem Rauchglas, einem gr\u00fcnen Naturstein aus Osttirol und zu guter Letzt mit Fronten aus originalem Altholz erg\u00e4nzt wurde. Ebenso aus Altholz ist das Barelement gefertigt, welches auf der gro\u00dfz\u00fcgigen K\u00fccheninsel seinen Platz findet. Neueste K\u00fcchenger\u00e4te wie das Bora Kochfeld mit Tepan-Grill und integriertem Dunstabzug, ein Dampfbackofen oder der Quooker Wasserhahn erleichtert den Besitzern das kreative Werken in ihrer K\u00fcche.\" \/>\n<meta name=\"robots\" content=\"index, follow, max-snippet:-1, max-image-preview:large, max-video-preview:-1\" \/>\n<link rel=\"canonical\" href=\"https:\/\/tischlerei-lanser.at\/en\/projekte\/kueche\/kueche-alpengruen\/\" \/>\n<meta property=\"og:locale\" content=\"en_US\" \/>\n<meta property=\"og:type\" content=\"article\" \/>\n<meta property=\"og:title\" content=\"K\u00fcche Alpengr\u00fcn  &#8211; Tischlerei Lanser Projekt K\u00fcche Alpengr\u00fcn\" \/>\n<meta property=\"og:description\" content=\"Eine K\u00fcche im Herzen der Osttiroler Berge, die sich modern und stilvoll zu alten, geschichtstr\u00e4chtigen Mauern schmiegt. So harmonisch kann sich &quot;Neues mit Altem&quot; oder &quot;Moderne mit Tradition&quot; verbinden. Die K\u00fcche wurde in einem schlichten, wei\u00dfen Ton gehalten, welche durch Elemente in reflektierendem Rauchglas, einem gr\u00fcnen Naturstein aus Osttirol und zu guter Letzt mit Fronten aus originalem Altholz erg\u00e4nzt wurde. Ebenso aus Altholz ist das Barelement gefertigt, welches auf der gro\u00dfz\u00fcgigen K\u00fccheninsel seinen Platz findet. Neueste K\u00fcchenger\u00e4te wie das Bora Kochfeld mit Tepan-Grill und integriertem Dunstabzug, ein Dampfbackofen oder der Quooker Wasserhahn erleichtert den Besitzern das kreative Werken in ihrer K\u00fcche.\" \/>\n<meta property=\"og:url\" content=\"https:\/\/tischlerei-lanser.at\/en\/projekte\/kueche\/kueche-alpengruen\/\" \/>\n<meta property=\"og:site_name\" content=\"Tischlerei Lanser\" \/>\n<meta property=\"article:publisher\" content=\"https:\/\/www.facebook.com\/TischlereiLanser\/\" \/>\n<meta property=\"article:modified_time\" content=\"2022-05-20T13:29:02+00:00\" \/>\n<meta property=\"og:image\" content=\"https:\/\/tischlerei-lanser.at\/wp-content\/uploads\/220105_martinlugger_lanser__09A8319.jpg\" \/>\n\t<meta property=\"og:image:width\" content=\"1920\" \/>\n\t<meta property=\"og:image:height\" content=\"1281\" \/>\n\t<meta property=\"og:image:type\" content=\"image\/jpeg\" \/>\n<meta name=\"twitter:card\" content=\"summary_large_image\" \/>\n<script type=\"application\/ld+json\" class=\"yoast-schema-graph\">{\"@context\":\"https:\/\/schema.org\",\"@graph\":[{\"@type\":\"WebPage\",\"@id\":\"https:\/\/tischlerei-lanser.at\/en\/projekte\/kueche\/kueche-alpengruen\/\",\"url\":\"https:\/\/tischlerei-lanser.at\/en\/projekte\/kueche\/kueche-alpengruen\/\",\"name\":\"K\u00fcche Alpengr\u00fcn  &#8211; Tischlerei Lanser Projekt K\u00fcche Alpengr\u00fcn\",\"isPartOf\":{\"@id\":\"https:\/\/tischlerei-lanser.at\/en\/#website\"},\"datePublished\":\"2022-03-07T14:40:53+00:00\",\"dateModified\":\"2022-05-20T13:29:02+00:00\",\"description\":\"Eine K\u00fcche im Herzen der Osttiroler Berge, die sich modern und stilvoll zu alten, geschichtstr\u00e4chtigen Mauern schmiegt. So harmonisch kann sich \\\"Neues mit Altem\\\" oder \\\"Moderne mit Tradition\\\" verbinden. Die K\u00fcche wurde in einem schlichten, wei\u00dfen Ton gehalten, welche durch Elemente in reflektierendem Rauchglas, einem gr\u00fcnen Naturstein aus Osttirol und zu guter Letzt mit Fronten aus originalem Altholz erg\u00e4nzt wurde. Ebenso aus Altholz ist das Barelement gefertigt, welches auf der gro\u00dfz\u00fcgigen K\u00fccheninsel seinen Platz findet. Neueste K\u00fcchenger\u00e4te wie das Bora Kochfeld mit Tepan-Grill und integriertem Dunstabzug, ein Dampfbackofen oder der Quooker Wasserhahn erleichtert den Besitzern das kreative Werken in ihrer K\u00fcche.\",\"breadcrumb\":{\"@id\":\"https:\/\/tischlerei-lanser.at\/en\/projekte\/kueche\/kueche-alpengruen\/#breadcrumb\"},\"inLanguage\":\"en-US\",\"potentialAction\":[{\"@type\":\"ReadAction\",\"target\":[[\"https:\/\/tischlerei-lanser.at\/en\/projekte\/kueche\/kueche-alpengruen\/\"]]}]},{\"@type\":\"BreadcrumbList\",\"@id\":\"https:\/\/tischlerei-lanser.at\/en\/projekte\/kueche\/kueche-alpengruen\/#breadcrumb\",\"itemListElement\":[{\"@type\":\"ListItem\",\"position\":1,\"name\":\"Startseite\",\"item\":\"https:\/\/tischlerei-lanser.at\/en\/\"},{\"@type\":\"ListItem\",\"position\":2,\"name\":\"Projekte\",\"item\":\"https:\/\/tischlerei-lanser.at\/en\/projekte\/\"},{\"@type\":\"ListItem\",\"position\":3,\"name\":\"K\u00fcche\",\"item\":\"https:\/\/tischlerei-lanser.at\/en\/projekte\/kueche\/\"},{\"@type\":\"ListItem\",\"position\":4,\"name\":\"K\u00fcche Alpengr\u00fcn\"}]},{\"@type\":\"WebSite\",\"@id\":\"https:\/\/tischlerei-lanser.at\/en\/#website\",\"url\":\"https:\/\/tischlerei-lanser.at\/en\/\",\"name\":\"Tischlerei Lanser\",\"description\":\"Wo Natur erhalten wird.\",\"publisher\":{\"@id\":\"https:\/\/tischlerei-lanser.at\/en\/#organization\"},\"potentialAction\":[{\"@type\":\"SearchAction\",\"target\":{\"@type\":\"EntryPoint\",\"urlTemplate\":\"https:\/\/tischlerei-lanser.at\/en\/?s={search_term_string}\"},\"query-input\":\"required name=search_term_string\"}],\"inLanguage\":\"en-US\"},{\"@type\":\"Organization\",\"@id\":\"https:\/\/tischlerei-lanser.at\/en\/#organization\",\"name\":\"Tischlerei Lanser\",\"url\":\"https:\/\/tischlerei-lanser.at\/en\/\",\"logo\":{\"@type\":\"ImageObject\",\"inLanguage\":\"en-US\",\"@id\":\"https:\/\/tischlerei-lanser.at\/en\/#\/schema\/logo\/image\/\",\"url\":\"https:\/\/tischlerei-lanser.at\/wp-content\/uploads\/Lanser_Logo_Jahreszahl.jpg\",\"contentUrl\":\"https:\/\/tischlerei-lanser.at\/wp-content\/uploads\/Lanser_Logo_Jahreszahl.jpg\",\"width\":1920,\"height\":1015,\"caption\":\"Tischlerei Lanser\"},\"image\":{\"@id\":\"https:\/\/tischlerei-lanser.at\/en\/#\/schema\/logo\/image\/\"},\"sameAs\":[\"https:\/\/www.facebook.com\/TischlereiLanser\/\",\"https:\/\/www.instagram.com\/tischlerei_lanser\/\",\"https:\/\/www.linkedin.com\/company\/10006620\"]}]}<\/script>\n<!-- \/ Yoast SEO plugin. -->","yoast_head_json":{"title":"K\u00fcche Alpengr\u00fcn  &#8211; Tischlerei Lanser Projekt K\u00fcche Alpengr\u00fcn","description":"Eine K\u00fcche im Herzen der Osttiroler Berge, die sich modern und stilvoll zu alten, geschichtstr\u00e4chtigen Mauern schmiegt. So harmonisch kann sich \"Neues mit Altem\" oder \"Moderne mit Tradition\" verbinden. Die K\u00fcche wurde in einem schlichten, wei\u00dfen Ton gehalten, welche durch Elemente in reflektierendem Rauchglas, einem gr\u00fcnen Naturstein aus Osttirol und zu guter Letzt mit Fronten aus originalem Altholz erg\u00e4nzt wurde. Ebenso aus Altholz ist das Barelement gefertigt, welches auf der gro\u00dfz\u00fcgigen K\u00fccheninsel seinen Platz findet. Neueste K\u00fcchenger\u00e4te wie das Bora Kochfeld mit Tepan-Grill und integriertem Dunstabzug, ein Dampfbackofen oder der Quooker Wasserhahn erleichtert den Besitzern das kreative Werken in ihrer K\u00fcche.","robots":{"index":"index","follow":"follow","max-snippet":"max-snippet:-1","max-image-preview":"max-image-preview:large","max-video-preview":"max-video-preview:-1"},"canonical":"https:\/\/tischlerei-lanser.at\/en\/projekte\/kueche\/kueche-alpengruen\/","og_locale":"en_US","og_type":"article","og_title":"K\u00fcche Alpengr\u00fcn  &#8211; Tischlerei Lanser Projekt K\u00fcche Alpengr\u00fcn","og_description":"Eine K\u00fcche im Herzen der Osttiroler Berge, die sich modern und stilvoll zu alten, geschichtstr\u00e4chtigen Mauern schmiegt. So harmonisch kann sich \"Neues mit Altem\" oder \"Moderne mit Tradition\" verbinden. Die K\u00fcche wurde in einem schlichten, wei\u00dfen Ton gehalten, welche durch Elemente in reflektierendem Rauchglas, einem gr\u00fcnen Naturstein aus Osttirol und zu guter Letzt mit Fronten aus originalem Altholz erg\u00e4nzt wurde. Ebenso aus Altholz ist das Barelement gefertigt, welches auf der gro\u00dfz\u00fcgigen K\u00fccheninsel seinen Platz findet. Neueste K\u00fcchenger\u00e4te wie das Bora Kochfeld mit Tepan-Grill und integriertem Dunstabzug, ein Dampfbackofen oder der Quooker Wasserhahn erleichtert den Besitzern das kreative Werken in ihrer K\u00fcche.","og_url":"https:\/\/tischlerei-lanser.at\/en\/projekte\/kueche\/kueche-alpengruen\/","og_site_name":"Tischlerei Lanser","article_publisher":"https:\/\/www.facebook.com\/TischlereiLanser\/","article_modified_time":"2022-05-20T13:29:02+00:00","og_image":[{"width":1920,"height":1281,"url":"https:\/\/tischlerei-lanser.at\/wp-content\/uploads\/220105_martinlugger_lanser__09A8319.jpg","type":"image\/jpeg"}],"twitter_card":"summary_large_image","schema":{"@context":"https:\/\/schema.org","@graph":[{"@type":"WebPage","@id":"https:\/\/tischlerei-lanser.at\/en\/projekte\/kueche\/kueche-alpengruen\/","url":"https:\/\/tischlerei-lanser.at\/en\/projekte\/kueche\/kueche-alpengruen\/","name":"K\u00fcche Alpengr\u00fcn  &#8211; Tischlerei Lanser Projekt K\u00fcche Alpengr\u00fcn","isPartOf":{"@id":"https:\/\/tischlerei-lanser.at\/en\/#website"},"datePublished":"2022-03-07T14:40:53+00:00","dateModified":"2022-05-20T13:29:02+00:00","description":"Eine K\u00fcche im Herzen der Osttiroler Berge, die sich modern und stilvoll zu alten, geschichtstr\u00e4chtigen Mauern schmiegt. So harmonisch kann sich \"Neues mit Altem\" oder \"Moderne mit Tradition\" verbinden. Die K\u00fcche wurde in einem schlichten, wei\u00dfen Ton gehalten, welche durch Elemente in reflektierendem Rauchglas, einem gr\u00fcnen Naturstein aus Osttirol und zu guter Letzt mit Fronten aus originalem Altholz erg\u00e4nzt wurde. Ebenso aus Altholz ist das Barelement gefertigt, welches auf der gro\u00dfz\u00fcgigen K\u00fccheninsel seinen Platz findet. Neueste K\u00fcchenger\u00e4te wie das Bora Kochfeld mit Tepan-Grill und integriertem Dunstabzug, ein Dampfbackofen oder der Quooker Wasserhahn erleichtert den Besitzern das kreative Werken in ihrer K\u00fcche.","breadcrumb":{"@id":"https:\/\/tischlerei-lanser.at\/en\/projekte\/kueche\/kueche-alpengruen\/#breadcrumb"},"inLanguage":"en-US","potentialAction":[{"@type":"ReadAction","target":[["https:\/\/tischlerei-lanser.at\/en\/projekte\/kueche\/kueche-alpengruen\/"]]}]},{"@type":"BreadcrumbList","@id":"https:\/\/tischlerei-lanser.at\/en\/projekte\/kueche\/kueche-alpengruen\/#breadcrumb","itemListElement":[{"@type":"ListItem","position":1,"name":"Startseite","item":"https:\/\/tischlerei-lanser.at\/en\/"},{"@type":"ListItem","position":2,"name":"Projekte","item":"https:\/\/tischlerei-lanser.at\/en\/projekte\/"},{"@type":"ListItem","position":3,"name":"K\u00fcche","item":"https:\/\/tischlerei-lanser.at\/en\/projekte\/kueche\/"},{"@type":"ListItem","position":4,"name":"K\u00fcche Alpengr\u00fcn"}]},{"@type":"WebSite","@id":"https:\/\/tischlerei-lanser.at\/en\/#website","url":"https:\/\/tischlerei-lanser.at\/en\/","name":"Tischlerei Lanser","description":"Wo Natur erhalten wird.","publisher":{"@id":"https:\/\/tischlerei-lanser.at\/en\/#organization"},"potentialAction":[{"@type":"SearchAction","target":{"@type":"EntryPoint","urlTemplate":"https:\/\/tischlerei-lanser.at\/en\/?s={search_term_string}"},"query-input":"required name=search_term_string"}],"inLanguage":"en-US"},{"@type":"Organization","@id":"https:\/\/tischlerei-lanser.at\/en\/#organization","name":"Tischlerei Lanser","url":"https:\/\/tischlerei-lanser.at\/en\/","logo":{"@type":"ImageObject","inLanguage":"en-US","@id":"https:\/\/tischlerei-lanser.at\/en\/#\/schema\/logo\/image\/","url":"https:\/\/tischlerei-lanser.at\/wp-content\/uploads\/Lanser_Logo_Jahreszahl.jpg","contentUrl":"https:\/\/tischlerei-lanser.at\/wp-content\/uploads\/Lanser_Logo_Jahreszahl.jpg","width":1920,"height":1015,"caption":"Tischlerei Lanser"},"image":{"@id":"https:\/\/tischlerei-lanser.at\/en\/#\/schema\/logo\/image\/"},"sameAs":["https:\/\/www.facebook.com\/TischlereiLanser\/","https:\/\/www.instagram.com\/tischlerei_lanser\/","https:\/\/www.linkedin.com\/company\/10006620"]}]}},"_links":{"self":[{"href":"https:\/\/tischlerei-lanser.at\/en\/wp-json\/wp\/v2\/pages\/3682"}],"collection":[{"href":"https:\/\/tischlerei-lanser.at\/en\/wp-json\/wp\/v2\/pages"}],"about":[{"href":"https:\/\/tischlerei-lanser.at\/en\/wp-json\/wp\/v2\/types\/page"}],"author":[{"embeddable":true,"href":"https:\/\/tischlerei-lanser.at\/en\/wp-json\/wp\/v2\/users\/2"}],"replies":[{"embeddable":true,"href":"https:\/\/tischlerei-lanser.at\/en\/wp-json\/wp\/v2\/comments?post=3682"}],"version-history":[{"count":27,"href":"https:\/\/tischlerei-lanser.at\/en\/wp-json\/wp\/v2\/pages\/3682\/revisions"}],"predecessor-version":[{"id":3731,"href":"https:\/\/tischlerei-lanser.at\/en\/wp-json\/wp\/v2\/pages\/3682\/revisions\/3731"}],"up":[{"embeddable":true,"href":"https:\/\/tischlerei-lanser.at\/en\/wp-json\/wp\/v2\/pages\/57"}],"wp:featuredmedia":[{"embeddable":true,"href":"https:\/\/tischlerei-lanser.at\/en\/wp-json\/wp\/v2\/media\/3684"}],"wp:attachment":[{"href":"https:\/\/tischlerei-lanser.at\/en\/wp-json\/wp\/v2\/media?parent=3682"}],"curies":[{"name":"wp","href":"https:\/\/api.w.org\/{rel}","templated":true}]}}