{"id":2887,"date":"2021-03-19T11:30:26","date_gmt":"2021-03-19T10:30:26","guid":{"rendered":"https:\/\/tischlerei-lanser.at\/?page_id=2887"},"modified":"2021-03-25T10:43:15","modified_gmt":"2021-03-25T09:43:15","slug":"muirenhof-serfaus","status":"publish","type":"page","link":"https:\/\/tischlerei-lanser.at\/en\/projekte\/hotel-chalets\/muirenhof-serfaus\/","title":{"rendered":"Muirenhof Serfaus"},"content":{"rendered":"","protected":false},"excerpt":{"rendered":"","protected":false},"author":2,"featured_media":2928,"parent":66,"menu_order":41,"comment_status":"closed","ping_status":"closed","template":"page-templates\/projekt.php","meta":{"_acf_changed":false,"inline_featured_image":false,"footnotes":""},"acf":[],"yoast_head":"<!-- This site is optimized with the Yoast SEO plugin v22.1 - https:\/\/yoast.com\/wordpress\/plugins\/seo\/ -->\n<title>Muirenhof Serfaus &#8211; Tischlerei Lanser Muirenhof Serfaus<\/title>\n<meta name=\"description\" content=\"Der Muirenhof liegt malerisch am H\u00fcgel &quot;Muiren&quot; in Serfaus, welcher der Namensgeber des von Sabine Hochenegger gef\u00fchrten Hotels ist. Der Muirenhof \u00fcberzeugt nicht nur mit seiner Eins-A-Lage, den herzlichen Gastgebern und dem sch\u00f6nen, liebevoll gepflegten Haus, sondern seit Dezember 2020 auch mit insgesamt sechs neu renovierten Suiten und der Muiren Lounge.In unserem hauseigenen Planungsb\u00fcro erfolgte die Planung der sechs Suiten, welche sich durch einen Materialmix aus verschiedenen H\u00f6lzern, lackierten Oberfl\u00e4chen sowie feinen Stoffen und edlem Marmor, auszeichnen. Highlight in jeder Suite, ist zum einen der kleine Loungebereich mit Poliform M\u00f6bel und zum anderen das H\u00e4stens Bett, welches zum perfekten Schlaf einl\u00e4dt.\" \/>\n<meta name=\"robots\" content=\"index, follow, max-snippet:-1, max-image-preview:large, max-video-preview:-1\" \/>\n<link rel=\"canonical\" href=\"https:\/\/tischlerei-lanser.at\/en\/projekte\/hotel-chalets\/muirenhof-serfaus\/\" \/>\n<meta property=\"og:locale\" content=\"en_US\" \/>\n<meta property=\"og:type\" content=\"article\" \/>\n<meta property=\"og:title\" content=\"Muirenhof Serfaus &#8211; Tischlerei Lanser Muirenhof Serfaus\" \/>\n<meta property=\"og:description\" content=\"Der Muirenhof liegt malerisch am H\u00fcgel &quot;Muiren&quot; in Serfaus, welcher der Namensgeber des von Sabine Hochenegger gef\u00fchrten Hotels ist. Der Muirenhof \u00fcberzeugt nicht nur mit seiner Eins-A-Lage, den herzlichen Gastgebern und dem sch\u00f6nen, liebevoll gepflegten Haus, sondern seit Dezember 2020 auch mit insgesamt sechs neu renovierten Suiten und der Muiren Lounge.In unserem hauseigenen Planungsb\u00fcro erfolgte die Planung der sechs Suiten, welche sich durch einen Materialmix aus verschiedenen H\u00f6lzern, lackierten Oberfl\u00e4chen sowie feinen Stoffen und edlem Marmor, auszeichnen. Highlight in jeder Suite, ist zum einen der kleine Loungebereich mit Poliform M\u00f6bel und zum anderen das H\u00e4stens Bett, welches zum perfekten Schlaf einl\u00e4dt.\" \/>\n<meta property=\"og:url\" content=\"https:\/\/tischlerei-lanser.at\/en\/projekte\/hotel-chalets\/muirenhof-serfaus\/\" \/>\n<meta property=\"og:site_name\" content=\"Tischlerei Lanser\" \/>\n<meta property=\"article:publisher\" content=\"https:\/\/www.facebook.com\/TischlereiLanser\/\" \/>\n<meta property=\"article:modified_time\" content=\"2021-03-25T09:43:15+00:00\" \/>\n<meta property=\"og:image\" content=\"https:\/\/tischlerei-lanser.at\/wp-content\/uploads\/170221_martinlugger_lanser_muirenhof_0161_bearb.jpg\" \/>\n\t<meta property=\"og:image:width\" content=\"1920\" \/>\n\t<meta property=\"og:image:height\" content=\"1385\" \/>\n\t<meta property=\"og:image:type\" content=\"image\/jpeg\" \/>\n<meta name=\"twitter:card\" content=\"summary_large_image\" \/>\n<script type=\"application\/ld+json\" class=\"yoast-schema-graph\">{\"@context\":\"https:\/\/schema.org\",\"@graph\":[{\"@type\":\"WebPage\",\"@id\":\"https:\/\/tischlerei-lanser.at\/en\/projekte\/hotel-chalets\/muirenhof-serfaus\/\",\"url\":\"https:\/\/tischlerei-lanser.at\/en\/projekte\/hotel-chalets\/muirenhof-serfaus\/\",\"name\":\"Muirenhof Serfaus &#8211; Tischlerei Lanser Muirenhof Serfaus\",\"isPartOf\":{\"@id\":\"https:\/\/tischlerei-lanser.at\/en\/#website\"},\"datePublished\":\"2021-03-19T10:30:26+00:00\",\"dateModified\":\"2021-03-25T09:43:15+00:00\",\"description\":\"Der Muirenhof liegt malerisch am H\u00fcgel \\\"Muiren\\\" in Serfaus, welcher der Namensgeber des von Sabine Hochenegger gef\u00fchrten Hotels ist. Der Muirenhof \u00fcberzeugt nicht nur mit seiner Eins-A-Lage, den herzlichen Gastgebern und dem sch\u00f6nen, liebevoll gepflegten Haus, sondern seit Dezember 2020 auch mit insgesamt sechs neu renovierten Suiten und der Muiren Lounge.In unserem hauseigenen Planungsb\u00fcro erfolgte die Planung der sechs Suiten, welche sich durch einen Materialmix aus verschiedenen H\u00f6lzern, lackierten Oberfl\u00e4chen sowie feinen Stoffen und edlem Marmor, auszeichnen. Highlight in jeder Suite, ist zum einen der kleine Loungebereich mit Poliform M\u00f6bel und zum anderen das H\u00e4stens Bett, welches zum perfekten Schlaf einl\u00e4dt.\",\"breadcrumb\":{\"@id\":\"https:\/\/tischlerei-lanser.at\/en\/projekte\/hotel-chalets\/muirenhof-serfaus\/#breadcrumb\"},\"inLanguage\":\"en-US\",\"potentialAction\":[{\"@type\":\"ReadAction\",\"target\":[[\"https:\/\/tischlerei-lanser.at\/en\/projekte\/hotel-chalets\/muirenhof-serfaus\/\"]]}]},{\"@type\":\"BreadcrumbList\",\"@id\":\"https:\/\/tischlerei-lanser.at\/en\/projekte\/hotel-chalets\/muirenhof-serfaus\/#breadcrumb\",\"itemListElement\":[{\"@type\":\"ListItem\",\"position\":1,\"name\":\"Startseite\",\"item\":\"https:\/\/tischlerei-lanser.at\/en\/\"},{\"@type\":\"ListItem\",\"position\":2,\"name\":\"Projekte\",\"item\":\"https:\/\/tischlerei-lanser.at\/en\/projekte\/\"},{\"@type\":\"ListItem\",\"position\":3,\"name\":\"Hotel &#038; Chalets\",\"item\":\"https:\/\/tischlerei-lanser.at\/en\/projekte\/hotel-chalets\/\"},{\"@type\":\"ListItem\",\"position\":4,\"name\":\"Muirenhof Serfaus\"}]},{\"@type\":\"WebSite\",\"@id\":\"https:\/\/tischlerei-lanser.at\/en\/#website\",\"url\":\"https:\/\/tischlerei-lanser.at\/en\/\",\"name\":\"Tischlerei Lanser\",\"description\":\"Wo Natur erhalten wird.\",\"publisher\":{\"@id\":\"https:\/\/tischlerei-lanser.at\/en\/#organization\"},\"potentialAction\":[{\"@type\":\"SearchAction\",\"target\":{\"@type\":\"EntryPoint\",\"urlTemplate\":\"https:\/\/tischlerei-lanser.at\/en\/?s={search_term_string}\"},\"query-input\":\"required name=search_term_string\"}],\"inLanguage\":\"en-US\"},{\"@type\":\"Organization\",\"@id\":\"https:\/\/tischlerei-lanser.at\/en\/#organization\",\"name\":\"Tischlerei Lanser\",\"url\":\"https:\/\/tischlerei-lanser.at\/en\/\",\"logo\":{\"@type\":\"ImageObject\",\"inLanguage\":\"en-US\",\"@id\":\"https:\/\/tischlerei-lanser.at\/en\/#\/schema\/logo\/image\/\",\"url\":\"https:\/\/tischlerei-lanser.at\/wp-content\/uploads\/Lanser_Logo_Jahreszahl.jpg\",\"contentUrl\":\"https:\/\/tischlerei-lanser.at\/wp-content\/uploads\/Lanser_Logo_Jahreszahl.jpg\",\"width\":1920,\"height\":1015,\"caption\":\"Tischlerei Lanser\"},\"image\":{\"@id\":\"https:\/\/tischlerei-lanser.at\/en\/#\/schema\/logo\/image\/\"},\"sameAs\":[\"https:\/\/www.facebook.com\/TischlereiLanser\/\",\"https:\/\/www.instagram.com\/tischlerei_lanser\/\",\"https:\/\/www.linkedin.com\/company\/10006620\"]}]}<\/script>\n<!-- \/ Yoast SEO plugin. -->","yoast_head_json":{"title":"Muirenhof Serfaus &#8211; Tischlerei Lanser Muirenhof Serfaus","description":"Der Muirenhof liegt malerisch am H\u00fcgel \"Muiren\" in Serfaus, welcher der Namensgeber des von Sabine Hochenegger gef\u00fchrten Hotels ist. Der Muirenhof \u00fcberzeugt nicht nur mit seiner Eins-A-Lage, den herzlichen Gastgebern und dem sch\u00f6nen, liebevoll gepflegten Haus, sondern seit Dezember 2020 auch mit insgesamt sechs neu renovierten Suiten und der Muiren Lounge.In unserem hauseigenen Planungsb\u00fcro erfolgte die Planung der sechs Suiten, welche sich durch einen Materialmix aus verschiedenen H\u00f6lzern, lackierten Oberfl\u00e4chen sowie feinen Stoffen und edlem Marmor, auszeichnen. Highlight in jeder Suite, ist zum einen der kleine Loungebereich mit Poliform M\u00f6bel und zum anderen das H\u00e4stens Bett, welches zum perfekten Schlaf einl\u00e4dt.","robots":{"index":"index","follow":"follow","max-snippet":"max-snippet:-1","max-image-preview":"max-image-preview:large","max-video-preview":"max-video-preview:-1"},"canonical":"https:\/\/tischlerei-lanser.at\/en\/projekte\/hotel-chalets\/muirenhof-serfaus\/","og_locale":"en_US","og_type":"article","og_title":"Muirenhof Serfaus &#8211; Tischlerei Lanser Muirenhof Serfaus","og_description":"Der Muirenhof liegt malerisch am H\u00fcgel \"Muiren\" in Serfaus, welcher der Namensgeber des von Sabine Hochenegger gef\u00fchrten Hotels ist. Der Muirenhof \u00fcberzeugt nicht nur mit seiner Eins-A-Lage, den herzlichen Gastgebern und dem sch\u00f6nen, liebevoll gepflegten Haus, sondern seit Dezember 2020 auch mit insgesamt sechs neu renovierten Suiten und der Muiren Lounge.In unserem hauseigenen Planungsb\u00fcro erfolgte die Planung der sechs Suiten, welche sich durch einen Materialmix aus verschiedenen H\u00f6lzern, lackierten Oberfl\u00e4chen sowie feinen Stoffen und edlem Marmor, auszeichnen. Highlight in jeder Suite, ist zum einen der kleine Loungebereich mit Poliform M\u00f6bel und zum anderen das H\u00e4stens Bett, welches zum perfekten Schlaf einl\u00e4dt.","og_url":"https:\/\/tischlerei-lanser.at\/en\/projekte\/hotel-chalets\/muirenhof-serfaus\/","og_site_name":"Tischlerei Lanser","article_publisher":"https:\/\/www.facebook.com\/TischlereiLanser\/","article_modified_time":"2021-03-25T09:43:15+00:00","og_image":[{"width":1920,"height":1385,"url":"https:\/\/tischlerei-lanser.at\/wp-content\/uploads\/170221_martinlugger_lanser_muirenhof_0161_bearb.jpg","type":"image\/jpeg"}],"twitter_card":"summary_large_image","schema":{"@context":"https:\/\/schema.org","@graph":[{"@type":"WebPage","@id":"https:\/\/tischlerei-lanser.at\/en\/projekte\/hotel-chalets\/muirenhof-serfaus\/","url":"https:\/\/tischlerei-lanser.at\/en\/projekte\/hotel-chalets\/muirenhof-serfaus\/","name":"Muirenhof Serfaus &#8211; Tischlerei Lanser Muirenhof Serfaus","isPartOf":{"@id":"https:\/\/tischlerei-lanser.at\/en\/#website"},"datePublished":"2021-03-19T10:30:26+00:00","dateModified":"2021-03-25T09:43:15+00:00","description":"Der Muirenhof liegt malerisch am H\u00fcgel \"Muiren\" in Serfaus, welcher der Namensgeber des von Sabine Hochenegger gef\u00fchrten Hotels ist. Der Muirenhof \u00fcberzeugt nicht nur mit seiner Eins-A-Lage, den herzlichen Gastgebern und dem sch\u00f6nen, liebevoll gepflegten Haus, sondern seit Dezember 2020 auch mit insgesamt sechs neu renovierten Suiten und der Muiren Lounge.In unserem hauseigenen Planungsb\u00fcro erfolgte die Planung der sechs Suiten, welche sich durch einen Materialmix aus verschiedenen H\u00f6lzern, lackierten Oberfl\u00e4chen sowie feinen Stoffen und edlem Marmor, auszeichnen. Highlight in jeder Suite, ist zum einen der kleine Loungebereich mit Poliform M\u00f6bel und zum anderen das H\u00e4stens Bett, welches zum perfekten Schlaf einl\u00e4dt.","breadcrumb":{"@id":"https:\/\/tischlerei-lanser.at\/en\/projekte\/hotel-chalets\/muirenhof-serfaus\/#breadcrumb"},"inLanguage":"en-US","potentialAction":[{"@type":"ReadAction","target":[["https:\/\/tischlerei-lanser.at\/en\/projekte\/hotel-chalets\/muirenhof-serfaus\/"]]}]},{"@type":"BreadcrumbList","@id":"https:\/\/tischlerei-lanser.at\/en\/projekte\/hotel-chalets\/muirenhof-serfaus\/#breadcrumb","itemListElement":[{"@type":"ListItem","position":1,"name":"Startseite","item":"https:\/\/tischlerei-lanser.at\/en\/"},{"@type":"ListItem","position":2,"name":"Projekte","item":"https:\/\/tischlerei-lanser.at\/en\/projekte\/"},{"@type":"ListItem","position":3,"name":"Hotel &#038; Chalets","item":"https:\/\/tischlerei-lanser.at\/en\/projekte\/hotel-chalets\/"},{"@type":"ListItem","position":4,"name":"Muirenhof Serfaus"}]},{"@type":"WebSite","@id":"https:\/\/tischlerei-lanser.at\/en\/#website","url":"https:\/\/tischlerei-lanser.at\/en\/","name":"Tischlerei Lanser","description":"Wo Natur erhalten wird.","publisher":{"@id":"https:\/\/tischlerei-lanser.at\/en\/#organization"},"potentialAction":[{"@type":"SearchAction","target":{"@type":"EntryPoint","urlTemplate":"https:\/\/tischlerei-lanser.at\/en\/?s={search_term_string}"},"query-input":"required name=search_term_string"}],"inLanguage":"en-US"},{"@type":"Organization","@id":"https:\/\/tischlerei-lanser.at\/en\/#organization","name":"Tischlerei Lanser","url":"https:\/\/tischlerei-lanser.at\/en\/","logo":{"@type":"ImageObject","inLanguage":"en-US","@id":"https:\/\/tischlerei-lanser.at\/en\/#\/schema\/logo\/image\/","url":"https:\/\/tischlerei-lanser.at\/wp-content\/uploads\/Lanser_Logo_Jahreszahl.jpg","contentUrl":"https:\/\/tischlerei-lanser.at\/wp-content\/uploads\/Lanser_Logo_Jahreszahl.jpg","width":1920,"height":1015,"caption":"Tischlerei Lanser"},"image":{"@id":"https:\/\/tischlerei-lanser.at\/en\/#\/schema\/logo\/image\/"},"sameAs":["https:\/\/www.facebook.com\/TischlereiLanser\/","https:\/\/www.instagram.com\/tischlerei_lanser\/","https:\/\/www.linkedin.com\/company\/10006620"]}]}},"_links":{"self":[{"href":"https:\/\/tischlerei-lanser.at\/en\/wp-json\/wp\/v2\/pages\/2887"}],"collection":[{"href":"https:\/\/tischlerei-lanser.at\/en\/wp-json\/wp\/v2\/pages"}],"about":[{"href":"https:\/\/tischlerei-lanser.at\/en\/wp-json\/wp\/v2\/types\/page"}],"author":[{"embeddable":true,"href":"https:\/\/tischlerei-lanser.at\/en\/wp-json\/wp\/v2\/users\/2"}],"replies":[{"embeddable":true,"href":"https:\/\/tischlerei-lanser.at\/en\/wp-json\/wp\/v2\/comments?post=2887"}],"version-history":[{"count":30,"href":"https:\/\/tischlerei-lanser.at\/en\/wp-json\/wp\/v2\/pages\/2887\/revisions"}],"predecessor-version":[{"id":3002,"href":"https:\/\/tischlerei-lanser.at\/en\/wp-json\/wp\/v2\/pages\/2887\/revisions\/3002"}],"up":[{"embeddable":true,"href":"https:\/\/tischlerei-lanser.at\/en\/wp-json\/wp\/v2\/pages\/66"}],"wp:featuredmedia":[{"embeddable":true,"href":"https:\/\/tischlerei-lanser.at\/en\/wp-json\/wp\/v2\/media\/2928"}],"wp:attachment":[{"href":"https:\/\/tischlerei-lanser.at\/en\/wp-json\/wp\/v2\/media?parent=2887"}],"curies":[{"name":"wp","href":"https:\/\/api.w.org\/{rel}","templated":true}]}}