{"id":2876,"date":"2021-03-19T17:24:42","date_gmt":"2021-03-19T16:24:42","guid":{"rendered":"https:\/\/tischlerei-lanser.at\/?page_id=2876"},"modified":"2023-01-18T16:28:49","modified_gmt":"2023-01-18T15:28:49","slug":"wohnen-showroom-lienz","status":"publish","type":"page","link":"https:\/\/tischlerei-lanser.at\/en\/projekte\/wohnzimmer\/wohnen-showroom-lienz\/","title":{"rendered":"Wohnen Showroom Lienz"},"content":{"rendered":"","protected":false},"excerpt":{"rendered":"","protected":false},"author":2,"featured_media":2959,"parent":54,"menu_order":16,"comment_status":"closed","ping_status":"closed","template":"page-templates\/projekt.php","meta":{"_acf_changed":false,"inline_featured_image":false,"footnotes":""},"acf":[],"yoast_head":"<!-- This site is optimized with the Yoast SEO plugin v22.1 - https:\/\/yoast.com\/wordpress\/plugins\/seo\/ -->\n<title>Wohnen Showroom Lienz &#8211; Wohnen Showroom Lienz<\/title>\n<meta name=\"description\" content=\"Unser neu gestalteter Bereich im Schauram Lienz steht ganz unter dem Motto: Traditionelles, Bew\u00e4hrtes aufgreifen und es im zeitgen\u00f6ssischen Design aufleben lassen. In unserem Wohnbereich haben wir daher traditionele Vert\u00e4fellungen zum Vorbild genommen und sie modern interpretiert. Ergebnis ist eine ruhige, klassische Wandgetaltung. Wir haben diese in einer schlichten Eiche gew\u00e4hlt, welche sich mit den Einzelm\u00f6beln aus der Tischlerei erg\u00e4nzen. Kombiniert mit einer Poliform Vitrine mit hochwertigen Glas und Lack-Matt-Fronten, f\u00fcgt sich die Vert\u00e4felung in das Konzept ein.\" \/>\n<meta name=\"robots\" content=\"index, follow, max-snippet:-1, max-image-preview:large, max-video-preview:-1\" \/>\n<link rel=\"canonical\" href=\"https:\/\/tischlerei-lanser.at\/en\/projekte\/wohnzimmer\/wohnen-showroom-lienz\/\" \/>\n<meta property=\"og:locale\" content=\"en_US\" \/>\n<meta property=\"og:type\" content=\"article\" \/>\n<meta property=\"og:title\" content=\"Wohnen Showroom Lienz &#8211; Wohnen Showroom Lienz\" \/>\n<meta property=\"og:description\" content=\"Unser neu gestalteter Bereich im Schauram Lienz steht ganz unter dem Motto: Traditionelles, Bew\u00e4hrtes aufgreifen und es im zeitgen\u00f6ssischen Design aufleben lassen. In unserem Wohnbereich haben wir daher traditionele Vert\u00e4fellungen zum Vorbild genommen und sie modern interpretiert. Ergebnis ist eine ruhige, klassische Wandgetaltung. Wir haben diese in einer schlichten Eiche gew\u00e4hlt, welche sich mit den Einzelm\u00f6beln aus der Tischlerei erg\u00e4nzen. Kombiniert mit einer Poliform Vitrine mit hochwertigen Glas und Lack-Matt-Fronten, f\u00fcgt sich die Vert\u00e4felung in das Konzept ein.\" \/>\n<meta property=\"og:url\" content=\"https:\/\/tischlerei-lanser.at\/en\/projekte\/wohnzimmer\/wohnen-showroom-lienz\/\" \/>\n<meta property=\"og:site_name\" content=\"Tischlerei Lanser\" \/>\n<meta property=\"article:publisher\" content=\"https:\/\/www.facebook.com\/TischlereiLanser\/\" \/>\n<meta property=\"article:modified_time\" content=\"2023-01-18T15:28:49+00:00\" \/>\n<meta property=\"og:image\" content=\"https:\/\/tischlerei-lanser.at\/wp-content\/uploads\/210209_martinlugger_lanser_0454.jpg\" \/>\n\t<meta property=\"og:image:width\" content=\"1920\" \/>\n\t<meta property=\"og:image:height\" content=\"1281\" \/>\n\t<meta property=\"og:image:type\" content=\"image\/jpeg\" \/>\n<meta name=\"twitter:card\" content=\"summary_large_image\" \/>\n<script type=\"application\/ld+json\" class=\"yoast-schema-graph\">{\"@context\":\"https:\/\/schema.org\",\"@graph\":[{\"@type\":\"WebPage\",\"@id\":\"https:\/\/tischlerei-lanser.at\/en\/projekte\/wohnzimmer\/wohnen-showroom-lienz\/\",\"url\":\"https:\/\/tischlerei-lanser.at\/en\/projekte\/wohnzimmer\/wohnen-showroom-lienz\/\",\"name\":\"Wohnen Showroom Lienz &#8211; Wohnen Showroom Lienz\",\"isPartOf\":{\"@id\":\"https:\/\/tischlerei-lanser.at\/en\/#website\"},\"datePublished\":\"2021-03-19T16:24:42+00:00\",\"dateModified\":\"2023-01-18T15:28:49+00:00\",\"description\":\"Unser neu gestalteter Bereich im Schauram Lienz steht ganz unter dem Motto: Traditionelles, Bew\u00e4hrtes aufgreifen und es im zeitgen\u00f6ssischen Design aufleben lassen. In unserem Wohnbereich haben wir daher traditionele Vert\u00e4fellungen zum Vorbild genommen und sie modern interpretiert. Ergebnis ist eine ruhige, klassische Wandgetaltung. Wir haben diese in einer schlichten Eiche gew\u00e4hlt, welche sich mit den Einzelm\u00f6beln aus der Tischlerei erg\u00e4nzen. Kombiniert mit einer Poliform Vitrine mit hochwertigen Glas und Lack-Matt-Fronten, f\u00fcgt sich die Vert\u00e4felung in das Konzept ein.\",\"breadcrumb\":{\"@id\":\"https:\/\/tischlerei-lanser.at\/en\/projekte\/wohnzimmer\/wohnen-showroom-lienz\/#breadcrumb\"},\"inLanguage\":\"en-US\",\"potentialAction\":[{\"@type\":\"ReadAction\",\"target\":[[\"https:\/\/tischlerei-lanser.at\/en\/projekte\/wohnzimmer\/wohnen-showroom-lienz\/\"]]}]},{\"@type\":\"BreadcrumbList\",\"@id\":\"https:\/\/tischlerei-lanser.at\/en\/projekte\/wohnzimmer\/wohnen-showroom-lienz\/#breadcrumb\",\"itemListElement\":[{\"@type\":\"ListItem\",\"position\":1,\"name\":\"Startseite\",\"item\":\"https:\/\/tischlerei-lanser.at\/en\/\"},{\"@type\":\"ListItem\",\"position\":2,\"name\":\"Projekte\",\"item\":\"https:\/\/tischlerei-lanser.at\/en\/projekte\/\"},{\"@type\":\"ListItem\",\"position\":3,\"name\":\"Wohnen\",\"item\":\"https:\/\/tischlerei-lanser.at\/en\/projekte\/wohnzimmer\/\"},{\"@type\":\"ListItem\",\"position\":4,\"name\":\"Wohnen Showroom Lienz\"}]},{\"@type\":\"WebSite\",\"@id\":\"https:\/\/tischlerei-lanser.at\/en\/#website\",\"url\":\"https:\/\/tischlerei-lanser.at\/en\/\",\"name\":\"Tischlerei Lanser\",\"description\":\"Wo Natur erhalten wird.\",\"publisher\":{\"@id\":\"https:\/\/tischlerei-lanser.at\/en\/#organization\"},\"potentialAction\":[{\"@type\":\"SearchAction\",\"target\":{\"@type\":\"EntryPoint\",\"urlTemplate\":\"https:\/\/tischlerei-lanser.at\/en\/?s={search_term_string}\"},\"query-input\":\"required name=search_term_string\"}],\"inLanguage\":\"en-US\"},{\"@type\":\"Organization\",\"@id\":\"https:\/\/tischlerei-lanser.at\/en\/#organization\",\"name\":\"Tischlerei Lanser\",\"url\":\"https:\/\/tischlerei-lanser.at\/en\/\",\"logo\":{\"@type\":\"ImageObject\",\"inLanguage\":\"en-US\",\"@id\":\"https:\/\/tischlerei-lanser.at\/en\/#\/schema\/logo\/image\/\",\"url\":\"https:\/\/tischlerei-lanser.at\/wp-content\/uploads\/Lanser_Logo_Jahreszahl.jpg\",\"contentUrl\":\"https:\/\/tischlerei-lanser.at\/wp-content\/uploads\/Lanser_Logo_Jahreszahl.jpg\",\"width\":1920,\"height\":1015,\"caption\":\"Tischlerei Lanser\"},\"image\":{\"@id\":\"https:\/\/tischlerei-lanser.at\/en\/#\/schema\/logo\/image\/\"},\"sameAs\":[\"https:\/\/www.facebook.com\/TischlereiLanser\/\",\"https:\/\/www.instagram.com\/tischlerei_lanser\/\",\"https:\/\/www.linkedin.com\/company\/10006620\"]}]}<\/script>\n<!-- \/ Yoast SEO plugin. -->","yoast_head_json":{"title":"Wohnen Showroom Lienz &#8211; Wohnen Showroom Lienz","description":"Unser neu gestalteter Bereich im Schauram Lienz steht ganz unter dem Motto: Traditionelles, Bew\u00e4hrtes aufgreifen und es im zeitgen\u00f6ssischen Design aufleben lassen. In unserem Wohnbereich haben wir daher traditionele Vert\u00e4fellungen zum Vorbild genommen und sie modern interpretiert. Ergebnis ist eine ruhige, klassische Wandgetaltung. Wir haben diese in einer schlichten Eiche gew\u00e4hlt, welche sich mit den Einzelm\u00f6beln aus der Tischlerei erg\u00e4nzen. Kombiniert mit einer Poliform Vitrine mit hochwertigen Glas und Lack-Matt-Fronten, f\u00fcgt sich die Vert\u00e4felung in das Konzept ein.","robots":{"index":"index","follow":"follow","max-snippet":"max-snippet:-1","max-image-preview":"max-image-preview:large","max-video-preview":"max-video-preview:-1"},"canonical":"https:\/\/tischlerei-lanser.at\/en\/projekte\/wohnzimmer\/wohnen-showroom-lienz\/","og_locale":"en_US","og_type":"article","og_title":"Wohnen Showroom Lienz &#8211; Wohnen Showroom Lienz","og_description":"Unser neu gestalteter Bereich im Schauram Lienz steht ganz unter dem Motto: Traditionelles, Bew\u00e4hrtes aufgreifen und es im zeitgen\u00f6ssischen Design aufleben lassen. In unserem Wohnbereich haben wir daher traditionele Vert\u00e4fellungen zum Vorbild genommen und sie modern interpretiert. Ergebnis ist eine ruhige, klassische Wandgetaltung. Wir haben diese in einer schlichten Eiche gew\u00e4hlt, welche sich mit den Einzelm\u00f6beln aus der Tischlerei erg\u00e4nzen. Kombiniert mit einer Poliform Vitrine mit hochwertigen Glas und Lack-Matt-Fronten, f\u00fcgt sich die Vert\u00e4felung in das Konzept ein.","og_url":"https:\/\/tischlerei-lanser.at\/en\/projekte\/wohnzimmer\/wohnen-showroom-lienz\/","og_site_name":"Tischlerei Lanser","article_publisher":"https:\/\/www.facebook.com\/TischlereiLanser\/","article_modified_time":"2023-01-18T15:28:49+00:00","og_image":[{"width":1920,"height":1281,"url":"https:\/\/tischlerei-lanser.at\/wp-content\/uploads\/210209_martinlugger_lanser_0454.jpg","type":"image\/jpeg"}],"twitter_card":"summary_large_image","schema":{"@context":"https:\/\/schema.org","@graph":[{"@type":"WebPage","@id":"https:\/\/tischlerei-lanser.at\/en\/projekte\/wohnzimmer\/wohnen-showroom-lienz\/","url":"https:\/\/tischlerei-lanser.at\/en\/projekte\/wohnzimmer\/wohnen-showroom-lienz\/","name":"Wohnen Showroom Lienz &#8211; Wohnen Showroom Lienz","isPartOf":{"@id":"https:\/\/tischlerei-lanser.at\/en\/#website"},"datePublished":"2021-03-19T16:24:42+00:00","dateModified":"2023-01-18T15:28:49+00:00","description":"Unser neu gestalteter Bereich im Schauram Lienz steht ganz unter dem Motto: Traditionelles, Bew\u00e4hrtes aufgreifen und es im zeitgen\u00f6ssischen Design aufleben lassen. In unserem Wohnbereich haben wir daher traditionele Vert\u00e4fellungen zum Vorbild genommen und sie modern interpretiert. Ergebnis ist eine ruhige, klassische Wandgetaltung. Wir haben diese in einer schlichten Eiche gew\u00e4hlt, welche sich mit den Einzelm\u00f6beln aus der Tischlerei erg\u00e4nzen. Kombiniert mit einer Poliform Vitrine mit hochwertigen Glas und Lack-Matt-Fronten, f\u00fcgt sich die Vert\u00e4felung in das Konzept ein.","breadcrumb":{"@id":"https:\/\/tischlerei-lanser.at\/en\/projekte\/wohnzimmer\/wohnen-showroom-lienz\/#breadcrumb"},"inLanguage":"en-US","potentialAction":[{"@type":"ReadAction","target":[["https:\/\/tischlerei-lanser.at\/en\/projekte\/wohnzimmer\/wohnen-showroom-lienz\/"]]}]},{"@type":"BreadcrumbList","@id":"https:\/\/tischlerei-lanser.at\/en\/projekte\/wohnzimmer\/wohnen-showroom-lienz\/#breadcrumb","itemListElement":[{"@type":"ListItem","position":1,"name":"Startseite","item":"https:\/\/tischlerei-lanser.at\/en\/"},{"@type":"ListItem","position":2,"name":"Projekte","item":"https:\/\/tischlerei-lanser.at\/en\/projekte\/"},{"@type":"ListItem","position":3,"name":"Wohnen","item":"https:\/\/tischlerei-lanser.at\/en\/projekte\/wohnzimmer\/"},{"@type":"ListItem","position":4,"name":"Wohnen Showroom Lienz"}]},{"@type":"WebSite","@id":"https:\/\/tischlerei-lanser.at\/en\/#website","url":"https:\/\/tischlerei-lanser.at\/en\/","name":"Tischlerei Lanser","description":"Wo Natur erhalten wird.","publisher":{"@id":"https:\/\/tischlerei-lanser.at\/en\/#organization"},"potentialAction":[{"@type":"SearchAction","target":{"@type":"EntryPoint","urlTemplate":"https:\/\/tischlerei-lanser.at\/en\/?s={search_term_string}"},"query-input":"required name=search_term_string"}],"inLanguage":"en-US"},{"@type":"Organization","@id":"https:\/\/tischlerei-lanser.at\/en\/#organization","name":"Tischlerei Lanser","url":"https:\/\/tischlerei-lanser.at\/en\/","logo":{"@type":"ImageObject","inLanguage":"en-US","@id":"https:\/\/tischlerei-lanser.at\/en\/#\/schema\/logo\/image\/","url":"https:\/\/tischlerei-lanser.at\/wp-content\/uploads\/Lanser_Logo_Jahreszahl.jpg","contentUrl":"https:\/\/tischlerei-lanser.at\/wp-content\/uploads\/Lanser_Logo_Jahreszahl.jpg","width":1920,"height":1015,"caption":"Tischlerei Lanser"},"image":{"@id":"https:\/\/tischlerei-lanser.at\/en\/#\/schema\/logo\/image\/"},"sameAs":["https:\/\/www.facebook.com\/TischlereiLanser\/","https:\/\/www.instagram.com\/tischlerei_lanser\/","https:\/\/www.linkedin.com\/company\/10006620"]}]}},"_links":{"self":[{"href":"https:\/\/tischlerei-lanser.at\/en\/wp-json\/wp\/v2\/pages\/2876"}],"collection":[{"href":"https:\/\/tischlerei-lanser.at\/en\/wp-json\/wp\/v2\/pages"}],"about":[{"href":"https:\/\/tischlerei-lanser.at\/en\/wp-json\/wp\/v2\/types\/page"}],"author":[{"embeddable":true,"href":"https:\/\/tischlerei-lanser.at\/en\/wp-json\/wp\/v2\/users\/2"}],"replies":[{"embeddable":true,"href":"https:\/\/tischlerei-lanser.at\/en\/wp-json\/wp\/v2\/comments?post=2876"}],"version-history":[{"count":13,"href":"https:\/\/tischlerei-lanser.at\/en\/wp-json\/wp\/v2\/pages\/2876\/revisions"}],"predecessor-version":[{"id":4086,"href":"https:\/\/tischlerei-lanser.at\/en\/wp-json\/wp\/v2\/pages\/2876\/revisions\/4086"}],"up":[{"embeddable":true,"href":"https:\/\/tischlerei-lanser.at\/en\/wp-json\/wp\/v2\/pages\/54"}],"wp:featuredmedia":[{"embeddable":true,"href":"https:\/\/tischlerei-lanser.at\/en\/wp-json\/wp\/v2\/media\/2959"}],"wp:attachment":[{"href":"https:\/\/tischlerei-lanser.at\/en\/wp-json\/wp\/v2\/media?parent=2876"}],"curies":[{"name":"wp","href":"https:\/\/api.w.org\/{rel}","templated":true}]}}