{"id":2838,"date":"2021-06-22T17:42:26","date_gmt":"2021-06-22T15:42:26","guid":{"rendered":"https:\/\/tischlerei-lanser.at\/?page_id=2838"},"modified":"2023-06-07T11:00:20","modified_gmt":"2023-06-07T09:00:20","slug":"meisterwerke","status":"publish","type":"page","link":"https:\/\/tischlerei-lanser.at\/en\/moebelserien-tischlerei\/meisterwerke\/","title":{"rendered":"Meisterwerke"},"content":{"rendered":"","protected":false},"excerpt":{"rendered":"","protected":false},"author":2,"featured_media":3187,"parent":4965,"menu_order":56,"comment_status":"closed","ping_status":"closed","template":"page-templates\/projekt.php","meta":{"_acf_changed":false,"inline_featured_image":false,"footnotes":""},"acf":[],"yoast_head":"<!-- This site is optimized with the Yoast SEO plugin v22.1 - https:\/\/yoast.com\/wordpress\/plugins\/seo\/ -->\n<title>Meisterwerke &#8211; Einzelm\u00f6bel: Lanser Meisterwerke<\/title>\n<meta name=\"description\" content=\"Die Meisterwerke Kollektion wird mit viel Liebe von unseren Meistern in der Tischlerei gefertigt. Heimische H\u00f6lzer und aufregende Design, die teilweise aus alten Entw\u00fcrfen zeitgem\u00e4\u00df interpretiert wurden sind die Basis f\u00fcr diese besonderen M\u00f6bel. Die Kollektion besteht aus verschiedenen Einzelm\u00f6bel, welche in einer Vielzahl von Ausf\u00fchrungen erh\u00e4ltlich sind.\u00a0 Sie haben ein eigenes M\u00f6bel im Kopf oder denken an eine bestimmte Holzart oder Farbe, die das Meisterwerk haben soll? - Melden Sie sich bei uns, gerne \u00fcberpr\u00fcfen wir Ihren Wunsch und geben Information \u00fcber die technische Machbarkeit und den Preis.\" \/>\n<meta name=\"robots\" content=\"index, follow, max-snippet:-1, max-image-preview:large, max-video-preview:-1\" \/>\n<link rel=\"canonical\" href=\"https:\/\/tischlerei-lanser.at\/en\/moebelserien-tischlerei\/meisterwerke\/\" \/>\n<meta property=\"og:locale\" content=\"en_US\" \/>\n<meta property=\"og:type\" content=\"article\" \/>\n<meta property=\"og:title\" content=\"Meisterwerke &#8211; Einzelm\u00f6bel: Lanser Meisterwerke\" \/>\n<meta property=\"og:description\" content=\"Die Meisterwerke Kollektion wird mit viel Liebe von unseren Meistern in der Tischlerei gefertigt. Heimische H\u00f6lzer und aufregende Design, die teilweise aus alten Entw\u00fcrfen zeitgem\u00e4\u00df interpretiert wurden sind die Basis f\u00fcr diese besonderen M\u00f6bel. Die Kollektion besteht aus verschiedenen Einzelm\u00f6bel, welche in einer Vielzahl von Ausf\u00fchrungen erh\u00e4ltlich sind.\u00a0 Sie haben ein eigenes M\u00f6bel im Kopf oder denken an eine bestimmte Holzart oder Farbe, die das Meisterwerk haben soll? - Melden Sie sich bei uns, gerne \u00fcberpr\u00fcfen wir Ihren Wunsch und geben Information \u00fcber die technische Machbarkeit und den Preis.\" \/>\n<meta property=\"og:url\" content=\"https:\/\/tischlerei-lanser.at\/en\/moebelserien-tischlerei\/meisterwerke\/\" \/>\n<meta property=\"og:site_name\" content=\"Tischlerei Lanser\" \/>\n<meta property=\"article:publisher\" content=\"https:\/\/www.facebook.com\/TischlereiLanser\/\" \/>\n<meta property=\"article:modified_time\" content=\"2023-06-07T09:00:20+00:00\" \/>\n<meta property=\"og:image\" content=\"https:\/\/tischlerei-lanser.at\/wp-content\/uploads\/210303_martinlugger_lanser_0097866_1154.jpg\" \/>\n\t<meta property=\"og:image:width\" content=\"1154\" \/>\n\t<meta property=\"og:image:height\" content=\"866\" \/>\n\t<meta property=\"og:image:type\" content=\"image\/jpeg\" \/>\n<meta name=\"twitter:card\" content=\"summary_large_image\" \/>\n<script type=\"application\/ld+json\" class=\"yoast-schema-graph\">{\"@context\":\"https:\/\/schema.org\",\"@graph\":[{\"@type\":\"WebPage\",\"@id\":\"https:\/\/tischlerei-lanser.at\/en\/moebelserien-tischlerei\/meisterwerke\/\",\"url\":\"https:\/\/tischlerei-lanser.at\/en\/moebelserien-tischlerei\/meisterwerke\/\",\"name\":\"Meisterwerke &#8211; Einzelm\u00f6bel: Lanser Meisterwerke\",\"isPartOf\":{\"@id\":\"https:\/\/tischlerei-lanser.at\/en\/#website\"},\"datePublished\":\"2021-06-22T15:42:26+00:00\",\"dateModified\":\"2023-06-07T09:00:20+00:00\",\"description\":\"Die Meisterwerke Kollektion wird mit viel Liebe von unseren Meistern in der Tischlerei gefertigt. Heimische H\u00f6lzer und aufregende Design, die teilweise aus alten Entw\u00fcrfen zeitgem\u00e4\u00df interpretiert wurden sind die Basis f\u00fcr diese besonderen M\u00f6bel. Die Kollektion besteht aus verschiedenen Einzelm\u00f6bel, welche in einer Vielzahl von Ausf\u00fchrungen erh\u00e4ltlich sind.\u00a0 Sie haben ein eigenes M\u00f6bel im Kopf oder denken an eine bestimmte Holzart oder Farbe, die das Meisterwerk haben soll? - Melden Sie sich bei uns, gerne \u00fcberpr\u00fcfen wir Ihren Wunsch und geben Information \u00fcber die technische Machbarkeit und den Preis.\",\"breadcrumb\":{\"@id\":\"https:\/\/tischlerei-lanser.at\/en\/moebelserien-tischlerei\/meisterwerke\/#breadcrumb\"},\"inLanguage\":\"en-US\",\"potentialAction\":[{\"@type\":\"ReadAction\",\"target\":[[\"https:\/\/tischlerei-lanser.at\/en\/moebelserien-tischlerei\/meisterwerke\/\"]]}]},{\"@type\":\"BreadcrumbList\",\"@id\":\"https:\/\/tischlerei-lanser.at\/en\/moebelserien-tischlerei\/meisterwerke\/#breadcrumb\",\"itemListElement\":[{\"@type\":\"ListItem\",\"position\":1,\"name\":\"Startseite\",\"item\":\"https:\/\/tischlerei-lanser.at\/en\/\"},{\"@type\":\"ListItem\",\"position\":2,\"name\":\"M\u00f6belserien Tischlerei\",\"item\":\"https:\/\/tischlerei-lanser.at\/en\/moebelserien-tischlerei\/\"},{\"@type\":\"ListItem\",\"position\":3,\"name\":\"Meisterwerke\"}]},{\"@type\":\"WebSite\",\"@id\":\"https:\/\/tischlerei-lanser.at\/en\/#website\",\"url\":\"https:\/\/tischlerei-lanser.at\/en\/\",\"name\":\"Tischlerei Lanser\",\"description\":\"Wo Natur erhalten wird.\",\"publisher\":{\"@id\":\"https:\/\/tischlerei-lanser.at\/en\/#organization\"},\"potentialAction\":[{\"@type\":\"SearchAction\",\"target\":{\"@type\":\"EntryPoint\",\"urlTemplate\":\"https:\/\/tischlerei-lanser.at\/en\/?s={search_term_string}\"},\"query-input\":\"required name=search_term_string\"}],\"inLanguage\":\"en-US\"},{\"@type\":\"Organization\",\"@id\":\"https:\/\/tischlerei-lanser.at\/en\/#organization\",\"name\":\"Tischlerei Lanser\",\"url\":\"https:\/\/tischlerei-lanser.at\/en\/\",\"logo\":{\"@type\":\"ImageObject\",\"inLanguage\":\"en-US\",\"@id\":\"https:\/\/tischlerei-lanser.at\/en\/#\/schema\/logo\/image\/\",\"url\":\"https:\/\/tischlerei-lanser.at\/wp-content\/uploads\/Lanser_Logo_Jahreszahl.jpg\",\"contentUrl\":\"https:\/\/tischlerei-lanser.at\/wp-content\/uploads\/Lanser_Logo_Jahreszahl.jpg\",\"width\":1920,\"height\":1015,\"caption\":\"Tischlerei Lanser\"},\"image\":{\"@id\":\"https:\/\/tischlerei-lanser.at\/en\/#\/schema\/logo\/image\/\"},\"sameAs\":[\"https:\/\/www.facebook.com\/TischlereiLanser\/\",\"https:\/\/www.instagram.com\/tischlerei_lanser\/\",\"https:\/\/www.linkedin.com\/company\/10006620\"]}]}<\/script>\n<!-- \/ Yoast SEO plugin. -->","yoast_head_json":{"title":"Meisterwerke &#8211; Einzelm\u00f6bel: Lanser Meisterwerke","description":"Die Meisterwerke Kollektion wird mit viel Liebe von unseren Meistern in der Tischlerei gefertigt. Heimische H\u00f6lzer und aufregende Design, die teilweise aus alten Entw\u00fcrfen zeitgem\u00e4\u00df interpretiert wurden sind die Basis f\u00fcr diese besonderen M\u00f6bel. Die Kollektion besteht aus verschiedenen Einzelm\u00f6bel, welche in einer Vielzahl von Ausf\u00fchrungen erh\u00e4ltlich sind.\u00a0 Sie haben ein eigenes M\u00f6bel im Kopf oder denken an eine bestimmte Holzart oder Farbe, die das Meisterwerk haben soll? - Melden Sie sich bei uns, gerne \u00fcberpr\u00fcfen wir Ihren Wunsch und geben Information \u00fcber die technische Machbarkeit und den Preis.","robots":{"index":"index","follow":"follow","max-snippet":"max-snippet:-1","max-image-preview":"max-image-preview:large","max-video-preview":"max-video-preview:-1"},"canonical":"https:\/\/tischlerei-lanser.at\/en\/moebelserien-tischlerei\/meisterwerke\/","og_locale":"en_US","og_type":"article","og_title":"Meisterwerke &#8211; Einzelm\u00f6bel: Lanser Meisterwerke","og_description":"Die Meisterwerke Kollektion wird mit viel Liebe von unseren Meistern in der Tischlerei gefertigt. Heimische H\u00f6lzer und aufregende Design, die teilweise aus alten Entw\u00fcrfen zeitgem\u00e4\u00df interpretiert wurden sind die Basis f\u00fcr diese besonderen M\u00f6bel. Die Kollektion besteht aus verschiedenen Einzelm\u00f6bel, welche in einer Vielzahl von Ausf\u00fchrungen erh\u00e4ltlich sind.\u00a0 Sie haben ein eigenes M\u00f6bel im Kopf oder denken an eine bestimmte Holzart oder Farbe, die das Meisterwerk haben soll? - Melden Sie sich bei uns, gerne \u00fcberpr\u00fcfen wir Ihren Wunsch und geben Information \u00fcber die technische Machbarkeit und den Preis.","og_url":"https:\/\/tischlerei-lanser.at\/en\/moebelserien-tischlerei\/meisterwerke\/","og_site_name":"Tischlerei Lanser","article_publisher":"https:\/\/www.facebook.com\/TischlereiLanser\/","article_modified_time":"2023-06-07T09:00:20+00:00","og_image":[{"width":1154,"height":866,"url":"https:\/\/tischlerei-lanser.at\/wp-content\/uploads\/210303_martinlugger_lanser_0097866_1154.jpg","type":"image\/jpeg"}],"twitter_card":"summary_large_image","schema":{"@context":"https:\/\/schema.org","@graph":[{"@type":"WebPage","@id":"https:\/\/tischlerei-lanser.at\/en\/moebelserien-tischlerei\/meisterwerke\/","url":"https:\/\/tischlerei-lanser.at\/en\/moebelserien-tischlerei\/meisterwerke\/","name":"Meisterwerke &#8211; Einzelm\u00f6bel: Lanser Meisterwerke","isPartOf":{"@id":"https:\/\/tischlerei-lanser.at\/en\/#website"},"datePublished":"2021-06-22T15:42:26+00:00","dateModified":"2023-06-07T09:00:20+00:00","description":"Die Meisterwerke Kollektion wird mit viel Liebe von unseren Meistern in der Tischlerei gefertigt. Heimische H\u00f6lzer und aufregende Design, die teilweise aus alten Entw\u00fcrfen zeitgem\u00e4\u00df interpretiert wurden sind die Basis f\u00fcr diese besonderen M\u00f6bel. Die Kollektion besteht aus verschiedenen Einzelm\u00f6bel, welche in einer Vielzahl von Ausf\u00fchrungen erh\u00e4ltlich sind.\u00a0 Sie haben ein eigenes M\u00f6bel im Kopf oder denken an eine bestimmte Holzart oder Farbe, die das Meisterwerk haben soll? - Melden Sie sich bei uns, gerne \u00fcberpr\u00fcfen wir Ihren Wunsch und geben Information \u00fcber die technische Machbarkeit und den Preis.","breadcrumb":{"@id":"https:\/\/tischlerei-lanser.at\/en\/moebelserien-tischlerei\/meisterwerke\/#breadcrumb"},"inLanguage":"en-US","potentialAction":[{"@type":"ReadAction","target":[["https:\/\/tischlerei-lanser.at\/en\/moebelserien-tischlerei\/meisterwerke\/"]]}]},{"@type":"BreadcrumbList","@id":"https:\/\/tischlerei-lanser.at\/en\/moebelserien-tischlerei\/meisterwerke\/#breadcrumb","itemListElement":[{"@type":"ListItem","position":1,"name":"Startseite","item":"https:\/\/tischlerei-lanser.at\/en\/"},{"@type":"ListItem","position":2,"name":"M\u00f6belserien Tischlerei","item":"https:\/\/tischlerei-lanser.at\/en\/moebelserien-tischlerei\/"},{"@type":"ListItem","position":3,"name":"Meisterwerke"}]},{"@type":"WebSite","@id":"https:\/\/tischlerei-lanser.at\/en\/#website","url":"https:\/\/tischlerei-lanser.at\/en\/","name":"Tischlerei Lanser","description":"Wo Natur erhalten wird.","publisher":{"@id":"https:\/\/tischlerei-lanser.at\/en\/#organization"},"potentialAction":[{"@type":"SearchAction","target":{"@type":"EntryPoint","urlTemplate":"https:\/\/tischlerei-lanser.at\/en\/?s={search_term_string}"},"query-input":"required name=search_term_string"}],"inLanguage":"en-US"},{"@type":"Organization","@id":"https:\/\/tischlerei-lanser.at\/en\/#organization","name":"Tischlerei Lanser","url":"https:\/\/tischlerei-lanser.at\/en\/","logo":{"@type":"ImageObject","inLanguage":"en-US","@id":"https:\/\/tischlerei-lanser.at\/en\/#\/schema\/logo\/image\/","url":"https:\/\/tischlerei-lanser.at\/wp-content\/uploads\/Lanser_Logo_Jahreszahl.jpg","contentUrl":"https:\/\/tischlerei-lanser.at\/wp-content\/uploads\/Lanser_Logo_Jahreszahl.jpg","width":1920,"height":1015,"caption":"Tischlerei Lanser"},"image":{"@id":"https:\/\/tischlerei-lanser.at\/en\/#\/schema\/logo\/image\/"},"sameAs":["https:\/\/www.facebook.com\/TischlereiLanser\/","https:\/\/www.instagram.com\/tischlerei_lanser\/","https:\/\/www.linkedin.com\/company\/10006620"]}]}},"_links":{"self":[{"href":"https:\/\/tischlerei-lanser.at\/en\/wp-json\/wp\/v2\/pages\/2838"}],"collection":[{"href":"https:\/\/tischlerei-lanser.at\/en\/wp-json\/wp\/v2\/pages"}],"about":[{"href":"https:\/\/tischlerei-lanser.at\/en\/wp-json\/wp\/v2\/types\/page"}],"author":[{"embeddable":true,"href":"https:\/\/tischlerei-lanser.at\/en\/wp-json\/wp\/v2\/users\/2"}],"replies":[{"embeddable":true,"href":"https:\/\/tischlerei-lanser.at\/en\/wp-json\/wp\/v2\/comments?post=2838"}],"version-history":[{"count":51,"href":"https:\/\/tischlerei-lanser.at\/en\/wp-json\/wp\/v2\/pages\/2838\/revisions"}],"predecessor-version":[{"id":4955,"href":"https:\/\/tischlerei-lanser.at\/en\/wp-json\/wp\/v2\/pages\/2838\/revisions\/4955"}],"up":[{"embeddable":true,"href":"https:\/\/tischlerei-lanser.at\/en\/wp-json\/wp\/v2\/pages\/4965"}],"wp:featuredmedia":[{"embeddable":true,"href":"https:\/\/tischlerei-lanser.at\/en\/wp-json\/wp\/v2\/media\/3187"}],"wp:attachment":[{"href":"https:\/\/tischlerei-lanser.at\/en\/wp-json\/wp\/v2\/media?parent=2838"}],"curies":[{"name":"wp","href":"https:\/\/api.w.org\/{rel}","templated":true}]}}