{"id":27,"date":"2020-05-04T13:35:04","date_gmt":"2020-05-04T11:35:04","guid":{"rendered":"https:\/\/tischlerei-lanser.at\/?page_id=27"},"modified":"2021-03-26T00:20:57","modified_gmt":"2021-03-25T23:20:57","slug":"datenschutz","status":"publish","type":"page","link":"https:\/\/tischlerei-lanser.at\/en\/datenschutz\/","title":{"rendered":"Privacy"},"content":{"rendered":"<p class=\"qtranxs-available-languages-message qtranxs-available-languages-message-en\">Sorry, this entry is only available in <a href=\"https:\/\/tischlerei-lanser.at\/de\/wp-json\/wp\/v2\/pages\/27\" class=\"qtranxs-available-language-link qtranxs-available-language-link-de\" title=\"de\">German<\/a>.<\/p><p><\/p>\n<h2><\/h2>\n<h3>Geltungsbereich<\/h3>\n<p>Diese Datenschutzerkl\u00e4rung kl\u00e4rt Nutzer \u00fcber die Art, den Umfang und Zwecke der Erhebung und Verwendung personenbezogener Daten durch den verantwortlichen Anbieter Tischlerei Lanser GmbH, Gasse 96a, A-9932 Innervillgraten, Tel.: +43(0)676 84 27 95 600, &#x69;&#110;f&#x6f;&#x40;&#116;i&#x73;&#99;h&#x6c;&#x65;&#114;e&#x69;&#45;l&#x61;&#x6e;&#115;e&#x72;&#x2e;&#97;&#x74; dieser Website (im folgenden \u201cAngebot\u201d) auf.<\/p>\n<h3>Zugriffsdaten \/ Server-Logfiles<\/h3>\n<p>Der Anbieter (beziehungsweise sein Webspace-Provider) erhebt Daten \u00fcber jeden Zugriff auf das Angebot (so genannte Serverlogfiles). Zu den Zugriffsdaten geh\u00f6ren:<\/p>\n<p>Name der abgerufenen Webseite, Datei, Datum und Uhrzeit des Abrufs, \u00fcbertragene Datenmenge, Meldung \u00fcber erfolgreichen Abruf, Browsertyp nebst Version, das Betriebssystem des Nutzers, Referrer URL (die zuvor besuchte Seite), IP-Adresse und der anfragende Provider.<\/p>\n<p>Der Anbieter verwendet die Protokolldaten nur f\u00fcr statistische Auswertungen zum Zweck des Betriebs, der Sicherheit und der Optimierung des Angebotes. Der Anbieterbeh\u00e4lt sich jedoch vor, die Protokolldaten nachtr\u00e4glich zu \u00fcberpr\u00fcfen, wenn aufgrund konkreter Anhaltspunkte der berechtigte Verdacht einer rechtswidrigen Nutzung besteht.<\/p>\n<h3>Kontaktaufnahme<\/h3>\n<p>Bei der Kontaktaufnahme mit dem Anbieter (zum Beispiel per Kontaktformular oder E-Mail) werden die Angaben des Nutzers zwecks Bearbeitung der Anfrage sowie f\u00fcr den Fall, dass Anschlussfragen entstehen, gespeichert.<\/p>\n<h3>Einbindung von Diensten und Inhalten Dritter<\/h3>\n<p>Es kann vorkommen, dass innerhalb dieses Onlineangebotes Inhalte Dritter, wie zum Beispiel Videos von YouTube, Kartenmaterial von Google-Maps, RSS-Feeds oder Grafiken von anderen Webseiten eingebunden werden. Dies setzt immer voraus, dass die Anbieter dieser Inhalte (nachfolgend bezeichnet als \u201eDritt-Anbieter\u201c) die IP-Adresse der Nutzer wahr nehmen. Denn ohne die IP-Adresse, k\u00f6nnten sie die Inhalte nicht an den Browser des jeweiligen Nutzers senden. Die IP-Adresse ist damit f\u00fcr die Darstellung dieser Inhalte erforderlich. Wir bem\u00fchen uns nur solche Inhalte zu verwenden, deren jeweilige Anbieter die IP-Adresse lediglich zur Auslieferung der Inhalte verwenden. Jedoch haben wir keinen Einfluss darauf, falls die Dritt-Anbieter die IP-Adresse z.B. f\u00fcr statistische Zwecke speichern. Soweit dies uns bekannt ist, kl\u00e4ren wir die Nutzer dar\u00fcber auf.<\/p>\n<h3>Cookies<\/h3>\n<p>Cookies sind kleine Dateien, die es erm\u00f6glichen, auf dem Zugriffsger\u00e4t der Nutzer (PC, Smartphone o.\u00e4.) spezifische, auf das Ger\u00e4t bezogene Informationen zu speichern. Sie dienen zum einem der Benutzerfreundlichkeit von Webseiten und damit den Nutzern (z.B. Speicherung von Logindaten). Zum anderen dienen sie, um die statistische Daten der Webseitennutzung zu erfassen und sie zwecks Verbesserung des Angebotes analysieren zu k\u00f6nnen. Die Nutzer k\u00f6nnen auf den Einsatz der Cookies Einfluss nehmen. Die meisten Browser verf\u00fcgen eine Option mit der das Speichern von Cookies eingeschr\u00e4nkt oder komplett verhindert wird. Allerdings wird darauf hingewiesen, dass die Nutzung und insbesondere der Nutzungskomfort ohne Cookies eingeschr\u00e4nkt werden.<\/p>\n<p>Sie k\u00f6nnen viele Online-Anzeigen-Cookies von Unternehmen \u00fcber die US-amerikanische Seite http:\/\/www.aboutads.info\/choices\/ oder die EU-Seite http:\/\/www.youronlinechoices.com\/uk\/your-ad-choices\/ verwalten.<\/p>\n<h3>Google Analytics<\/h3>\n<p>Dieses Angebot benutzt Google Analytics, einen Webanalysedienst der Google Inc. (\u201eGoogle\u201c). Google Analytics verwendet sog. \u201eCookies\u201c, Textdateien, die auf Computer der Nutzer gespeichert werden und die eine Analyse der Benutzung der Website durch sie erm\u00f6glichen. Die durch den Cookie erzeugten Informationen \u00fcber Benutzung dieser Website durch die Nutzer werden in der Regel an einen Server von Google in den USA \u00fcbertragen und dort gespeichert.<\/p>\n<p>Im Falle der Aktivierung der IP-Anonymisierung auf dieser Webseite, wird die IP-Adresse der Nutzer von Google jedoch innerhalb von Mitgliedstaaten der Europ\u00e4ischen Union oder in anderen Vertragsstaaten des Abkommens \u00fcber den Europ\u00e4ischen Wirtschaftsraum zuvor gek\u00fcrzt. Nur in Ausnahmef\u00e4llen wird die volle IP-Adresse an einen Server von Google in den USA \u00fcbertragen und dort gek\u00fcrzt. Die IP-Anonymisierung ist auf dieser Website aktiv. Im Auftrag des Betreibers dieser Website wird Google diese Informationen benutzen, um die Nutzung der Website durch die Nutzer auszuwerten, um Reports \u00fcber die Websiteaktivit\u00e4ten zusammenzustellen und um weitere mit der Websitenutzung und der Internetnutzung verbundene Dienstleistungen gegen\u00fcber dem Websitebetreiber zu erbringen.<\/p>\n<p>Die im Rahmen von Google Analytics von Ihrem Browser \u00fcbermittelte IP-Adresse wird nicht mit anderen Daten von Google zusammengef\u00fchrt. Die Nutzer k\u00f6nnen die Speicherung der Cookies durch eine entsprechende Einstellung Ihrer Browser-Software verhindern; Dieses Angebot weist die Nutzer jedoch darauf hin, dass Sie in diesem Fall gegebenenfalls nicht s\u00e4mtliche Funktionen dieser Website vollumf\u00e4nglich werden nutzen k\u00f6nnen. Die Nutzer k\u00f6nnen dar\u00fcber hinaus die Erfassung der durch das Cookie erzeugten und auf ihre Nutzung der Website bezogenen Daten (inkl. Ihrer IP-Adresse) an Google sowie die Verarbeitung dieser Daten durch Google verhindern, indem sie das unter dem folgenden Link verf\u00fcgbare Browser-Plugin herunterladen und installieren: http:\/\/tools.google.com\/dlpage\/gaoptout?hl=de.<\/p>\n<p>Weitere Informationen zur Datennutzung zu Werbezwecken durch Google, Einstellungs- und Widerspruchsm\u00f6glichkeiten erfahren Sie auf den Webseiten von Google: https:\/\/www.google.com\/intl\/de\/policies\/privacy\/partners\/ (\u201eDatennutzung durch Google bei Ihrer Nutzung von Websites oder Apps unserer Partner\u201c), http:\/\/www.google.com\/policies\/technologies\/ads (\u201eDatennutzung zu Werbezwecken\u201c), http:\/\/www.google.de\/settings\/ads (\u201eInformationen verwalten, die Google verwendet, um Ihnen Werbung einzublenden\u201c) und http:\/\/www.google.com\/ads\/preferences\/ (\u201eBestimmen Sie, welche Werbung Google Ihnen zeigt\u201c).<\/p>\n<p>Alternativ zum Browser-Add-On oder innerhalb von Browsern auf mobilen Ger\u00e4ten, klicken Sie bitte diesen Link, um die Erfassung durch Google Analytics innerhalb dieser Website zuk\u00fcnftig zu verhindern. Dabei wird ein Opt-Out-Cookie auf Ihrem Ger\u00e4t abgelegt. L\u00f6schen Sie Ihre Cookies, m\u00fcssen Sie diesen Link erneut klicken.<\/p>\n<h3>MailChimp<\/h3>\n<p>Diese Website nutzt die Dienste von MailChimp f\u00fcr den Versand von Newslettern. Anbieter ist die Rocket Science Group LLC, 675 Ponce De Leon Ave NE, Suite 5000, Atlanta, GA 30308, USA. MailChimp ist ein Dienst, mit dem u.a. der Versand von Newslettern organisiert und analysiert werden kann. Wenn Sie Daten zum Zwecke des Newsletterbezugs eingeben (E-Mail-Adresse), werden diese auf den Servern von MailChimp in den USA gespeichert. MailChimp verf\u00fcgt \u00fcber eine Zertifizierung nach dem \u201cEU-US-Privacy-Shield\u201d. Der \u201cPrivacy-Shield\u201d ist ein \u00dcbereinkommen zwischen der Europ\u00e4ischen Union (EU) und den USA, das die Einhaltung europ\u00e4ischer Datenschutzstandards in den USA gew\u00e4hrleisten soll.<\/p>\n<p>Mit Hilfe von MailChimp k\u00f6nnen wir unsere Newsletterkampagnen analysieren. Wenn Sie eine mit MailChimp versandte E-Mail \u00f6ffnen, verbindet sich eine in der E-Mail enthaltene Datei (sog. web-beacon) mit den Servern von MailChimp in den USA. So kann festgestellt werden, ob eine Newsletter-Nachricht ge\u00f6ffnet und welche Links ggf. angeklickt wurden. Au\u00dferdem werden technische Informationen erfasst (z.B. Zeitpunkt des Abrufs, IP-Adresse, Browsertyp und Betriebssystem). Diese Informationen k\u00f6nnen nicht dem jeweiligen Newsletter-Empf\u00e4nger zugeordnet werden. Sie dienen ausschlie\u00dflich der statistischen Analyse von Newsletterkampagnen. Die Ergebnisse dieser Analysen k\u00f6nnen genutzt werden, um k\u00fcnftige Newsletter besser an die Interessen der Empf\u00e4nger anzupassen.<\/p>\n<p>Wenn Sie keine Analyse durch MailChimp wollen, m\u00fcssen Sie den Newsletter abbestellen. Hierf\u00fcr stellen wir in jeder Newsletternachricht einen entsprechenden Link zur Verf\u00fcgung. Des Weiteren k\u00f6nnen Sie den Newsletter auch direkt auf der Website abbestellen.<\/p>\n<p>Die Datenverarbeitung erfolgt auf Grundlage Ihrer Einwilligung (Art. 6 Abs. 1 lit. a DSGVO). Sie k\u00f6nnen diese Einwilligung jederzeit widerrufen, indem Sie den Newsletter abbestellen. Die Rechtm\u00e4\u00dfigkeit der bereits erfolgten Datenverarbeitungsvorg\u00e4nge bleibt vom Widerruf unber\u00fchrt. Die von Ihnen zum Zwecke des Newsletter-Bezugs bei uns hinterlegten Daten werden von uns bis zu Ihrer Austragung aus dem Newsletter gespeichert und nach der Abbestellung des Newsletters sowohl von unseren Servern als auch von den Servern von MailChimp gel\u00f6scht. Daten, die zu anderen Zwecken bei uns gespeichert wurden (z.B. E-Mail-Adressen f\u00fcr den Mitgliederbereich) bleiben hiervon unber\u00fchrt.<\/p>\n<p>N\u00e4heres entnehmen Sie den Datenschutzbestimmungen von MailChimp unter:\u00a0<a href=\"https:\/\/mailchimp.com\/legal\/terms\/\" target=\"_blank\" rel=\"noopener\">https:\/\/mailchimp.com\/legal\/terms\/<\/a>.<\/p>\n<p><strong>Abschluss eines Data-Processing-Agreements<\/strong><br \/>\nWir haben ein sog. \u201eData-Processing-Agreement\u201c mit MailChimp abgeschlossen, in dem wir MailChimp verpflichten, die Daten unserer Kunden zu sch\u00fctzen und sie nicht an Dritte weiterzugeben. Dieser Vertrag kann unter folgendem Link eingesehen werden:\u00a0<a href=\"https:\/\/mailchimp.com\/legal\/forms\/data-processing-agreement\/sample-agreement\/\">https:\/\/mailchimp.com\/legal\/forms\/data-processing-agreement\/sample-agreement\/<\/a>.<\/p>\n<h3>Widerruf, \u00c4nderungen, Berichtigungen und Aktualisierungen<\/h3>\n<p>Der Nutzer hat das Recht, auf Antrag unentgeltlich Auskunft zu erhalten \u00fcber die personenbezogenen Daten, die \u00fcber ihn gespeichert wurden. Zus\u00e4tzlich hat der Nutzer das Recht auf Berichtigung unrichtiger Daten, Sperrung und L\u00f6schung seiner personenbezogenen Daten, soweit dem keine gesetzliche Aufbewahrungspflicht entgegensteht.<\/p>","protected":false},"excerpt":{"rendered":"<p>Sorry, this entry is only available in German. Geltungsbereich Diese&hellip;<\/p>\n","protected":false},"author":1,"featured_media":83,"parent":0,"menu_order":66,"comment_status":"closed","ping_status":"closed","template":"","meta":{"_acf_changed":false,"inline_featured_image":false,"footnotes":""},"acf":[],"yoast_head":"<!-- This site is optimized with the Yoast SEO plugin v22.1 - https:\/\/yoast.com\/wordpress\/plugins\/seo\/ -->\n<title>Privacy &#8211; Tischlerei Lanser<\/title>\n<meta name=\"robots\" content=\"index, follow, max-snippet:-1, max-image-preview:large, max-video-preview:-1\" \/>\n<link rel=\"canonical\" href=\"https:\/\/tischlerei-lanser.at\/en\/datenschutz\/\" \/>\n<meta property=\"og:locale\" content=\"en_US\" \/>\n<meta property=\"og:type\" content=\"article\" \/>\n<meta property=\"og:title\" content=\"Privacy &#8211; Tischlerei Lanser\" \/>\n<meta property=\"og:description\" content=\"Sorry, this entry is only available in German. Geltungsbereich Diese&hellip;\" \/>\n<meta property=\"og:url\" content=\"https:\/\/tischlerei-lanser.at\/en\/datenschutz\/\" \/>\n<meta property=\"og:site_name\" content=\"Tischlerei Lanser\" \/>\n<meta property=\"article:publisher\" content=\"https:\/\/www.facebook.com\/TischlereiLanser\/\" \/>\n<meta property=\"article:modified_time\" content=\"2021-03-25T23:20:57+00:00\" \/>\n<meta property=\"og:image\" content=\"https:\/\/tischlerei-lanser.at\/wp-content\/uploads\/tischlerei1.jpg\" \/>\n\t<meta property=\"og:image:width\" content=\"1920\" \/>\n\t<meta property=\"og:image:height\" content=\"1280\" \/>\n\t<meta property=\"og:image:type\" content=\"image\/jpeg\" \/>\n<meta name=\"twitter:card\" content=\"summary_large_image\" \/>\n<meta name=\"twitter:label1\" content=\"Est. reading time\" \/>\n\t<meta name=\"twitter:data1\" content=\"6 minutes\" \/>\n<script type=\"application\/ld+json\" class=\"yoast-schema-graph\">{\"@context\":\"https:\/\/schema.org\",\"@graph\":[{\"@type\":\"WebPage\",\"@id\":\"https:\/\/tischlerei-lanser.at\/en\/datenschutz\/\",\"url\":\"https:\/\/tischlerei-lanser.at\/en\/datenschutz\/\",\"name\":\"Privacy &#8211; Tischlerei Lanser\",\"isPartOf\":{\"@id\":\"https:\/\/tischlerei-lanser.at\/en\/#website\"},\"datePublished\":\"2020-05-04T11:35:04+00:00\",\"dateModified\":\"2021-03-25T23:20:57+00:00\",\"breadcrumb\":{\"@id\":\"https:\/\/tischlerei-lanser.at\/en\/datenschutz\/#breadcrumb\"},\"inLanguage\":\"en-US\",\"potentialAction\":[{\"@type\":\"ReadAction\",\"target\":[[\"https:\/\/tischlerei-lanser.at\/en\/datenschutz\/\"]]}]},{\"@type\":\"BreadcrumbList\",\"@id\":\"https:\/\/tischlerei-lanser.at\/en\/datenschutz\/#breadcrumb\",\"itemListElement\":[{\"@type\":\"ListItem\",\"position\":1,\"name\":\"Startseite\",\"item\":\"https:\/\/tischlerei-lanser.at\/en\/\"},{\"@type\":\"ListItem\",\"position\":2,\"name\":\"Datenschutz\"}]},{\"@type\":\"WebSite\",\"@id\":\"https:\/\/tischlerei-lanser.at\/en\/#website\",\"url\":\"https:\/\/tischlerei-lanser.at\/en\/\",\"name\":\"Tischlerei Lanser\",\"description\":\"Wo Natur erhalten wird.\",\"publisher\":{\"@id\":\"https:\/\/tischlerei-lanser.at\/en\/#organization\"},\"potentialAction\":[{\"@type\":\"SearchAction\",\"target\":{\"@type\":\"EntryPoint\",\"urlTemplate\":\"https:\/\/tischlerei-lanser.at\/en\/?s={search_term_string}\"},\"query-input\":\"required name=search_term_string\"}],\"inLanguage\":\"en-US\"},{\"@type\":\"Organization\",\"@id\":\"https:\/\/tischlerei-lanser.at\/en\/#organization\",\"name\":\"Tischlerei Lanser\",\"url\":\"https:\/\/tischlerei-lanser.at\/en\/\",\"logo\":{\"@type\":\"ImageObject\",\"inLanguage\":\"en-US\",\"@id\":\"https:\/\/tischlerei-lanser.at\/en\/#\/schema\/logo\/image\/\",\"url\":\"https:\/\/tischlerei-lanser.at\/wp-content\/uploads\/Lanser_Logo_Jahreszahl.jpg\",\"contentUrl\":\"https:\/\/tischlerei-lanser.at\/wp-content\/uploads\/Lanser_Logo_Jahreszahl.jpg\",\"width\":1920,\"height\":1015,\"caption\":\"Tischlerei Lanser\"},\"image\":{\"@id\":\"https:\/\/tischlerei-lanser.at\/en\/#\/schema\/logo\/image\/\"},\"sameAs\":[\"https:\/\/www.facebook.com\/TischlereiLanser\/\",\"https:\/\/www.instagram.com\/tischlerei_lanser\/\",\"https:\/\/www.linkedin.com\/company\/10006620\"]}]}<\/script>\n<!-- \/ Yoast SEO plugin. -->","yoast_head_json":{"title":"Privacy &#8211; Tischlerei Lanser","robots":{"index":"index","follow":"follow","max-snippet":"max-snippet:-1","max-image-preview":"max-image-preview:large","max-video-preview":"max-video-preview:-1"},"canonical":"https:\/\/tischlerei-lanser.at\/en\/datenschutz\/","og_locale":"en_US","og_type":"article","og_title":"Privacy &#8211; Tischlerei Lanser","og_description":"Sorry, this entry is only available in German. Geltungsbereich Diese&hellip;","og_url":"https:\/\/tischlerei-lanser.at\/en\/datenschutz\/","og_site_name":"Tischlerei Lanser","article_publisher":"https:\/\/www.facebook.com\/TischlereiLanser\/","article_modified_time":"2021-03-25T23:20:57+00:00","og_image":[{"width":1920,"height":1280,"url":"https:\/\/tischlerei-lanser.at\/wp-content\/uploads\/tischlerei1.jpg","type":"image\/jpeg"}],"twitter_card":"summary_large_image","twitter_misc":{"Est. reading time":"6 minutes"},"schema":{"@context":"https:\/\/schema.org","@graph":[{"@type":"WebPage","@id":"https:\/\/tischlerei-lanser.at\/en\/datenschutz\/","url":"https:\/\/tischlerei-lanser.at\/en\/datenschutz\/","name":"Privacy &#8211; Tischlerei Lanser","isPartOf":{"@id":"https:\/\/tischlerei-lanser.at\/en\/#website"},"datePublished":"2020-05-04T11:35:04+00:00","dateModified":"2021-03-25T23:20:57+00:00","breadcrumb":{"@id":"https:\/\/tischlerei-lanser.at\/en\/datenschutz\/#breadcrumb"},"inLanguage":"en-US","potentialAction":[{"@type":"ReadAction","target":[["https:\/\/tischlerei-lanser.at\/en\/datenschutz\/"]]}]},{"@type":"BreadcrumbList","@id":"https:\/\/tischlerei-lanser.at\/en\/datenschutz\/#breadcrumb","itemListElement":[{"@type":"ListItem","position":1,"name":"Startseite","item":"https:\/\/tischlerei-lanser.at\/en\/"},{"@type":"ListItem","position":2,"name":"Datenschutz"}]},{"@type":"WebSite","@id":"https:\/\/tischlerei-lanser.at\/en\/#website","url":"https:\/\/tischlerei-lanser.at\/en\/","name":"Tischlerei Lanser","description":"Wo Natur erhalten wird.","publisher":{"@id":"https:\/\/tischlerei-lanser.at\/en\/#organization"},"potentialAction":[{"@type":"SearchAction","target":{"@type":"EntryPoint","urlTemplate":"https:\/\/tischlerei-lanser.at\/en\/?s={search_term_string}"},"query-input":"required name=search_term_string"}],"inLanguage":"en-US"},{"@type":"Organization","@id":"https:\/\/tischlerei-lanser.at\/en\/#organization","name":"Tischlerei Lanser","url":"https:\/\/tischlerei-lanser.at\/en\/","logo":{"@type":"ImageObject","inLanguage":"en-US","@id":"https:\/\/tischlerei-lanser.at\/en\/#\/schema\/logo\/image\/","url":"https:\/\/tischlerei-lanser.at\/wp-content\/uploads\/Lanser_Logo_Jahreszahl.jpg","contentUrl":"https:\/\/tischlerei-lanser.at\/wp-content\/uploads\/Lanser_Logo_Jahreszahl.jpg","width":1920,"height":1015,"caption":"Tischlerei Lanser"},"image":{"@id":"https:\/\/tischlerei-lanser.at\/en\/#\/schema\/logo\/image\/"},"sameAs":["https:\/\/www.facebook.com\/TischlereiLanser\/","https:\/\/www.instagram.com\/tischlerei_lanser\/","https:\/\/www.linkedin.com\/company\/10006620"]}]}},"_links":{"self":[{"href":"https:\/\/tischlerei-lanser.at\/en\/wp-json\/wp\/v2\/pages\/27"}],"collection":[{"href":"https:\/\/tischlerei-lanser.at\/en\/wp-json\/wp\/v2\/pages"}],"about":[{"href":"https:\/\/tischlerei-lanser.at\/en\/wp-json\/wp\/v2\/types\/page"}],"author":[{"embeddable":true,"href":"https:\/\/tischlerei-lanser.at\/en\/wp-json\/wp\/v2\/users\/1"}],"replies":[{"embeddable":true,"href":"https:\/\/tischlerei-lanser.at\/en\/wp-json\/wp\/v2\/comments?post=27"}],"version-history":[{"count":1,"href":"https:\/\/tischlerei-lanser.at\/en\/wp-json\/wp\/v2\/pages\/27\/revisions"}],"predecessor-version":[{"id":28,"href":"https:\/\/tischlerei-lanser.at\/en\/wp-json\/wp\/v2\/pages\/27\/revisions\/28"}],"wp:featuredmedia":[{"embeddable":true,"href":"https:\/\/tischlerei-lanser.at\/en\/wp-json\/wp\/v2\/media\/83"}],"wp:attachment":[{"href":"https:\/\/tischlerei-lanser.at\/en\/wp-json\/wp\/v2\/media?parent=27"}],"curies":[{"name":"wp","href":"https:\/\/api.w.org\/{rel}","templated":true}]}}