{"id":2542,"date":"2020-10-09T10:13:54","date_gmt":"2020-10-09T08:13:54","guid":{"rendered":"https:\/\/tischlerei-lanser.at\/?page_id=2542"},"modified":"2023-06-16T10:31:45","modified_gmt":"2023-06-16T08:31:45","slug":"leitbild","status":"publish","type":"page","link":"https:\/\/tischlerei-lanser.at\/en\/lanser\/leitbild\/","title":{"rendered":"Leitbild"},"content":{"rendered":"","protected":false},"excerpt":{"rendered":"","protected":false},"author":2,"featured_media":1719,"parent":21,"menu_order":60,"comment_status":"closed","ping_status":"closed","template":"page-templates\/kontakt.php","meta":{"_acf_changed":false,"inline_featured_image":false,"footnotes":""},"acf":[],"yoast_head":"<!-- This site is optimized with the Yoast SEO plugin v22.1 - https:\/\/yoast.com\/wordpress\/plugins\/seo\/ -->\n<title>Leitbild &#8211; Tischlerei Lanser - Wof\u00fcr wir stehen.<\/title>\n<meta name=\"description\" content=\"Wir lieben Holz, ob frisch geschnitten oder aus Altbest\u00e4nden, und die handwerkliche Kunst daraus M\u00f6bel und Einrichtungen zu gestalten.Seit \u00fcber 140 Jahren haben wir als Tischlereibetrieb mit Stuben \u2013 dem Herzst\u00fcck Tiroler Wohnens \u2013 alpines Wohngef\u00fchl gepr\u00e4gt und tun dies bis heute. Ob in originaler Tradition, in der wir alte Stuben originalgetreu restaurieren und damit famili\u00e4res Kulturgut erhalten, oder wir Altes mit Modernem verbinden und so eine besondere Atmosph\u00e4re mit behaglicher Geborgenheit \u2013 ein St\u00fcck Tirol, ohne Kitsch und Pseudokultur, erzeugen. Unsere Massivholzm\u00f6bel und Einrichtungen erg\u00e4nzen wir mit Premiummarken, die der gleichen Philosophie von Qualit\u00e4t und Nachhaltigkeit folgen wie wir. Durch unsere Handwerkskunst werden diese zu wahren Unikaten, welche keinem Trend folgen, sondern durch zeitloses Design und getischlerten Details \u00fcberzeugen.\" \/>\n<meta name=\"robots\" content=\"index, follow, max-snippet:-1, max-image-preview:large, max-video-preview:-1\" \/>\n<link rel=\"canonical\" href=\"https:\/\/tischlerei-lanser.at\/en\/lanser\/leitbild\/\" \/>\n<meta property=\"og:locale\" content=\"en_US\" \/>\n<meta property=\"og:type\" content=\"article\" \/>\n<meta property=\"og:title\" content=\"Leitbild &#8211; Tischlerei Lanser - Wof\u00fcr wir stehen.\" \/>\n<meta property=\"og:description\" content=\"Wir lieben Holz, ob frisch geschnitten oder aus Altbest\u00e4nden, und die handwerkliche Kunst daraus M\u00f6bel und Einrichtungen zu gestalten.Seit \u00fcber 140 Jahren haben wir als Tischlereibetrieb mit Stuben \u2013 dem Herzst\u00fcck Tiroler Wohnens \u2013 alpines Wohngef\u00fchl gepr\u00e4gt und tun dies bis heute. Ob in originaler Tradition, in der wir alte Stuben originalgetreu restaurieren und damit famili\u00e4res Kulturgut erhalten, oder wir Altes mit Modernem verbinden und so eine besondere Atmosph\u00e4re mit behaglicher Geborgenheit \u2013 ein St\u00fcck Tirol, ohne Kitsch und Pseudokultur, erzeugen. Unsere Massivholzm\u00f6bel und Einrichtungen erg\u00e4nzen wir mit Premiummarken, die der gleichen Philosophie von Qualit\u00e4t und Nachhaltigkeit folgen wie wir. Durch unsere Handwerkskunst werden diese zu wahren Unikaten, welche keinem Trend folgen, sondern durch zeitloses Design und getischlerten Details \u00fcberzeugen.\" \/>\n<meta property=\"og:url\" content=\"https:\/\/tischlerei-lanser.at\/en\/lanser\/leitbild\/\" \/>\n<meta property=\"og:site_name\" content=\"Tischlerei Lanser\" \/>\n<meta property=\"article:publisher\" content=\"https:\/\/www.facebook.com\/TischlereiLanser\/\" \/>\n<meta property=\"article:modified_time\" content=\"2023-06-16T08:31:45+00:00\" \/>\n<meta property=\"og:image\" content=\"https:\/\/tischlerei-lanser.at\/wp-content\/uploads\/DSC02072-Kopie.jpg\" \/>\n\t<meta property=\"og:image:width\" content=\"1920\" \/>\n\t<meta property=\"og:image:height\" content=\"1359\" \/>\n\t<meta property=\"og:image:type\" content=\"image\/jpeg\" \/>\n<meta name=\"twitter:card\" content=\"summary_large_image\" \/>\n<script type=\"application\/ld+json\" class=\"yoast-schema-graph\">{\"@context\":\"https:\/\/schema.org\",\"@graph\":[{\"@type\":\"WebPage\",\"@id\":\"https:\/\/tischlerei-lanser.at\/en\/lanser\/leitbild\/\",\"url\":\"https:\/\/tischlerei-lanser.at\/en\/lanser\/leitbild\/\",\"name\":\"Leitbild &#8211; Tischlerei Lanser - Wof\u00fcr wir stehen.\",\"isPartOf\":{\"@id\":\"https:\/\/tischlerei-lanser.at\/en\/#website\"},\"datePublished\":\"2020-10-09T08:13:54+00:00\",\"dateModified\":\"2023-06-16T08:31:45+00:00\",\"description\":\"Wir lieben Holz, ob frisch geschnitten oder aus Altbest\u00e4nden, und die handwerkliche Kunst daraus M\u00f6bel und Einrichtungen zu gestalten.Seit \u00fcber 140 Jahren haben wir als Tischlereibetrieb mit Stuben \u2013 dem Herzst\u00fcck Tiroler Wohnens \u2013 alpines Wohngef\u00fchl gepr\u00e4gt und tun dies bis heute. Ob in originaler Tradition, in der wir alte Stuben originalgetreu restaurieren und damit famili\u00e4res Kulturgut erhalten, oder wir Altes mit Modernem verbinden und so eine besondere Atmosph\u00e4re mit behaglicher Geborgenheit \u2013 ein St\u00fcck Tirol, ohne Kitsch und Pseudokultur, erzeugen. Unsere Massivholzm\u00f6bel und Einrichtungen erg\u00e4nzen wir mit Premiummarken, die der gleichen Philosophie von Qualit\u00e4t und Nachhaltigkeit folgen wie wir. Durch unsere Handwerkskunst werden diese zu wahren Unikaten, welche keinem Trend folgen, sondern durch zeitloses Design und getischlerten Details \u00fcberzeugen.\",\"breadcrumb\":{\"@id\":\"https:\/\/tischlerei-lanser.at\/en\/lanser\/leitbild\/#breadcrumb\"},\"inLanguage\":\"en-US\",\"potentialAction\":[{\"@type\":\"ReadAction\",\"target\":[[\"https:\/\/tischlerei-lanser.at\/en\/lanser\/leitbild\/\"]]}]},{\"@type\":\"BreadcrumbList\",\"@id\":\"https:\/\/tischlerei-lanser.at\/en\/lanser\/leitbild\/#breadcrumb\",\"itemListElement\":[{\"@type\":\"ListItem\",\"position\":1,\"name\":\"Startseite\",\"item\":\"https:\/\/tischlerei-lanser.at\/en\/\"},{\"@type\":\"ListItem\",\"position\":2,\"name\":\"Lanser\",\"item\":\"https:\/\/tischlerei-lanser.at\/en\/lanser\/\"},{\"@type\":\"ListItem\",\"position\":3,\"name\":\"Leitbild\"}]},{\"@type\":\"WebSite\",\"@id\":\"https:\/\/tischlerei-lanser.at\/en\/#website\",\"url\":\"https:\/\/tischlerei-lanser.at\/en\/\",\"name\":\"Tischlerei Lanser\",\"description\":\"Wo Natur erhalten wird.\",\"publisher\":{\"@id\":\"https:\/\/tischlerei-lanser.at\/en\/#organization\"},\"potentialAction\":[{\"@type\":\"SearchAction\",\"target\":{\"@type\":\"EntryPoint\",\"urlTemplate\":\"https:\/\/tischlerei-lanser.at\/en\/?s={search_term_string}\"},\"query-input\":\"required name=search_term_string\"}],\"inLanguage\":\"en-US\"},{\"@type\":\"Organization\",\"@id\":\"https:\/\/tischlerei-lanser.at\/en\/#organization\",\"name\":\"Tischlerei Lanser\",\"url\":\"https:\/\/tischlerei-lanser.at\/en\/\",\"logo\":{\"@type\":\"ImageObject\",\"inLanguage\":\"en-US\",\"@id\":\"https:\/\/tischlerei-lanser.at\/en\/#\/schema\/logo\/image\/\",\"url\":\"https:\/\/tischlerei-lanser.at\/wp-content\/uploads\/Lanser_Logo_Jahreszahl.jpg\",\"contentUrl\":\"https:\/\/tischlerei-lanser.at\/wp-content\/uploads\/Lanser_Logo_Jahreszahl.jpg\",\"width\":1920,\"height\":1015,\"caption\":\"Tischlerei Lanser\"},\"image\":{\"@id\":\"https:\/\/tischlerei-lanser.at\/en\/#\/schema\/logo\/image\/\"},\"sameAs\":[\"https:\/\/www.facebook.com\/TischlereiLanser\/\",\"https:\/\/www.instagram.com\/tischlerei_lanser\/\",\"https:\/\/www.linkedin.com\/company\/10006620\"]}]}<\/script>\n<!-- \/ Yoast SEO plugin. -->","yoast_head_json":{"title":"Leitbild &#8211; Tischlerei Lanser - Wof\u00fcr wir stehen.","description":"Wir lieben Holz, ob frisch geschnitten oder aus Altbest\u00e4nden, und die handwerkliche Kunst daraus M\u00f6bel und Einrichtungen zu gestalten.Seit \u00fcber 140 Jahren haben wir als Tischlereibetrieb mit Stuben \u2013 dem Herzst\u00fcck Tiroler Wohnens \u2013 alpines Wohngef\u00fchl gepr\u00e4gt und tun dies bis heute. Ob in originaler Tradition, in der wir alte Stuben originalgetreu restaurieren und damit famili\u00e4res Kulturgut erhalten, oder wir Altes mit Modernem verbinden und so eine besondere Atmosph\u00e4re mit behaglicher Geborgenheit \u2013 ein St\u00fcck Tirol, ohne Kitsch und Pseudokultur, erzeugen. Unsere Massivholzm\u00f6bel und Einrichtungen erg\u00e4nzen wir mit Premiummarken, die der gleichen Philosophie von Qualit\u00e4t und Nachhaltigkeit folgen wie wir. Durch unsere Handwerkskunst werden diese zu wahren Unikaten, welche keinem Trend folgen, sondern durch zeitloses Design und getischlerten Details \u00fcberzeugen.","robots":{"index":"index","follow":"follow","max-snippet":"max-snippet:-1","max-image-preview":"max-image-preview:large","max-video-preview":"max-video-preview:-1"},"canonical":"https:\/\/tischlerei-lanser.at\/en\/lanser\/leitbild\/","og_locale":"en_US","og_type":"article","og_title":"Leitbild &#8211; Tischlerei Lanser - Wof\u00fcr wir stehen.","og_description":"Wir lieben Holz, ob frisch geschnitten oder aus Altbest\u00e4nden, und die handwerkliche Kunst daraus M\u00f6bel und Einrichtungen zu gestalten.Seit \u00fcber 140 Jahren haben wir als Tischlereibetrieb mit Stuben \u2013 dem Herzst\u00fcck Tiroler Wohnens \u2013 alpines Wohngef\u00fchl gepr\u00e4gt und tun dies bis heute. Ob in originaler Tradition, in der wir alte Stuben originalgetreu restaurieren und damit famili\u00e4res Kulturgut erhalten, oder wir Altes mit Modernem verbinden und so eine besondere Atmosph\u00e4re mit behaglicher Geborgenheit \u2013 ein St\u00fcck Tirol, ohne Kitsch und Pseudokultur, erzeugen. Unsere Massivholzm\u00f6bel und Einrichtungen erg\u00e4nzen wir mit Premiummarken, die der gleichen Philosophie von Qualit\u00e4t und Nachhaltigkeit folgen wie wir. Durch unsere Handwerkskunst werden diese zu wahren Unikaten, welche keinem Trend folgen, sondern durch zeitloses Design und getischlerten Details \u00fcberzeugen.","og_url":"https:\/\/tischlerei-lanser.at\/en\/lanser\/leitbild\/","og_site_name":"Tischlerei Lanser","article_publisher":"https:\/\/www.facebook.com\/TischlereiLanser\/","article_modified_time":"2023-06-16T08:31:45+00:00","og_image":[{"width":1920,"height":1359,"url":"https:\/\/tischlerei-lanser.at\/wp-content\/uploads\/DSC02072-Kopie.jpg","type":"image\/jpeg"}],"twitter_card":"summary_large_image","schema":{"@context":"https:\/\/schema.org","@graph":[{"@type":"WebPage","@id":"https:\/\/tischlerei-lanser.at\/en\/lanser\/leitbild\/","url":"https:\/\/tischlerei-lanser.at\/en\/lanser\/leitbild\/","name":"Leitbild &#8211; Tischlerei Lanser - Wof\u00fcr wir stehen.","isPartOf":{"@id":"https:\/\/tischlerei-lanser.at\/en\/#website"},"datePublished":"2020-10-09T08:13:54+00:00","dateModified":"2023-06-16T08:31:45+00:00","description":"Wir lieben Holz, ob frisch geschnitten oder aus Altbest\u00e4nden, und die handwerkliche Kunst daraus M\u00f6bel und Einrichtungen zu gestalten.Seit \u00fcber 140 Jahren haben wir als Tischlereibetrieb mit Stuben \u2013 dem Herzst\u00fcck Tiroler Wohnens \u2013 alpines Wohngef\u00fchl gepr\u00e4gt und tun dies bis heute. Ob in originaler Tradition, in der wir alte Stuben originalgetreu restaurieren und damit famili\u00e4res Kulturgut erhalten, oder wir Altes mit Modernem verbinden und so eine besondere Atmosph\u00e4re mit behaglicher Geborgenheit \u2013 ein St\u00fcck Tirol, ohne Kitsch und Pseudokultur, erzeugen. Unsere Massivholzm\u00f6bel und Einrichtungen erg\u00e4nzen wir mit Premiummarken, die der gleichen Philosophie von Qualit\u00e4t und Nachhaltigkeit folgen wie wir. Durch unsere Handwerkskunst werden diese zu wahren Unikaten, welche keinem Trend folgen, sondern durch zeitloses Design und getischlerten Details \u00fcberzeugen.","breadcrumb":{"@id":"https:\/\/tischlerei-lanser.at\/en\/lanser\/leitbild\/#breadcrumb"},"inLanguage":"en-US","potentialAction":[{"@type":"ReadAction","target":[["https:\/\/tischlerei-lanser.at\/en\/lanser\/leitbild\/"]]}]},{"@type":"BreadcrumbList","@id":"https:\/\/tischlerei-lanser.at\/en\/lanser\/leitbild\/#breadcrumb","itemListElement":[{"@type":"ListItem","position":1,"name":"Startseite","item":"https:\/\/tischlerei-lanser.at\/en\/"},{"@type":"ListItem","position":2,"name":"Lanser","item":"https:\/\/tischlerei-lanser.at\/en\/lanser\/"},{"@type":"ListItem","position":3,"name":"Leitbild"}]},{"@type":"WebSite","@id":"https:\/\/tischlerei-lanser.at\/en\/#website","url":"https:\/\/tischlerei-lanser.at\/en\/","name":"Tischlerei Lanser","description":"Wo Natur erhalten wird.","publisher":{"@id":"https:\/\/tischlerei-lanser.at\/en\/#organization"},"potentialAction":[{"@type":"SearchAction","target":{"@type":"EntryPoint","urlTemplate":"https:\/\/tischlerei-lanser.at\/en\/?s={search_term_string}"},"query-input":"required name=search_term_string"}],"inLanguage":"en-US"},{"@type":"Organization","@id":"https:\/\/tischlerei-lanser.at\/en\/#organization","name":"Tischlerei Lanser","url":"https:\/\/tischlerei-lanser.at\/en\/","logo":{"@type":"ImageObject","inLanguage":"en-US","@id":"https:\/\/tischlerei-lanser.at\/en\/#\/schema\/logo\/image\/","url":"https:\/\/tischlerei-lanser.at\/wp-content\/uploads\/Lanser_Logo_Jahreszahl.jpg","contentUrl":"https:\/\/tischlerei-lanser.at\/wp-content\/uploads\/Lanser_Logo_Jahreszahl.jpg","width":1920,"height":1015,"caption":"Tischlerei Lanser"},"image":{"@id":"https:\/\/tischlerei-lanser.at\/en\/#\/schema\/logo\/image\/"},"sameAs":["https:\/\/www.facebook.com\/TischlereiLanser\/","https:\/\/www.instagram.com\/tischlerei_lanser\/","https:\/\/www.linkedin.com\/company\/10006620"]}]}},"_links":{"self":[{"href":"https:\/\/tischlerei-lanser.at\/en\/wp-json\/wp\/v2\/pages\/2542"}],"collection":[{"href":"https:\/\/tischlerei-lanser.at\/en\/wp-json\/wp\/v2\/pages"}],"about":[{"href":"https:\/\/tischlerei-lanser.at\/en\/wp-json\/wp\/v2\/types\/page"}],"author":[{"embeddable":true,"href":"https:\/\/tischlerei-lanser.at\/en\/wp-json\/wp\/v2\/users\/2"}],"replies":[{"embeddable":true,"href":"https:\/\/tischlerei-lanser.at\/en\/wp-json\/wp\/v2\/comments?post=2542"}],"version-history":[{"count":33,"href":"https:\/\/tischlerei-lanser.at\/en\/wp-json\/wp\/v2\/pages\/2542\/revisions"}],"predecessor-version":[{"id":4426,"href":"https:\/\/tischlerei-lanser.at\/en\/wp-json\/wp\/v2\/pages\/2542\/revisions\/4426"}],"up":[{"embeddable":true,"href":"https:\/\/tischlerei-lanser.at\/en\/wp-json\/wp\/v2\/pages\/21"}],"wp:featuredmedia":[{"embeddable":true,"href":"https:\/\/tischlerei-lanser.at\/en\/wp-json\/wp\/v2\/media\/1719"}],"wp:attachment":[{"href":"https:\/\/tischlerei-lanser.at\/en\/wp-json\/wp\/v2\/media?parent=2542"}],"curies":[{"name":"wp","href":"https:\/\/api.w.org\/{rel}","templated":true}]}}