{"id":2025,"date":"2020-07-07T14:42:15","date_gmt":"2020-07-07T12:42:15","guid":{"rendered":"https:\/\/tischlerei-lanser.at\/?page_id=2025"},"modified":"2024-09-09T11:01:52","modified_gmt":"2024-09-09T09:01:52","slug":"altholz-stilmoebel","status":"publish","type":"page","link":"https:\/\/tischlerei-lanser.at\/en\/moebelserien-tischlerei\/altholz-stilmoebel\/","title":{"rendered":"Altholz Stilm\u00f6bel"},"content":{"rendered":"","protected":false},"excerpt":{"rendered":"","protected":false},"author":2,"featured_media":2063,"parent":4965,"menu_order":55,"comment_status":"closed","ping_status":"closed","template":"page-templates\/projekt.php","meta":{"_acf_changed":false,"inline_featured_image":false,"footnotes":""},"acf":[],"yoast_head":"<!-- This site is optimized with the Yoast SEO plugin v22.1 - https:\/\/yoast.com\/wordpress\/plugins\/seo\/ -->\n<title>Altholz Stilm\u00f6bel &#8211; Einzelm\u00f6bel: Originale M\u00f6bel<\/title>\n<meta name=\"description\" content=\"In dieser K\u00fcche dreht sich alles um die Naturstein K\u00fccheninsel. Das Besondere an dieser ist die Einzigartigkeit. Stein ist ein nat\u00fcrliches Material, jede Platte weist eine unterschiedliche Marmorierung auf, sie ist einzigartig - fast zu vergleichen mit dem Fingerabruck eines Menschen.\" \/>\n<meta name=\"robots\" content=\"index, follow, max-snippet:-1, max-image-preview:large, max-video-preview:-1\" \/>\n<link rel=\"canonical\" href=\"https:\/\/tischlerei-lanser.at\/en\/moebelserien-tischlerei\/altholz-stilmoebel\/\" \/>\n<meta property=\"og:locale\" content=\"en_US\" \/>\n<meta property=\"og:type\" content=\"article\" \/>\n<meta property=\"og:title\" content=\"Altholz Stilm\u00f6bel &#8211; Einzelm\u00f6bel: Originale M\u00f6bel\" \/>\n<meta property=\"og:description\" content=\"In dieser K\u00fcche dreht sich alles um die Naturstein K\u00fccheninsel. Das Besondere an dieser ist die Einzigartigkeit. Stein ist ein nat\u00fcrliches Material, jede Platte weist eine unterschiedliche Marmorierung auf, sie ist einzigartig - fast zu vergleichen mit dem Fingerabruck eines Menschen.\" \/>\n<meta property=\"og:url\" content=\"https:\/\/tischlerei-lanser.at\/en\/moebelserien-tischlerei\/altholz-stilmoebel\/\" \/>\n<meta property=\"og:site_name\" content=\"Tischlerei Lanser\" \/>\n<meta property=\"article:publisher\" content=\"https:\/\/www.facebook.com\/TischlereiLanser\/\" \/>\n<meta property=\"article:modified_time\" content=\"2024-09-09T09:01:52+00:00\" \/>\n<meta property=\"og:image\" content=\"https:\/\/tischlerei-lanser.at\/wp-content\/uploads\/mo\u2560\u00eabel_arnbach_009.jpg\" \/>\n\t<meta property=\"og:image:width\" content=\"1920\" \/>\n\t<meta property=\"og:image:height\" content=\"1280\" \/>\n\t<meta property=\"og:image:type\" content=\"image\/jpeg\" \/>\n<meta name=\"twitter:card\" content=\"summary_large_image\" \/>\n<meta name=\"twitter:label1\" content=\"Est. reading time\" \/>\n\t<meta name=\"twitter:data1\" content=\"7 minutes\" \/>\n<script type=\"application\/ld+json\" class=\"yoast-schema-graph\">{\"@context\":\"https:\/\/schema.org\",\"@graph\":[{\"@type\":\"WebPage\",\"@id\":\"https:\/\/tischlerei-lanser.at\/en\/moebelserien-tischlerei\/altholz-stilmoebel\/\",\"url\":\"https:\/\/tischlerei-lanser.at\/en\/moebelserien-tischlerei\/altholz-stilmoebel\/\",\"name\":\"Altholz Stilm\u00f6bel &#8211; Einzelm\u00f6bel: Originale M\u00f6bel\",\"isPartOf\":{\"@id\":\"https:\/\/tischlerei-lanser.at\/en\/#website\"},\"datePublished\":\"2020-07-07T12:42:15+00:00\",\"dateModified\":\"2024-09-09T09:01:52+00:00\",\"description\":\"In dieser K\u00fcche dreht sich alles um die Naturstein K\u00fccheninsel. Das Besondere an dieser ist die Einzigartigkeit. Stein ist ein nat\u00fcrliches Material, jede Platte weist eine unterschiedliche Marmorierung auf, sie ist einzigartig - fast zu vergleichen mit dem Fingerabruck eines Menschen.\",\"breadcrumb\":{\"@id\":\"https:\/\/tischlerei-lanser.at\/en\/moebelserien-tischlerei\/altholz-stilmoebel\/#breadcrumb\"},\"inLanguage\":\"en-US\",\"potentialAction\":[{\"@type\":\"ReadAction\",\"target\":[[\"https:\/\/tischlerei-lanser.at\/en\/moebelserien-tischlerei\/altholz-stilmoebel\/\"]]}]},{\"@type\":\"BreadcrumbList\",\"@id\":\"https:\/\/tischlerei-lanser.at\/en\/moebelserien-tischlerei\/altholz-stilmoebel\/#breadcrumb\",\"itemListElement\":[{\"@type\":\"ListItem\",\"position\":1,\"name\":\"Startseite\",\"item\":\"https:\/\/tischlerei-lanser.at\/en\/\"},{\"@type\":\"ListItem\",\"position\":2,\"name\":\"M\u00f6belserien Tischlerei\",\"item\":\"https:\/\/tischlerei-lanser.at\/en\/moebelserien-tischlerei\/\"},{\"@type\":\"ListItem\",\"position\":3,\"name\":\"Altholz Stilm\u00f6bel\"}]},{\"@type\":\"WebSite\",\"@id\":\"https:\/\/tischlerei-lanser.at\/en\/#website\",\"url\":\"https:\/\/tischlerei-lanser.at\/en\/\",\"name\":\"Tischlerei Lanser\",\"description\":\"Wo Natur erhalten wird.\",\"publisher\":{\"@id\":\"https:\/\/tischlerei-lanser.at\/en\/#organization\"},\"potentialAction\":[{\"@type\":\"SearchAction\",\"target\":{\"@type\":\"EntryPoint\",\"urlTemplate\":\"https:\/\/tischlerei-lanser.at\/en\/?s={search_term_string}\"},\"query-input\":\"required name=search_term_string\"}],\"inLanguage\":\"en-US\"},{\"@type\":\"Organization\",\"@id\":\"https:\/\/tischlerei-lanser.at\/en\/#organization\",\"name\":\"Tischlerei Lanser\",\"url\":\"https:\/\/tischlerei-lanser.at\/en\/\",\"logo\":{\"@type\":\"ImageObject\",\"inLanguage\":\"en-US\",\"@id\":\"https:\/\/tischlerei-lanser.at\/en\/#\/schema\/logo\/image\/\",\"url\":\"https:\/\/tischlerei-lanser.at\/wp-content\/uploads\/Lanser_Logo_Jahreszahl.jpg\",\"contentUrl\":\"https:\/\/tischlerei-lanser.at\/wp-content\/uploads\/Lanser_Logo_Jahreszahl.jpg\",\"width\":1920,\"height\":1015,\"caption\":\"Tischlerei Lanser\"},\"image\":{\"@id\":\"https:\/\/tischlerei-lanser.at\/en\/#\/schema\/logo\/image\/\"},\"sameAs\":[\"https:\/\/www.facebook.com\/TischlereiLanser\/\",\"https:\/\/www.instagram.com\/tischlerei_lanser\/\",\"https:\/\/www.linkedin.com\/company\/10006620\"]}]}<\/script>\n<!-- \/ Yoast SEO plugin. -->","yoast_head_json":{"title":"Altholz Stilm\u00f6bel &#8211; Einzelm\u00f6bel: Originale M\u00f6bel","description":"In dieser K\u00fcche dreht sich alles um die Naturstein K\u00fccheninsel. Das Besondere an dieser ist die Einzigartigkeit. Stein ist ein nat\u00fcrliches Material, jede Platte weist eine unterschiedliche Marmorierung auf, sie ist einzigartig - fast zu vergleichen mit dem Fingerabruck eines Menschen.","robots":{"index":"index","follow":"follow","max-snippet":"max-snippet:-1","max-image-preview":"max-image-preview:large","max-video-preview":"max-video-preview:-1"},"canonical":"https:\/\/tischlerei-lanser.at\/en\/moebelserien-tischlerei\/altholz-stilmoebel\/","og_locale":"en_US","og_type":"article","og_title":"Altholz Stilm\u00f6bel &#8211; Einzelm\u00f6bel: Originale M\u00f6bel","og_description":"In dieser K\u00fcche dreht sich alles um die Naturstein K\u00fccheninsel. Das Besondere an dieser ist die Einzigartigkeit. Stein ist ein nat\u00fcrliches Material, jede Platte weist eine unterschiedliche Marmorierung auf, sie ist einzigartig - fast zu vergleichen mit dem Fingerabruck eines Menschen.","og_url":"https:\/\/tischlerei-lanser.at\/en\/moebelserien-tischlerei\/altholz-stilmoebel\/","og_site_name":"Tischlerei Lanser","article_publisher":"https:\/\/www.facebook.com\/TischlereiLanser\/","article_modified_time":"2024-09-09T09:01:52+00:00","og_image":[{"width":1920,"height":1280,"url":"https:\/\/tischlerei-lanser.at\/wp-content\/uploads\/mo\u2560\u00eabel_arnbach_009.jpg","type":"image\/jpeg"}],"twitter_card":"summary_large_image","twitter_misc":{"Est. reading time":"7 minutes"},"schema":{"@context":"https:\/\/schema.org","@graph":[{"@type":"WebPage","@id":"https:\/\/tischlerei-lanser.at\/en\/moebelserien-tischlerei\/altholz-stilmoebel\/","url":"https:\/\/tischlerei-lanser.at\/en\/moebelserien-tischlerei\/altholz-stilmoebel\/","name":"Altholz Stilm\u00f6bel &#8211; Einzelm\u00f6bel: Originale M\u00f6bel","isPartOf":{"@id":"https:\/\/tischlerei-lanser.at\/en\/#website"},"datePublished":"2020-07-07T12:42:15+00:00","dateModified":"2024-09-09T09:01:52+00:00","description":"In dieser K\u00fcche dreht sich alles um die Naturstein K\u00fccheninsel. Das Besondere an dieser ist die Einzigartigkeit. Stein ist ein nat\u00fcrliches Material, jede Platte weist eine unterschiedliche Marmorierung auf, sie ist einzigartig - fast zu vergleichen mit dem Fingerabruck eines Menschen.","breadcrumb":{"@id":"https:\/\/tischlerei-lanser.at\/en\/moebelserien-tischlerei\/altholz-stilmoebel\/#breadcrumb"},"inLanguage":"en-US","potentialAction":[{"@type":"ReadAction","target":[["https:\/\/tischlerei-lanser.at\/en\/moebelserien-tischlerei\/altholz-stilmoebel\/"]]}]},{"@type":"BreadcrumbList","@id":"https:\/\/tischlerei-lanser.at\/en\/moebelserien-tischlerei\/altholz-stilmoebel\/#breadcrumb","itemListElement":[{"@type":"ListItem","position":1,"name":"Startseite","item":"https:\/\/tischlerei-lanser.at\/en\/"},{"@type":"ListItem","position":2,"name":"M\u00f6belserien Tischlerei","item":"https:\/\/tischlerei-lanser.at\/en\/moebelserien-tischlerei\/"},{"@type":"ListItem","position":3,"name":"Altholz Stilm\u00f6bel"}]},{"@type":"WebSite","@id":"https:\/\/tischlerei-lanser.at\/en\/#website","url":"https:\/\/tischlerei-lanser.at\/en\/","name":"Tischlerei Lanser","description":"Wo Natur erhalten wird.","publisher":{"@id":"https:\/\/tischlerei-lanser.at\/en\/#organization"},"potentialAction":[{"@type":"SearchAction","target":{"@type":"EntryPoint","urlTemplate":"https:\/\/tischlerei-lanser.at\/en\/?s={search_term_string}"},"query-input":"required name=search_term_string"}],"inLanguage":"en-US"},{"@type":"Organization","@id":"https:\/\/tischlerei-lanser.at\/en\/#organization","name":"Tischlerei Lanser","url":"https:\/\/tischlerei-lanser.at\/en\/","logo":{"@type":"ImageObject","inLanguage":"en-US","@id":"https:\/\/tischlerei-lanser.at\/en\/#\/schema\/logo\/image\/","url":"https:\/\/tischlerei-lanser.at\/wp-content\/uploads\/Lanser_Logo_Jahreszahl.jpg","contentUrl":"https:\/\/tischlerei-lanser.at\/wp-content\/uploads\/Lanser_Logo_Jahreszahl.jpg","width":1920,"height":1015,"caption":"Tischlerei Lanser"},"image":{"@id":"https:\/\/tischlerei-lanser.at\/en\/#\/schema\/logo\/image\/"},"sameAs":["https:\/\/www.facebook.com\/TischlereiLanser\/","https:\/\/www.instagram.com\/tischlerei_lanser\/","https:\/\/www.linkedin.com\/company\/10006620"]}]}},"_links":{"self":[{"href":"https:\/\/tischlerei-lanser.at\/en\/wp-json\/wp\/v2\/pages\/2025"}],"collection":[{"href":"https:\/\/tischlerei-lanser.at\/en\/wp-json\/wp\/v2\/pages"}],"about":[{"href":"https:\/\/tischlerei-lanser.at\/en\/wp-json\/wp\/v2\/types\/page"}],"author":[{"embeddable":true,"href":"https:\/\/tischlerei-lanser.at\/en\/wp-json\/wp\/v2\/users\/2"}],"replies":[{"embeddable":true,"href":"https:\/\/tischlerei-lanser.at\/en\/wp-json\/wp\/v2\/comments?post=2025"}],"version-history":[{"count":43,"href":"https:\/\/tischlerei-lanser.at\/en\/wp-json\/wp\/v2\/pages\/2025\/revisions"}],"predecessor-version":[{"id":5380,"href":"https:\/\/tischlerei-lanser.at\/en\/wp-json\/wp\/v2\/pages\/2025\/revisions\/5380"}],"up":[{"embeddable":true,"href":"https:\/\/tischlerei-lanser.at\/en\/wp-json\/wp\/v2\/pages\/4965"}],"wp:featuredmedia":[{"embeddable":true,"href":"https:\/\/tischlerei-lanser.at\/en\/wp-json\/wp\/v2\/media\/2063"}],"wp:attachment":[{"href":"https:\/\/tischlerei-lanser.at\/en\/wp-json\/wp\/v2\/media?parent=2025"}],"curies":[{"name":"wp","href":"https:\/\/api.w.org\/{rel}","templated":true}]}}