{"id":1775,"date":"2020-06-30T16:28:45","date_gmt":"2020-06-30T14:28:45","guid":{"rendered":"https:\/\/tischlerei-lanser.at\/?page_id=1775"},"modified":"2021-03-18T10:02:43","modified_gmt":"2021-03-18T09:02:43","slug":"ferienchalet-bodner","status":"publish","type":"page","link":"https:\/\/tischlerei-lanser.at\/en\/projekte\/hotel-chalets\/ferienchalet-bodner\/","title":{"rendered":"Ferienchalet Bodner"},"content":{"rendered":"","protected":false},"excerpt":{"rendered":"","protected":false},"author":2,"featured_media":678,"parent":66,"menu_order":43,"comment_status":"closed","ping_status":"closed","template":"page-templates\/projekt.php","meta":{"_acf_changed":false,"inline_featured_image":false,"footnotes":""},"acf":[],"yoast_head":"<!-- This site is optimized with the Yoast SEO plugin v22.1 - https:\/\/yoast.com\/wordpress\/plugins\/seo\/ -->\n<title>Ferienchalet Bodner &#8211; Tischlerei Lanser Projekt Ferienchalet Bodner<\/title>\n<meta name=\"description\" content=\"Eine Kombination von Altholz, originalen Oberfl\u00e4chen und zeitlosen Dekoren schaffen eine Einheit von W\u00e4rme und Gem\u00fctlichkeit. Begleitet wird das Wohnkonzept von hochwertigen Lodenstoffen, indirekten Beleuchtungen und geschmiedeten Griffen. Nat\u00fcrlichkeit in zeitloser Eleganz.\" \/>\n<meta name=\"robots\" content=\"index, follow, max-snippet:-1, max-image-preview:large, max-video-preview:-1\" \/>\n<link rel=\"canonical\" href=\"https:\/\/tischlerei-lanser.at\/en\/projekte\/hotel-chalets\/ferienchalet-bodner\/\" \/>\n<meta property=\"og:locale\" content=\"en_US\" \/>\n<meta property=\"og:type\" content=\"article\" \/>\n<meta property=\"og:title\" content=\"Ferienchalet Bodner &#8211; Tischlerei Lanser Projekt Ferienchalet Bodner\" \/>\n<meta property=\"og:description\" content=\"Eine Kombination von Altholz, originalen Oberfl\u00e4chen und zeitlosen Dekoren schaffen eine Einheit von W\u00e4rme und Gem\u00fctlichkeit. Begleitet wird das Wohnkonzept von hochwertigen Lodenstoffen, indirekten Beleuchtungen und geschmiedeten Griffen. Nat\u00fcrlichkeit in zeitloser Eleganz.\" \/>\n<meta property=\"og:url\" content=\"https:\/\/tischlerei-lanser.at\/en\/projekte\/hotel-chalets\/ferienchalet-bodner\/\" \/>\n<meta property=\"og:site_name\" content=\"Tischlerei Lanser\" \/>\n<meta property=\"article:publisher\" content=\"https:\/\/www.facebook.com\/TischlereiLanser\/\" \/>\n<meta property=\"article:modified_time\" content=\"2021-03-18T09:02:43+00:00\" \/>\n<meta property=\"og:image\" content=\"https:\/\/tischlerei-lanser.at\/wp-content\/uploads\/160615_martinlugger__MG_9751.jpg\" \/>\n\t<meta property=\"og:image:width\" content=\"1920\" \/>\n\t<meta property=\"og:image:height\" content=\"1280\" \/>\n\t<meta property=\"og:image:type\" content=\"image\/jpeg\" \/>\n<meta name=\"twitter:card\" content=\"summary_large_image\" \/>\n<script type=\"application\/ld+json\" class=\"yoast-schema-graph\">{\"@context\":\"https:\/\/schema.org\",\"@graph\":[{\"@type\":\"WebPage\",\"@id\":\"https:\/\/tischlerei-lanser.at\/en\/projekte\/hotel-chalets\/ferienchalet-bodner\/\",\"url\":\"https:\/\/tischlerei-lanser.at\/en\/projekte\/hotel-chalets\/ferienchalet-bodner\/\",\"name\":\"Ferienchalet Bodner &#8211; Tischlerei Lanser Projekt Ferienchalet Bodner\",\"isPartOf\":{\"@id\":\"https:\/\/tischlerei-lanser.at\/en\/#website\"},\"datePublished\":\"2020-06-30T14:28:45+00:00\",\"dateModified\":\"2021-03-18T09:02:43+00:00\",\"description\":\"Eine Kombination von Altholz, originalen Oberfl\u00e4chen und zeitlosen Dekoren schaffen eine Einheit von W\u00e4rme und Gem\u00fctlichkeit. Begleitet wird das Wohnkonzept von hochwertigen Lodenstoffen, indirekten Beleuchtungen und geschmiedeten Griffen. Nat\u00fcrlichkeit in zeitloser Eleganz.\",\"breadcrumb\":{\"@id\":\"https:\/\/tischlerei-lanser.at\/en\/projekte\/hotel-chalets\/ferienchalet-bodner\/#breadcrumb\"},\"inLanguage\":\"en-US\",\"potentialAction\":[{\"@type\":\"ReadAction\",\"target\":[[\"https:\/\/tischlerei-lanser.at\/en\/projekte\/hotel-chalets\/ferienchalet-bodner\/\"]]}]},{\"@type\":\"BreadcrumbList\",\"@id\":\"https:\/\/tischlerei-lanser.at\/en\/projekte\/hotel-chalets\/ferienchalet-bodner\/#breadcrumb\",\"itemListElement\":[{\"@type\":\"ListItem\",\"position\":1,\"name\":\"Startseite\",\"item\":\"https:\/\/tischlerei-lanser.at\/en\/\"},{\"@type\":\"ListItem\",\"position\":2,\"name\":\"Projekte\",\"item\":\"https:\/\/tischlerei-lanser.at\/en\/projekte\/\"},{\"@type\":\"ListItem\",\"position\":3,\"name\":\"Hotel &#038; Chalets\",\"item\":\"https:\/\/tischlerei-lanser.at\/en\/projekte\/hotel-chalets\/\"},{\"@type\":\"ListItem\",\"position\":4,\"name\":\"Ferienchalet Bodner\"}]},{\"@type\":\"WebSite\",\"@id\":\"https:\/\/tischlerei-lanser.at\/en\/#website\",\"url\":\"https:\/\/tischlerei-lanser.at\/en\/\",\"name\":\"Tischlerei Lanser\",\"description\":\"Wo Natur erhalten wird.\",\"publisher\":{\"@id\":\"https:\/\/tischlerei-lanser.at\/en\/#organization\"},\"potentialAction\":[{\"@type\":\"SearchAction\",\"target\":{\"@type\":\"EntryPoint\",\"urlTemplate\":\"https:\/\/tischlerei-lanser.at\/en\/?s={search_term_string}\"},\"query-input\":\"required name=search_term_string\"}],\"inLanguage\":\"en-US\"},{\"@type\":\"Organization\",\"@id\":\"https:\/\/tischlerei-lanser.at\/en\/#organization\",\"name\":\"Tischlerei Lanser\",\"url\":\"https:\/\/tischlerei-lanser.at\/en\/\",\"logo\":{\"@type\":\"ImageObject\",\"inLanguage\":\"en-US\",\"@id\":\"https:\/\/tischlerei-lanser.at\/en\/#\/schema\/logo\/image\/\",\"url\":\"https:\/\/tischlerei-lanser.at\/wp-content\/uploads\/Lanser_Logo_Jahreszahl.jpg\",\"contentUrl\":\"https:\/\/tischlerei-lanser.at\/wp-content\/uploads\/Lanser_Logo_Jahreszahl.jpg\",\"width\":1920,\"height\":1015,\"caption\":\"Tischlerei Lanser\"},\"image\":{\"@id\":\"https:\/\/tischlerei-lanser.at\/en\/#\/schema\/logo\/image\/\"},\"sameAs\":[\"https:\/\/www.facebook.com\/TischlereiLanser\/\",\"https:\/\/www.instagram.com\/tischlerei_lanser\/\",\"https:\/\/www.linkedin.com\/company\/10006620\"]}]}<\/script>\n<!-- \/ Yoast SEO plugin. -->","yoast_head_json":{"title":"Ferienchalet Bodner &#8211; Tischlerei Lanser Projekt Ferienchalet Bodner","description":"Eine Kombination von Altholz, originalen Oberfl\u00e4chen und zeitlosen Dekoren schaffen eine Einheit von W\u00e4rme und Gem\u00fctlichkeit. Begleitet wird das Wohnkonzept von hochwertigen Lodenstoffen, indirekten Beleuchtungen und geschmiedeten Griffen. Nat\u00fcrlichkeit in zeitloser Eleganz.","robots":{"index":"index","follow":"follow","max-snippet":"max-snippet:-1","max-image-preview":"max-image-preview:large","max-video-preview":"max-video-preview:-1"},"canonical":"https:\/\/tischlerei-lanser.at\/en\/projekte\/hotel-chalets\/ferienchalet-bodner\/","og_locale":"en_US","og_type":"article","og_title":"Ferienchalet Bodner &#8211; Tischlerei Lanser Projekt Ferienchalet Bodner","og_description":"Eine Kombination von Altholz, originalen Oberfl\u00e4chen und zeitlosen Dekoren schaffen eine Einheit von W\u00e4rme und Gem\u00fctlichkeit. Begleitet wird das Wohnkonzept von hochwertigen Lodenstoffen, indirekten Beleuchtungen und geschmiedeten Griffen. Nat\u00fcrlichkeit in zeitloser Eleganz.","og_url":"https:\/\/tischlerei-lanser.at\/en\/projekte\/hotel-chalets\/ferienchalet-bodner\/","og_site_name":"Tischlerei Lanser","article_publisher":"https:\/\/www.facebook.com\/TischlereiLanser\/","article_modified_time":"2021-03-18T09:02:43+00:00","og_image":[{"width":1920,"height":1280,"url":"https:\/\/tischlerei-lanser.at\/wp-content\/uploads\/160615_martinlugger__MG_9751.jpg","type":"image\/jpeg"}],"twitter_card":"summary_large_image","schema":{"@context":"https:\/\/schema.org","@graph":[{"@type":"WebPage","@id":"https:\/\/tischlerei-lanser.at\/en\/projekte\/hotel-chalets\/ferienchalet-bodner\/","url":"https:\/\/tischlerei-lanser.at\/en\/projekte\/hotel-chalets\/ferienchalet-bodner\/","name":"Ferienchalet Bodner &#8211; Tischlerei Lanser Projekt Ferienchalet Bodner","isPartOf":{"@id":"https:\/\/tischlerei-lanser.at\/en\/#website"},"datePublished":"2020-06-30T14:28:45+00:00","dateModified":"2021-03-18T09:02:43+00:00","description":"Eine Kombination von Altholz, originalen Oberfl\u00e4chen und zeitlosen Dekoren schaffen eine Einheit von W\u00e4rme und Gem\u00fctlichkeit. Begleitet wird das Wohnkonzept von hochwertigen Lodenstoffen, indirekten Beleuchtungen und geschmiedeten Griffen. Nat\u00fcrlichkeit in zeitloser Eleganz.","breadcrumb":{"@id":"https:\/\/tischlerei-lanser.at\/en\/projekte\/hotel-chalets\/ferienchalet-bodner\/#breadcrumb"},"inLanguage":"en-US","potentialAction":[{"@type":"ReadAction","target":[["https:\/\/tischlerei-lanser.at\/en\/projekte\/hotel-chalets\/ferienchalet-bodner\/"]]}]},{"@type":"BreadcrumbList","@id":"https:\/\/tischlerei-lanser.at\/en\/projekte\/hotel-chalets\/ferienchalet-bodner\/#breadcrumb","itemListElement":[{"@type":"ListItem","position":1,"name":"Startseite","item":"https:\/\/tischlerei-lanser.at\/en\/"},{"@type":"ListItem","position":2,"name":"Projekte","item":"https:\/\/tischlerei-lanser.at\/en\/projekte\/"},{"@type":"ListItem","position":3,"name":"Hotel &#038; Chalets","item":"https:\/\/tischlerei-lanser.at\/en\/projekte\/hotel-chalets\/"},{"@type":"ListItem","position":4,"name":"Ferienchalet Bodner"}]},{"@type":"WebSite","@id":"https:\/\/tischlerei-lanser.at\/en\/#website","url":"https:\/\/tischlerei-lanser.at\/en\/","name":"Tischlerei Lanser","description":"Wo Natur erhalten wird.","publisher":{"@id":"https:\/\/tischlerei-lanser.at\/en\/#organization"},"potentialAction":[{"@type":"SearchAction","target":{"@type":"EntryPoint","urlTemplate":"https:\/\/tischlerei-lanser.at\/en\/?s={search_term_string}"},"query-input":"required name=search_term_string"}],"inLanguage":"en-US"},{"@type":"Organization","@id":"https:\/\/tischlerei-lanser.at\/en\/#organization","name":"Tischlerei Lanser","url":"https:\/\/tischlerei-lanser.at\/en\/","logo":{"@type":"ImageObject","inLanguage":"en-US","@id":"https:\/\/tischlerei-lanser.at\/en\/#\/schema\/logo\/image\/","url":"https:\/\/tischlerei-lanser.at\/wp-content\/uploads\/Lanser_Logo_Jahreszahl.jpg","contentUrl":"https:\/\/tischlerei-lanser.at\/wp-content\/uploads\/Lanser_Logo_Jahreszahl.jpg","width":1920,"height":1015,"caption":"Tischlerei Lanser"},"image":{"@id":"https:\/\/tischlerei-lanser.at\/en\/#\/schema\/logo\/image\/"},"sameAs":["https:\/\/www.facebook.com\/TischlereiLanser\/","https:\/\/www.instagram.com\/tischlerei_lanser\/","https:\/\/www.linkedin.com\/company\/10006620"]}]}},"_links":{"self":[{"href":"https:\/\/tischlerei-lanser.at\/en\/wp-json\/wp\/v2\/pages\/1775"}],"collection":[{"href":"https:\/\/tischlerei-lanser.at\/en\/wp-json\/wp\/v2\/pages"}],"about":[{"href":"https:\/\/tischlerei-lanser.at\/en\/wp-json\/wp\/v2\/types\/page"}],"author":[{"embeddable":true,"href":"https:\/\/tischlerei-lanser.at\/en\/wp-json\/wp\/v2\/users\/2"}],"replies":[{"embeddable":true,"href":"https:\/\/tischlerei-lanser.at\/en\/wp-json\/wp\/v2\/comments?post=1775"}],"version-history":[{"count":6,"href":"https:\/\/tischlerei-lanser.at\/en\/wp-json\/wp\/v2\/pages\/1775\/revisions"}],"predecessor-version":[{"id":2886,"href":"https:\/\/tischlerei-lanser.at\/en\/wp-json\/wp\/v2\/pages\/1775\/revisions\/2886"}],"up":[{"embeddable":true,"href":"https:\/\/tischlerei-lanser.at\/en\/wp-json\/wp\/v2\/pages\/66"}],"wp:featuredmedia":[{"embeddable":true,"href":"https:\/\/tischlerei-lanser.at\/en\/wp-json\/wp\/v2\/media\/678"}],"wp:attachment":[{"href":"https:\/\/tischlerei-lanser.at\/en\/wp-json\/wp\/v2\/media?parent=1775"}],"curies":[{"name":"wp","href":"https:\/\/api.w.org\/{rel}","templated":true}]}}