{"id":1620,"date":"2020-06-25T17:08:07","date_gmt":"2020-06-25T15:08:07","guid":{"rendered":"https:\/\/tischlerei-lanser.at\/?page_id=1620"},"modified":"2023-12-12T16:02:20","modified_gmt":"2023-12-12T15:02:20","slug":"chalet-lercher","status":"publish","type":"page","link":"https:\/\/tischlerei-lanser.at\/en\/projekte\/schlafen\/chalet-lercher\/","title":{"rendered":"Schlafzimmer in S\u00fcdtirol"},"content":{"rendered":"","protected":false},"excerpt":{"rendered":"","protected":false},"author":2,"featured_media":1011,"parent":59,"menu_order":31,"comment_status":"closed","ping_status":"closed","template":"page-templates\/projekt.php","meta":{"_acf_changed":false,"inline_featured_image":false,"footnotes":""},"acf":[],"yoast_head":"<!-- This site is optimized with the Yoast SEO plugin v22.1 - https:\/\/yoast.com\/wordpress\/plugins\/seo\/ -->\n<title>Schlafzimmer in S\u00fcdtirol &#8211; Tischlerei Lanser Projekt Schlafzimmer in S\u00fcdtirol<\/title>\n<meta name=\"description\" content=\"Ein Schlafzimmer f\u00fcr Menschen die es gem\u00fctlich wollen. Gefertigt in Fichte Altholz mit handgefertigten Oberfl\u00e4chen soll dieses Planungskonzept das alpine Leben authentisch widerspiegeln. Denn hier \u00fcbernachten G\u00e4ste die einen hohen Anspruch an Komfort und Gem\u00fctlichkeit haben. Die Echtheit der verwendeten Materialien ist der wichtigste Bestandteil um ein solches Gef\u00fchl zu vermitteln. Aus diesem Grund finden nicht nur handgefertigte Oberfl\u00e4chen sondern auch handgeschmiedeten Leuchten ihren Platz.\" \/>\n<meta name=\"robots\" content=\"index, follow, max-snippet:-1, max-image-preview:large, max-video-preview:-1\" \/>\n<link rel=\"canonical\" href=\"https:\/\/tischlerei-lanser.at\/en\/projekte\/schlafen\/chalet-lercher\/\" \/>\n<meta property=\"og:locale\" content=\"en_US\" \/>\n<meta property=\"og:type\" content=\"article\" \/>\n<meta property=\"og:title\" content=\"Schlafzimmer in S\u00fcdtirol &#8211; Tischlerei Lanser Projekt Schlafzimmer in S\u00fcdtirol\" \/>\n<meta property=\"og:description\" content=\"Ein Schlafzimmer f\u00fcr Menschen die es gem\u00fctlich wollen. Gefertigt in Fichte Altholz mit handgefertigten Oberfl\u00e4chen soll dieses Planungskonzept das alpine Leben authentisch widerspiegeln. Denn hier \u00fcbernachten G\u00e4ste die einen hohen Anspruch an Komfort und Gem\u00fctlichkeit haben. Die Echtheit der verwendeten Materialien ist der wichtigste Bestandteil um ein solches Gef\u00fchl zu vermitteln. Aus diesem Grund finden nicht nur handgefertigte Oberfl\u00e4chen sondern auch handgeschmiedeten Leuchten ihren Platz.\" \/>\n<meta property=\"og:url\" content=\"https:\/\/tischlerei-lanser.at\/en\/projekte\/schlafen\/chalet-lercher\/\" \/>\n<meta property=\"og:site_name\" content=\"Tischlerei Lanser\" \/>\n<meta property=\"article:publisher\" content=\"https:\/\/www.facebook.com\/TischlereiLanser\/\" \/>\n<meta property=\"article:modified_time\" content=\"2023-12-12T15:02:20+00:00\" \/>\n<meta property=\"og:image\" content=\"https:\/\/tischlerei-lanser.at\/wp-content\/uploads\/180703_martinlugger_lanser_0024n.jpg\" \/>\n\t<meta property=\"og:image:width\" content=\"1920\" \/>\n\t<meta property=\"og:image:height\" content=\"1438\" \/>\n\t<meta property=\"og:image:type\" content=\"image\/jpeg\" \/>\n<meta name=\"twitter:card\" content=\"summary_large_image\" \/>\n<script type=\"application\/ld+json\" class=\"yoast-schema-graph\">{\"@context\":\"https:\/\/schema.org\",\"@graph\":[{\"@type\":\"WebPage\",\"@id\":\"https:\/\/tischlerei-lanser.at\/en\/projekte\/schlafen\/chalet-lercher\/\",\"url\":\"https:\/\/tischlerei-lanser.at\/en\/projekte\/schlafen\/chalet-lercher\/\",\"name\":\"Schlafzimmer in S\u00fcdtirol &#8211; Tischlerei Lanser Projekt Schlafzimmer in S\u00fcdtirol\",\"isPartOf\":{\"@id\":\"https:\/\/tischlerei-lanser.at\/en\/#website\"},\"datePublished\":\"2020-06-25T15:08:07+00:00\",\"dateModified\":\"2023-12-12T15:02:20+00:00\",\"description\":\"Ein Schlafzimmer f\u00fcr Menschen die es gem\u00fctlich wollen. Gefertigt in Fichte Altholz mit handgefertigten Oberfl\u00e4chen soll dieses Planungskonzept das alpine Leben authentisch widerspiegeln. Denn hier \u00fcbernachten G\u00e4ste die einen hohen Anspruch an Komfort und Gem\u00fctlichkeit haben. Die Echtheit der verwendeten Materialien ist der wichtigste Bestandteil um ein solches Gef\u00fchl zu vermitteln. Aus diesem Grund finden nicht nur handgefertigte Oberfl\u00e4chen sondern auch handgeschmiedeten Leuchten ihren Platz.\",\"breadcrumb\":{\"@id\":\"https:\/\/tischlerei-lanser.at\/en\/projekte\/schlafen\/chalet-lercher\/#breadcrumb\"},\"inLanguage\":\"en-US\",\"potentialAction\":[{\"@type\":\"ReadAction\",\"target\":[[\"https:\/\/tischlerei-lanser.at\/en\/projekte\/schlafen\/chalet-lercher\/\"]]}]},{\"@type\":\"BreadcrumbList\",\"@id\":\"https:\/\/tischlerei-lanser.at\/en\/projekte\/schlafen\/chalet-lercher\/#breadcrumb\",\"itemListElement\":[{\"@type\":\"ListItem\",\"position\":1,\"name\":\"Startseite\",\"item\":\"https:\/\/tischlerei-lanser.at\/en\/\"},{\"@type\":\"ListItem\",\"position\":2,\"name\":\"Projekte\",\"item\":\"https:\/\/tischlerei-lanser.at\/en\/projekte\/\"},{\"@type\":\"ListItem\",\"position\":3,\"name\":\"Schlafen\",\"item\":\"https:\/\/tischlerei-lanser.at\/en\/projekte\/schlafen\/\"},{\"@type\":\"ListItem\",\"position\":4,\"name\":\"Schlafzimmer in S\u00fcdtirol\"}]},{\"@type\":\"WebSite\",\"@id\":\"https:\/\/tischlerei-lanser.at\/en\/#website\",\"url\":\"https:\/\/tischlerei-lanser.at\/en\/\",\"name\":\"Tischlerei Lanser\",\"description\":\"Wo Natur erhalten wird.\",\"publisher\":{\"@id\":\"https:\/\/tischlerei-lanser.at\/en\/#organization\"},\"potentialAction\":[{\"@type\":\"SearchAction\",\"target\":{\"@type\":\"EntryPoint\",\"urlTemplate\":\"https:\/\/tischlerei-lanser.at\/en\/?s={search_term_string}\"},\"query-input\":\"required name=search_term_string\"}],\"inLanguage\":\"en-US\"},{\"@type\":\"Organization\",\"@id\":\"https:\/\/tischlerei-lanser.at\/en\/#organization\",\"name\":\"Tischlerei Lanser\",\"url\":\"https:\/\/tischlerei-lanser.at\/en\/\",\"logo\":{\"@type\":\"ImageObject\",\"inLanguage\":\"en-US\",\"@id\":\"https:\/\/tischlerei-lanser.at\/en\/#\/schema\/logo\/image\/\",\"url\":\"https:\/\/tischlerei-lanser.at\/wp-content\/uploads\/Lanser_Logo_Jahreszahl.jpg\",\"contentUrl\":\"https:\/\/tischlerei-lanser.at\/wp-content\/uploads\/Lanser_Logo_Jahreszahl.jpg\",\"width\":1920,\"height\":1015,\"caption\":\"Tischlerei Lanser\"},\"image\":{\"@id\":\"https:\/\/tischlerei-lanser.at\/en\/#\/schema\/logo\/image\/\"},\"sameAs\":[\"https:\/\/www.facebook.com\/TischlereiLanser\/\",\"https:\/\/www.instagram.com\/tischlerei_lanser\/\",\"https:\/\/www.linkedin.com\/company\/10006620\"]}]}<\/script>\n<!-- \/ Yoast SEO plugin. -->","yoast_head_json":{"title":"Schlafzimmer in S\u00fcdtirol &#8211; Tischlerei Lanser Projekt Schlafzimmer in S\u00fcdtirol","description":"Ein Schlafzimmer f\u00fcr Menschen die es gem\u00fctlich wollen. Gefertigt in Fichte Altholz mit handgefertigten Oberfl\u00e4chen soll dieses Planungskonzept das alpine Leben authentisch widerspiegeln. Denn hier \u00fcbernachten G\u00e4ste die einen hohen Anspruch an Komfort und Gem\u00fctlichkeit haben. Die Echtheit der verwendeten Materialien ist der wichtigste Bestandteil um ein solches Gef\u00fchl zu vermitteln. Aus diesem Grund finden nicht nur handgefertigte Oberfl\u00e4chen sondern auch handgeschmiedeten Leuchten ihren Platz.","robots":{"index":"index","follow":"follow","max-snippet":"max-snippet:-1","max-image-preview":"max-image-preview:large","max-video-preview":"max-video-preview:-1"},"canonical":"https:\/\/tischlerei-lanser.at\/en\/projekte\/schlafen\/chalet-lercher\/","og_locale":"en_US","og_type":"article","og_title":"Schlafzimmer in S\u00fcdtirol &#8211; Tischlerei Lanser Projekt Schlafzimmer in S\u00fcdtirol","og_description":"Ein Schlafzimmer f\u00fcr Menschen die es gem\u00fctlich wollen. Gefertigt in Fichte Altholz mit handgefertigten Oberfl\u00e4chen soll dieses Planungskonzept das alpine Leben authentisch widerspiegeln. Denn hier \u00fcbernachten G\u00e4ste die einen hohen Anspruch an Komfort und Gem\u00fctlichkeit haben. Die Echtheit der verwendeten Materialien ist der wichtigste Bestandteil um ein solches Gef\u00fchl zu vermitteln. Aus diesem Grund finden nicht nur handgefertigte Oberfl\u00e4chen sondern auch handgeschmiedeten Leuchten ihren Platz.","og_url":"https:\/\/tischlerei-lanser.at\/en\/projekte\/schlafen\/chalet-lercher\/","og_site_name":"Tischlerei Lanser","article_publisher":"https:\/\/www.facebook.com\/TischlereiLanser\/","article_modified_time":"2023-12-12T15:02:20+00:00","og_image":[{"width":1920,"height":1438,"url":"https:\/\/tischlerei-lanser.at\/wp-content\/uploads\/180703_martinlugger_lanser_0024n.jpg","type":"image\/jpeg"}],"twitter_card":"summary_large_image","schema":{"@context":"https:\/\/schema.org","@graph":[{"@type":"WebPage","@id":"https:\/\/tischlerei-lanser.at\/en\/projekte\/schlafen\/chalet-lercher\/","url":"https:\/\/tischlerei-lanser.at\/en\/projekte\/schlafen\/chalet-lercher\/","name":"Schlafzimmer in S\u00fcdtirol &#8211; Tischlerei Lanser Projekt Schlafzimmer in S\u00fcdtirol","isPartOf":{"@id":"https:\/\/tischlerei-lanser.at\/en\/#website"},"datePublished":"2020-06-25T15:08:07+00:00","dateModified":"2023-12-12T15:02:20+00:00","description":"Ein Schlafzimmer f\u00fcr Menschen die es gem\u00fctlich wollen. Gefertigt in Fichte Altholz mit handgefertigten Oberfl\u00e4chen soll dieses Planungskonzept das alpine Leben authentisch widerspiegeln. Denn hier \u00fcbernachten G\u00e4ste die einen hohen Anspruch an Komfort und Gem\u00fctlichkeit haben. Die Echtheit der verwendeten Materialien ist der wichtigste Bestandteil um ein solches Gef\u00fchl zu vermitteln. Aus diesem Grund finden nicht nur handgefertigte Oberfl\u00e4chen sondern auch handgeschmiedeten Leuchten ihren Platz.","breadcrumb":{"@id":"https:\/\/tischlerei-lanser.at\/en\/projekte\/schlafen\/chalet-lercher\/#breadcrumb"},"inLanguage":"en-US","potentialAction":[{"@type":"ReadAction","target":[["https:\/\/tischlerei-lanser.at\/en\/projekte\/schlafen\/chalet-lercher\/"]]}]},{"@type":"BreadcrumbList","@id":"https:\/\/tischlerei-lanser.at\/en\/projekte\/schlafen\/chalet-lercher\/#breadcrumb","itemListElement":[{"@type":"ListItem","position":1,"name":"Startseite","item":"https:\/\/tischlerei-lanser.at\/en\/"},{"@type":"ListItem","position":2,"name":"Projekte","item":"https:\/\/tischlerei-lanser.at\/en\/projekte\/"},{"@type":"ListItem","position":3,"name":"Schlafen","item":"https:\/\/tischlerei-lanser.at\/en\/projekte\/schlafen\/"},{"@type":"ListItem","position":4,"name":"Schlafzimmer in S\u00fcdtirol"}]},{"@type":"WebSite","@id":"https:\/\/tischlerei-lanser.at\/en\/#website","url":"https:\/\/tischlerei-lanser.at\/en\/","name":"Tischlerei Lanser","description":"Wo Natur erhalten wird.","publisher":{"@id":"https:\/\/tischlerei-lanser.at\/en\/#organization"},"potentialAction":[{"@type":"SearchAction","target":{"@type":"EntryPoint","urlTemplate":"https:\/\/tischlerei-lanser.at\/en\/?s={search_term_string}"},"query-input":"required name=search_term_string"}],"inLanguage":"en-US"},{"@type":"Organization","@id":"https:\/\/tischlerei-lanser.at\/en\/#organization","name":"Tischlerei Lanser","url":"https:\/\/tischlerei-lanser.at\/en\/","logo":{"@type":"ImageObject","inLanguage":"en-US","@id":"https:\/\/tischlerei-lanser.at\/en\/#\/schema\/logo\/image\/","url":"https:\/\/tischlerei-lanser.at\/wp-content\/uploads\/Lanser_Logo_Jahreszahl.jpg","contentUrl":"https:\/\/tischlerei-lanser.at\/wp-content\/uploads\/Lanser_Logo_Jahreszahl.jpg","width":1920,"height":1015,"caption":"Tischlerei Lanser"},"image":{"@id":"https:\/\/tischlerei-lanser.at\/en\/#\/schema\/logo\/image\/"},"sameAs":["https:\/\/www.facebook.com\/TischlereiLanser\/","https:\/\/www.instagram.com\/tischlerei_lanser\/","https:\/\/www.linkedin.com\/company\/10006620"]}]}},"_links":{"self":[{"href":"https:\/\/tischlerei-lanser.at\/en\/wp-json\/wp\/v2\/pages\/1620"}],"collection":[{"href":"https:\/\/tischlerei-lanser.at\/en\/wp-json\/wp\/v2\/pages"}],"about":[{"href":"https:\/\/tischlerei-lanser.at\/en\/wp-json\/wp\/v2\/types\/page"}],"author":[{"embeddable":true,"href":"https:\/\/tischlerei-lanser.at\/en\/wp-json\/wp\/v2\/users\/2"}],"replies":[{"embeddable":true,"href":"https:\/\/tischlerei-lanser.at\/en\/wp-json\/wp\/v2\/comments?post=1620"}],"version-history":[{"count":19,"href":"https:\/\/tischlerei-lanser.at\/en\/wp-json\/wp\/v2\/pages\/1620\/revisions"}],"predecessor-version":[{"id":5264,"href":"https:\/\/tischlerei-lanser.at\/en\/wp-json\/wp\/v2\/pages\/1620\/revisions\/5264"}],"up":[{"embeddable":true,"href":"https:\/\/tischlerei-lanser.at\/en\/wp-json\/wp\/v2\/pages\/59"}],"wp:featuredmedia":[{"embeddable":true,"href":"https:\/\/tischlerei-lanser.at\/en\/wp-json\/wp\/v2\/media\/1011"}],"wp:attachment":[{"href":"https:\/\/tischlerei-lanser.at\/en\/wp-json\/wp\/v2\/media?parent=1620"}],"curies":[{"name":"wp","href":"https:\/\/api.w.org\/{rel}","templated":true}]}}