{"id":15,"date":"2020-05-04T13:32:56","date_gmt":"2020-05-04T11:32:56","guid":{"rendered":"https:\/\/tischlerei-lanser.at\/?page_id=15"},"modified":"2023-09-22T16:03:44","modified_gmt":"2023-09-22T14:03:44","slug":"showroom-lienz","status":"publish","type":"page","link":"https:\/\/tischlerei-lanser.at\/en\/lanser\/showroom-lienz\/","title":{"rendered":"Showroom Lienz"},"content":{"rendered":"","protected":false},"excerpt":{"rendered":"","protected":false},"author":1,"featured_media":3135,"parent":21,"menu_order":10,"comment_status":"closed","ping_status":"closed","template":"page-templates\/showroom.php","meta":{"_acf_changed":false,"inline_featured_image":false,"footnotes":""},"acf":[],"yoast_head":"<!-- This site is optimized with the Yoast SEO plugin v22.1 - https:\/\/yoast.com\/wordpress\/plugins\/seo\/ -->\n<title>Showroom Lienz &#8211; Tischlerei Lanser Showroom am Egger-Lienz-Platz<\/title>\n<meta name=\"description\" content=\"Unser Showroom liegt im Herzen von Lienz, am Egger-Lienz-Platz 6 . Auf 260 m2 steht das Naturprodukt Holz im Vordergrund, welches wir mit viel Liebe zum Detail in bestehende und neue Projekte einplanen und zus\u00e4tzlich durch einzigartige Materialien erg\u00e4nzen. Es entsteht ein alpiner Wohnstil, welcher sich durch die Einzigartigkeit von Handwerk, Tradition und Design auszeichnet. Im Tischlerei Lanser Showroom in Lienz findet sich in einem separaten Bereich der H\u00e4stens Bed Store wieder, welcher im Jahr 2018 er\u00f6ffnete. Als H\u00e4stens Bed Store in Tirol bieten wir den Kunden ein angenehmes Probe liegen auf allen H\u00e4stens Bettmodellen in einer ruhigen Atmosph\u00e4re.\" \/>\n<meta name=\"robots\" content=\"index, follow, max-snippet:-1, max-image-preview:large, max-video-preview:-1\" \/>\n<link rel=\"canonical\" href=\"https:\/\/tischlerei-lanser.at\/en\/lanser\/showroom-lienz\/\" \/>\n<meta property=\"og:locale\" content=\"en_US\" \/>\n<meta property=\"og:type\" content=\"article\" \/>\n<meta property=\"og:title\" content=\"Showroom Lienz &#8211; Tischlerei Lanser Showroom am Egger-Lienz-Platz\" \/>\n<meta property=\"og:description\" content=\"Unser Showroom liegt im Herzen von Lienz, am Egger-Lienz-Platz 6 . Auf 260 m2 steht das Naturprodukt Holz im Vordergrund, welches wir mit viel Liebe zum Detail in bestehende und neue Projekte einplanen und zus\u00e4tzlich durch einzigartige Materialien erg\u00e4nzen. Es entsteht ein alpiner Wohnstil, welcher sich durch die Einzigartigkeit von Handwerk, Tradition und Design auszeichnet. Im Tischlerei Lanser Showroom in Lienz findet sich in einem separaten Bereich der H\u00e4stens Bed Store wieder, welcher im Jahr 2018 er\u00f6ffnete. Als H\u00e4stens Bed Store in Tirol bieten wir den Kunden ein angenehmes Probe liegen auf allen H\u00e4stens Bettmodellen in einer ruhigen Atmosph\u00e4re.\" \/>\n<meta property=\"og:url\" content=\"https:\/\/tischlerei-lanser.at\/en\/lanser\/showroom-lienz\/\" \/>\n<meta property=\"og:site_name\" content=\"Tischlerei Lanser\" \/>\n<meta property=\"article:publisher\" content=\"https:\/\/www.facebook.com\/TischlereiLanser\/\" \/>\n<meta property=\"article:modified_time\" content=\"2023-09-22T14:03:44+00:00\" \/>\n<meta property=\"og:image\" content=\"https:\/\/tischlerei-lanser.at\/wp-content\/uploads\/Showroom-Lanser-Lienz.jpg\" \/>\n\t<meta property=\"og:image:width\" content=\"1920\" \/>\n\t<meta property=\"og:image:height\" content=\"1279\" \/>\n\t<meta property=\"og:image:type\" content=\"image\/jpeg\" \/>\n<meta name=\"twitter:card\" content=\"summary_large_image\" \/>\n<script type=\"application\/ld+json\" class=\"yoast-schema-graph\">{\"@context\":\"https:\/\/schema.org\",\"@graph\":[{\"@type\":\"WebPage\",\"@id\":\"https:\/\/tischlerei-lanser.at\/en\/lanser\/showroom-lienz\/\",\"url\":\"https:\/\/tischlerei-lanser.at\/en\/lanser\/showroom-lienz\/\",\"name\":\"Showroom Lienz &#8211; Tischlerei Lanser Showroom am Egger-Lienz-Platz\",\"isPartOf\":{\"@id\":\"https:\/\/tischlerei-lanser.at\/en\/#website\"},\"datePublished\":\"2020-05-04T11:32:56+00:00\",\"dateModified\":\"2023-09-22T14:03:44+00:00\",\"description\":\"Unser Showroom liegt im Herzen von Lienz, am Egger-Lienz-Platz 6 . Auf 260 m2 steht das Naturprodukt Holz im Vordergrund, welches wir mit viel Liebe zum Detail in bestehende und neue Projekte einplanen und zus\u00e4tzlich durch einzigartige Materialien erg\u00e4nzen. Es entsteht ein alpiner Wohnstil, welcher sich durch die Einzigartigkeit von Handwerk, Tradition und Design auszeichnet. Im Tischlerei Lanser Showroom in Lienz findet sich in einem separaten Bereich der H\u00e4stens Bed Store wieder, welcher im Jahr 2018 er\u00f6ffnete. Als H\u00e4stens Bed Store in Tirol bieten wir den Kunden ein angenehmes Probe liegen auf allen H\u00e4stens Bettmodellen in einer ruhigen Atmosph\u00e4re.\",\"breadcrumb\":{\"@id\":\"https:\/\/tischlerei-lanser.at\/en\/lanser\/showroom-lienz\/#breadcrumb\"},\"inLanguage\":\"en-US\",\"potentialAction\":[{\"@type\":\"ReadAction\",\"target\":[[\"https:\/\/tischlerei-lanser.at\/en\/lanser\/showroom-lienz\/\"]]}]},{\"@type\":\"BreadcrumbList\",\"@id\":\"https:\/\/tischlerei-lanser.at\/en\/lanser\/showroom-lienz\/#breadcrumb\",\"itemListElement\":[{\"@type\":\"ListItem\",\"position\":1,\"name\":\"Startseite\",\"item\":\"https:\/\/tischlerei-lanser.at\/en\/\"},{\"@type\":\"ListItem\",\"position\":2,\"name\":\"Lanser\",\"item\":\"https:\/\/tischlerei-lanser.at\/en\/lanser\/\"},{\"@type\":\"ListItem\",\"position\":3,\"name\":\"Showroom Lienz\"}]},{\"@type\":\"WebSite\",\"@id\":\"https:\/\/tischlerei-lanser.at\/en\/#website\",\"url\":\"https:\/\/tischlerei-lanser.at\/en\/\",\"name\":\"Tischlerei Lanser\",\"description\":\"Wo Natur erhalten wird.\",\"publisher\":{\"@id\":\"https:\/\/tischlerei-lanser.at\/en\/#organization\"},\"potentialAction\":[{\"@type\":\"SearchAction\",\"target\":{\"@type\":\"EntryPoint\",\"urlTemplate\":\"https:\/\/tischlerei-lanser.at\/en\/?s={search_term_string}\"},\"query-input\":\"required name=search_term_string\"}],\"inLanguage\":\"en-US\"},{\"@type\":\"Organization\",\"@id\":\"https:\/\/tischlerei-lanser.at\/en\/#organization\",\"name\":\"Tischlerei Lanser\",\"url\":\"https:\/\/tischlerei-lanser.at\/en\/\",\"logo\":{\"@type\":\"ImageObject\",\"inLanguage\":\"en-US\",\"@id\":\"https:\/\/tischlerei-lanser.at\/en\/#\/schema\/logo\/image\/\",\"url\":\"https:\/\/tischlerei-lanser.at\/wp-content\/uploads\/Lanser_Logo_Jahreszahl.jpg\",\"contentUrl\":\"https:\/\/tischlerei-lanser.at\/wp-content\/uploads\/Lanser_Logo_Jahreszahl.jpg\",\"width\":1920,\"height\":1015,\"caption\":\"Tischlerei Lanser\"},\"image\":{\"@id\":\"https:\/\/tischlerei-lanser.at\/en\/#\/schema\/logo\/image\/\"},\"sameAs\":[\"https:\/\/www.facebook.com\/TischlereiLanser\/\",\"https:\/\/www.instagram.com\/tischlerei_lanser\/\",\"https:\/\/www.linkedin.com\/company\/10006620\"]}]}<\/script>\n<!-- \/ Yoast SEO plugin. -->","yoast_head_json":{"title":"Showroom Lienz &#8211; Tischlerei Lanser Showroom am Egger-Lienz-Platz","description":"Unser Showroom liegt im Herzen von Lienz, am Egger-Lienz-Platz 6 . Auf 260 m2 steht das Naturprodukt Holz im Vordergrund, welches wir mit viel Liebe zum Detail in bestehende und neue Projekte einplanen und zus\u00e4tzlich durch einzigartige Materialien erg\u00e4nzen. Es entsteht ein alpiner Wohnstil, welcher sich durch die Einzigartigkeit von Handwerk, Tradition und Design auszeichnet. Im Tischlerei Lanser Showroom in Lienz findet sich in einem separaten Bereich der H\u00e4stens Bed Store wieder, welcher im Jahr 2018 er\u00f6ffnete. Als H\u00e4stens Bed Store in Tirol bieten wir den Kunden ein angenehmes Probe liegen auf allen H\u00e4stens Bettmodellen in einer ruhigen Atmosph\u00e4re.","robots":{"index":"index","follow":"follow","max-snippet":"max-snippet:-1","max-image-preview":"max-image-preview:large","max-video-preview":"max-video-preview:-1"},"canonical":"https:\/\/tischlerei-lanser.at\/en\/lanser\/showroom-lienz\/","og_locale":"en_US","og_type":"article","og_title":"Showroom Lienz &#8211; Tischlerei Lanser Showroom am Egger-Lienz-Platz","og_description":"Unser Showroom liegt im Herzen von Lienz, am Egger-Lienz-Platz 6 . Auf 260 m2 steht das Naturprodukt Holz im Vordergrund, welches wir mit viel Liebe zum Detail in bestehende und neue Projekte einplanen und zus\u00e4tzlich durch einzigartige Materialien erg\u00e4nzen. Es entsteht ein alpiner Wohnstil, welcher sich durch die Einzigartigkeit von Handwerk, Tradition und Design auszeichnet. Im Tischlerei Lanser Showroom in Lienz findet sich in einem separaten Bereich der H\u00e4stens Bed Store wieder, welcher im Jahr 2018 er\u00f6ffnete. Als H\u00e4stens Bed Store in Tirol bieten wir den Kunden ein angenehmes Probe liegen auf allen H\u00e4stens Bettmodellen in einer ruhigen Atmosph\u00e4re.","og_url":"https:\/\/tischlerei-lanser.at\/en\/lanser\/showroom-lienz\/","og_site_name":"Tischlerei Lanser","article_publisher":"https:\/\/www.facebook.com\/TischlereiLanser\/","article_modified_time":"2023-09-22T14:03:44+00:00","og_image":[{"width":1920,"height":1279,"url":"https:\/\/tischlerei-lanser.at\/wp-content\/uploads\/Showroom-Lanser-Lienz.jpg","type":"image\/jpeg"}],"twitter_card":"summary_large_image","schema":{"@context":"https:\/\/schema.org","@graph":[{"@type":"WebPage","@id":"https:\/\/tischlerei-lanser.at\/en\/lanser\/showroom-lienz\/","url":"https:\/\/tischlerei-lanser.at\/en\/lanser\/showroom-lienz\/","name":"Showroom Lienz &#8211; Tischlerei Lanser Showroom am Egger-Lienz-Platz","isPartOf":{"@id":"https:\/\/tischlerei-lanser.at\/en\/#website"},"datePublished":"2020-05-04T11:32:56+00:00","dateModified":"2023-09-22T14:03:44+00:00","description":"Unser Showroom liegt im Herzen von Lienz, am Egger-Lienz-Platz 6 . Auf 260 m2 steht das Naturprodukt Holz im Vordergrund, welches wir mit viel Liebe zum Detail in bestehende und neue Projekte einplanen und zus\u00e4tzlich durch einzigartige Materialien erg\u00e4nzen. Es entsteht ein alpiner Wohnstil, welcher sich durch die Einzigartigkeit von Handwerk, Tradition und Design auszeichnet. Im Tischlerei Lanser Showroom in Lienz findet sich in einem separaten Bereich der H\u00e4stens Bed Store wieder, welcher im Jahr 2018 er\u00f6ffnete. Als H\u00e4stens Bed Store in Tirol bieten wir den Kunden ein angenehmes Probe liegen auf allen H\u00e4stens Bettmodellen in einer ruhigen Atmosph\u00e4re.","breadcrumb":{"@id":"https:\/\/tischlerei-lanser.at\/en\/lanser\/showroom-lienz\/#breadcrumb"},"inLanguage":"en-US","potentialAction":[{"@type":"ReadAction","target":[["https:\/\/tischlerei-lanser.at\/en\/lanser\/showroom-lienz\/"]]}]},{"@type":"BreadcrumbList","@id":"https:\/\/tischlerei-lanser.at\/en\/lanser\/showroom-lienz\/#breadcrumb","itemListElement":[{"@type":"ListItem","position":1,"name":"Startseite","item":"https:\/\/tischlerei-lanser.at\/en\/"},{"@type":"ListItem","position":2,"name":"Lanser","item":"https:\/\/tischlerei-lanser.at\/en\/lanser\/"},{"@type":"ListItem","position":3,"name":"Showroom Lienz"}]},{"@type":"WebSite","@id":"https:\/\/tischlerei-lanser.at\/en\/#website","url":"https:\/\/tischlerei-lanser.at\/en\/","name":"Tischlerei Lanser","description":"Wo Natur erhalten wird.","publisher":{"@id":"https:\/\/tischlerei-lanser.at\/en\/#organization"},"potentialAction":[{"@type":"SearchAction","target":{"@type":"EntryPoint","urlTemplate":"https:\/\/tischlerei-lanser.at\/en\/?s={search_term_string}"},"query-input":"required name=search_term_string"}],"inLanguage":"en-US"},{"@type":"Organization","@id":"https:\/\/tischlerei-lanser.at\/en\/#organization","name":"Tischlerei Lanser","url":"https:\/\/tischlerei-lanser.at\/en\/","logo":{"@type":"ImageObject","inLanguage":"en-US","@id":"https:\/\/tischlerei-lanser.at\/en\/#\/schema\/logo\/image\/","url":"https:\/\/tischlerei-lanser.at\/wp-content\/uploads\/Lanser_Logo_Jahreszahl.jpg","contentUrl":"https:\/\/tischlerei-lanser.at\/wp-content\/uploads\/Lanser_Logo_Jahreszahl.jpg","width":1920,"height":1015,"caption":"Tischlerei Lanser"},"image":{"@id":"https:\/\/tischlerei-lanser.at\/en\/#\/schema\/logo\/image\/"},"sameAs":["https:\/\/www.facebook.com\/TischlereiLanser\/","https:\/\/www.instagram.com\/tischlerei_lanser\/","https:\/\/www.linkedin.com\/company\/10006620"]}]}},"_links":{"self":[{"href":"https:\/\/tischlerei-lanser.at\/en\/wp-json\/wp\/v2\/pages\/15"}],"collection":[{"href":"https:\/\/tischlerei-lanser.at\/en\/wp-json\/wp\/v2\/pages"}],"about":[{"href":"https:\/\/tischlerei-lanser.at\/en\/wp-json\/wp\/v2\/types\/page"}],"author":[{"embeddable":true,"href":"https:\/\/tischlerei-lanser.at\/en\/wp-json\/wp\/v2\/users\/1"}],"replies":[{"embeddable":true,"href":"https:\/\/tischlerei-lanser.at\/en\/wp-json\/wp\/v2\/comments?post=15"}],"version-history":[{"count":63,"href":"https:\/\/tischlerei-lanser.at\/en\/wp-json\/wp\/v2\/pages\/15\/revisions"}],"predecessor-version":[{"id":5168,"href":"https:\/\/tischlerei-lanser.at\/en\/wp-json\/wp\/v2\/pages\/15\/revisions\/5168"}],"up":[{"embeddable":true,"href":"https:\/\/tischlerei-lanser.at\/en\/wp-json\/wp\/v2\/pages\/21"}],"wp:featuredmedia":[{"embeddable":true,"href":"https:\/\/tischlerei-lanser.at\/en\/wp-json\/wp\/v2\/media\/3135"}],"wp:attachment":[{"href":"https:\/\/tischlerei-lanser.at\/en\/wp-json\/wp\/v2\/media?parent=15"}],"curies":[{"name":"wp","href":"https:\/\/api.w.org\/{rel}","templated":true}]}}