{"id":1318,"date":"2020-06-15T14:47:02","date_gmt":"2020-06-15T12:47:02","guid":{"rendered":"https:\/\/tischlerei-lanser.at\/?page_id=1318"},"modified":"2021-04-16T10:59:40","modified_gmt":"2021-04-16T08:59:40","slug":"haus-d-kitzbuehel","status":"publish","type":"page","link":"https:\/\/tischlerei-lanser.at\/en\/projekte\/wohnzimmer\/haus-d-kitzbuehel\/","title":{"rendered":"Wohnhaus in Kitzb\u00fchel"},"content":{"rendered":"","protected":false},"excerpt":{"rendered":"","protected":false},"author":2,"featured_media":1539,"parent":54,"menu_order":18,"comment_status":"closed","ping_status":"closed","template":"page-templates\/projekt.php","meta":{"_acf_changed":false,"inline_featured_image":false,"footnotes":""},"acf":[],"yoast_head":"<!-- This site is optimized with the Yoast SEO plugin v22.1 - https:\/\/yoast.com\/wordpress\/plugins\/seo\/ -->\n<title>Wohnhaus in Kitzb\u00fchel &#8211; Tischlerei Lanser Projekt in Kitzb\u00fchel<\/title>\n<meta name=\"description\" content=\"Dieses Projekt im Raum Kitzb\u00fchel spiegelt den alpinen Wohnstil perfekt wieder. Altholz in seiner urspr\u00fcnglichsten Form ist der Hauptbestandteil dieses Wohnhauses. Originale sowie von Hand geschrobbte Oberfl\u00e4chen unterstreichen die Nat\u00fcrlichkeit des Naturproduktes Holz. Ein besonderer Bereich im Haus ist die originale Stube, welche als Arbeitszimmer und Bibliothek genutzt wird. Mit viel Sorgfalt, Fachwissen und Liebe zu Details wurde diese von unseren Tischlern in diesem sch\u00f6nen Projekt in Kitzb\u00fchel integriert.\" \/>\n<meta name=\"robots\" content=\"index, follow, max-snippet:-1, max-image-preview:large, max-video-preview:-1\" \/>\n<link rel=\"canonical\" href=\"https:\/\/tischlerei-lanser.at\/en\/projekte\/wohnzimmer\/haus-d-kitzbuehel\/\" \/>\n<meta property=\"og:locale\" content=\"en_US\" \/>\n<meta property=\"og:type\" content=\"article\" \/>\n<meta property=\"og:title\" content=\"Wohnhaus in Kitzb\u00fchel &#8211; Tischlerei Lanser Projekt in Kitzb\u00fchel\" \/>\n<meta property=\"og:description\" content=\"Dieses Projekt im Raum Kitzb\u00fchel spiegelt den alpinen Wohnstil perfekt wieder. Altholz in seiner urspr\u00fcnglichsten Form ist der Hauptbestandteil dieses Wohnhauses. Originale sowie von Hand geschrobbte Oberfl\u00e4chen unterstreichen die Nat\u00fcrlichkeit des Naturproduktes Holz. Ein besonderer Bereich im Haus ist die originale Stube, welche als Arbeitszimmer und Bibliothek genutzt wird. Mit viel Sorgfalt, Fachwissen und Liebe zu Details wurde diese von unseren Tischlern in diesem sch\u00f6nen Projekt in Kitzb\u00fchel integriert.\" \/>\n<meta property=\"og:url\" content=\"https:\/\/tischlerei-lanser.at\/en\/projekte\/wohnzimmer\/haus-d-kitzbuehel\/\" \/>\n<meta property=\"og:site_name\" content=\"Tischlerei Lanser\" \/>\n<meta property=\"article:publisher\" content=\"https:\/\/www.facebook.com\/TischlereiLanser\/\" \/>\n<meta property=\"article:modified_time\" content=\"2021-04-16T08:59:40+00:00\" \/>\n<meta property=\"og:image\" content=\"https:\/\/tischlerei-lanser.at\/wp-content\/uploads\/Aschaber_2008_02_17-2.jpg\" \/>\n\t<meta property=\"og:image:width\" content=\"1920\" \/>\n\t<meta property=\"og:image:height\" content=\"1345\" \/>\n\t<meta property=\"og:image:type\" content=\"image\/jpeg\" \/>\n<meta name=\"twitter:card\" content=\"summary_large_image\" \/>\n<script type=\"application\/ld+json\" class=\"yoast-schema-graph\">{\"@context\":\"https:\/\/schema.org\",\"@graph\":[{\"@type\":\"WebPage\",\"@id\":\"https:\/\/tischlerei-lanser.at\/en\/projekte\/wohnzimmer\/haus-d-kitzbuehel\/\",\"url\":\"https:\/\/tischlerei-lanser.at\/en\/projekte\/wohnzimmer\/haus-d-kitzbuehel\/\",\"name\":\"Wohnhaus in Kitzb\u00fchel &#8211; Tischlerei Lanser Projekt in Kitzb\u00fchel\",\"isPartOf\":{\"@id\":\"https:\/\/tischlerei-lanser.at\/en\/#website\"},\"datePublished\":\"2020-06-15T12:47:02+00:00\",\"dateModified\":\"2021-04-16T08:59:40+00:00\",\"description\":\"Dieses Projekt im Raum Kitzb\u00fchel spiegelt den alpinen Wohnstil perfekt wieder. Altholz in seiner urspr\u00fcnglichsten Form ist der Hauptbestandteil dieses Wohnhauses. Originale sowie von Hand geschrobbte Oberfl\u00e4chen unterstreichen die Nat\u00fcrlichkeit des Naturproduktes Holz. Ein besonderer Bereich im Haus ist die originale Stube, welche als Arbeitszimmer und Bibliothek genutzt wird. Mit viel Sorgfalt, Fachwissen und Liebe zu Details wurde diese von unseren Tischlern in diesem sch\u00f6nen Projekt in Kitzb\u00fchel integriert.\",\"breadcrumb\":{\"@id\":\"https:\/\/tischlerei-lanser.at\/en\/projekte\/wohnzimmer\/haus-d-kitzbuehel\/#breadcrumb\"},\"inLanguage\":\"en-US\",\"potentialAction\":[{\"@type\":\"ReadAction\",\"target\":[[\"https:\/\/tischlerei-lanser.at\/en\/projekte\/wohnzimmer\/haus-d-kitzbuehel\/\"]]}]},{\"@type\":\"BreadcrumbList\",\"@id\":\"https:\/\/tischlerei-lanser.at\/en\/projekte\/wohnzimmer\/haus-d-kitzbuehel\/#breadcrumb\",\"itemListElement\":[{\"@type\":\"ListItem\",\"position\":1,\"name\":\"Startseite\",\"item\":\"https:\/\/tischlerei-lanser.at\/en\/\"},{\"@type\":\"ListItem\",\"position\":2,\"name\":\"Projekte\",\"item\":\"https:\/\/tischlerei-lanser.at\/en\/projekte\/\"},{\"@type\":\"ListItem\",\"position\":3,\"name\":\"Wohnen\",\"item\":\"https:\/\/tischlerei-lanser.at\/en\/projekte\/wohnzimmer\/\"},{\"@type\":\"ListItem\",\"position\":4,\"name\":\"Wohnhaus in Kitzb\u00fchel\"}]},{\"@type\":\"WebSite\",\"@id\":\"https:\/\/tischlerei-lanser.at\/en\/#website\",\"url\":\"https:\/\/tischlerei-lanser.at\/en\/\",\"name\":\"Tischlerei Lanser\",\"description\":\"Wo Natur erhalten wird.\",\"publisher\":{\"@id\":\"https:\/\/tischlerei-lanser.at\/en\/#organization\"},\"potentialAction\":[{\"@type\":\"SearchAction\",\"target\":{\"@type\":\"EntryPoint\",\"urlTemplate\":\"https:\/\/tischlerei-lanser.at\/en\/?s={search_term_string}\"},\"query-input\":\"required name=search_term_string\"}],\"inLanguage\":\"en-US\"},{\"@type\":\"Organization\",\"@id\":\"https:\/\/tischlerei-lanser.at\/en\/#organization\",\"name\":\"Tischlerei Lanser\",\"url\":\"https:\/\/tischlerei-lanser.at\/en\/\",\"logo\":{\"@type\":\"ImageObject\",\"inLanguage\":\"en-US\",\"@id\":\"https:\/\/tischlerei-lanser.at\/en\/#\/schema\/logo\/image\/\",\"url\":\"https:\/\/tischlerei-lanser.at\/wp-content\/uploads\/Lanser_Logo_Jahreszahl.jpg\",\"contentUrl\":\"https:\/\/tischlerei-lanser.at\/wp-content\/uploads\/Lanser_Logo_Jahreszahl.jpg\",\"width\":1920,\"height\":1015,\"caption\":\"Tischlerei Lanser\"},\"image\":{\"@id\":\"https:\/\/tischlerei-lanser.at\/en\/#\/schema\/logo\/image\/\"},\"sameAs\":[\"https:\/\/www.facebook.com\/TischlereiLanser\/\",\"https:\/\/www.instagram.com\/tischlerei_lanser\/\",\"https:\/\/www.linkedin.com\/company\/10006620\"]}]}<\/script>\n<!-- \/ Yoast SEO plugin. -->","yoast_head_json":{"title":"Wohnhaus in Kitzb\u00fchel &#8211; Tischlerei Lanser Projekt in Kitzb\u00fchel","description":"Dieses Projekt im Raum Kitzb\u00fchel spiegelt den alpinen Wohnstil perfekt wieder. Altholz in seiner urspr\u00fcnglichsten Form ist der Hauptbestandteil dieses Wohnhauses. Originale sowie von Hand geschrobbte Oberfl\u00e4chen unterstreichen die Nat\u00fcrlichkeit des Naturproduktes Holz. Ein besonderer Bereich im Haus ist die originale Stube, welche als Arbeitszimmer und Bibliothek genutzt wird. Mit viel Sorgfalt, Fachwissen und Liebe zu Details wurde diese von unseren Tischlern in diesem sch\u00f6nen Projekt in Kitzb\u00fchel integriert.","robots":{"index":"index","follow":"follow","max-snippet":"max-snippet:-1","max-image-preview":"max-image-preview:large","max-video-preview":"max-video-preview:-1"},"canonical":"https:\/\/tischlerei-lanser.at\/en\/projekte\/wohnzimmer\/haus-d-kitzbuehel\/","og_locale":"en_US","og_type":"article","og_title":"Wohnhaus in Kitzb\u00fchel &#8211; Tischlerei Lanser Projekt in Kitzb\u00fchel","og_description":"Dieses Projekt im Raum Kitzb\u00fchel spiegelt den alpinen Wohnstil perfekt wieder. Altholz in seiner urspr\u00fcnglichsten Form ist der Hauptbestandteil dieses Wohnhauses. Originale sowie von Hand geschrobbte Oberfl\u00e4chen unterstreichen die Nat\u00fcrlichkeit des Naturproduktes Holz. Ein besonderer Bereich im Haus ist die originale Stube, welche als Arbeitszimmer und Bibliothek genutzt wird. Mit viel Sorgfalt, Fachwissen und Liebe zu Details wurde diese von unseren Tischlern in diesem sch\u00f6nen Projekt in Kitzb\u00fchel integriert.","og_url":"https:\/\/tischlerei-lanser.at\/en\/projekte\/wohnzimmer\/haus-d-kitzbuehel\/","og_site_name":"Tischlerei Lanser","article_publisher":"https:\/\/www.facebook.com\/TischlereiLanser\/","article_modified_time":"2021-04-16T08:59:40+00:00","og_image":[{"width":1920,"height":1345,"url":"https:\/\/tischlerei-lanser.at\/wp-content\/uploads\/Aschaber_2008_02_17-2.jpg","type":"image\/jpeg"}],"twitter_card":"summary_large_image","schema":{"@context":"https:\/\/schema.org","@graph":[{"@type":"WebPage","@id":"https:\/\/tischlerei-lanser.at\/en\/projekte\/wohnzimmer\/haus-d-kitzbuehel\/","url":"https:\/\/tischlerei-lanser.at\/en\/projekte\/wohnzimmer\/haus-d-kitzbuehel\/","name":"Wohnhaus in Kitzb\u00fchel &#8211; Tischlerei Lanser Projekt in Kitzb\u00fchel","isPartOf":{"@id":"https:\/\/tischlerei-lanser.at\/en\/#website"},"datePublished":"2020-06-15T12:47:02+00:00","dateModified":"2021-04-16T08:59:40+00:00","description":"Dieses Projekt im Raum Kitzb\u00fchel spiegelt den alpinen Wohnstil perfekt wieder. Altholz in seiner urspr\u00fcnglichsten Form ist der Hauptbestandteil dieses Wohnhauses. Originale sowie von Hand geschrobbte Oberfl\u00e4chen unterstreichen die Nat\u00fcrlichkeit des Naturproduktes Holz. Ein besonderer Bereich im Haus ist die originale Stube, welche als Arbeitszimmer und Bibliothek genutzt wird. Mit viel Sorgfalt, Fachwissen und Liebe zu Details wurde diese von unseren Tischlern in diesem sch\u00f6nen Projekt in Kitzb\u00fchel integriert.","breadcrumb":{"@id":"https:\/\/tischlerei-lanser.at\/en\/projekte\/wohnzimmer\/haus-d-kitzbuehel\/#breadcrumb"},"inLanguage":"en-US","potentialAction":[{"@type":"ReadAction","target":[["https:\/\/tischlerei-lanser.at\/en\/projekte\/wohnzimmer\/haus-d-kitzbuehel\/"]]}]},{"@type":"BreadcrumbList","@id":"https:\/\/tischlerei-lanser.at\/en\/projekte\/wohnzimmer\/haus-d-kitzbuehel\/#breadcrumb","itemListElement":[{"@type":"ListItem","position":1,"name":"Startseite","item":"https:\/\/tischlerei-lanser.at\/en\/"},{"@type":"ListItem","position":2,"name":"Projekte","item":"https:\/\/tischlerei-lanser.at\/en\/projekte\/"},{"@type":"ListItem","position":3,"name":"Wohnen","item":"https:\/\/tischlerei-lanser.at\/en\/projekte\/wohnzimmer\/"},{"@type":"ListItem","position":4,"name":"Wohnhaus in Kitzb\u00fchel"}]},{"@type":"WebSite","@id":"https:\/\/tischlerei-lanser.at\/en\/#website","url":"https:\/\/tischlerei-lanser.at\/en\/","name":"Tischlerei Lanser","description":"Wo Natur erhalten wird.","publisher":{"@id":"https:\/\/tischlerei-lanser.at\/en\/#organization"},"potentialAction":[{"@type":"SearchAction","target":{"@type":"EntryPoint","urlTemplate":"https:\/\/tischlerei-lanser.at\/en\/?s={search_term_string}"},"query-input":"required name=search_term_string"}],"inLanguage":"en-US"},{"@type":"Organization","@id":"https:\/\/tischlerei-lanser.at\/en\/#organization","name":"Tischlerei Lanser","url":"https:\/\/tischlerei-lanser.at\/en\/","logo":{"@type":"ImageObject","inLanguage":"en-US","@id":"https:\/\/tischlerei-lanser.at\/en\/#\/schema\/logo\/image\/","url":"https:\/\/tischlerei-lanser.at\/wp-content\/uploads\/Lanser_Logo_Jahreszahl.jpg","contentUrl":"https:\/\/tischlerei-lanser.at\/wp-content\/uploads\/Lanser_Logo_Jahreszahl.jpg","width":1920,"height":1015,"caption":"Tischlerei Lanser"},"image":{"@id":"https:\/\/tischlerei-lanser.at\/en\/#\/schema\/logo\/image\/"},"sameAs":["https:\/\/www.facebook.com\/TischlereiLanser\/","https:\/\/www.instagram.com\/tischlerei_lanser\/","https:\/\/www.linkedin.com\/company\/10006620"]}]}},"_links":{"self":[{"href":"https:\/\/tischlerei-lanser.at\/en\/wp-json\/wp\/v2\/pages\/1318"}],"collection":[{"href":"https:\/\/tischlerei-lanser.at\/en\/wp-json\/wp\/v2\/pages"}],"about":[{"href":"https:\/\/tischlerei-lanser.at\/en\/wp-json\/wp\/v2\/types\/page"}],"author":[{"embeddable":true,"href":"https:\/\/tischlerei-lanser.at\/en\/wp-json\/wp\/v2\/users\/2"}],"replies":[{"embeddable":true,"href":"https:\/\/tischlerei-lanser.at\/en\/wp-json\/wp\/v2\/comments?post=1318"}],"version-history":[{"count":19,"href":"https:\/\/tischlerei-lanser.at\/en\/wp-json\/wp\/v2\/pages\/1318\/revisions"}],"predecessor-version":[{"id":2806,"href":"https:\/\/tischlerei-lanser.at\/en\/wp-json\/wp\/v2\/pages\/1318\/revisions\/2806"}],"up":[{"embeddable":true,"href":"https:\/\/tischlerei-lanser.at\/en\/wp-json\/wp\/v2\/pages\/54"}],"wp:featuredmedia":[{"embeddable":true,"href":"https:\/\/tischlerei-lanser.at\/en\/wp-json\/wp\/v2\/media\/1539"}],"wp:attachment":[{"href":"https:\/\/tischlerei-lanser.at\/en\/wp-json\/wp\/v2\/media?parent=1318"}],"curies":[{"name":"wp","href":"https:\/\/api.w.org\/{rel}","templated":true}]}}