{"id":1308,"date":"2020-06-15T14:35:13","date_gmt":"2020-06-15T12:35:13","guid":{"rendered":"https:\/\/tischlerei-lanser.at\/?page_id=1308"},"modified":"2021-06-14T16:38:10","modified_gmt":"2021-06-14T14:38:10","slug":"projekt-s-suedtirol","status":"publish","type":"page","link":"https:\/\/tischlerei-lanser.at\/en\/projekte\/wohnzimmer\/projekt-s-suedtirol\/","title":{"rendered":"Chalet-Wohnung in S\u00fcdtirol"},"content":{"rendered":"","protected":false},"excerpt":{"rendered":"","protected":false},"author":2,"featured_media":632,"parent":54,"menu_order":17,"comment_status":"closed","ping_status":"closed","template":"page-templates\/projekt.php","meta":{"_acf_changed":false,"inline_featured_image":false,"footnotes":""},"acf":[],"yoast_head":"<!-- This site is optimized with the Yoast SEO plugin v22.1 - https:\/\/yoast.com\/wordpress\/plugins\/seo\/ -->\n<title>Chalet-Wohnung in S\u00fcdtirol &#8211; Tischlerei Lanser Projekte<\/title>\n<meta name=\"description\" content=\"Ein Projekt im Herzen von S\u00fcdtirol, welches den alpinen Wohnstil mit modernem Chalet Charakter verbindet. Der s\u00fcdseitig ausgerichtet Wohn- Ess- und Kochbereich bildet den Mittelpunkt des Chalet. Die schlichte Formensprache der M\u00f6bel verbindet sich harmonisch mit traditionellen Elementen wie etwa die Glasabtrennung mit klassischer Sprossenaufteilung. Details wie gezinkte Eckverbindungen oder von Hand gehackte Oberfl\u00e4chen sind Details die dieses Projekt so besonders machen. Materialien wie Massivholz, Keramik, Kupfer, Glas oder Metall verleihen dem Chalet W\u00e4rme und Geborgenheit.\" \/>\n<meta name=\"robots\" content=\"index, follow, max-snippet:-1, max-image-preview:large, max-video-preview:-1\" \/>\n<link rel=\"canonical\" href=\"https:\/\/tischlerei-lanser.at\/en\/projekte\/wohnzimmer\/projekt-s-suedtirol\/\" \/>\n<meta property=\"og:locale\" content=\"en_US\" \/>\n<meta property=\"og:type\" content=\"article\" \/>\n<meta property=\"og:title\" content=\"Chalet-Wohnung in S\u00fcdtirol &#8211; Tischlerei Lanser Projekte\" \/>\n<meta property=\"og:description\" content=\"Ein Projekt im Herzen von S\u00fcdtirol, welches den alpinen Wohnstil mit modernem Chalet Charakter verbindet. Der s\u00fcdseitig ausgerichtet Wohn- Ess- und Kochbereich bildet den Mittelpunkt des Chalet. Die schlichte Formensprache der M\u00f6bel verbindet sich harmonisch mit traditionellen Elementen wie etwa die Glasabtrennung mit klassischer Sprossenaufteilung. Details wie gezinkte Eckverbindungen oder von Hand gehackte Oberfl\u00e4chen sind Details die dieses Projekt so besonders machen. Materialien wie Massivholz, Keramik, Kupfer, Glas oder Metall verleihen dem Chalet W\u00e4rme und Geborgenheit.\" \/>\n<meta property=\"og:url\" content=\"https:\/\/tischlerei-lanser.at\/en\/projekte\/wohnzimmer\/projekt-s-suedtirol\/\" \/>\n<meta property=\"og:site_name\" content=\"Tischlerei Lanser\" \/>\n<meta property=\"article:publisher\" content=\"https:\/\/www.facebook.com\/TischlereiLanser\/\" \/>\n<meta property=\"article:modified_time\" content=\"2021-06-14T14:38:10+00:00\" \/>\n<meta property=\"og:image\" content=\"https:\/\/tischlerei-lanser.at\/wp-content\/uploads\/160927_martinlugger_lanser__MG_6073.jpg\" \/>\n\t<meta property=\"og:image:width\" content=\"1920\" \/>\n\t<meta property=\"og:image:height\" content=\"1280\" \/>\n\t<meta property=\"og:image:type\" content=\"image\/jpeg\" \/>\n<meta name=\"twitter:card\" content=\"summary_large_image\" \/>\n<script type=\"application\/ld+json\" class=\"yoast-schema-graph\">{\"@context\":\"https:\/\/schema.org\",\"@graph\":[{\"@type\":\"WebPage\",\"@id\":\"https:\/\/tischlerei-lanser.at\/en\/projekte\/wohnzimmer\/projekt-s-suedtirol\/\",\"url\":\"https:\/\/tischlerei-lanser.at\/en\/projekte\/wohnzimmer\/projekt-s-suedtirol\/\",\"name\":\"Chalet-Wohnung in S\u00fcdtirol &#8211; Tischlerei Lanser Projekte\",\"isPartOf\":{\"@id\":\"https:\/\/tischlerei-lanser.at\/en\/#website\"},\"datePublished\":\"2020-06-15T12:35:13+00:00\",\"dateModified\":\"2021-06-14T14:38:10+00:00\",\"description\":\"Ein Projekt im Herzen von S\u00fcdtirol, welches den alpinen Wohnstil mit modernem Chalet Charakter verbindet. Der s\u00fcdseitig ausgerichtet Wohn- Ess- und Kochbereich bildet den Mittelpunkt des Chalet. Die schlichte Formensprache der M\u00f6bel verbindet sich harmonisch mit traditionellen Elementen wie etwa die Glasabtrennung mit klassischer Sprossenaufteilung. Details wie gezinkte Eckverbindungen oder von Hand gehackte Oberfl\u00e4chen sind Details die dieses Projekt so besonders machen. Materialien wie Massivholz, Keramik, Kupfer, Glas oder Metall verleihen dem Chalet W\u00e4rme und Geborgenheit.\",\"breadcrumb\":{\"@id\":\"https:\/\/tischlerei-lanser.at\/en\/projekte\/wohnzimmer\/projekt-s-suedtirol\/#breadcrumb\"},\"inLanguage\":\"en-US\",\"potentialAction\":[{\"@type\":\"ReadAction\",\"target\":[[\"https:\/\/tischlerei-lanser.at\/en\/projekte\/wohnzimmer\/projekt-s-suedtirol\/\"]]}]},{\"@type\":\"BreadcrumbList\",\"@id\":\"https:\/\/tischlerei-lanser.at\/en\/projekte\/wohnzimmer\/projekt-s-suedtirol\/#breadcrumb\",\"itemListElement\":[{\"@type\":\"ListItem\",\"position\":1,\"name\":\"Startseite\",\"item\":\"https:\/\/tischlerei-lanser.at\/en\/\"},{\"@type\":\"ListItem\",\"position\":2,\"name\":\"Projekte\",\"item\":\"https:\/\/tischlerei-lanser.at\/en\/projekte\/\"},{\"@type\":\"ListItem\",\"position\":3,\"name\":\"Wohnen\",\"item\":\"https:\/\/tischlerei-lanser.at\/en\/projekte\/wohnzimmer\/\"},{\"@type\":\"ListItem\",\"position\":4,\"name\":\"Chalet-Wohnung in S\u00fcdtirol\"}]},{\"@type\":\"WebSite\",\"@id\":\"https:\/\/tischlerei-lanser.at\/en\/#website\",\"url\":\"https:\/\/tischlerei-lanser.at\/en\/\",\"name\":\"Tischlerei Lanser\",\"description\":\"Wo Natur erhalten wird.\",\"publisher\":{\"@id\":\"https:\/\/tischlerei-lanser.at\/en\/#organization\"},\"potentialAction\":[{\"@type\":\"SearchAction\",\"target\":{\"@type\":\"EntryPoint\",\"urlTemplate\":\"https:\/\/tischlerei-lanser.at\/en\/?s={search_term_string}\"},\"query-input\":\"required name=search_term_string\"}],\"inLanguage\":\"en-US\"},{\"@type\":\"Organization\",\"@id\":\"https:\/\/tischlerei-lanser.at\/en\/#organization\",\"name\":\"Tischlerei Lanser\",\"url\":\"https:\/\/tischlerei-lanser.at\/en\/\",\"logo\":{\"@type\":\"ImageObject\",\"inLanguage\":\"en-US\",\"@id\":\"https:\/\/tischlerei-lanser.at\/en\/#\/schema\/logo\/image\/\",\"url\":\"https:\/\/tischlerei-lanser.at\/wp-content\/uploads\/Lanser_Logo_Jahreszahl.jpg\",\"contentUrl\":\"https:\/\/tischlerei-lanser.at\/wp-content\/uploads\/Lanser_Logo_Jahreszahl.jpg\",\"width\":1920,\"height\":1015,\"caption\":\"Tischlerei Lanser\"},\"image\":{\"@id\":\"https:\/\/tischlerei-lanser.at\/en\/#\/schema\/logo\/image\/\"},\"sameAs\":[\"https:\/\/www.facebook.com\/TischlereiLanser\/\",\"https:\/\/www.instagram.com\/tischlerei_lanser\/\",\"https:\/\/www.linkedin.com\/company\/10006620\"]}]}<\/script>\n<!-- \/ Yoast SEO plugin. -->","yoast_head_json":{"title":"Chalet-Wohnung in S\u00fcdtirol &#8211; Tischlerei Lanser Projekte","description":"Ein Projekt im Herzen von S\u00fcdtirol, welches den alpinen Wohnstil mit modernem Chalet Charakter verbindet. Der s\u00fcdseitig ausgerichtet Wohn- Ess- und Kochbereich bildet den Mittelpunkt des Chalet. Die schlichte Formensprache der M\u00f6bel verbindet sich harmonisch mit traditionellen Elementen wie etwa die Glasabtrennung mit klassischer Sprossenaufteilung. Details wie gezinkte Eckverbindungen oder von Hand gehackte Oberfl\u00e4chen sind Details die dieses Projekt so besonders machen. Materialien wie Massivholz, Keramik, Kupfer, Glas oder Metall verleihen dem Chalet W\u00e4rme und Geborgenheit.","robots":{"index":"index","follow":"follow","max-snippet":"max-snippet:-1","max-image-preview":"max-image-preview:large","max-video-preview":"max-video-preview:-1"},"canonical":"https:\/\/tischlerei-lanser.at\/en\/projekte\/wohnzimmer\/projekt-s-suedtirol\/","og_locale":"en_US","og_type":"article","og_title":"Chalet-Wohnung in S\u00fcdtirol &#8211; Tischlerei Lanser Projekte","og_description":"Ein Projekt im Herzen von S\u00fcdtirol, welches den alpinen Wohnstil mit modernem Chalet Charakter verbindet. Der s\u00fcdseitig ausgerichtet Wohn- Ess- und Kochbereich bildet den Mittelpunkt des Chalet. Die schlichte Formensprache der M\u00f6bel verbindet sich harmonisch mit traditionellen Elementen wie etwa die Glasabtrennung mit klassischer Sprossenaufteilung. Details wie gezinkte Eckverbindungen oder von Hand gehackte Oberfl\u00e4chen sind Details die dieses Projekt so besonders machen. Materialien wie Massivholz, Keramik, Kupfer, Glas oder Metall verleihen dem Chalet W\u00e4rme und Geborgenheit.","og_url":"https:\/\/tischlerei-lanser.at\/en\/projekte\/wohnzimmer\/projekt-s-suedtirol\/","og_site_name":"Tischlerei Lanser","article_publisher":"https:\/\/www.facebook.com\/TischlereiLanser\/","article_modified_time":"2021-06-14T14:38:10+00:00","og_image":[{"width":1920,"height":1280,"url":"https:\/\/tischlerei-lanser.at\/wp-content\/uploads\/160927_martinlugger_lanser__MG_6073.jpg","type":"image\/jpeg"}],"twitter_card":"summary_large_image","schema":{"@context":"https:\/\/schema.org","@graph":[{"@type":"WebPage","@id":"https:\/\/tischlerei-lanser.at\/en\/projekte\/wohnzimmer\/projekt-s-suedtirol\/","url":"https:\/\/tischlerei-lanser.at\/en\/projekte\/wohnzimmer\/projekt-s-suedtirol\/","name":"Chalet-Wohnung in S\u00fcdtirol &#8211; Tischlerei Lanser Projekte","isPartOf":{"@id":"https:\/\/tischlerei-lanser.at\/en\/#website"},"datePublished":"2020-06-15T12:35:13+00:00","dateModified":"2021-06-14T14:38:10+00:00","description":"Ein Projekt im Herzen von S\u00fcdtirol, welches den alpinen Wohnstil mit modernem Chalet Charakter verbindet. Der s\u00fcdseitig ausgerichtet Wohn- Ess- und Kochbereich bildet den Mittelpunkt des Chalet. Die schlichte Formensprache der M\u00f6bel verbindet sich harmonisch mit traditionellen Elementen wie etwa die Glasabtrennung mit klassischer Sprossenaufteilung. Details wie gezinkte Eckverbindungen oder von Hand gehackte Oberfl\u00e4chen sind Details die dieses Projekt so besonders machen. Materialien wie Massivholz, Keramik, Kupfer, Glas oder Metall verleihen dem Chalet W\u00e4rme und Geborgenheit.","breadcrumb":{"@id":"https:\/\/tischlerei-lanser.at\/en\/projekte\/wohnzimmer\/projekt-s-suedtirol\/#breadcrumb"},"inLanguage":"en-US","potentialAction":[{"@type":"ReadAction","target":[["https:\/\/tischlerei-lanser.at\/en\/projekte\/wohnzimmer\/projekt-s-suedtirol\/"]]}]},{"@type":"BreadcrumbList","@id":"https:\/\/tischlerei-lanser.at\/en\/projekte\/wohnzimmer\/projekt-s-suedtirol\/#breadcrumb","itemListElement":[{"@type":"ListItem","position":1,"name":"Startseite","item":"https:\/\/tischlerei-lanser.at\/en\/"},{"@type":"ListItem","position":2,"name":"Projekte","item":"https:\/\/tischlerei-lanser.at\/en\/projekte\/"},{"@type":"ListItem","position":3,"name":"Wohnen","item":"https:\/\/tischlerei-lanser.at\/en\/projekte\/wohnzimmer\/"},{"@type":"ListItem","position":4,"name":"Chalet-Wohnung in S\u00fcdtirol"}]},{"@type":"WebSite","@id":"https:\/\/tischlerei-lanser.at\/en\/#website","url":"https:\/\/tischlerei-lanser.at\/en\/","name":"Tischlerei Lanser","description":"Wo Natur erhalten wird.","publisher":{"@id":"https:\/\/tischlerei-lanser.at\/en\/#organization"},"potentialAction":[{"@type":"SearchAction","target":{"@type":"EntryPoint","urlTemplate":"https:\/\/tischlerei-lanser.at\/en\/?s={search_term_string}"},"query-input":"required name=search_term_string"}],"inLanguage":"en-US"},{"@type":"Organization","@id":"https:\/\/tischlerei-lanser.at\/en\/#organization","name":"Tischlerei Lanser","url":"https:\/\/tischlerei-lanser.at\/en\/","logo":{"@type":"ImageObject","inLanguage":"en-US","@id":"https:\/\/tischlerei-lanser.at\/en\/#\/schema\/logo\/image\/","url":"https:\/\/tischlerei-lanser.at\/wp-content\/uploads\/Lanser_Logo_Jahreszahl.jpg","contentUrl":"https:\/\/tischlerei-lanser.at\/wp-content\/uploads\/Lanser_Logo_Jahreszahl.jpg","width":1920,"height":1015,"caption":"Tischlerei Lanser"},"image":{"@id":"https:\/\/tischlerei-lanser.at\/en\/#\/schema\/logo\/image\/"},"sameAs":["https:\/\/www.facebook.com\/TischlereiLanser\/","https:\/\/www.instagram.com\/tischlerei_lanser\/","https:\/\/www.linkedin.com\/company\/10006620"]}]}},"_links":{"self":[{"href":"https:\/\/tischlerei-lanser.at\/en\/wp-json\/wp\/v2\/pages\/1308"}],"collection":[{"href":"https:\/\/tischlerei-lanser.at\/en\/wp-json\/wp\/v2\/pages"}],"about":[{"href":"https:\/\/tischlerei-lanser.at\/en\/wp-json\/wp\/v2\/types\/page"}],"author":[{"embeddable":true,"href":"https:\/\/tischlerei-lanser.at\/en\/wp-json\/wp\/v2\/users\/2"}],"replies":[{"embeddable":true,"href":"https:\/\/tischlerei-lanser.at\/en\/wp-json\/wp\/v2\/comments?post=1308"}],"version-history":[{"count":14,"href":"https:\/\/tischlerei-lanser.at\/en\/wp-json\/wp\/v2\/pages\/1308\/revisions"}],"predecessor-version":[{"id":3129,"href":"https:\/\/tischlerei-lanser.at\/en\/wp-json\/wp\/v2\/pages\/1308\/revisions\/3129"}],"up":[{"embeddable":true,"href":"https:\/\/tischlerei-lanser.at\/en\/wp-json\/wp\/v2\/pages\/54"}],"wp:featuredmedia":[{"embeddable":true,"href":"https:\/\/tischlerei-lanser.at\/en\/wp-json\/wp\/v2\/media\/632"}],"wp:attachment":[{"href":"https:\/\/tischlerei-lanser.at\/en\/wp-json\/wp\/v2\/media?parent=1308"}],"curies":[{"name":"wp","href":"https:\/\/api.w.org\/{rel}","templated":true}]}}