{"id":1239,"date":"2020-06-09T16:01:29","date_gmt":"2020-06-09T14:01:29","guid":{"rendered":"https:\/\/tischlerei-lanser.at\/?page_id=1239"},"modified":"2021-05-20T14:08:49","modified_gmt":"2021-05-20T12:08:49","slug":"zirbenzimmer-showroom","status":"publish","type":"page","link":"https:\/\/tischlerei-lanser.at\/en\/projekte\/schlafen\/zirbenzimmer-showroom\/","title":{"rendered":"Zirbenzimmer Showroom"},"content":{"rendered":"","protected":false},"excerpt":{"rendered":"","protected":false},"author":2,"featured_media":1260,"parent":59,"menu_order":32,"comment_status":"closed","ping_status":"closed","template":"page-templates\/projekt.php","meta":{"_acf_changed":false,"inline_featured_image":false,"footnotes":""},"acf":[],"yoast_head":"<!-- This site is optimized with the Yoast SEO plugin v22.1 - https:\/\/yoast.com\/wordpress\/plugins\/seo\/ -->\n<title>Zirbenzimmer Showroom &#8211; Tischlerei Lanser Projekt Zirbenzimmer<\/title>\n<meta name=\"description\" content=\"Ein Zirbenzimmer erfreut sich immer gr\u00f6\u00dferer Beliebtheit. Die Wohltuende Wirkung durch die \u00e4therischen \u00d6le dieses Naturproduktes ist uns sehr wohl bekannt. Darauf achten schon unsere Mitarbeiter schon in der Fertigung sehr genau. Wenn gew\u00fcnscht, wird mit traditionellen Eckverbindungen und von Hand gehackten Oberfl\u00e4chen gearbeitet. Kein \u00d6l, Wachs oder Lack wird verwendet um die Oberfl\u00e4che zu sch\u00fctzen. Denn nur so ist garantiert, dass sich die \u00e4therischen \u00d6le auch freisetzen. Die Zirbe wird auch die \u201eK\u00f6nigin der Alpen\u201c genannt und diesem Namen wird sie gerecht.\" \/>\n<meta name=\"robots\" content=\"index, follow, max-snippet:-1, max-image-preview:large, max-video-preview:-1\" \/>\n<link rel=\"canonical\" href=\"https:\/\/tischlerei-lanser.at\/en\/projekte\/schlafen\/zirbenzimmer-showroom\/\" \/>\n<meta property=\"og:locale\" content=\"en_US\" \/>\n<meta property=\"og:type\" content=\"article\" \/>\n<meta property=\"og:title\" content=\"Zirbenzimmer Showroom &#8211; Tischlerei Lanser Projekt Zirbenzimmer\" \/>\n<meta property=\"og:description\" content=\"Ein Zirbenzimmer erfreut sich immer gr\u00f6\u00dferer Beliebtheit. Die Wohltuende Wirkung durch die \u00e4therischen \u00d6le dieses Naturproduktes ist uns sehr wohl bekannt. Darauf achten schon unsere Mitarbeiter schon in der Fertigung sehr genau. Wenn gew\u00fcnscht, wird mit traditionellen Eckverbindungen und von Hand gehackten Oberfl\u00e4chen gearbeitet. Kein \u00d6l, Wachs oder Lack wird verwendet um die Oberfl\u00e4che zu sch\u00fctzen. Denn nur so ist garantiert, dass sich die \u00e4therischen \u00d6le auch freisetzen. Die Zirbe wird auch die \u201eK\u00f6nigin der Alpen\u201c genannt und diesem Namen wird sie gerecht.\" \/>\n<meta property=\"og:url\" content=\"https:\/\/tischlerei-lanser.at\/en\/projekte\/schlafen\/zirbenzimmer-showroom\/\" \/>\n<meta property=\"og:site_name\" content=\"Tischlerei Lanser\" \/>\n<meta property=\"article:publisher\" content=\"https:\/\/www.facebook.com\/TischlereiLanser\/\" \/>\n<meta property=\"article:modified_time\" content=\"2021-05-20T12:08:49+00:00\" \/>\n<meta property=\"og:image\" content=\"https:\/\/tischlerei-lanser.at\/wp-content\/uploads\/Schlafzimmer-Zirbek.jpg\" \/>\n\t<meta property=\"og:image:width\" content=\"1920\" \/>\n\t<meta property=\"og:image:height\" content=\"1280\" \/>\n\t<meta property=\"og:image:type\" content=\"image\/jpeg\" \/>\n<meta name=\"twitter:card\" content=\"summary_large_image\" \/>\n<script type=\"application\/ld+json\" class=\"yoast-schema-graph\">{\"@context\":\"https:\/\/schema.org\",\"@graph\":[{\"@type\":\"WebPage\",\"@id\":\"https:\/\/tischlerei-lanser.at\/en\/projekte\/schlafen\/zirbenzimmer-showroom\/\",\"url\":\"https:\/\/tischlerei-lanser.at\/en\/projekte\/schlafen\/zirbenzimmer-showroom\/\",\"name\":\"Zirbenzimmer Showroom &#8211; Tischlerei Lanser Projekt Zirbenzimmer\",\"isPartOf\":{\"@id\":\"https:\/\/tischlerei-lanser.at\/en\/#website\"},\"datePublished\":\"2020-06-09T14:01:29+00:00\",\"dateModified\":\"2021-05-20T12:08:49+00:00\",\"description\":\"Ein Zirbenzimmer erfreut sich immer gr\u00f6\u00dferer Beliebtheit. Die Wohltuende Wirkung durch die \u00e4therischen \u00d6le dieses Naturproduktes ist uns sehr wohl bekannt. Darauf achten schon unsere Mitarbeiter schon in der Fertigung sehr genau. Wenn gew\u00fcnscht, wird mit traditionellen Eckverbindungen und von Hand gehackten Oberfl\u00e4chen gearbeitet. Kein \u00d6l, Wachs oder Lack wird verwendet um die Oberfl\u00e4che zu sch\u00fctzen. Denn nur so ist garantiert, dass sich die \u00e4therischen \u00d6le auch freisetzen. Die Zirbe wird auch die \u201eK\u00f6nigin der Alpen\u201c genannt und diesem Namen wird sie gerecht.\",\"breadcrumb\":{\"@id\":\"https:\/\/tischlerei-lanser.at\/en\/projekte\/schlafen\/zirbenzimmer-showroom\/#breadcrumb\"},\"inLanguage\":\"en-US\",\"potentialAction\":[{\"@type\":\"ReadAction\",\"target\":[[\"https:\/\/tischlerei-lanser.at\/en\/projekte\/schlafen\/zirbenzimmer-showroom\/\"]]}]},{\"@type\":\"BreadcrumbList\",\"@id\":\"https:\/\/tischlerei-lanser.at\/en\/projekte\/schlafen\/zirbenzimmer-showroom\/#breadcrumb\",\"itemListElement\":[{\"@type\":\"ListItem\",\"position\":1,\"name\":\"Startseite\",\"item\":\"https:\/\/tischlerei-lanser.at\/en\/\"},{\"@type\":\"ListItem\",\"position\":2,\"name\":\"Projekte\",\"item\":\"https:\/\/tischlerei-lanser.at\/en\/projekte\/\"},{\"@type\":\"ListItem\",\"position\":3,\"name\":\"Schlafen\",\"item\":\"https:\/\/tischlerei-lanser.at\/en\/projekte\/schlafen\/\"},{\"@type\":\"ListItem\",\"position\":4,\"name\":\"Zirbenzimmer Showroom\"}]},{\"@type\":\"WebSite\",\"@id\":\"https:\/\/tischlerei-lanser.at\/en\/#website\",\"url\":\"https:\/\/tischlerei-lanser.at\/en\/\",\"name\":\"Tischlerei Lanser\",\"description\":\"Wo Natur erhalten wird.\",\"publisher\":{\"@id\":\"https:\/\/tischlerei-lanser.at\/en\/#organization\"},\"potentialAction\":[{\"@type\":\"SearchAction\",\"target\":{\"@type\":\"EntryPoint\",\"urlTemplate\":\"https:\/\/tischlerei-lanser.at\/en\/?s={search_term_string}\"},\"query-input\":\"required name=search_term_string\"}],\"inLanguage\":\"en-US\"},{\"@type\":\"Organization\",\"@id\":\"https:\/\/tischlerei-lanser.at\/en\/#organization\",\"name\":\"Tischlerei Lanser\",\"url\":\"https:\/\/tischlerei-lanser.at\/en\/\",\"logo\":{\"@type\":\"ImageObject\",\"inLanguage\":\"en-US\",\"@id\":\"https:\/\/tischlerei-lanser.at\/en\/#\/schema\/logo\/image\/\",\"url\":\"https:\/\/tischlerei-lanser.at\/wp-content\/uploads\/Lanser_Logo_Jahreszahl.jpg\",\"contentUrl\":\"https:\/\/tischlerei-lanser.at\/wp-content\/uploads\/Lanser_Logo_Jahreszahl.jpg\",\"width\":1920,\"height\":1015,\"caption\":\"Tischlerei Lanser\"},\"image\":{\"@id\":\"https:\/\/tischlerei-lanser.at\/en\/#\/schema\/logo\/image\/\"},\"sameAs\":[\"https:\/\/www.facebook.com\/TischlereiLanser\/\",\"https:\/\/www.instagram.com\/tischlerei_lanser\/\",\"https:\/\/www.linkedin.com\/company\/10006620\"]}]}<\/script>\n<!-- \/ Yoast SEO plugin. -->","yoast_head_json":{"title":"Zirbenzimmer Showroom &#8211; Tischlerei Lanser Projekt Zirbenzimmer","description":"Ein Zirbenzimmer erfreut sich immer gr\u00f6\u00dferer Beliebtheit. Die Wohltuende Wirkung durch die \u00e4therischen \u00d6le dieses Naturproduktes ist uns sehr wohl bekannt. Darauf achten schon unsere Mitarbeiter schon in der Fertigung sehr genau. Wenn gew\u00fcnscht, wird mit traditionellen Eckverbindungen und von Hand gehackten Oberfl\u00e4chen gearbeitet. Kein \u00d6l, Wachs oder Lack wird verwendet um die Oberfl\u00e4che zu sch\u00fctzen. Denn nur so ist garantiert, dass sich die \u00e4therischen \u00d6le auch freisetzen. Die Zirbe wird auch die \u201eK\u00f6nigin der Alpen\u201c genannt und diesem Namen wird sie gerecht.","robots":{"index":"index","follow":"follow","max-snippet":"max-snippet:-1","max-image-preview":"max-image-preview:large","max-video-preview":"max-video-preview:-1"},"canonical":"https:\/\/tischlerei-lanser.at\/en\/projekte\/schlafen\/zirbenzimmer-showroom\/","og_locale":"en_US","og_type":"article","og_title":"Zirbenzimmer Showroom &#8211; Tischlerei Lanser Projekt Zirbenzimmer","og_description":"Ein Zirbenzimmer erfreut sich immer gr\u00f6\u00dferer Beliebtheit. Die Wohltuende Wirkung durch die \u00e4therischen \u00d6le dieses Naturproduktes ist uns sehr wohl bekannt. Darauf achten schon unsere Mitarbeiter schon in der Fertigung sehr genau. Wenn gew\u00fcnscht, wird mit traditionellen Eckverbindungen und von Hand gehackten Oberfl\u00e4chen gearbeitet. Kein \u00d6l, Wachs oder Lack wird verwendet um die Oberfl\u00e4che zu sch\u00fctzen. Denn nur so ist garantiert, dass sich die \u00e4therischen \u00d6le auch freisetzen. Die Zirbe wird auch die \u201eK\u00f6nigin der Alpen\u201c genannt und diesem Namen wird sie gerecht.","og_url":"https:\/\/tischlerei-lanser.at\/en\/projekte\/schlafen\/zirbenzimmer-showroom\/","og_site_name":"Tischlerei Lanser","article_publisher":"https:\/\/www.facebook.com\/TischlereiLanser\/","article_modified_time":"2021-05-20T12:08:49+00:00","og_image":[{"width":1920,"height":1280,"url":"https:\/\/tischlerei-lanser.at\/wp-content\/uploads\/Schlafzimmer-Zirbek.jpg","type":"image\/jpeg"}],"twitter_card":"summary_large_image","schema":{"@context":"https:\/\/schema.org","@graph":[{"@type":"WebPage","@id":"https:\/\/tischlerei-lanser.at\/en\/projekte\/schlafen\/zirbenzimmer-showroom\/","url":"https:\/\/tischlerei-lanser.at\/en\/projekte\/schlafen\/zirbenzimmer-showroom\/","name":"Zirbenzimmer Showroom &#8211; Tischlerei Lanser Projekt Zirbenzimmer","isPartOf":{"@id":"https:\/\/tischlerei-lanser.at\/en\/#website"},"datePublished":"2020-06-09T14:01:29+00:00","dateModified":"2021-05-20T12:08:49+00:00","description":"Ein Zirbenzimmer erfreut sich immer gr\u00f6\u00dferer Beliebtheit. Die Wohltuende Wirkung durch die \u00e4therischen \u00d6le dieses Naturproduktes ist uns sehr wohl bekannt. Darauf achten schon unsere Mitarbeiter schon in der Fertigung sehr genau. Wenn gew\u00fcnscht, wird mit traditionellen Eckverbindungen und von Hand gehackten Oberfl\u00e4chen gearbeitet. Kein \u00d6l, Wachs oder Lack wird verwendet um die Oberfl\u00e4che zu sch\u00fctzen. Denn nur so ist garantiert, dass sich die \u00e4therischen \u00d6le auch freisetzen. Die Zirbe wird auch die \u201eK\u00f6nigin der Alpen\u201c genannt und diesem Namen wird sie gerecht.","breadcrumb":{"@id":"https:\/\/tischlerei-lanser.at\/en\/projekte\/schlafen\/zirbenzimmer-showroom\/#breadcrumb"},"inLanguage":"en-US","potentialAction":[{"@type":"ReadAction","target":[["https:\/\/tischlerei-lanser.at\/en\/projekte\/schlafen\/zirbenzimmer-showroom\/"]]}]},{"@type":"BreadcrumbList","@id":"https:\/\/tischlerei-lanser.at\/en\/projekte\/schlafen\/zirbenzimmer-showroom\/#breadcrumb","itemListElement":[{"@type":"ListItem","position":1,"name":"Startseite","item":"https:\/\/tischlerei-lanser.at\/en\/"},{"@type":"ListItem","position":2,"name":"Projekte","item":"https:\/\/tischlerei-lanser.at\/en\/projekte\/"},{"@type":"ListItem","position":3,"name":"Schlafen","item":"https:\/\/tischlerei-lanser.at\/en\/projekte\/schlafen\/"},{"@type":"ListItem","position":4,"name":"Zirbenzimmer Showroom"}]},{"@type":"WebSite","@id":"https:\/\/tischlerei-lanser.at\/en\/#website","url":"https:\/\/tischlerei-lanser.at\/en\/","name":"Tischlerei Lanser","description":"Wo Natur erhalten wird.","publisher":{"@id":"https:\/\/tischlerei-lanser.at\/en\/#organization"},"potentialAction":[{"@type":"SearchAction","target":{"@type":"EntryPoint","urlTemplate":"https:\/\/tischlerei-lanser.at\/en\/?s={search_term_string}"},"query-input":"required name=search_term_string"}],"inLanguage":"en-US"},{"@type":"Organization","@id":"https:\/\/tischlerei-lanser.at\/en\/#organization","name":"Tischlerei Lanser","url":"https:\/\/tischlerei-lanser.at\/en\/","logo":{"@type":"ImageObject","inLanguage":"en-US","@id":"https:\/\/tischlerei-lanser.at\/en\/#\/schema\/logo\/image\/","url":"https:\/\/tischlerei-lanser.at\/wp-content\/uploads\/Lanser_Logo_Jahreszahl.jpg","contentUrl":"https:\/\/tischlerei-lanser.at\/wp-content\/uploads\/Lanser_Logo_Jahreszahl.jpg","width":1920,"height":1015,"caption":"Tischlerei Lanser"},"image":{"@id":"https:\/\/tischlerei-lanser.at\/en\/#\/schema\/logo\/image\/"},"sameAs":["https:\/\/www.facebook.com\/TischlereiLanser\/","https:\/\/www.instagram.com\/tischlerei_lanser\/","https:\/\/www.linkedin.com\/company\/10006620"]}]}},"_links":{"self":[{"href":"https:\/\/tischlerei-lanser.at\/en\/wp-json\/wp\/v2\/pages\/1239"}],"collection":[{"href":"https:\/\/tischlerei-lanser.at\/en\/wp-json\/wp\/v2\/pages"}],"about":[{"href":"https:\/\/tischlerei-lanser.at\/en\/wp-json\/wp\/v2\/types\/page"}],"author":[{"embeddable":true,"href":"https:\/\/tischlerei-lanser.at\/en\/wp-json\/wp\/v2\/users\/2"}],"replies":[{"embeddable":true,"href":"https:\/\/tischlerei-lanser.at\/en\/wp-json\/wp\/v2\/comments?post=1239"}],"version-history":[{"count":15,"href":"https:\/\/tischlerei-lanser.at\/en\/wp-json\/wp\/v2\/pages\/1239\/revisions"}],"predecessor-version":[{"id":3098,"href":"https:\/\/tischlerei-lanser.at\/en\/wp-json\/wp\/v2\/pages\/1239\/revisions\/3098"}],"up":[{"embeddable":true,"href":"https:\/\/tischlerei-lanser.at\/en\/wp-json\/wp\/v2\/pages\/59"}],"wp:featuredmedia":[{"embeddable":true,"href":"https:\/\/tischlerei-lanser.at\/en\/wp-json\/wp\/v2\/media\/1260"}],"wp:attachment":[{"href":"https:\/\/tischlerei-lanser.at\/en\/wp-json\/wp\/v2\/media?parent=1239"}],"curies":[{"name":"wp","href":"https:\/\/api.w.org\/{rel}","templated":true}]}}