{"id":1228,"date":"2020-06-09T15:53:23","date_gmt":"2020-06-09T13:53:23","guid":{"rendered":"https:\/\/tischlerei-lanser.at\/?page_id=1228"},"modified":"2021-05-20T14:23:57","modified_gmt":"2021-05-20T12:23:57","slug":"zirbenzimmer","status":"publish","type":"page","link":"https:\/\/tischlerei-lanser.at\/en\/projekte\/schlafen\/zirbenzimmer\/","title":{"rendered":"Schlafzimmer in den Osttiroler Bergen"},"content":{"rendered":"","protected":false},"excerpt":{"rendered":"","protected":false},"author":2,"featured_media":1230,"parent":59,"menu_order":33,"comment_status":"closed","ping_status":"closed","template":"page-templates\/projekt.php","meta":{"_acf_changed":false,"inline_featured_image":false,"footnotes":""},"acf":[],"yoast_head":"<!-- This site is optimized with the Yoast SEO plugin v22.1 - https:\/\/yoast.com\/wordpress\/plugins\/seo\/ -->\n<title>Schlafzimmer in den Osttiroler Bergen &#8211; Tischlerei Lanser Projekt<\/title>\n<meta name=\"description\" content=\"Gefertigt wurde dieses Schlafzimmer in Fichte Altholz. Die handgefertigte Oberfl\u00e4che in geschroppter und ge\u00f6lter Ausf\u00fchrung unterstreicht die Nat\u00fcrlichkeit der M\u00f6bel. Kombiniert mit hochwertigen Stoffen und indirekten Beleuchtungen wird hier beim Lesen des ein oder anderen Nachtlekt\u00fcre eine angenehme Atmosph\u00e4re geschaffen.\" \/>\n<meta name=\"robots\" content=\"index, follow, max-snippet:-1, max-image-preview:large, max-video-preview:-1\" \/>\n<link rel=\"canonical\" href=\"https:\/\/tischlerei-lanser.at\/en\/projekte\/schlafen\/zirbenzimmer\/\" \/>\n<meta property=\"og:locale\" content=\"en_US\" \/>\n<meta property=\"og:type\" content=\"article\" \/>\n<meta property=\"og:title\" content=\"Schlafzimmer in den Osttiroler Bergen &#8211; Tischlerei Lanser Projekt\" \/>\n<meta property=\"og:description\" content=\"Gefertigt wurde dieses Schlafzimmer in Fichte Altholz. Die handgefertigte Oberfl\u00e4che in geschroppter und ge\u00f6lter Ausf\u00fchrung unterstreicht die Nat\u00fcrlichkeit der M\u00f6bel. Kombiniert mit hochwertigen Stoffen und indirekten Beleuchtungen wird hier beim Lesen des ein oder anderen Nachtlekt\u00fcre eine angenehme Atmosph\u00e4re geschaffen.\" \/>\n<meta property=\"og:url\" content=\"https:\/\/tischlerei-lanser.at\/en\/projekte\/schlafen\/zirbenzimmer\/\" \/>\n<meta property=\"og:site_name\" content=\"Tischlerei Lanser\" \/>\n<meta property=\"article:publisher\" content=\"https:\/\/www.facebook.com\/TischlereiLanser\/\" \/>\n<meta property=\"article:modified_time\" content=\"2021-05-20T12:23:57+00:00\" \/>\n<meta property=\"og:image\" content=\"https:\/\/tischlerei-lanser.at\/wp-content\/uploads\/160616_martinlugger__MG_9973n.jpg\" \/>\n\t<meta property=\"og:image:width\" content=\"1920\" \/>\n\t<meta property=\"og:image:height\" content=\"1279\" \/>\n\t<meta property=\"og:image:type\" content=\"image\/jpeg\" \/>\n<meta name=\"twitter:card\" content=\"summary_large_image\" \/>\n<script type=\"application\/ld+json\" class=\"yoast-schema-graph\">{\"@context\":\"https:\/\/schema.org\",\"@graph\":[{\"@type\":\"WebPage\",\"@id\":\"https:\/\/tischlerei-lanser.at\/en\/projekte\/schlafen\/zirbenzimmer\/\",\"url\":\"https:\/\/tischlerei-lanser.at\/en\/projekte\/schlafen\/zirbenzimmer\/\",\"name\":\"Schlafzimmer in den Osttiroler Bergen &#8211; Tischlerei Lanser Projekt\",\"isPartOf\":{\"@id\":\"https:\/\/tischlerei-lanser.at\/en\/#website\"},\"datePublished\":\"2020-06-09T13:53:23+00:00\",\"dateModified\":\"2021-05-20T12:23:57+00:00\",\"description\":\"Gefertigt wurde dieses Schlafzimmer in Fichte Altholz. Die handgefertigte Oberfl\u00e4che in geschroppter und ge\u00f6lter Ausf\u00fchrung unterstreicht die Nat\u00fcrlichkeit der M\u00f6bel. Kombiniert mit hochwertigen Stoffen und indirekten Beleuchtungen wird hier beim Lesen des ein oder anderen Nachtlekt\u00fcre eine angenehme Atmosph\u00e4re geschaffen.\",\"breadcrumb\":{\"@id\":\"https:\/\/tischlerei-lanser.at\/en\/projekte\/schlafen\/zirbenzimmer\/#breadcrumb\"},\"inLanguage\":\"en-US\",\"potentialAction\":[{\"@type\":\"ReadAction\",\"target\":[[\"https:\/\/tischlerei-lanser.at\/en\/projekte\/schlafen\/zirbenzimmer\/\"]]}]},{\"@type\":\"BreadcrumbList\",\"@id\":\"https:\/\/tischlerei-lanser.at\/en\/projekte\/schlafen\/zirbenzimmer\/#breadcrumb\",\"itemListElement\":[{\"@type\":\"ListItem\",\"position\":1,\"name\":\"Startseite\",\"item\":\"https:\/\/tischlerei-lanser.at\/en\/\"},{\"@type\":\"ListItem\",\"position\":2,\"name\":\"Projekte\",\"item\":\"https:\/\/tischlerei-lanser.at\/en\/projekte\/\"},{\"@type\":\"ListItem\",\"position\":3,\"name\":\"Schlafen\",\"item\":\"https:\/\/tischlerei-lanser.at\/en\/projekte\/schlafen\/\"},{\"@type\":\"ListItem\",\"position\":4,\"name\":\"Schlafzimmer in den Osttiroler Bergen\"}]},{\"@type\":\"WebSite\",\"@id\":\"https:\/\/tischlerei-lanser.at\/en\/#website\",\"url\":\"https:\/\/tischlerei-lanser.at\/en\/\",\"name\":\"Tischlerei Lanser\",\"description\":\"Wo Natur erhalten wird.\",\"publisher\":{\"@id\":\"https:\/\/tischlerei-lanser.at\/en\/#organization\"},\"potentialAction\":[{\"@type\":\"SearchAction\",\"target\":{\"@type\":\"EntryPoint\",\"urlTemplate\":\"https:\/\/tischlerei-lanser.at\/en\/?s={search_term_string}\"},\"query-input\":\"required name=search_term_string\"}],\"inLanguage\":\"en-US\"},{\"@type\":\"Organization\",\"@id\":\"https:\/\/tischlerei-lanser.at\/en\/#organization\",\"name\":\"Tischlerei Lanser\",\"url\":\"https:\/\/tischlerei-lanser.at\/en\/\",\"logo\":{\"@type\":\"ImageObject\",\"inLanguage\":\"en-US\",\"@id\":\"https:\/\/tischlerei-lanser.at\/en\/#\/schema\/logo\/image\/\",\"url\":\"https:\/\/tischlerei-lanser.at\/wp-content\/uploads\/Lanser_Logo_Jahreszahl.jpg\",\"contentUrl\":\"https:\/\/tischlerei-lanser.at\/wp-content\/uploads\/Lanser_Logo_Jahreszahl.jpg\",\"width\":1920,\"height\":1015,\"caption\":\"Tischlerei Lanser\"},\"image\":{\"@id\":\"https:\/\/tischlerei-lanser.at\/en\/#\/schema\/logo\/image\/\"},\"sameAs\":[\"https:\/\/www.facebook.com\/TischlereiLanser\/\",\"https:\/\/www.instagram.com\/tischlerei_lanser\/\",\"https:\/\/www.linkedin.com\/company\/10006620\"]}]}<\/script>\n<!-- \/ Yoast SEO plugin. -->","yoast_head_json":{"title":"Schlafzimmer in den Osttiroler Bergen &#8211; Tischlerei Lanser Projekt","description":"Gefertigt wurde dieses Schlafzimmer in Fichte Altholz. Die handgefertigte Oberfl\u00e4che in geschroppter und ge\u00f6lter Ausf\u00fchrung unterstreicht die Nat\u00fcrlichkeit der M\u00f6bel. Kombiniert mit hochwertigen Stoffen und indirekten Beleuchtungen wird hier beim Lesen des ein oder anderen Nachtlekt\u00fcre eine angenehme Atmosph\u00e4re geschaffen.","robots":{"index":"index","follow":"follow","max-snippet":"max-snippet:-1","max-image-preview":"max-image-preview:large","max-video-preview":"max-video-preview:-1"},"canonical":"https:\/\/tischlerei-lanser.at\/en\/projekte\/schlafen\/zirbenzimmer\/","og_locale":"en_US","og_type":"article","og_title":"Schlafzimmer in den Osttiroler Bergen &#8211; Tischlerei Lanser Projekt","og_description":"Gefertigt wurde dieses Schlafzimmer in Fichte Altholz. Die handgefertigte Oberfl\u00e4che in geschroppter und ge\u00f6lter Ausf\u00fchrung unterstreicht die Nat\u00fcrlichkeit der M\u00f6bel. Kombiniert mit hochwertigen Stoffen und indirekten Beleuchtungen wird hier beim Lesen des ein oder anderen Nachtlekt\u00fcre eine angenehme Atmosph\u00e4re geschaffen.","og_url":"https:\/\/tischlerei-lanser.at\/en\/projekte\/schlafen\/zirbenzimmer\/","og_site_name":"Tischlerei Lanser","article_publisher":"https:\/\/www.facebook.com\/TischlereiLanser\/","article_modified_time":"2021-05-20T12:23:57+00:00","og_image":[{"width":1920,"height":1279,"url":"https:\/\/tischlerei-lanser.at\/wp-content\/uploads\/160616_martinlugger__MG_9973n.jpg","type":"image\/jpeg"}],"twitter_card":"summary_large_image","schema":{"@context":"https:\/\/schema.org","@graph":[{"@type":"WebPage","@id":"https:\/\/tischlerei-lanser.at\/en\/projekte\/schlafen\/zirbenzimmer\/","url":"https:\/\/tischlerei-lanser.at\/en\/projekte\/schlafen\/zirbenzimmer\/","name":"Schlafzimmer in den Osttiroler Bergen &#8211; Tischlerei Lanser Projekt","isPartOf":{"@id":"https:\/\/tischlerei-lanser.at\/en\/#website"},"datePublished":"2020-06-09T13:53:23+00:00","dateModified":"2021-05-20T12:23:57+00:00","description":"Gefertigt wurde dieses Schlafzimmer in Fichte Altholz. Die handgefertigte Oberfl\u00e4che in geschroppter und ge\u00f6lter Ausf\u00fchrung unterstreicht die Nat\u00fcrlichkeit der M\u00f6bel. Kombiniert mit hochwertigen Stoffen und indirekten Beleuchtungen wird hier beim Lesen des ein oder anderen Nachtlekt\u00fcre eine angenehme Atmosph\u00e4re geschaffen.","breadcrumb":{"@id":"https:\/\/tischlerei-lanser.at\/en\/projekte\/schlafen\/zirbenzimmer\/#breadcrumb"},"inLanguage":"en-US","potentialAction":[{"@type":"ReadAction","target":[["https:\/\/tischlerei-lanser.at\/en\/projekte\/schlafen\/zirbenzimmer\/"]]}]},{"@type":"BreadcrumbList","@id":"https:\/\/tischlerei-lanser.at\/en\/projekte\/schlafen\/zirbenzimmer\/#breadcrumb","itemListElement":[{"@type":"ListItem","position":1,"name":"Startseite","item":"https:\/\/tischlerei-lanser.at\/en\/"},{"@type":"ListItem","position":2,"name":"Projekte","item":"https:\/\/tischlerei-lanser.at\/en\/projekte\/"},{"@type":"ListItem","position":3,"name":"Schlafen","item":"https:\/\/tischlerei-lanser.at\/en\/projekte\/schlafen\/"},{"@type":"ListItem","position":4,"name":"Schlafzimmer in den Osttiroler Bergen"}]},{"@type":"WebSite","@id":"https:\/\/tischlerei-lanser.at\/en\/#website","url":"https:\/\/tischlerei-lanser.at\/en\/","name":"Tischlerei Lanser","description":"Wo Natur erhalten wird.","publisher":{"@id":"https:\/\/tischlerei-lanser.at\/en\/#organization"},"potentialAction":[{"@type":"SearchAction","target":{"@type":"EntryPoint","urlTemplate":"https:\/\/tischlerei-lanser.at\/en\/?s={search_term_string}"},"query-input":"required name=search_term_string"}],"inLanguage":"en-US"},{"@type":"Organization","@id":"https:\/\/tischlerei-lanser.at\/en\/#organization","name":"Tischlerei Lanser","url":"https:\/\/tischlerei-lanser.at\/en\/","logo":{"@type":"ImageObject","inLanguage":"en-US","@id":"https:\/\/tischlerei-lanser.at\/en\/#\/schema\/logo\/image\/","url":"https:\/\/tischlerei-lanser.at\/wp-content\/uploads\/Lanser_Logo_Jahreszahl.jpg","contentUrl":"https:\/\/tischlerei-lanser.at\/wp-content\/uploads\/Lanser_Logo_Jahreszahl.jpg","width":1920,"height":1015,"caption":"Tischlerei Lanser"},"image":{"@id":"https:\/\/tischlerei-lanser.at\/en\/#\/schema\/logo\/image\/"},"sameAs":["https:\/\/www.facebook.com\/TischlereiLanser\/","https:\/\/www.instagram.com\/tischlerei_lanser\/","https:\/\/www.linkedin.com\/company\/10006620"]}]}},"_links":{"self":[{"href":"https:\/\/tischlerei-lanser.at\/en\/wp-json\/wp\/v2\/pages\/1228"}],"collection":[{"href":"https:\/\/tischlerei-lanser.at\/en\/wp-json\/wp\/v2\/pages"}],"about":[{"href":"https:\/\/tischlerei-lanser.at\/en\/wp-json\/wp\/v2\/types\/page"}],"author":[{"embeddable":true,"href":"https:\/\/tischlerei-lanser.at\/en\/wp-json\/wp\/v2\/users\/2"}],"replies":[{"embeddable":true,"href":"https:\/\/tischlerei-lanser.at\/en\/wp-json\/wp\/v2\/comments?post=1228"}],"version-history":[{"count":16,"href":"https:\/\/tischlerei-lanser.at\/en\/wp-json\/wp\/v2\/pages\/1228\/revisions"}],"predecessor-version":[{"id":3099,"href":"https:\/\/tischlerei-lanser.at\/en\/wp-json\/wp\/v2\/pages\/1228\/revisions\/3099"}],"up":[{"embeddable":true,"href":"https:\/\/tischlerei-lanser.at\/en\/wp-json\/wp\/v2\/pages\/59"}],"wp:featuredmedia":[{"embeddable":true,"href":"https:\/\/tischlerei-lanser.at\/en\/wp-json\/wp\/v2\/media\/1230"}],"wp:attachment":[{"href":"https:\/\/tischlerei-lanser.at\/en\/wp-json\/wp\/v2\/media?parent=1228"}],"curies":[{"name":"wp","href":"https:\/\/api.w.org\/{rel}","templated":true}]}}