{"id":1140,"date":"2020-06-09T10:58:31","date_gmt":"2020-06-09T08:58:31","guid":{"rendered":"https:\/\/tischlerei-lanser.at\/?page_id=1140"},"modified":"2023-03-02T13:41:44","modified_gmt":"2023-03-02T12:41:44","slug":"zweitwohnsitz-auf-dem-land","status":"publish","type":"page","link":"https:\/\/tischlerei-lanser.at\/en\/projekte\/wohnzimmer\/zweitwohnsitz-auf-dem-land\/","title":{"rendered":"Anwesen auf dem Land"},"content":{"rendered":"","protected":false},"excerpt":{"rendered":"","protected":false},"author":2,"featured_media":1284,"parent":54,"menu_order":15,"comment_status":"closed","ping_status":"closed","template":"page-templates\/projekt.php","meta":{"_acf_changed":false,"inline_featured_image":false,"footnotes":""},"acf":[],"yoast_head":"<!-- This site is optimized with the Yoast SEO plugin v22.1 - https:\/\/yoast.com\/wordpress\/plugins\/seo\/ -->\n<title>Anwesen auf dem Land &#8211; Projekt Anwesen auf dem Land<\/title>\n<meta name=\"description\" content=\"Das historische Privathaus wurde unter der Leitung des Projektverfassers Hr. J\u00fcrg Moser, dipl. Architekt HTL, Z\u00fcrich realisiert. Dabei entstand ein Anwesen, indem die bestehende Innenarchitektur durch traditionelles Tischlerhandwerk sowie zeitgem\u00e4\u00dfem Interieur erg\u00e4nzt wurde. Wir freuen uns einen Teil dieses anspruchsvollen Projektes zu sein und w\u00fcnschen den Besitzern viel Freude und angenehme Stunden in Ihrem Anwesen.\" \/>\n<meta name=\"robots\" content=\"index, follow, max-snippet:-1, max-image-preview:large, max-video-preview:-1\" \/>\n<link rel=\"canonical\" href=\"https:\/\/tischlerei-lanser.at\/en\/projekte\/wohnzimmer\/zweitwohnsitz-auf-dem-land\/\" \/>\n<meta property=\"og:locale\" content=\"en_US\" \/>\n<meta property=\"og:type\" content=\"article\" \/>\n<meta property=\"og:title\" content=\"Anwesen auf dem Land &#8211; Projekt Anwesen auf dem Land\" \/>\n<meta property=\"og:description\" content=\"Das historische Privathaus wurde unter der Leitung des Projektverfassers Hr. J\u00fcrg Moser, dipl. Architekt HTL, Z\u00fcrich realisiert. Dabei entstand ein Anwesen, indem die bestehende Innenarchitektur durch traditionelles Tischlerhandwerk sowie zeitgem\u00e4\u00dfem Interieur erg\u00e4nzt wurde. Wir freuen uns einen Teil dieses anspruchsvollen Projektes zu sein und w\u00fcnschen den Besitzern viel Freude und angenehme Stunden in Ihrem Anwesen.\" \/>\n<meta property=\"og:url\" content=\"https:\/\/tischlerei-lanser.at\/en\/projekte\/wohnzimmer\/zweitwohnsitz-auf-dem-land\/\" \/>\n<meta property=\"og:site_name\" content=\"Tischlerei Lanser\" \/>\n<meta property=\"article:publisher\" content=\"https:\/\/www.facebook.com\/TischlereiLanser\/\" \/>\n<meta property=\"article:modified_time\" content=\"2023-03-02T12:41:44+00:00\" \/>\n<meta property=\"og:image\" content=\"https:\/\/tischlerei-lanser.at\/wp-content\/uploads\/200520_martinlugger_lanser_0027n.jpg\" \/>\n\t<meta property=\"og:image:width\" content=\"1920\" \/>\n\t<meta property=\"og:image:height\" content=\"1438\" \/>\n\t<meta property=\"og:image:type\" content=\"image\/jpeg\" \/>\n<meta name=\"twitter:card\" content=\"summary_large_image\" \/>\n<script type=\"application\/ld+json\" class=\"yoast-schema-graph\">{\"@context\":\"https:\/\/schema.org\",\"@graph\":[{\"@type\":\"WebPage\",\"@id\":\"https:\/\/tischlerei-lanser.at\/en\/projekte\/wohnzimmer\/zweitwohnsitz-auf-dem-land\/\",\"url\":\"https:\/\/tischlerei-lanser.at\/en\/projekte\/wohnzimmer\/zweitwohnsitz-auf-dem-land\/\",\"name\":\"Anwesen auf dem Land &#8211; Projekt Anwesen auf dem Land\",\"isPartOf\":{\"@id\":\"https:\/\/tischlerei-lanser.at\/en\/#website\"},\"datePublished\":\"2020-06-09T08:58:31+00:00\",\"dateModified\":\"2023-03-02T12:41:44+00:00\",\"description\":\"Das historische Privathaus wurde unter der Leitung des Projektverfassers Hr. J\u00fcrg Moser, dipl. Architekt HTL, Z\u00fcrich realisiert. Dabei entstand ein Anwesen, indem die bestehende Innenarchitektur durch traditionelles Tischlerhandwerk sowie zeitgem\u00e4\u00dfem Interieur erg\u00e4nzt wurde. Wir freuen uns einen Teil dieses anspruchsvollen Projektes zu sein und w\u00fcnschen den Besitzern viel Freude und angenehme Stunden in Ihrem Anwesen.\",\"breadcrumb\":{\"@id\":\"https:\/\/tischlerei-lanser.at\/en\/projekte\/wohnzimmer\/zweitwohnsitz-auf-dem-land\/#breadcrumb\"},\"inLanguage\":\"en-US\",\"potentialAction\":[{\"@type\":\"ReadAction\",\"target\":[[\"https:\/\/tischlerei-lanser.at\/en\/projekte\/wohnzimmer\/zweitwohnsitz-auf-dem-land\/\"]]}]},{\"@type\":\"BreadcrumbList\",\"@id\":\"https:\/\/tischlerei-lanser.at\/en\/projekte\/wohnzimmer\/zweitwohnsitz-auf-dem-land\/#breadcrumb\",\"itemListElement\":[{\"@type\":\"ListItem\",\"position\":1,\"name\":\"Startseite\",\"item\":\"https:\/\/tischlerei-lanser.at\/en\/\"},{\"@type\":\"ListItem\",\"position\":2,\"name\":\"Projekte\",\"item\":\"https:\/\/tischlerei-lanser.at\/en\/projekte\/\"},{\"@type\":\"ListItem\",\"position\":3,\"name\":\"Wohnen\",\"item\":\"https:\/\/tischlerei-lanser.at\/en\/projekte\/wohnzimmer\/\"},{\"@type\":\"ListItem\",\"position\":4,\"name\":\"Anwesen auf dem Land\"}]},{\"@type\":\"WebSite\",\"@id\":\"https:\/\/tischlerei-lanser.at\/en\/#website\",\"url\":\"https:\/\/tischlerei-lanser.at\/en\/\",\"name\":\"Tischlerei Lanser\",\"description\":\"Wo Natur erhalten wird.\",\"publisher\":{\"@id\":\"https:\/\/tischlerei-lanser.at\/en\/#organization\"},\"potentialAction\":[{\"@type\":\"SearchAction\",\"target\":{\"@type\":\"EntryPoint\",\"urlTemplate\":\"https:\/\/tischlerei-lanser.at\/en\/?s={search_term_string}\"},\"query-input\":\"required name=search_term_string\"}],\"inLanguage\":\"en-US\"},{\"@type\":\"Organization\",\"@id\":\"https:\/\/tischlerei-lanser.at\/en\/#organization\",\"name\":\"Tischlerei Lanser\",\"url\":\"https:\/\/tischlerei-lanser.at\/en\/\",\"logo\":{\"@type\":\"ImageObject\",\"inLanguage\":\"en-US\",\"@id\":\"https:\/\/tischlerei-lanser.at\/en\/#\/schema\/logo\/image\/\",\"url\":\"https:\/\/tischlerei-lanser.at\/wp-content\/uploads\/Lanser_Logo_Jahreszahl.jpg\",\"contentUrl\":\"https:\/\/tischlerei-lanser.at\/wp-content\/uploads\/Lanser_Logo_Jahreszahl.jpg\",\"width\":1920,\"height\":1015,\"caption\":\"Tischlerei Lanser\"},\"image\":{\"@id\":\"https:\/\/tischlerei-lanser.at\/en\/#\/schema\/logo\/image\/\"},\"sameAs\":[\"https:\/\/www.facebook.com\/TischlereiLanser\/\",\"https:\/\/www.instagram.com\/tischlerei_lanser\/\",\"https:\/\/www.linkedin.com\/company\/10006620\"]}]}<\/script>\n<!-- \/ Yoast SEO plugin. -->","yoast_head_json":{"title":"Anwesen auf dem Land &#8211; Projekt Anwesen auf dem Land","description":"Das historische Privathaus wurde unter der Leitung des Projektverfassers Hr. J\u00fcrg Moser, dipl. Architekt HTL, Z\u00fcrich realisiert. Dabei entstand ein Anwesen, indem die bestehende Innenarchitektur durch traditionelles Tischlerhandwerk sowie zeitgem\u00e4\u00dfem Interieur erg\u00e4nzt wurde. Wir freuen uns einen Teil dieses anspruchsvollen Projektes zu sein und w\u00fcnschen den Besitzern viel Freude und angenehme Stunden in Ihrem Anwesen.","robots":{"index":"index","follow":"follow","max-snippet":"max-snippet:-1","max-image-preview":"max-image-preview:large","max-video-preview":"max-video-preview:-1"},"canonical":"https:\/\/tischlerei-lanser.at\/en\/projekte\/wohnzimmer\/zweitwohnsitz-auf-dem-land\/","og_locale":"en_US","og_type":"article","og_title":"Anwesen auf dem Land &#8211; Projekt Anwesen auf dem Land","og_description":"Das historische Privathaus wurde unter der Leitung des Projektverfassers Hr. J\u00fcrg Moser, dipl. Architekt HTL, Z\u00fcrich realisiert. Dabei entstand ein Anwesen, indem die bestehende Innenarchitektur durch traditionelles Tischlerhandwerk sowie zeitgem\u00e4\u00dfem Interieur erg\u00e4nzt wurde. Wir freuen uns einen Teil dieses anspruchsvollen Projektes zu sein und w\u00fcnschen den Besitzern viel Freude und angenehme Stunden in Ihrem Anwesen.","og_url":"https:\/\/tischlerei-lanser.at\/en\/projekte\/wohnzimmer\/zweitwohnsitz-auf-dem-land\/","og_site_name":"Tischlerei Lanser","article_publisher":"https:\/\/www.facebook.com\/TischlereiLanser\/","article_modified_time":"2023-03-02T12:41:44+00:00","og_image":[{"width":1920,"height":1438,"url":"https:\/\/tischlerei-lanser.at\/wp-content\/uploads\/200520_martinlugger_lanser_0027n.jpg","type":"image\/jpeg"}],"twitter_card":"summary_large_image","schema":{"@context":"https:\/\/schema.org","@graph":[{"@type":"WebPage","@id":"https:\/\/tischlerei-lanser.at\/en\/projekte\/wohnzimmer\/zweitwohnsitz-auf-dem-land\/","url":"https:\/\/tischlerei-lanser.at\/en\/projekte\/wohnzimmer\/zweitwohnsitz-auf-dem-land\/","name":"Anwesen auf dem Land &#8211; Projekt Anwesen auf dem Land","isPartOf":{"@id":"https:\/\/tischlerei-lanser.at\/en\/#website"},"datePublished":"2020-06-09T08:58:31+00:00","dateModified":"2023-03-02T12:41:44+00:00","description":"Das historische Privathaus wurde unter der Leitung des Projektverfassers Hr. J\u00fcrg Moser, dipl. Architekt HTL, Z\u00fcrich realisiert. Dabei entstand ein Anwesen, indem die bestehende Innenarchitektur durch traditionelles Tischlerhandwerk sowie zeitgem\u00e4\u00dfem Interieur erg\u00e4nzt wurde. Wir freuen uns einen Teil dieses anspruchsvollen Projektes zu sein und w\u00fcnschen den Besitzern viel Freude und angenehme Stunden in Ihrem Anwesen.","breadcrumb":{"@id":"https:\/\/tischlerei-lanser.at\/en\/projekte\/wohnzimmer\/zweitwohnsitz-auf-dem-land\/#breadcrumb"},"inLanguage":"en-US","potentialAction":[{"@type":"ReadAction","target":[["https:\/\/tischlerei-lanser.at\/en\/projekte\/wohnzimmer\/zweitwohnsitz-auf-dem-land\/"]]}]},{"@type":"BreadcrumbList","@id":"https:\/\/tischlerei-lanser.at\/en\/projekte\/wohnzimmer\/zweitwohnsitz-auf-dem-land\/#breadcrumb","itemListElement":[{"@type":"ListItem","position":1,"name":"Startseite","item":"https:\/\/tischlerei-lanser.at\/en\/"},{"@type":"ListItem","position":2,"name":"Projekte","item":"https:\/\/tischlerei-lanser.at\/en\/projekte\/"},{"@type":"ListItem","position":3,"name":"Wohnen","item":"https:\/\/tischlerei-lanser.at\/en\/projekte\/wohnzimmer\/"},{"@type":"ListItem","position":4,"name":"Anwesen auf dem Land"}]},{"@type":"WebSite","@id":"https:\/\/tischlerei-lanser.at\/en\/#website","url":"https:\/\/tischlerei-lanser.at\/en\/","name":"Tischlerei Lanser","description":"Wo Natur erhalten wird.","publisher":{"@id":"https:\/\/tischlerei-lanser.at\/en\/#organization"},"potentialAction":[{"@type":"SearchAction","target":{"@type":"EntryPoint","urlTemplate":"https:\/\/tischlerei-lanser.at\/en\/?s={search_term_string}"},"query-input":"required name=search_term_string"}],"inLanguage":"en-US"},{"@type":"Organization","@id":"https:\/\/tischlerei-lanser.at\/en\/#organization","name":"Tischlerei Lanser","url":"https:\/\/tischlerei-lanser.at\/en\/","logo":{"@type":"ImageObject","inLanguage":"en-US","@id":"https:\/\/tischlerei-lanser.at\/en\/#\/schema\/logo\/image\/","url":"https:\/\/tischlerei-lanser.at\/wp-content\/uploads\/Lanser_Logo_Jahreszahl.jpg","contentUrl":"https:\/\/tischlerei-lanser.at\/wp-content\/uploads\/Lanser_Logo_Jahreszahl.jpg","width":1920,"height":1015,"caption":"Tischlerei Lanser"},"image":{"@id":"https:\/\/tischlerei-lanser.at\/en\/#\/schema\/logo\/image\/"},"sameAs":["https:\/\/www.facebook.com\/TischlereiLanser\/","https:\/\/www.instagram.com\/tischlerei_lanser\/","https:\/\/www.linkedin.com\/company\/10006620"]}]}},"_links":{"self":[{"href":"https:\/\/tischlerei-lanser.at\/en\/wp-json\/wp\/v2\/pages\/1140"}],"collection":[{"href":"https:\/\/tischlerei-lanser.at\/en\/wp-json\/wp\/v2\/pages"}],"about":[{"href":"https:\/\/tischlerei-lanser.at\/en\/wp-json\/wp\/v2\/types\/page"}],"author":[{"embeddable":true,"href":"https:\/\/tischlerei-lanser.at\/en\/wp-json\/wp\/v2\/users\/2"}],"replies":[{"embeddable":true,"href":"https:\/\/tischlerei-lanser.at\/en\/wp-json\/wp\/v2\/comments?post=1140"}],"version-history":[{"count":18,"href":"https:\/\/tischlerei-lanser.at\/en\/wp-json\/wp\/v2\/pages\/1140\/revisions"}],"predecessor-version":[{"id":4206,"href":"https:\/\/tischlerei-lanser.at\/en\/wp-json\/wp\/v2\/pages\/1140\/revisions\/4206"}],"up":[{"embeddable":true,"href":"https:\/\/tischlerei-lanser.at\/en\/wp-json\/wp\/v2\/pages\/54"}],"wp:featuredmedia":[{"embeddable":true,"href":"https:\/\/tischlerei-lanser.at\/en\/wp-json\/wp\/v2\/media\/1284"}],"wp:attachment":[{"href":"https:\/\/tischlerei-lanser.at\/en\/wp-json\/wp\/v2\/media?parent=1140"}],"curies":[{"name":"wp","href":"https:\/\/api.w.org\/{rel}","templated":true}]}}