{"id":1126,"date":"2020-06-09T10:54:30","date_gmt":"2020-06-09T08:54:30","guid":{"rendered":"https:\/\/tischlerei-lanser.at\/?page_id=1126"},"modified":"2021-03-23T10:32:33","modified_gmt":"2021-03-23T09:32:33","slug":"hotel-krone-lech","status":"publish","type":"page","link":"https:\/\/tischlerei-lanser.at\/en\/projekte\/hotel-chalets\/hotel-krone-lech\/","title":{"rendered":"Hotel Krone Lech"},"content":{"rendered":"","protected":false},"excerpt":{"rendered":"","protected":false},"author":2,"featured_media":1127,"parent":66,"menu_order":48,"comment_status":"closed","ping_status":"closed","template":"page-templates\/projekt.php","meta":{"_acf_changed":false,"inline_featured_image":false,"footnotes":""},"acf":[],"yoast_head":"<!-- This site is optimized with the Yoast SEO plugin v22.1 - https:\/\/yoast.com\/wordpress\/plugins\/seo\/ -->\n<title>Hotel Krone Lech &#8211; Tischlerei Lanser Projekt Hotel Krone in Lech<\/title>\n<meta name=\"description\" content=\"Das geschichtstr\u00e4chtige Hotel Krone in Lech verbindet Geschichte und Tradition mit den Annehmlichkeiten der Moderne. Schon im 18. Jahrhundert war der Gasthof Krone eine beliebte Raststation f\u00fcr Reisende. Heute genie\u00dft die Krone von Lech internationalen Ruf und verw\u00f6hnt ihre G\u00e4ste mit F\u00fcnf-Sterne-Qualit\u00e4t. Von der Rezeption \u00fcber die Lounge bis hin zu den Suiten durften wir gemeinsam mit dem Bauherrn unser Tischlerhandwerk einbringen. Wir sind stolz Teil dieses geschichtstr\u00e4chtigen Hotels sein zu d\u00fcrfen.\" \/>\n<meta name=\"robots\" content=\"index, follow, max-snippet:-1, max-image-preview:large, max-video-preview:-1\" \/>\n<link rel=\"canonical\" href=\"https:\/\/tischlerei-lanser.at\/en\/projekte\/hotel-chalets\/hotel-krone-lech\/\" \/>\n<meta property=\"og:locale\" content=\"en_US\" \/>\n<meta property=\"og:type\" content=\"article\" \/>\n<meta property=\"og:title\" content=\"Hotel Krone Lech &#8211; Tischlerei Lanser Projekt Hotel Krone in Lech\" \/>\n<meta property=\"og:description\" content=\"Das geschichtstr\u00e4chtige Hotel Krone in Lech verbindet Geschichte und Tradition mit den Annehmlichkeiten der Moderne. Schon im 18. Jahrhundert war der Gasthof Krone eine beliebte Raststation f\u00fcr Reisende. Heute genie\u00dft die Krone von Lech internationalen Ruf und verw\u00f6hnt ihre G\u00e4ste mit F\u00fcnf-Sterne-Qualit\u00e4t. Von der Rezeption \u00fcber die Lounge bis hin zu den Suiten durften wir gemeinsam mit dem Bauherrn unser Tischlerhandwerk einbringen. Wir sind stolz Teil dieses geschichtstr\u00e4chtigen Hotels sein zu d\u00fcrfen.\" \/>\n<meta property=\"og:url\" content=\"https:\/\/tischlerei-lanser.at\/en\/projekte\/hotel-chalets\/hotel-krone-lech\/\" \/>\n<meta property=\"og:site_name\" content=\"Tischlerei Lanser\" \/>\n<meta property=\"article:publisher\" content=\"https:\/\/www.facebook.com\/TischlereiLanser\/\" \/>\n<meta property=\"article:modified_time\" content=\"2021-03-23T09:32:33+00:00\" \/>\n<meta property=\"og:image\" content=\"https:\/\/tischlerei-lanser.at\/wp-content\/uploads\/Krone_Lech_Genuss_Restaurant_Der_Runde_Saal_Foto_Othmar_Heidegger.jpg\" \/>\n\t<meta property=\"og:image:width\" content=\"1920\" \/>\n\t<meta property=\"og:image:height\" content=\"1168\" \/>\n\t<meta property=\"og:image:type\" content=\"image\/jpeg\" \/>\n<meta name=\"twitter:card\" content=\"summary_large_image\" \/>\n<script type=\"application\/ld+json\" class=\"yoast-schema-graph\">{\"@context\":\"https:\/\/schema.org\",\"@graph\":[{\"@type\":\"WebPage\",\"@id\":\"https:\/\/tischlerei-lanser.at\/en\/projekte\/hotel-chalets\/hotel-krone-lech\/\",\"url\":\"https:\/\/tischlerei-lanser.at\/en\/projekte\/hotel-chalets\/hotel-krone-lech\/\",\"name\":\"Hotel Krone Lech &#8211; Tischlerei Lanser Projekt Hotel Krone in Lech\",\"isPartOf\":{\"@id\":\"https:\/\/tischlerei-lanser.at\/en\/#website\"},\"datePublished\":\"2020-06-09T08:54:30+00:00\",\"dateModified\":\"2021-03-23T09:32:33+00:00\",\"description\":\"Das geschichtstr\u00e4chtige Hotel Krone in Lech verbindet Geschichte und Tradition mit den Annehmlichkeiten der Moderne. Schon im 18. Jahrhundert war der Gasthof Krone eine beliebte Raststation f\u00fcr Reisende. Heute genie\u00dft die Krone von Lech internationalen Ruf und verw\u00f6hnt ihre G\u00e4ste mit F\u00fcnf-Sterne-Qualit\u00e4t. Von der Rezeption \u00fcber die Lounge bis hin zu den Suiten durften wir gemeinsam mit dem Bauherrn unser Tischlerhandwerk einbringen. Wir sind stolz Teil dieses geschichtstr\u00e4chtigen Hotels sein zu d\u00fcrfen.\",\"breadcrumb\":{\"@id\":\"https:\/\/tischlerei-lanser.at\/en\/projekte\/hotel-chalets\/hotel-krone-lech\/#breadcrumb\"},\"inLanguage\":\"en-US\",\"potentialAction\":[{\"@type\":\"ReadAction\",\"target\":[[\"https:\/\/tischlerei-lanser.at\/en\/projekte\/hotel-chalets\/hotel-krone-lech\/\"]]}]},{\"@type\":\"BreadcrumbList\",\"@id\":\"https:\/\/tischlerei-lanser.at\/en\/projekte\/hotel-chalets\/hotel-krone-lech\/#breadcrumb\",\"itemListElement\":[{\"@type\":\"ListItem\",\"position\":1,\"name\":\"Startseite\",\"item\":\"https:\/\/tischlerei-lanser.at\/en\/\"},{\"@type\":\"ListItem\",\"position\":2,\"name\":\"Projekte\",\"item\":\"https:\/\/tischlerei-lanser.at\/en\/projekte\/\"},{\"@type\":\"ListItem\",\"position\":3,\"name\":\"Hotel &#038; Chalets\",\"item\":\"https:\/\/tischlerei-lanser.at\/en\/projekte\/hotel-chalets\/\"},{\"@type\":\"ListItem\",\"position\":4,\"name\":\"Hotel Krone Lech\"}]},{\"@type\":\"WebSite\",\"@id\":\"https:\/\/tischlerei-lanser.at\/en\/#website\",\"url\":\"https:\/\/tischlerei-lanser.at\/en\/\",\"name\":\"Tischlerei Lanser\",\"description\":\"Wo Natur erhalten wird.\",\"publisher\":{\"@id\":\"https:\/\/tischlerei-lanser.at\/en\/#organization\"},\"potentialAction\":[{\"@type\":\"SearchAction\",\"target\":{\"@type\":\"EntryPoint\",\"urlTemplate\":\"https:\/\/tischlerei-lanser.at\/en\/?s={search_term_string}\"},\"query-input\":\"required name=search_term_string\"}],\"inLanguage\":\"en-US\"},{\"@type\":\"Organization\",\"@id\":\"https:\/\/tischlerei-lanser.at\/en\/#organization\",\"name\":\"Tischlerei Lanser\",\"url\":\"https:\/\/tischlerei-lanser.at\/en\/\",\"logo\":{\"@type\":\"ImageObject\",\"inLanguage\":\"en-US\",\"@id\":\"https:\/\/tischlerei-lanser.at\/en\/#\/schema\/logo\/image\/\",\"url\":\"https:\/\/tischlerei-lanser.at\/wp-content\/uploads\/Lanser_Logo_Jahreszahl.jpg\",\"contentUrl\":\"https:\/\/tischlerei-lanser.at\/wp-content\/uploads\/Lanser_Logo_Jahreszahl.jpg\",\"width\":1920,\"height\":1015,\"caption\":\"Tischlerei Lanser\"},\"image\":{\"@id\":\"https:\/\/tischlerei-lanser.at\/en\/#\/schema\/logo\/image\/\"},\"sameAs\":[\"https:\/\/www.facebook.com\/TischlereiLanser\/\",\"https:\/\/www.instagram.com\/tischlerei_lanser\/\",\"https:\/\/www.linkedin.com\/company\/10006620\"]}]}<\/script>\n<!-- \/ Yoast SEO plugin. -->","yoast_head_json":{"title":"Hotel Krone Lech &#8211; Tischlerei Lanser Projekt Hotel Krone in Lech","description":"Das geschichtstr\u00e4chtige Hotel Krone in Lech verbindet Geschichte und Tradition mit den Annehmlichkeiten der Moderne. Schon im 18. Jahrhundert war der Gasthof Krone eine beliebte Raststation f\u00fcr Reisende. Heute genie\u00dft die Krone von Lech internationalen Ruf und verw\u00f6hnt ihre G\u00e4ste mit F\u00fcnf-Sterne-Qualit\u00e4t. Von der Rezeption \u00fcber die Lounge bis hin zu den Suiten durften wir gemeinsam mit dem Bauherrn unser Tischlerhandwerk einbringen. Wir sind stolz Teil dieses geschichtstr\u00e4chtigen Hotels sein zu d\u00fcrfen.","robots":{"index":"index","follow":"follow","max-snippet":"max-snippet:-1","max-image-preview":"max-image-preview:large","max-video-preview":"max-video-preview:-1"},"canonical":"https:\/\/tischlerei-lanser.at\/en\/projekte\/hotel-chalets\/hotel-krone-lech\/","og_locale":"en_US","og_type":"article","og_title":"Hotel Krone Lech &#8211; Tischlerei Lanser Projekt Hotel Krone in Lech","og_description":"Das geschichtstr\u00e4chtige Hotel Krone in Lech verbindet Geschichte und Tradition mit den Annehmlichkeiten der Moderne. Schon im 18. Jahrhundert war der Gasthof Krone eine beliebte Raststation f\u00fcr Reisende. Heute genie\u00dft die Krone von Lech internationalen Ruf und verw\u00f6hnt ihre G\u00e4ste mit F\u00fcnf-Sterne-Qualit\u00e4t. Von der Rezeption \u00fcber die Lounge bis hin zu den Suiten durften wir gemeinsam mit dem Bauherrn unser Tischlerhandwerk einbringen. Wir sind stolz Teil dieses geschichtstr\u00e4chtigen Hotels sein zu d\u00fcrfen.","og_url":"https:\/\/tischlerei-lanser.at\/en\/projekte\/hotel-chalets\/hotel-krone-lech\/","og_site_name":"Tischlerei Lanser","article_publisher":"https:\/\/www.facebook.com\/TischlereiLanser\/","article_modified_time":"2021-03-23T09:32:33+00:00","og_image":[{"width":1920,"height":1168,"url":"https:\/\/tischlerei-lanser.at\/wp-content\/uploads\/Krone_Lech_Genuss_Restaurant_Der_Runde_Saal_Foto_Othmar_Heidegger.jpg","type":"image\/jpeg"}],"twitter_card":"summary_large_image","schema":{"@context":"https:\/\/schema.org","@graph":[{"@type":"WebPage","@id":"https:\/\/tischlerei-lanser.at\/en\/projekte\/hotel-chalets\/hotel-krone-lech\/","url":"https:\/\/tischlerei-lanser.at\/en\/projekte\/hotel-chalets\/hotel-krone-lech\/","name":"Hotel Krone Lech &#8211; Tischlerei Lanser Projekt Hotel Krone in Lech","isPartOf":{"@id":"https:\/\/tischlerei-lanser.at\/en\/#website"},"datePublished":"2020-06-09T08:54:30+00:00","dateModified":"2021-03-23T09:32:33+00:00","description":"Das geschichtstr\u00e4chtige Hotel Krone in Lech verbindet Geschichte und Tradition mit den Annehmlichkeiten der Moderne. Schon im 18. Jahrhundert war der Gasthof Krone eine beliebte Raststation f\u00fcr Reisende. Heute genie\u00dft die Krone von Lech internationalen Ruf und verw\u00f6hnt ihre G\u00e4ste mit F\u00fcnf-Sterne-Qualit\u00e4t. Von der Rezeption \u00fcber die Lounge bis hin zu den Suiten durften wir gemeinsam mit dem Bauherrn unser Tischlerhandwerk einbringen. Wir sind stolz Teil dieses geschichtstr\u00e4chtigen Hotels sein zu d\u00fcrfen.","breadcrumb":{"@id":"https:\/\/tischlerei-lanser.at\/en\/projekte\/hotel-chalets\/hotel-krone-lech\/#breadcrumb"},"inLanguage":"en-US","potentialAction":[{"@type":"ReadAction","target":[["https:\/\/tischlerei-lanser.at\/en\/projekte\/hotel-chalets\/hotel-krone-lech\/"]]}]},{"@type":"BreadcrumbList","@id":"https:\/\/tischlerei-lanser.at\/en\/projekte\/hotel-chalets\/hotel-krone-lech\/#breadcrumb","itemListElement":[{"@type":"ListItem","position":1,"name":"Startseite","item":"https:\/\/tischlerei-lanser.at\/en\/"},{"@type":"ListItem","position":2,"name":"Projekte","item":"https:\/\/tischlerei-lanser.at\/en\/projekte\/"},{"@type":"ListItem","position":3,"name":"Hotel &#038; Chalets","item":"https:\/\/tischlerei-lanser.at\/en\/projekte\/hotel-chalets\/"},{"@type":"ListItem","position":4,"name":"Hotel Krone Lech"}]},{"@type":"WebSite","@id":"https:\/\/tischlerei-lanser.at\/en\/#website","url":"https:\/\/tischlerei-lanser.at\/en\/","name":"Tischlerei Lanser","description":"Wo Natur erhalten wird.","publisher":{"@id":"https:\/\/tischlerei-lanser.at\/en\/#organization"},"potentialAction":[{"@type":"SearchAction","target":{"@type":"EntryPoint","urlTemplate":"https:\/\/tischlerei-lanser.at\/en\/?s={search_term_string}"},"query-input":"required name=search_term_string"}],"inLanguage":"en-US"},{"@type":"Organization","@id":"https:\/\/tischlerei-lanser.at\/en\/#organization","name":"Tischlerei Lanser","url":"https:\/\/tischlerei-lanser.at\/en\/","logo":{"@type":"ImageObject","inLanguage":"en-US","@id":"https:\/\/tischlerei-lanser.at\/en\/#\/schema\/logo\/image\/","url":"https:\/\/tischlerei-lanser.at\/wp-content\/uploads\/Lanser_Logo_Jahreszahl.jpg","contentUrl":"https:\/\/tischlerei-lanser.at\/wp-content\/uploads\/Lanser_Logo_Jahreszahl.jpg","width":1920,"height":1015,"caption":"Tischlerei Lanser"},"image":{"@id":"https:\/\/tischlerei-lanser.at\/en\/#\/schema\/logo\/image\/"},"sameAs":["https:\/\/www.facebook.com\/TischlereiLanser\/","https:\/\/www.instagram.com\/tischlerei_lanser\/","https:\/\/www.linkedin.com\/company\/10006620"]}]}},"_links":{"self":[{"href":"https:\/\/tischlerei-lanser.at\/en\/wp-json\/wp\/v2\/pages\/1126"}],"collection":[{"href":"https:\/\/tischlerei-lanser.at\/en\/wp-json\/wp\/v2\/pages"}],"about":[{"href":"https:\/\/tischlerei-lanser.at\/en\/wp-json\/wp\/v2\/types\/page"}],"author":[{"embeddable":true,"href":"https:\/\/tischlerei-lanser.at\/en\/wp-json\/wp\/v2\/users\/2"}],"replies":[{"embeddable":true,"href":"https:\/\/tischlerei-lanser.at\/en\/wp-json\/wp\/v2\/comments?post=1126"}],"version-history":[{"count":11,"href":"https:\/\/tischlerei-lanser.at\/en\/wp-json\/wp\/v2\/pages\/1126\/revisions"}],"predecessor-version":[{"id":2974,"href":"https:\/\/tischlerei-lanser.at\/en\/wp-json\/wp\/v2\/pages\/1126\/revisions\/2974"}],"up":[{"embeddable":true,"href":"https:\/\/tischlerei-lanser.at\/en\/wp-json\/wp\/v2\/pages\/66"}],"wp:featuredmedia":[{"embeddable":true,"href":"https:\/\/tischlerei-lanser.at\/en\/wp-json\/wp\/v2\/media\/1127"}],"wp:attachment":[{"href":"https:\/\/tischlerei-lanser.at\/en\/wp-json\/wp\/v2\/media?parent=1126"}],"curies":[{"name":"wp","href":"https:\/\/api.w.org\/{rel}","templated":true}]}}