{"id":1105,"date":"2020-06-08T14:50:39","date_gmt":"2020-06-08T12:50:39","guid":{"rendered":"https:\/\/tischlerei-lanser.at\/?page_id=1105"},"modified":"2020-08-19T12:00:53","modified_gmt":"2020-08-19T10:00:53","slug":"stube-showroom-arnbach","status":"publish","type":"page","link":"https:\/\/tischlerei-lanser.at\/en\/projekte\/stuben\/stube-showroom-arnbach\/","title":{"rendered":"Stube Showroom Arnbach"},"content":{"rendered":"","protected":false},"excerpt":{"rendered":"","protected":false},"author":2,"featured_media":1114,"parent":64,"menu_order":52,"comment_status":"closed","ping_status":"closed","template":"page-templates\/projekt.php","meta":{"_acf_changed":false,"inline_featured_image":false,"footnotes":""},"acf":[],"yoast_head":"<!-- This site is optimized with the Yoast SEO plugin v22.1 - https:\/\/yoast.com\/wordpress\/plugins\/seo\/ -->\n<title>Stube Showroom Arnbach &#8211; Tischlerei Lanser Projekt Stube Arnbach<\/title>\n<meta name=\"description\" content=\"Originalgetreuer Nachbau einer Tiroler Stube. Ausgef\u00fchrt in Fichte-Altholz geschliffen und mit Bienenwachs veredelt. Die Details im Deckenbereich werden von Hand gefertigt, um den Charme der Stube treu zu bleiben. Traditionelle Uhrenschr\u00e4nke werden von Hand geschnitzt und d\u00fcrfen als Blickfang in keiner Stube fehlen. Ein Raum der Tradition, W\u00e4rme und Gem\u00fctlichkeit ausstrahlt von der man sich im Showroom Arnbach selbst \u00fcberzeugen kann.\" \/>\n<meta name=\"robots\" content=\"index, follow, max-snippet:-1, max-image-preview:large, max-video-preview:-1\" \/>\n<link rel=\"canonical\" href=\"https:\/\/tischlerei-lanser.at\/en\/projekte\/stuben\/stube-showroom-arnbach\/\" \/>\n<meta property=\"og:locale\" content=\"en_US\" \/>\n<meta property=\"og:type\" content=\"article\" \/>\n<meta property=\"og:title\" content=\"Stube Showroom Arnbach &#8211; Tischlerei Lanser Projekt Stube Arnbach\" \/>\n<meta property=\"og:description\" content=\"Originalgetreuer Nachbau einer Tiroler Stube. Ausgef\u00fchrt in Fichte-Altholz geschliffen und mit Bienenwachs veredelt. Die Details im Deckenbereich werden von Hand gefertigt, um den Charme der Stube treu zu bleiben. Traditionelle Uhrenschr\u00e4nke werden von Hand geschnitzt und d\u00fcrfen als Blickfang in keiner Stube fehlen. Ein Raum der Tradition, W\u00e4rme und Gem\u00fctlichkeit ausstrahlt von der man sich im Showroom Arnbach selbst \u00fcberzeugen kann.\" \/>\n<meta property=\"og:url\" content=\"https:\/\/tischlerei-lanser.at\/en\/projekte\/stuben\/stube-showroom-arnbach\/\" \/>\n<meta property=\"og:site_name\" content=\"Tischlerei Lanser\" \/>\n<meta property=\"article:publisher\" content=\"https:\/\/www.facebook.com\/TischlereiLanser\/\" \/>\n<meta property=\"article:modified_time\" content=\"2020-08-19T10:00:53+00:00\" \/>\n<meta property=\"og:image\" content=\"https:\/\/tischlerei-lanser.at\/wp-content\/uploads\/130402_martinlugger_1185-1.jpg\" \/>\n\t<meta property=\"og:image:width\" content=\"1800\" \/>\n\t<meta property=\"og:image:height\" content=\"1346\" \/>\n\t<meta property=\"og:image:type\" content=\"image\/jpeg\" \/>\n<meta name=\"twitter:card\" content=\"summary_large_image\" \/>\n<script type=\"application\/ld+json\" class=\"yoast-schema-graph\">{\"@context\":\"https:\/\/schema.org\",\"@graph\":[{\"@type\":\"WebPage\",\"@id\":\"https:\/\/tischlerei-lanser.at\/en\/projekte\/stuben\/stube-showroom-arnbach\/\",\"url\":\"https:\/\/tischlerei-lanser.at\/en\/projekte\/stuben\/stube-showroom-arnbach\/\",\"name\":\"Stube Showroom Arnbach &#8211; Tischlerei Lanser Projekt Stube Arnbach\",\"isPartOf\":{\"@id\":\"https:\/\/tischlerei-lanser.at\/en\/#website\"},\"datePublished\":\"2020-06-08T12:50:39+00:00\",\"dateModified\":\"2020-08-19T10:00:53+00:00\",\"description\":\"Originalgetreuer Nachbau einer Tiroler Stube. Ausgef\u00fchrt in Fichte-Altholz geschliffen und mit Bienenwachs veredelt. Die Details im Deckenbereich werden von Hand gefertigt, um den Charme der Stube treu zu bleiben. Traditionelle Uhrenschr\u00e4nke werden von Hand geschnitzt und d\u00fcrfen als Blickfang in keiner Stube fehlen. Ein Raum der Tradition, W\u00e4rme und Gem\u00fctlichkeit ausstrahlt von der man sich im Showroom Arnbach selbst \u00fcberzeugen kann.\",\"breadcrumb\":{\"@id\":\"https:\/\/tischlerei-lanser.at\/en\/projekte\/stuben\/stube-showroom-arnbach\/#breadcrumb\"},\"inLanguage\":\"en-US\",\"potentialAction\":[{\"@type\":\"ReadAction\",\"target\":[[\"https:\/\/tischlerei-lanser.at\/en\/projekte\/stuben\/stube-showroom-arnbach\/\"]]}]},{\"@type\":\"BreadcrumbList\",\"@id\":\"https:\/\/tischlerei-lanser.at\/en\/projekte\/stuben\/stube-showroom-arnbach\/#breadcrumb\",\"itemListElement\":[{\"@type\":\"ListItem\",\"position\":1,\"name\":\"Startseite\",\"item\":\"https:\/\/tischlerei-lanser.at\/en\/\"},{\"@type\":\"ListItem\",\"position\":2,\"name\":\"Projekte\",\"item\":\"https:\/\/tischlerei-lanser.at\/en\/projekte\/\"},{\"@type\":\"ListItem\",\"position\":3,\"name\":\"Stuben\",\"item\":\"https:\/\/tischlerei-lanser.at\/en\/projekte\/stuben\/\"},{\"@type\":\"ListItem\",\"position\":4,\"name\":\"Stube Showroom Arnbach\"}]},{\"@type\":\"WebSite\",\"@id\":\"https:\/\/tischlerei-lanser.at\/en\/#website\",\"url\":\"https:\/\/tischlerei-lanser.at\/en\/\",\"name\":\"Tischlerei Lanser\",\"description\":\"Wo Natur erhalten wird.\",\"publisher\":{\"@id\":\"https:\/\/tischlerei-lanser.at\/en\/#organization\"},\"potentialAction\":[{\"@type\":\"SearchAction\",\"target\":{\"@type\":\"EntryPoint\",\"urlTemplate\":\"https:\/\/tischlerei-lanser.at\/en\/?s={search_term_string}\"},\"query-input\":\"required name=search_term_string\"}],\"inLanguage\":\"en-US\"},{\"@type\":\"Organization\",\"@id\":\"https:\/\/tischlerei-lanser.at\/en\/#organization\",\"name\":\"Tischlerei Lanser\",\"url\":\"https:\/\/tischlerei-lanser.at\/en\/\",\"logo\":{\"@type\":\"ImageObject\",\"inLanguage\":\"en-US\",\"@id\":\"https:\/\/tischlerei-lanser.at\/en\/#\/schema\/logo\/image\/\",\"url\":\"https:\/\/tischlerei-lanser.at\/wp-content\/uploads\/Lanser_Logo_Jahreszahl.jpg\",\"contentUrl\":\"https:\/\/tischlerei-lanser.at\/wp-content\/uploads\/Lanser_Logo_Jahreszahl.jpg\",\"width\":1920,\"height\":1015,\"caption\":\"Tischlerei Lanser\"},\"image\":{\"@id\":\"https:\/\/tischlerei-lanser.at\/en\/#\/schema\/logo\/image\/\"},\"sameAs\":[\"https:\/\/www.facebook.com\/TischlereiLanser\/\",\"https:\/\/www.instagram.com\/tischlerei_lanser\/\",\"https:\/\/www.linkedin.com\/company\/10006620\"]}]}<\/script>\n<!-- \/ Yoast SEO plugin. -->","yoast_head_json":{"title":"Stube Showroom Arnbach &#8211; Tischlerei Lanser Projekt Stube Arnbach","description":"Originalgetreuer Nachbau einer Tiroler Stube. Ausgef\u00fchrt in Fichte-Altholz geschliffen und mit Bienenwachs veredelt. Die Details im Deckenbereich werden von Hand gefertigt, um den Charme der Stube treu zu bleiben. Traditionelle Uhrenschr\u00e4nke werden von Hand geschnitzt und d\u00fcrfen als Blickfang in keiner Stube fehlen. Ein Raum der Tradition, W\u00e4rme und Gem\u00fctlichkeit ausstrahlt von der man sich im Showroom Arnbach selbst \u00fcberzeugen kann.","robots":{"index":"index","follow":"follow","max-snippet":"max-snippet:-1","max-image-preview":"max-image-preview:large","max-video-preview":"max-video-preview:-1"},"canonical":"https:\/\/tischlerei-lanser.at\/en\/projekte\/stuben\/stube-showroom-arnbach\/","og_locale":"en_US","og_type":"article","og_title":"Stube Showroom Arnbach &#8211; Tischlerei Lanser Projekt Stube Arnbach","og_description":"Originalgetreuer Nachbau einer Tiroler Stube. Ausgef\u00fchrt in Fichte-Altholz geschliffen und mit Bienenwachs veredelt. Die Details im Deckenbereich werden von Hand gefertigt, um den Charme der Stube treu zu bleiben. Traditionelle Uhrenschr\u00e4nke werden von Hand geschnitzt und d\u00fcrfen als Blickfang in keiner Stube fehlen. Ein Raum der Tradition, W\u00e4rme und Gem\u00fctlichkeit ausstrahlt von der man sich im Showroom Arnbach selbst \u00fcberzeugen kann.","og_url":"https:\/\/tischlerei-lanser.at\/en\/projekte\/stuben\/stube-showroom-arnbach\/","og_site_name":"Tischlerei Lanser","article_publisher":"https:\/\/www.facebook.com\/TischlereiLanser\/","article_modified_time":"2020-08-19T10:00:53+00:00","og_image":[{"width":1800,"height":1346,"url":"https:\/\/tischlerei-lanser.at\/wp-content\/uploads\/130402_martinlugger_1185-1.jpg","type":"image\/jpeg"}],"twitter_card":"summary_large_image","schema":{"@context":"https:\/\/schema.org","@graph":[{"@type":"WebPage","@id":"https:\/\/tischlerei-lanser.at\/en\/projekte\/stuben\/stube-showroom-arnbach\/","url":"https:\/\/tischlerei-lanser.at\/en\/projekte\/stuben\/stube-showroom-arnbach\/","name":"Stube Showroom Arnbach &#8211; Tischlerei Lanser Projekt Stube Arnbach","isPartOf":{"@id":"https:\/\/tischlerei-lanser.at\/en\/#website"},"datePublished":"2020-06-08T12:50:39+00:00","dateModified":"2020-08-19T10:00:53+00:00","description":"Originalgetreuer Nachbau einer Tiroler Stube. Ausgef\u00fchrt in Fichte-Altholz geschliffen und mit Bienenwachs veredelt. Die Details im Deckenbereich werden von Hand gefertigt, um den Charme der Stube treu zu bleiben. Traditionelle Uhrenschr\u00e4nke werden von Hand geschnitzt und d\u00fcrfen als Blickfang in keiner Stube fehlen. Ein Raum der Tradition, W\u00e4rme und Gem\u00fctlichkeit ausstrahlt von der man sich im Showroom Arnbach selbst \u00fcberzeugen kann.","breadcrumb":{"@id":"https:\/\/tischlerei-lanser.at\/en\/projekte\/stuben\/stube-showroom-arnbach\/#breadcrumb"},"inLanguage":"en-US","potentialAction":[{"@type":"ReadAction","target":[["https:\/\/tischlerei-lanser.at\/en\/projekte\/stuben\/stube-showroom-arnbach\/"]]}]},{"@type":"BreadcrumbList","@id":"https:\/\/tischlerei-lanser.at\/en\/projekte\/stuben\/stube-showroom-arnbach\/#breadcrumb","itemListElement":[{"@type":"ListItem","position":1,"name":"Startseite","item":"https:\/\/tischlerei-lanser.at\/en\/"},{"@type":"ListItem","position":2,"name":"Projekte","item":"https:\/\/tischlerei-lanser.at\/en\/projekte\/"},{"@type":"ListItem","position":3,"name":"Stuben","item":"https:\/\/tischlerei-lanser.at\/en\/projekte\/stuben\/"},{"@type":"ListItem","position":4,"name":"Stube Showroom Arnbach"}]},{"@type":"WebSite","@id":"https:\/\/tischlerei-lanser.at\/en\/#website","url":"https:\/\/tischlerei-lanser.at\/en\/","name":"Tischlerei Lanser","description":"Wo Natur erhalten wird.","publisher":{"@id":"https:\/\/tischlerei-lanser.at\/en\/#organization"},"potentialAction":[{"@type":"SearchAction","target":{"@type":"EntryPoint","urlTemplate":"https:\/\/tischlerei-lanser.at\/en\/?s={search_term_string}"},"query-input":"required name=search_term_string"}],"inLanguage":"en-US"},{"@type":"Organization","@id":"https:\/\/tischlerei-lanser.at\/en\/#organization","name":"Tischlerei Lanser","url":"https:\/\/tischlerei-lanser.at\/en\/","logo":{"@type":"ImageObject","inLanguage":"en-US","@id":"https:\/\/tischlerei-lanser.at\/en\/#\/schema\/logo\/image\/","url":"https:\/\/tischlerei-lanser.at\/wp-content\/uploads\/Lanser_Logo_Jahreszahl.jpg","contentUrl":"https:\/\/tischlerei-lanser.at\/wp-content\/uploads\/Lanser_Logo_Jahreszahl.jpg","width":1920,"height":1015,"caption":"Tischlerei Lanser"},"image":{"@id":"https:\/\/tischlerei-lanser.at\/en\/#\/schema\/logo\/image\/"},"sameAs":["https:\/\/www.facebook.com\/TischlereiLanser\/","https:\/\/www.instagram.com\/tischlerei_lanser\/","https:\/\/www.linkedin.com\/company\/10006620"]}]}},"_links":{"self":[{"href":"https:\/\/tischlerei-lanser.at\/en\/wp-json\/wp\/v2\/pages\/1105"}],"collection":[{"href":"https:\/\/tischlerei-lanser.at\/en\/wp-json\/wp\/v2\/pages"}],"about":[{"href":"https:\/\/tischlerei-lanser.at\/en\/wp-json\/wp\/v2\/types\/page"}],"author":[{"embeddable":true,"href":"https:\/\/tischlerei-lanser.at\/en\/wp-json\/wp\/v2\/users\/2"}],"replies":[{"embeddable":true,"href":"https:\/\/tischlerei-lanser.at\/en\/wp-json\/wp\/v2\/comments?post=1105"}],"version-history":[{"count":8,"href":"https:\/\/tischlerei-lanser.at\/en\/wp-json\/wp\/v2\/pages\/1105\/revisions"}],"predecessor-version":[{"id":2311,"href":"https:\/\/tischlerei-lanser.at\/en\/wp-json\/wp\/v2\/pages\/1105\/revisions\/2311"}],"up":[{"embeddable":true,"href":"https:\/\/tischlerei-lanser.at\/en\/wp-json\/wp\/v2\/pages\/64"}],"wp:featuredmedia":[{"embeddable":true,"href":"https:\/\/tischlerei-lanser.at\/en\/wp-json\/wp\/v2\/media\/1114"}],"wp:attachment":[{"href":"https:\/\/tischlerei-lanser.at\/en\/wp-json\/wp\/v2\/media?parent=1105"}],"curies":[{"name":"wp","href":"https:\/\/api.w.org\/{rel}","templated":true}]}}