{"id":1078,"date":"2020-06-08T14:29:51","date_gmt":"2020-06-08T12:29:51","guid":{"rendered":"https:\/\/tischlerei-lanser.at\/?page_id=1078"},"modified":"2021-02-10T15:39:27","modified_gmt":"2021-02-10T14:39:27","slug":"familie-o","status":"publish","type":"page","link":"https:\/\/tischlerei-lanser.at\/en\/projekte\/stuben\/familie-o\/","title":{"rendered":"Stube Familie O"},"content":{"rendered":"","protected":false},"excerpt":{"rendered":"","protected":false},"author":2,"featured_media":1089,"parent":64,"menu_order":50,"comment_status":"closed","ping_status":"closed","template":"page-templates\/projekt.php","meta":{"_acf_changed":false,"inline_featured_image":false,"footnotes":""},"acf":[],"yoast_head":"<!-- This site is optimized with the Yoast SEO plugin v22.1 - https:\/\/yoast.com\/wordpress\/plugins\/seo\/ -->\n<title>Stube Familie O &#8211; Tischlerei Lanser Projekt Stube Familie O<\/title>\n<meta name=\"description\" content=\"Stuben erz\u00e4hlen, Stuben haben Tradition, Stuben sind Sch\u00e4tze, die wir mit viel Liebe zum Detail und Fachwissen restaurieren. Das gesamte Altholz wurde wiederverwendet, um den Charakter des Raumes zu erhalten. Die Gegen\u00fcberstellung von urspr\u00fcnglichen und aktuellen Fotos belegt, das &quot;Altes&quot; mit Handwerk zu neuem Leben erweckt werden kann. Kein anderer Raum als die Stube beinhaltet so viele Erinnerungen. Unsere Wertsch\u00e4tzung f\u00fcr diese famili\u00e4ren Erinnerungen verpflichtet uns diese zu erhalten.\" \/>\n<meta name=\"robots\" content=\"index, follow, max-snippet:-1, max-image-preview:large, max-video-preview:-1\" \/>\n<link rel=\"canonical\" href=\"https:\/\/tischlerei-lanser.at\/en\/projekte\/stuben\/familie-o\/\" \/>\n<meta property=\"og:locale\" content=\"en_US\" \/>\n<meta property=\"og:type\" content=\"article\" \/>\n<meta property=\"og:title\" content=\"Stube Familie O &#8211; Tischlerei Lanser Projekt Stube Familie O\" \/>\n<meta property=\"og:description\" content=\"Stuben erz\u00e4hlen, Stuben haben Tradition, Stuben sind Sch\u00e4tze, die wir mit viel Liebe zum Detail und Fachwissen restaurieren. Das gesamte Altholz wurde wiederverwendet, um den Charakter des Raumes zu erhalten. Die Gegen\u00fcberstellung von urspr\u00fcnglichen und aktuellen Fotos belegt, das &quot;Altes&quot; mit Handwerk zu neuem Leben erweckt werden kann. Kein anderer Raum als die Stube beinhaltet so viele Erinnerungen. Unsere Wertsch\u00e4tzung f\u00fcr diese famili\u00e4ren Erinnerungen verpflichtet uns diese zu erhalten.\" \/>\n<meta property=\"og:url\" content=\"https:\/\/tischlerei-lanser.at\/en\/projekte\/stuben\/familie-o\/\" \/>\n<meta property=\"og:site_name\" content=\"Tischlerei Lanser\" \/>\n<meta property=\"article:publisher\" content=\"https:\/\/www.facebook.com\/TischlereiLanser\/\" \/>\n<meta property=\"article:modified_time\" content=\"2021-02-10T14:39:27+00:00\" \/>\n<meta property=\"og:image\" content=\"https:\/\/tischlerei-lanser.at\/wp-content\/uploads\/2013-01-24_martinlugger_0372-1.jpg\" \/>\n\t<meta property=\"og:image:width\" content=\"1920\" \/>\n\t<meta property=\"og:image:height\" content=\"1440\" \/>\n\t<meta property=\"og:image:type\" content=\"image\/jpeg\" \/>\n<meta name=\"twitter:card\" content=\"summary_large_image\" \/>\n<script type=\"application\/ld+json\" class=\"yoast-schema-graph\">{\"@context\":\"https:\/\/schema.org\",\"@graph\":[{\"@type\":\"WebPage\",\"@id\":\"https:\/\/tischlerei-lanser.at\/en\/projekte\/stuben\/familie-o\/\",\"url\":\"https:\/\/tischlerei-lanser.at\/en\/projekte\/stuben\/familie-o\/\",\"name\":\"Stube Familie O &#8211; Tischlerei Lanser Projekt Stube Familie O\",\"isPartOf\":{\"@id\":\"https:\/\/tischlerei-lanser.at\/en\/#website\"},\"datePublished\":\"2020-06-08T12:29:51+00:00\",\"dateModified\":\"2021-02-10T14:39:27+00:00\",\"description\":\"Stuben erz\u00e4hlen, Stuben haben Tradition, Stuben sind Sch\u00e4tze, die wir mit viel Liebe zum Detail und Fachwissen restaurieren. Das gesamte Altholz wurde wiederverwendet, um den Charakter des Raumes zu erhalten. Die Gegen\u00fcberstellung von urspr\u00fcnglichen und aktuellen Fotos belegt, das \\\"Altes\\\" mit Handwerk zu neuem Leben erweckt werden kann. Kein anderer Raum als die Stube beinhaltet so viele Erinnerungen. Unsere Wertsch\u00e4tzung f\u00fcr diese famili\u00e4ren Erinnerungen verpflichtet uns diese zu erhalten.\",\"breadcrumb\":{\"@id\":\"https:\/\/tischlerei-lanser.at\/en\/projekte\/stuben\/familie-o\/#breadcrumb\"},\"inLanguage\":\"en-US\",\"potentialAction\":[{\"@type\":\"ReadAction\",\"target\":[[\"https:\/\/tischlerei-lanser.at\/en\/projekte\/stuben\/familie-o\/\"]]}]},{\"@type\":\"BreadcrumbList\",\"@id\":\"https:\/\/tischlerei-lanser.at\/en\/projekte\/stuben\/familie-o\/#breadcrumb\",\"itemListElement\":[{\"@type\":\"ListItem\",\"position\":1,\"name\":\"Startseite\",\"item\":\"https:\/\/tischlerei-lanser.at\/en\/\"},{\"@type\":\"ListItem\",\"position\":2,\"name\":\"Projekte\",\"item\":\"https:\/\/tischlerei-lanser.at\/en\/projekte\/\"},{\"@type\":\"ListItem\",\"position\":3,\"name\":\"Stuben\",\"item\":\"https:\/\/tischlerei-lanser.at\/en\/projekte\/stuben\/\"},{\"@type\":\"ListItem\",\"position\":4,\"name\":\"Stube Familie O\"}]},{\"@type\":\"WebSite\",\"@id\":\"https:\/\/tischlerei-lanser.at\/en\/#website\",\"url\":\"https:\/\/tischlerei-lanser.at\/en\/\",\"name\":\"Tischlerei Lanser\",\"description\":\"Wo Natur erhalten wird.\",\"publisher\":{\"@id\":\"https:\/\/tischlerei-lanser.at\/en\/#organization\"},\"potentialAction\":[{\"@type\":\"SearchAction\",\"target\":{\"@type\":\"EntryPoint\",\"urlTemplate\":\"https:\/\/tischlerei-lanser.at\/en\/?s={search_term_string}\"},\"query-input\":\"required name=search_term_string\"}],\"inLanguage\":\"en-US\"},{\"@type\":\"Organization\",\"@id\":\"https:\/\/tischlerei-lanser.at\/en\/#organization\",\"name\":\"Tischlerei Lanser\",\"url\":\"https:\/\/tischlerei-lanser.at\/en\/\",\"logo\":{\"@type\":\"ImageObject\",\"inLanguage\":\"en-US\",\"@id\":\"https:\/\/tischlerei-lanser.at\/en\/#\/schema\/logo\/image\/\",\"url\":\"https:\/\/tischlerei-lanser.at\/wp-content\/uploads\/Lanser_Logo_Jahreszahl.jpg\",\"contentUrl\":\"https:\/\/tischlerei-lanser.at\/wp-content\/uploads\/Lanser_Logo_Jahreszahl.jpg\",\"width\":1920,\"height\":1015,\"caption\":\"Tischlerei Lanser\"},\"image\":{\"@id\":\"https:\/\/tischlerei-lanser.at\/en\/#\/schema\/logo\/image\/\"},\"sameAs\":[\"https:\/\/www.facebook.com\/TischlereiLanser\/\",\"https:\/\/www.instagram.com\/tischlerei_lanser\/\",\"https:\/\/www.linkedin.com\/company\/10006620\"]}]}<\/script>\n<!-- \/ Yoast SEO plugin. -->","yoast_head_json":{"title":"Stube Familie O &#8211; Tischlerei Lanser Projekt Stube Familie O","description":"Stuben erz\u00e4hlen, Stuben haben Tradition, Stuben sind Sch\u00e4tze, die wir mit viel Liebe zum Detail und Fachwissen restaurieren. Das gesamte Altholz wurde wiederverwendet, um den Charakter des Raumes zu erhalten. Die Gegen\u00fcberstellung von urspr\u00fcnglichen und aktuellen Fotos belegt, das \"Altes\" mit Handwerk zu neuem Leben erweckt werden kann. Kein anderer Raum als die Stube beinhaltet so viele Erinnerungen. Unsere Wertsch\u00e4tzung f\u00fcr diese famili\u00e4ren Erinnerungen verpflichtet uns diese zu erhalten.","robots":{"index":"index","follow":"follow","max-snippet":"max-snippet:-1","max-image-preview":"max-image-preview:large","max-video-preview":"max-video-preview:-1"},"canonical":"https:\/\/tischlerei-lanser.at\/en\/projekte\/stuben\/familie-o\/","og_locale":"en_US","og_type":"article","og_title":"Stube Familie O &#8211; Tischlerei Lanser Projekt Stube Familie O","og_description":"Stuben erz\u00e4hlen, Stuben haben Tradition, Stuben sind Sch\u00e4tze, die wir mit viel Liebe zum Detail und Fachwissen restaurieren. Das gesamte Altholz wurde wiederverwendet, um den Charakter des Raumes zu erhalten. Die Gegen\u00fcberstellung von urspr\u00fcnglichen und aktuellen Fotos belegt, das \"Altes\" mit Handwerk zu neuem Leben erweckt werden kann. Kein anderer Raum als die Stube beinhaltet so viele Erinnerungen. Unsere Wertsch\u00e4tzung f\u00fcr diese famili\u00e4ren Erinnerungen verpflichtet uns diese zu erhalten.","og_url":"https:\/\/tischlerei-lanser.at\/en\/projekte\/stuben\/familie-o\/","og_site_name":"Tischlerei Lanser","article_publisher":"https:\/\/www.facebook.com\/TischlereiLanser\/","article_modified_time":"2021-02-10T14:39:27+00:00","og_image":[{"width":1920,"height":1440,"url":"https:\/\/tischlerei-lanser.at\/wp-content\/uploads\/2013-01-24_martinlugger_0372-1.jpg","type":"image\/jpeg"}],"twitter_card":"summary_large_image","schema":{"@context":"https:\/\/schema.org","@graph":[{"@type":"WebPage","@id":"https:\/\/tischlerei-lanser.at\/en\/projekte\/stuben\/familie-o\/","url":"https:\/\/tischlerei-lanser.at\/en\/projekte\/stuben\/familie-o\/","name":"Stube Familie O &#8211; Tischlerei Lanser Projekt Stube Familie O","isPartOf":{"@id":"https:\/\/tischlerei-lanser.at\/en\/#website"},"datePublished":"2020-06-08T12:29:51+00:00","dateModified":"2021-02-10T14:39:27+00:00","description":"Stuben erz\u00e4hlen, Stuben haben Tradition, Stuben sind Sch\u00e4tze, die wir mit viel Liebe zum Detail und Fachwissen restaurieren. Das gesamte Altholz wurde wiederverwendet, um den Charakter des Raumes zu erhalten. Die Gegen\u00fcberstellung von urspr\u00fcnglichen und aktuellen Fotos belegt, das \"Altes\" mit Handwerk zu neuem Leben erweckt werden kann. Kein anderer Raum als die Stube beinhaltet so viele Erinnerungen. Unsere Wertsch\u00e4tzung f\u00fcr diese famili\u00e4ren Erinnerungen verpflichtet uns diese zu erhalten.","breadcrumb":{"@id":"https:\/\/tischlerei-lanser.at\/en\/projekte\/stuben\/familie-o\/#breadcrumb"},"inLanguage":"en-US","potentialAction":[{"@type":"ReadAction","target":[["https:\/\/tischlerei-lanser.at\/en\/projekte\/stuben\/familie-o\/"]]}]},{"@type":"BreadcrumbList","@id":"https:\/\/tischlerei-lanser.at\/en\/projekte\/stuben\/familie-o\/#breadcrumb","itemListElement":[{"@type":"ListItem","position":1,"name":"Startseite","item":"https:\/\/tischlerei-lanser.at\/en\/"},{"@type":"ListItem","position":2,"name":"Projekte","item":"https:\/\/tischlerei-lanser.at\/en\/projekte\/"},{"@type":"ListItem","position":3,"name":"Stuben","item":"https:\/\/tischlerei-lanser.at\/en\/projekte\/stuben\/"},{"@type":"ListItem","position":4,"name":"Stube Familie O"}]},{"@type":"WebSite","@id":"https:\/\/tischlerei-lanser.at\/en\/#website","url":"https:\/\/tischlerei-lanser.at\/en\/","name":"Tischlerei Lanser","description":"Wo Natur erhalten wird.","publisher":{"@id":"https:\/\/tischlerei-lanser.at\/en\/#organization"},"potentialAction":[{"@type":"SearchAction","target":{"@type":"EntryPoint","urlTemplate":"https:\/\/tischlerei-lanser.at\/en\/?s={search_term_string}"},"query-input":"required name=search_term_string"}],"inLanguage":"en-US"},{"@type":"Organization","@id":"https:\/\/tischlerei-lanser.at\/en\/#organization","name":"Tischlerei Lanser","url":"https:\/\/tischlerei-lanser.at\/en\/","logo":{"@type":"ImageObject","inLanguage":"en-US","@id":"https:\/\/tischlerei-lanser.at\/en\/#\/schema\/logo\/image\/","url":"https:\/\/tischlerei-lanser.at\/wp-content\/uploads\/Lanser_Logo_Jahreszahl.jpg","contentUrl":"https:\/\/tischlerei-lanser.at\/wp-content\/uploads\/Lanser_Logo_Jahreszahl.jpg","width":1920,"height":1015,"caption":"Tischlerei Lanser"},"image":{"@id":"https:\/\/tischlerei-lanser.at\/en\/#\/schema\/logo\/image\/"},"sameAs":["https:\/\/www.facebook.com\/TischlereiLanser\/","https:\/\/www.instagram.com\/tischlerei_lanser\/","https:\/\/www.linkedin.com\/company\/10006620"]}]}},"_links":{"self":[{"href":"https:\/\/tischlerei-lanser.at\/en\/wp-json\/wp\/v2\/pages\/1078"}],"collection":[{"href":"https:\/\/tischlerei-lanser.at\/en\/wp-json\/wp\/v2\/pages"}],"about":[{"href":"https:\/\/tischlerei-lanser.at\/en\/wp-json\/wp\/v2\/types\/page"}],"author":[{"embeddable":true,"href":"https:\/\/tischlerei-lanser.at\/en\/wp-json\/wp\/v2\/users\/2"}],"replies":[{"embeddable":true,"href":"https:\/\/tischlerei-lanser.at\/en\/wp-json\/wp\/v2\/comments?post=1078"}],"version-history":[{"count":14,"href":"https:\/\/tischlerei-lanser.at\/en\/wp-json\/wp\/v2\/pages\/1078\/revisions"}],"predecessor-version":[{"id":2788,"href":"https:\/\/tischlerei-lanser.at\/en\/wp-json\/wp\/v2\/pages\/1078\/revisions\/2788"}],"up":[{"embeddable":true,"href":"https:\/\/tischlerei-lanser.at\/en\/wp-json\/wp\/v2\/pages\/64"}],"wp:featuredmedia":[{"embeddable":true,"href":"https:\/\/tischlerei-lanser.at\/en\/wp-json\/wp\/v2\/media\/1089"}],"wp:attachment":[{"href":"https:\/\/tischlerei-lanser.at\/en\/wp-json\/wp\/v2\/media?parent=1078"}],"curies":[{"name":"wp","href":"https:\/\/api.w.org\/{rel}","templated":true}]}}