{"id":1069,"date":"2020-06-08T14:05:32","date_gmt":"2020-06-08T12:05:32","guid":{"rendered":"https:\/\/tischlerei-lanser.at\/?page_id=1069"},"modified":"2023-08-31T09:36:38","modified_gmt":"2023-08-31T07:36:38","slug":"bruggerhof","status":"publish","type":"page","link":"https:\/\/tischlerei-lanser.at\/en\/projekte\/stuben\/bruggerhof\/","title":{"rendered":"Stube Bruggerhof"},"content":{"rendered":"","protected":false},"excerpt":{"rendered":"","protected":false},"author":2,"featured_media":1074,"parent":64,"menu_order":53,"comment_status":"closed","ping_status":"closed","template":"page-templates\/projekt.php","meta":{"_acf_changed":false,"inline_featured_image":false,"footnotes":""},"acf":[],"yoast_head":"<!-- This site is optimized with the Yoast SEO plugin v22.1 - https:\/\/yoast.com\/wordpress\/plugins\/seo\/ -->\n<title>Stube Bruggerhof &#8211; Tischlerei Lanser Projekt Stube Bruggerhof<\/title>\n<meta name=\"description\" content=\"Stuben erz\u00e4hlen, Stuben haben Tradition, Stuben sind Sch\u00e4tze. Kein anderer Raum im Haus beinhaltet so viele Erinnerungen. Generationen von Familien erlebten hier Momente, die bis heute pr\u00e4gend sind. Von der Planung bis zum Einbau erhalten wir das, was die Zeit uns vorgegeben hat: Gem\u00fctlichkeit, W\u00e4rme und Ausstrahlung. Dabei ist es egal, ob sich die Stube in privaten Wohnh\u00e4usern befindet oder es sich um eine Gaststube handelt - Geschichten zu erz\u00e4hlen haben sie alle.\" \/>\n<meta name=\"robots\" content=\"index, follow, max-snippet:-1, max-image-preview:large, max-video-preview:-1\" \/>\n<link rel=\"canonical\" href=\"https:\/\/tischlerei-lanser.at\/en\/projekte\/stuben\/bruggerhof\/\" \/>\n<meta property=\"og:locale\" content=\"en_US\" \/>\n<meta property=\"og:type\" content=\"article\" \/>\n<meta property=\"og:title\" content=\"Stube Bruggerhof &#8211; Tischlerei Lanser Projekt Stube Bruggerhof\" \/>\n<meta property=\"og:description\" content=\"Stuben erz\u00e4hlen, Stuben haben Tradition, Stuben sind Sch\u00e4tze. Kein anderer Raum im Haus beinhaltet so viele Erinnerungen. Generationen von Familien erlebten hier Momente, die bis heute pr\u00e4gend sind. Von der Planung bis zum Einbau erhalten wir das, was die Zeit uns vorgegeben hat: Gem\u00fctlichkeit, W\u00e4rme und Ausstrahlung. Dabei ist es egal, ob sich die Stube in privaten Wohnh\u00e4usern befindet oder es sich um eine Gaststube handelt - Geschichten zu erz\u00e4hlen haben sie alle.\" \/>\n<meta property=\"og:url\" content=\"https:\/\/tischlerei-lanser.at\/en\/projekte\/stuben\/bruggerhof\/\" \/>\n<meta property=\"og:site_name\" content=\"Tischlerei Lanser\" \/>\n<meta property=\"article:publisher\" content=\"https:\/\/www.facebook.com\/TischlereiLanser\/\" \/>\n<meta property=\"article:modified_time\" content=\"2023-08-31T07:36:38+00:00\" \/>\n<meta property=\"og:image\" content=\"https:\/\/tischlerei-lanser.at\/wp-content\/uploads\/170601_martinlugger_lanser_bruggerhof_0177n.jpg\" \/>\n\t<meta property=\"og:image:width\" content=\"1920\" \/>\n\t<meta property=\"og:image:height\" content=\"1440\" \/>\n\t<meta property=\"og:image:type\" content=\"image\/jpeg\" \/>\n<meta name=\"twitter:card\" content=\"summary_large_image\" \/>\n<script type=\"application\/ld+json\" class=\"yoast-schema-graph\">{\"@context\":\"https:\/\/schema.org\",\"@graph\":[{\"@type\":\"WebPage\",\"@id\":\"https:\/\/tischlerei-lanser.at\/en\/projekte\/stuben\/bruggerhof\/\",\"url\":\"https:\/\/tischlerei-lanser.at\/en\/projekte\/stuben\/bruggerhof\/\",\"name\":\"Stube Bruggerhof &#8211; Tischlerei Lanser Projekt Stube Bruggerhof\",\"isPartOf\":{\"@id\":\"https:\/\/tischlerei-lanser.at\/en\/#website\"},\"datePublished\":\"2020-06-08T12:05:32+00:00\",\"dateModified\":\"2023-08-31T07:36:38+00:00\",\"description\":\"Stuben erz\u00e4hlen, Stuben haben Tradition, Stuben sind Sch\u00e4tze. Kein anderer Raum im Haus beinhaltet so viele Erinnerungen. Generationen von Familien erlebten hier Momente, die bis heute pr\u00e4gend sind. Von der Planung bis zum Einbau erhalten wir das, was die Zeit uns vorgegeben hat: Gem\u00fctlichkeit, W\u00e4rme und Ausstrahlung. Dabei ist es egal, ob sich die Stube in privaten Wohnh\u00e4usern befindet oder es sich um eine Gaststube handelt - Geschichten zu erz\u00e4hlen haben sie alle.\",\"breadcrumb\":{\"@id\":\"https:\/\/tischlerei-lanser.at\/en\/projekte\/stuben\/bruggerhof\/#breadcrumb\"},\"inLanguage\":\"en-US\",\"potentialAction\":[{\"@type\":\"ReadAction\",\"target\":[[\"https:\/\/tischlerei-lanser.at\/en\/projekte\/stuben\/bruggerhof\/\"]]}]},{\"@type\":\"BreadcrumbList\",\"@id\":\"https:\/\/tischlerei-lanser.at\/en\/projekte\/stuben\/bruggerhof\/#breadcrumb\",\"itemListElement\":[{\"@type\":\"ListItem\",\"position\":1,\"name\":\"Startseite\",\"item\":\"https:\/\/tischlerei-lanser.at\/en\/\"},{\"@type\":\"ListItem\",\"position\":2,\"name\":\"Projekte\",\"item\":\"https:\/\/tischlerei-lanser.at\/en\/projekte\/\"},{\"@type\":\"ListItem\",\"position\":3,\"name\":\"Stuben\",\"item\":\"https:\/\/tischlerei-lanser.at\/en\/projekte\/stuben\/\"},{\"@type\":\"ListItem\",\"position\":4,\"name\":\"Stube Bruggerhof\"}]},{\"@type\":\"WebSite\",\"@id\":\"https:\/\/tischlerei-lanser.at\/en\/#website\",\"url\":\"https:\/\/tischlerei-lanser.at\/en\/\",\"name\":\"Tischlerei Lanser\",\"description\":\"Wo Natur erhalten wird.\",\"publisher\":{\"@id\":\"https:\/\/tischlerei-lanser.at\/en\/#organization\"},\"potentialAction\":[{\"@type\":\"SearchAction\",\"target\":{\"@type\":\"EntryPoint\",\"urlTemplate\":\"https:\/\/tischlerei-lanser.at\/en\/?s={search_term_string}\"},\"query-input\":\"required name=search_term_string\"}],\"inLanguage\":\"en-US\"},{\"@type\":\"Organization\",\"@id\":\"https:\/\/tischlerei-lanser.at\/en\/#organization\",\"name\":\"Tischlerei Lanser\",\"url\":\"https:\/\/tischlerei-lanser.at\/en\/\",\"logo\":{\"@type\":\"ImageObject\",\"inLanguage\":\"en-US\",\"@id\":\"https:\/\/tischlerei-lanser.at\/en\/#\/schema\/logo\/image\/\",\"url\":\"https:\/\/tischlerei-lanser.at\/wp-content\/uploads\/Lanser_Logo_Jahreszahl.jpg\",\"contentUrl\":\"https:\/\/tischlerei-lanser.at\/wp-content\/uploads\/Lanser_Logo_Jahreszahl.jpg\",\"width\":1920,\"height\":1015,\"caption\":\"Tischlerei Lanser\"},\"image\":{\"@id\":\"https:\/\/tischlerei-lanser.at\/en\/#\/schema\/logo\/image\/\"},\"sameAs\":[\"https:\/\/www.facebook.com\/TischlereiLanser\/\",\"https:\/\/www.instagram.com\/tischlerei_lanser\/\",\"https:\/\/www.linkedin.com\/company\/10006620\"]}]}<\/script>\n<!-- \/ Yoast SEO plugin. -->","yoast_head_json":{"title":"Stube Bruggerhof &#8211; Tischlerei Lanser Projekt Stube Bruggerhof","description":"Stuben erz\u00e4hlen, Stuben haben Tradition, Stuben sind Sch\u00e4tze. Kein anderer Raum im Haus beinhaltet so viele Erinnerungen. Generationen von Familien erlebten hier Momente, die bis heute pr\u00e4gend sind. Von der Planung bis zum Einbau erhalten wir das, was die Zeit uns vorgegeben hat: Gem\u00fctlichkeit, W\u00e4rme und Ausstrahlung. Dabei ist es egal, ob sich die Stube in privaten Wohnh\u00e4usern befindet oder es sich um eine Gaststube handelt - Geschichten zu erz\u00e4hlen haben sie alle.","robots":{"index":"index","follow":"follow","max-snippet":"max-snippet:-1","max-image-preview":"max-image-preview:large","max-video-preview":"max-video-preview:-1"},"canonical":"https:\/\/tischlerei-lanser.at\/en\/projekte\/stuben\/bruggerhof\/","og_locale":"en_US","og_type":"article","og_title":"Stube Bruggerhof &#8211; Tischlerei Lanser Projekt Stube Bruggerhof","og_description":"Stuben erz\u00e4hlen, Stuben haben Tradition, Stuben sind Sch\u00e4tze. Kein anderer Raum im Haus beinhaltet so viele Erinnerungen. Generationen von Familien erlebten hier Momente, die bis heute pr\u00e4gend sind. Von der Planung bis zum Einbau erhalten wir das, was die Zeit uns vorgegeben hat: Gem\u00fctlichkeit, W\u00e4rme und Ausstrahlung. Dabei ist es egal, ob sich die Stube in privaten Wohnh\u00e4usern befindet oder es sich um eine Gaststube handelt - Geschichten zu erz\u00e4hlen haben sie alle.","og_url":"https:\/\/tischlerei-lanser.at\/en\/projekte\/stuben\/bruggerhof\/","og_site_name":"Tischlerei Lanser","article_publisher":"https:\/\/www.facebook.com\/TischlereiLanser\/","article_modified_time":"2023-08-31T07:36:38+00:00","og_image":[{"width":1920,"height":1440,"url":"https:\/\/tischlerei-lanser.at\/wp-content\/uploads\/170601_martinlugger_lanser_bruggerhof_0177n.jpg","type":"image\/jpeg"}],"twitter_card":"summary_large_image","schema":{"@context":"https:\/\/schema.org","@graph":[{"@type":"WebPage","@id":"https:\/\/tischlerei-lanser.at\/en\/projekte\/stuben\/bruggerhof\/","url":"https:\/\/tischlerei-lanser.at\/en\/projekte\/stuben\/bruggerhof\/","name":"Stube Bruggerhof &#8211; Tischlerei Lanser Projekt Stube Bruggerhof","isPartOf":{"@id":"https:\/\/tischlerei-lanser.at\/en\/#website"},"datePublished":"2020-06-08T12:05:32+00:00","dateModified":"2023-08-31T07:36:38+00:00","description":"Stuben erz\u00e4hlen, Stuben haben Tradition, Stuben sind Sch\u00e4tze. Kein anderer Raum im Haus beinhaltet so viele Erinnerungen. Generationen von Familien erlebten hier Momente, die bis heute pr\u00e4gend sind. Von der Planung bis zum Einbau erhalten wir das, was die Zeit uns vorgegeben hat: Gem\u00fctlichkeit, W\u00e4rme und Ausstrahlung. Dabei ist es egal, ob sich die Stube in privaten Wohnh\u00e4usern befindet oder es sich um eine Gaststube handelt - Geschichten zu erz\u00e4hlen haben sie alle.","breadcrumb":{"@id":"https:\/\/tischlerei-lanser.at\/en\/projekte\/stuben\/bruggerhof\/#breadcrumb"},"inLanguage":"en-US","potentialAction":[{"@type":"ReadAction","target":[["https:\/\/tischlerei-lanser.at\/en\/projekte\/stuben\/bruggerhof\/"]]}]},{"@type":"BreadcrumbList","@id":"https:\/\/tischlerei-lanser.at\/en\/projekte\/stuben\/bruggerhof\/#breadcrumb","itemListElement":[{"@type":"ListItem","position":1,"name":"Startseite","item":"https:\/\/tischlerei-lanser.at\/en\/"},{"@type":"ListItem","position":2,"name":"Projekte","item":"https:\/\/tischlerei-lanser.at\/en\/projekte\/"},{"@type":"ListItem","position":3,"name":"Stuben","item":"https:\/\/tischlerei-lanser.at\/en\/projekte\/stuben\/"},{"@type":"ListItem","position":4,"name":"Stube Bruggerhof"}]},{"@type":"WebSite","@id":"https:\/\/tischlerei-lanser.at\/en\/#website","url":"https:\/\/tischlerei-lanser.at\/en\/","name":"Tischlerei Lanser","description":"Wo Natur erhalten wird.","publisher":{"@id":"https:\/\/tischlerei-lanser.at\/en\/#organization"},"potentialAction":[{"@type":"SearchAction","target":{"@type":"EntryPoint","urlTemplate":"https:\/\/tischlerei-lanser.at\/en\/?s={search_term_string}"},"query-input":"required name=search_term_string"}],"inLanguage":"en-US"},{"@type":"Organization","@id":"https:\/\/tischlerei-lanser.at\/en\/#organization","name":"Tischlerei Lanser","url":"https:\/\/tischlerei-lanser.at\/en\/","logo":{"@type":"ImageObject","inLanguage":"en-US","@id":"https:\/\/tischlerei-lanser.at\/en\/#\/schema\/logo\/image\/","url":"https:\/\/tischlerei-lanser.at\/wp-content\/uploads\/Lanser_Logo_Jahreszahl.jpg","contentUrl":"https:\/\/tischlerei-lanser.at\/wp-content\/uploads\/Lanser_Logo_Jahreszahl.jpg","width":1920,"height":1015,"caption":"Tischlerei Lanser"},"image":{"@id":"https:\/\/tischlerei-lanser.at\/en\/#\/schema\/logo\/image\/"},"sameAs":["https:\/\/www.facebook.com\/TischlereiLanser\/","https:\/\/www.instagram.com\/tischlerei_lanser\/","https:\/\/www.linkedin.com\/company\/10006620"]}]}},"_links":{"self":[{"href":"https:\/\/tischlerei-lanser.at\/en\/wp-json\/wp\/v2\/pages\/1069"}],"collection":[{"href":"https:\/\/tischlerei-lanser.at\/en\/wp-json\/wp\/v2\/pages"}],"about":[{"href":"https:\/\/tischlerei-lanser.at\/en\/wp-json\/wp\/v2\/types\/page"}],"author":[{"embeddable":true,"href":"https:\/\/tischlerei-lanser.at\/en\/wp-json\/wp\/v2\/users\/2"}],"replies":[{"embeddable":true,"href":"https:\/\/tischlerei-lanser.at\/en\/wp-json\/wp\/v2\/comments?post=1069"}],"version-history":[{"count":11,"href":"https:\/\/tischlerei-lanser.at\/en\/wp-json\/wp\/v2\/pages\/1069\/revisions"}],"predecessor-version":[{"id":5122,"href":"https:\/\/tischlerei-lanser.at\/en\/wp-json\/wp\/v2\/pages\/1069\/revisions\/5122"}],"up":[{"embeddable":true,"href":"https:\/\/tischlerei-lanser.at\/en\/wp-json\/wp\/v2\/pages\/64"}],"wp:featuredmedia":[{"embeddable":true,"href":"https:\/\/tischlerei-lanser.at\/en\/wp-json\/wp\/v2\/media\/1074"}],"wp:attachment":[{"href":"https:\/\/tischlerei-lanser.at\/en\/wp-json\/wp\/v2\/media?parent=1069"}],"curies":[{"name":"wp","href":"https:\/\/api.w.org\/{rel}","templated":true}]}}