{"id":1002,"date":"2020-06-08T11:21:25","date_gmt":"2020-06-08T09:21:25","guid":{"rendered":"https:\/\/tischlerei-lanser.at\/?page_id=1002"},"modified":"2021-03-23T10:15:53","modified_gmt":"2021-03-23T09:15:53","slug":"chalet-lercher","status":"publish","type":"page","link":"https:\/\/tischlerei-lanser.at\/en\/projekte\/hotel-chalets\/chalet-lercher\/","title":{"rendered":"Chalet Lercher"},"content":{"rendered":"","protected":false},"excerpt":{"rendered":"","protected":false},"author":2,"featured_media":1006,"parent":66,"menu_order":45,"comment_status":"closed","ping_status":"closed","template":"page-templates\/projekt.php","meta":{"_acf_changed":false,"inline_featured_image":false,"footnotes":""},"acf":[],"yoast_head":"<!-- This site is optimized with the Yoast SEO plugin v22.1 - https:\/\/yoast.com\/wordpress\/plugins\/seo\/ -->\n<title>Chalet Lercher &#8211; Tischlerei Lanser Projekt Chalet Lercher<\/title>\n<meta name=\"description\" content=\"Die G\u00e4ste erwartet ein Ambiente das alpinen Charme verstr\u00f6mt. Mit nat\u00fcrlichen Materialien und nach alter Handwerkskunst wurde das Chalet in einem zeitgem\u00e4\u00dfen-traditionellen Stil eingerichtet. In Harmonie mit der Natur wurde bewusst Altholz, Naturstein und Loden eingesetzt.\" \/>\n<meta name=\"robots\" content=\"index, follow, max-snippet:-1, max-image-preview:large, max-video-preview:-1\" \/>\n<link rel=\"canonical\" href=\"https:\/\/tischlerei-lanser.at\/en\/projekte\/hotel-chalets\/chalet-lercher\/\" \/>\n<meta property=\"og:locale\" content=\"en_US\" \/>\n<meta property=\"og:type\" content=\"article\" \/>\n<meta property=\"og:title\" content=\"Chalet Lercher &#8211; Tischlerei Lanser Projekt Chalet Lercher\" \/>\n<meta property=\"og:description\" content=\"Die G\u00e4ste erwartet ein Ambiente das alpinen Charme verstr\u00f6mt. Mit nat\u00fcrlichen Materialien und nach alter Handwerkskunst wurde das Chalet in einem zeitgem\u00e4\u00dfen-traditionellen Stil eingerichtet. In Harmonie mit der Natur wurde bewusst Altholz, Naturstein und Loden eingesetzt.\" \/>\n<meta property=\"og:url\" content=\"https:\/\/tischlerei-lanser.at\/en\/projekte\/hotel-chalets\/chalet-lercher\/\" \/>\n<meta property=\"og:site_name\" content=\"Tischlerei Lanser\" \/>\n<meta property=\"article:publisher\" content=\"https:\/\/www.facebook.com\/TischlereiLanser\/\" \/>\n<meta property=\"article:modified_time\" content=\"2021-03-23T09:15:53+00:00\" \/>\n<meta property=\"og:image\" content=\"https:\/\/tischlerei-lanser.at\/wp-content\/uploads\/180630_martinlugger_lanser_0128n.jpg\" \/>\n\t<meta property=\"og:image:width\" content=\"1920\" \/>\n\t<meta property=\"og:image:height\" content=\"1438\" \/>\n\t<meta property=\"og:image:type\" content=\"image\/jpeg\" \/>\n<meta name=\"twitter:card\" content=\"summary_large_image\" \/>\n<script type=\"application\/ld+json\" class=\"yoast-schema-graph\">{\"@context\":\"https:\/\/schema.org\",\"@graph\":[{\"@type\":\"WebPage\",\"@id\":\"https:\/\/tischlerei-lanser.at\/en\/projekte\/hotel-chalets\/chalet-lercher\/\",\"url\":\"https:\/\/tischlerei-lanser.at\/en\/projekte\/hotel-chalets\/chalet-lercher\/\",\"name\":\"Chalet Lercher &#8211; Tischlerei Lanser Projekt Chalet Lercher\",\"isPartOf\":{\"@id\":\"https:\/\/tischlerei-lanser.at\/en\/#website\"},\"datePublished\":\"2020-06-08T09:21:25+00:00\",\"dateModified\":\"2021-03-23T09:15:53+00:00\",\"description\":\"Die G\u00e4ste erwartet ein Ambiente das alpinen Charme verstr\u00f6mt. Mit nat\u00fcrlichen Materialien und nach alter Handwerkskunst wurde das Chalet in einem zeitgem\u00e4\u00dfen-traditionellen Stil eingerichtet. In Harmonie mit der Natur wurde bewusst Altholz, Naturstein und Loden eingesetzt.\",\"breadcrumb\":{\"@id\":\"https:\/\/tischlerei-lanser.at\/en\/projekte\/hotel-chalets\/chalet-lercher\/#breadcrumb\"},\"inLanguage\":\"en-US\",\"potentialAction\":[{\"@type\":\"ReadAction\",\"target\":[[\"https:\/\/tischlerei-lanser.at\/en\/projekte\/hotel-chalets\/chalet-lercher\/\"]]}]},{\"@type\":\"BreadcrumbList\",\"@id\":\"https:\/\/tischlerei-lanser.at\/en\/projekte\/hotel-chalets\/chalet-lercher\/#breadcrumb\",\"itemListElement\":[{\"@type\":\"ListItem\",\"position\":1,\"name\":\"Startseite\",\"item\":\"https:\/\/tischlerei-lanser.at\/en\/\"},{\"@type\":\"ListItem\",\"position\":2,\"name\":\"Projekte\",\"item\":\"https:\/\/tischlerei-lanser.at\/en\/projekte\/\"},{\"@type\":\"ListItem\",\"position\":3,\"name\":\"Hotel &#038; Chalets\",\"item\":\"https:\/\/tischlerei-lanser.at\/en\/projekte\/hotel-chalets\/\"},{\"@type\":\"ListItem\",\"position\":4,\"name\":\"Chalet Lercher\"}]},{\"@type\":\"WebSite\",\"@id\":\"https:\/\/tischlerei-lanser.at\/en\/#website\",\"url\":\"https:\/\/tischlerei-lanser.at\/en\/\",\"name\":\"Tischlerei Lanser\",\"description\":\"Wo Natur erhalten wird.\",\"publisher\":{\"@id\":\"https:\/\/tischlerei-lanser.at\/en\/#organization\"},\"potentialAction\":[{\"@type\":\"SearchAction\",\"target\":{\"@type\":\"EntryPoint\",\"urlTemplate\":\"https:\/\/tischlerei-lanser.at\/en\/?s={search_term_string}\"},\"query-input\":\"required name=search_term_string\"}],\"inLanguage\":\"en-US\"},{\"@type\":\"Organization\",\"@id\":\"https:\/\/tischlerei-lanser.at\/en\/#organization\",\"name\":\"Tischlerei Lanser\",\"url\":\"https:\/\/tischlerei-lanser.at\/en\/\",\"logo\":{\"@type\":\"ImageObject\",\"inLanguage\":\"en-US\",\"@id\":\"https:\/\/tischlerei-lanser.at\/en\/#\/schema\/logo\/image\/\",\"url\":\"https:\/\/tischlerei-lanser.at\/wp-content\/uploads\/Lanser_Logo_Jahreszahl.jpg\",\"contentUrl\":\"https:\/\/tischlerei-lanser.at\/wp-content\/uploads\/Lanser_Logo_Jahreszahl.jpg\",\"width\":1920,\"height\":1015,\"caption\":\"Tischlerei Lanser\"},\"image\":{\"@id\":\"https:\/\/tischlerei-lanser.at\/en\/#\/schema\/logo\/image\/\"},\"sameAs\":[\"https:\/\/www.facebook.com\/TischlereiLanser\/\",\"https:\/\/www.instagram.com\/tischlerei_lanser\/\",\"https:\/\/www.linkedin.com\/company\/10006620\"]}]}<\/script>\n<!-- \/ Yoast SEO plugin. -->","yoast_head_json":{"title":"Chalet Lercher &#8211; Tischlerei Lanser Projekt Chalet Lercher","description":"Die G\u00e4ste erwartet ein Ambiente das alpinen Charme verstr\u00f6mt. Mit nat\u00fcrlichen Materialien und nach alter Handwerkskunst wurde das Chalet in einem zeitgem\u00e4\u00dfen-traditionellen Stil eingerichtet. In Harmonie mit der Natur wurde bewusst Altholz, Naturstein und Loden eingesetzt.","robots":{"index":"index","follow":"follow","max-snippet":"max-snippet:-1","max-image-preview":"max-image-preview:large","max-video-preview":"max-video-preview:-1"},"canonical":"https:\/\/tischlerei-lanser.at\/en\/projekte\/hotel-chalets\/chalet-lercher\/","og_locale":"en_US","og_type":"article","og_title":"Chalet Lercher &#8211; Tischlerei Lanser Projekt Chalet Lercher","og_description":"Die G\u00e4ste erwartet ein Ambiente das alpinen Charme verstr\u00f6mt. Mit nat\u00fcrlichen Materialien und nach alter Handwerkskunst wurde das Chalet in einem zeitgem\u00e4\u00dfen-traditionellen Stil eingerichtet. In Harmonie mit der Natur wurde bewusst Altholz, Naturstein und Loden eingesetzt.","og_url":"https:\/\/tischlerei-lanser.at\/en\/projekte\/hotel-chalets\/chalet-lercher\/","og_site_name":"Tischlerei Lanser","article_publisher":"https:\/\/www.facebook.com\/TischlereiLanser\/","article_modified_time":"2021-03-23T09:15:53+00:00","og_image":[{"width":1920,"height":1438,"url":"https:\/\/tischlerei-lanser.at\/wp-content\/uploads\/180630_martinlugger_lanser_0128n.jpg","type":"image\/jpeg"}],"twitter_card":"summary_large_image","schema":{"@context":"https:\/\/schema.org","@graph":[{"@type":"WebPage","@id":"https:\/\/tischlerei-lanser.at\/en\/projekte\/hotel-chalets\/chalet-lercher\/","url":"https:\/\/tischlerei-lanser.at\/en\/projekte\/hotel-chalets\/chalet-lercher\/","name":"Chalet Lercher &#8211; Tischlerei Lanser Projekt Chalet Lercher","isPartOf":{"@id":"https:\/\/tischlerei-lanser.at\/en\/#website"},"datePublished":"2020-06-08T09:21:25+00:00","dateModified":"2021-03-23T09:15:53+00:00","description":"Die G\u00e4ste erwartet ein Ambiente das alpinen Charme verstr\u00f6mt. Mit nat\u00fcrlichen Materialien und nach alter Handwerkskunst wurde das Chalet in einem zeitgem\u00e4\u00dfen-traditionellen Stil eingerichtet. In Harmonie mit der Natur wurde bewusst Altholz, Naturstein und Loden eingesetzt.","breadcrumb":{"@id":"https:\/\/tischlerei-lanser.at\/en\/projekte\/hotel-chalets\/chalet-lercher\/#breadcrumb"},"inLanguage":"en-US","potentialAction":[{"@type":"ReadAction","target":[["https:\/\/tischlerei-lanser.at\/en\/projekte\/hotel-chalets\/chalet-lercher\/"]]}]},{"@type":"BreadcrumbList","@id":"https:\/\/tischlerei-lanser.at\/en\/projekte\/hotel-chalets\/chalet-lercher\/#breadcrumb","itemListElement":[{"@type":"ListItem","position":1,"name":"Startseite","item":"https:\/\/tischlerei-lanser.at\/en\/"},{"@type":"ListItem","position":2,"name":"Projekte","item":"https:\/\/tischlerei-lanser.at\/en\/projekte\/"},{"@type":"ListItem","position":3,"name":"Hotel &#038; Chalets","item":"https:\/\/tischlerei-lanser.at\/en\/projekte\/hotel-chalets\/"},{"@type":"ListItem","position":4,"name":"Chalet Lercher"}]},{"@type":"WebSite","@id":"https:\/\/tischlerei-lanser.at\/en\/#website","url":"https:\/\/tischlerei-lanser.at\/en\/","name":"Tischlerei Lanser","description":"Wo Natur erhalten wird.","publisher":{"@id":"https:\/\/tischlerei-lanser.at\/en\/#organization"},"potentialAction":[{"@type":"SearchAction","target":{"@type":"EntryPoint","urlTemplate":"https:\/\/tischlerei-lanser.at\/en\/?s={search_term_string}"},"query-input":"required name=search_term_string"}],"inLanguage":"en-US"},{"@type":"Organization","@id":"https:\/\/tischlerei-lanser.at\/en\/#organization","name":"Tischlerei Lanser","url":"https:\/\/tischlerei-lanser.at\/en\/","logo":{"@type":"ImageObject","inLanguage":"en-US","@id":"https:\/\/tischlerei-lanser.at\/en\/#\/schema\/logo\/image\/","url":"https:\/\/tischlerei-lanser.at\/wp-content\/uploads\/Lanser_Logo_Jahreszahl.jpg","contentUrl":"https:\/\/tischlerei-lanser.at\/wp-content\/uploads\/Lanser_Logo_Jahreszahl.jpg","width":1920,"height":1015,"caption":"Tischlerei Lanser"},"image":{"@id":"https:\/\/tischlerei-lanser.at\/en\/#\/schema\/logo\/image\/"},"sameAs":["https:\/\/www.facebook.com\/TischlereiLanser\/","https:\/\/www.instagram.com\/tischlerei_lanser\/","https:\/\/www.linkedin.com\/company\/10006620"]}]}},"_links":{"self":[{"href":"https:\/\/tischlerei-lanser.at\/en\/wp-json\/wp\/v2\/pages\/1002"}],"collection":[{"href":"https:\/\/tischlerei-lanser.at\/en\/wp-json\/wp\/v2\/pages"}],"about":[{"href":"https:\/\/tischlerei-lanser.at\/en\/wp-json\/wp\/v2\/types\/page"}],"author":[{"embeddable":true,"href":"https:\/\/tischlerei-lanser.at\/en\/wp-json\/wp\/v2\/users\/2"}],"replies":[{"embeddable":true,"href":"https:\/\/tischlerei-lanser.at\/en\/wp-json\/wp\/v2\/comments?post=1002"}],"version-history":[{"count":8,"href":"https:\/\/tischlerei-lanser.at\/en\/wp-json\/wp\/v2\/pages\/1002\/revisions"}],"predecessor-version":[{"id":2971,"href":"https:\/\/tischlerei-lanser.at\/en\/wp-json\/wp\/v2\/pages\/1002\/revisions\/2971"}],"up":[{"embeddable":true,"href":"https:\/\/tischlerei-lanser.at\/en\/wp-json\/wp\/v2\/pages\/66"}],"wp:featuredmedia":[{"embeddable":true,"href":"https:\/\/tischlerei-lanser.at\/en\/wp-json\/wp\/v2\/media\/1006"}],"wp:attachment":[{"href":"https:\/\/tischlerei-lanser.at\/en\/wp-json\/wp\/v2\/media?parent=1002"}],"curies":[{"name":"wp","href":"https:\/\/api.w.org\/{rel}","templated":true}]}}